{"id":119,"date":"2017-10-25T18:00:46","date_gmt":"2017-10-25T20:00:46","guid":{"rendered":"https:\/\/wp.ufpel.edu.br\/ateliedefigurinos\/?page_id=119"},"modified":"2021-04-30T16:58:39","modified_gmt":"2021-04-30T19:58:39","slug":"projeto-de-extensao","status":"publish","type":"page","link":"https:\/\/wp.ufpel.edu.br\/ateliedefigurinos\/projeto-de-extensao\/","title":{"rendered":"Projeto de Extens\u00e3o"},"content":{"rendered":"<p>O projeto de extens\u00e3o Sala de Figurinos, iniciado em 2013, tem como objetivo realizar cursos de capacita\u00e7\u00e3o, proporcionando a comunidade, experi\u00eancias sobre a compreens\u00e3o, cria\u00e7\u00e3o e confec\u00e7\u00e3o de pe\u00e7as de figurinos, adere\u00e7os e cen\u00e1rios para utiliza\u00e7\u00e3o nas mais variadas \u00e1reas. As a\u00e7\u00f5es realizadas visam promover o desenvolvimento de olhares para a constru\u00e7\u00e3o de figurinos, buscando mostrar a import\u00e2ncia do traje c\u00eanico e suas rela\u00e7\u00f5es com as vertentes art\u00edsticas, expandindo o olhar atrav\u00e9s das pesquisas e refer\u00eancias apresentadas. O projeto realiza cursos presenciais e on-line com o intuito de alavancar a forma\u00e7\u00e3o e aperfei\u00e7oamento da comunidade na cria\u00e7\u00e3o e produ\u00e7\u00e3o de figurinos. As a\u00e7\u00f5es proporcionam experi\u00eancias de pesquisa e concep\u00e7\u00e3o de figurinos a partir de estudos das diferentes \u00e1reas que comp\u00f5e a visualidade da cena. Pretende-se com os cursos, desenvolver a capacidade de atuar na elabora\u00e7\u00e3o de figurinos, oportunizando a amplia\u00e7\u00e3o da profiss\u00e3o e estudos na \u00e1rea. O projeto torna-se relevante pelo fato de atualmente no Brasil existirem poucas forma\u00e7\u00f5es que trabalhem de forma ampla com o assunto, fazendo com que as a\u00e7\u00f5es do projeto sejam muito procuradas e bem avaliadas.<\/p>\n","protected":false},"excerpt":{"rendered":"<p>O projeto de extens\u00e3o Sala de Figurinos, iniciado em 2013, tem como objetivo realizar cursos de capacita\u00e7\u00e3o, proporcionando a comunidade, experi\u00eancias sobre a compreens\u00e3o, cria\u00e7\u00e3o e confec\u00e7\u00e3o de pe\u00e7as de figurinos, adere\u00e7os e cen\u00e1rios para utiliza\u00e7\u00e3o nas mais variadas \u00e1reas. As a\u00e7\u00f5es realizadas visam promover o desenvolvimento de olhares para a constru\u00e7\u00e3o de figurinos, buscando [&hellip;]<\/p>\n","protected":false},"author":412,"featured_media":0,"parent":0,"menu_order":7,"comment_status":"closed","ping_status":"closed","template":"","meta":{"jetpack_post_was_ever_published":false,"footnotes":""},"class_list":["post-119","page","type-page","status-publish","hentry"],"jetpack_sharing_enabled":true,"jetpack_shortlink":"https:\/\/wp.me\/P9wvEO-1V","jetpack_likes_enabled":true,"jetpack-related-posts":[],"_links":{"self":[{"href":"https:\/\/wp.ufpel.edu.br\/ateliedefigurinos\/wp-json\/wp\/v2\/pages\/119","targetHints":{"allow":["GET"]}}],"collection":[{"href":"https:\/\/wp.ufpel.edu.br\/ateliedefigurinos\/wp-json\/wp\/v2\/pages"}],"about":[{"href":"https:\/\/wp.ufpel.edu.br\/ateliedefigurinos\/wp-json\/wp\/v2\/types\/page"}],"author":[{"embeddable":true,"href":"https:\/\/wp.ufpel.edu.br\/ateliedefigurinos\/wp-json\/wp\/v2\/users\/412"}],"replies":[{"embeddable":true,"href":"https:\/\/wp.ufpel.edu.br\/ateliedefigurinos\/wp-json\/wp\/v2\/comments?post=119"}],"version-history":[{"count":6,"href":"https:\/\/wp.ufpel.edu.br\/ateliedefigurinos\/wp-json\/wp\/v2\/pages\/119\/revisions"}],"predecessor-version":[{"id":3268,"href":"https:\/\/wp.ufpel.edu.br\/ateliedefigurinos\/wp-json\/wp\/v2\/pages\/119\/revisions\/3268"}],"wp:attachment":[{"href":"https:\/\/wp.ufpel.edu.br\/ateliedefigurinos\/wp-json\/wp\/v2\/media?parent=119"}],"curies":[{"name":"wp","href":"https:\/\/api.w.org\/{rel}","templated":true}]}}