{"id":98,"date":"2012-03-14T20:52:18","date_gmt":"2012-03-14T23:52:18","guid":{"rendered":"https:\/\/wp.ufpel.edu.br\/astronomia\/"},"modified":"2016-09-06T16:11:59","modified_gmt":"2016-09-06T19:11:59","slug":"projetos","status":"publish","type":"page","link":"https:\/\/wp.ufpel.edu.br\/astronomia\/projetos\/","title":{"rendered":"PROJETOS"},"content":{"rendered":"<p>No futuro n\u00f3s iremos realizar mais projetos, por\u00e9m o em vigor atualmente \u00e9 o <a href=\"https:\/\/wp.ufpel.edu.br\/astronomia\/projetos\/astrolep\/\">Astrolep<\/a>.<\/p>\n","protected":false},"excerpt":{"rendered":"<p>No futuro n\u00f3s iremos realizar mais projetos, por\u00e9m o em vigor atualmente \u00e9 o Astrolep.<\/p>\n","protected":false},"author":140,"featured_media":0,"parent":0,"menu_order":3,"comment_status":"closed","ping_status":"closed","template":"","meta":{"jetpack_post_was_ever_published":false,"footnotes":""},"class_list":["post-98","page","type-page","status-publish","hentry"],"jetpack_sharing_enabled":true,"jetpack_shortlink":"https:\/\/wp.me\/P6QNVR-1A","_links":{"self":[{"href":"https:\/\/wp.ufpel.edu.br\/astronomia\/wp-json\/wp\/v2\/pages\/98","targetHints":{"allow":["GET"]}}],"collection":[{"href":"https:\/\/wp.ufpel.edu.br\/astronomia\/wp-json\/wp\/v2\/pages"}],"about":[{"href":"https:\/\/wp.ufpel.edu.br\/astronomia\/wp-json\/wp\/v2\/types\/page"}],"author":[{"embeddable":true,"href":"https:\/\/wp.ufpel.edu.br\/astronomia\/wp-json\/wp\/v2\/users\/140"}],"replies":[{"embeddable":true,"href":"https:\/\/wp.ufpel.edu.br\/astronomia\/wp-json\/wp\/v2\/comments?post=98"}],"version-history":[{"count":7,"href":"https:\/\/wp.ufpel.edu.br\/astronomia\/wp-json\/wp\/v2\/pages\/98\/revisions"}],"predecessor-version":[{"id":634,"href":"https:\/\/wp.ufpel.edu.br\/astronomia\/wp-json\/wp\/v2\/pages\/98\/revisions\/634"}],"wp:attachment":[{"href":"https:\/\/wp.ufpel.edu.br\/astronomia\/wp-json\/wp\/v2\/media?parent=98"}],"curies":[{"name":"wp","href":"https:\/\/api.w.org\/{rel}","templated":true}]}}