{"id":713,"date":"2016-09-28T12:33:42","date_gmt":"2016-09-28T15:33:42","guid":{"rendered":"https:\/\/wp.ufpel.edu.br\/astronomia\/?page_id=713"},"modified":"2016-09-28T12:33:42","modified_gmt":"2016-09-28T15:33:42","slug":"astrocine","status":"publish","type":"page","link":"https:\/\/wp.ufpel.edu.br\/astronomia\/projetos\/astrocine\/","title":{"rendered":"ASTROCINE"},"content":{"rendered":"<p style=\"text-align: left\"><img loading=\"lazy\" decoding=\"async\" class=\"alignnone  wp-image-715\" src=\"https:\/\/wp.ufpel.edu.br\/astronomia\/files\/2016\/09\/1-sem-fundo-300x102.png\" alt=\"1-sem-fundo\" width=\"685\" height=\"233\" srcset=\"https:\/\/wp.ufpel.edu.br\/astronomia\/files\/2016\/09\/1-sem-fundo-300x102.png 300w, https:\/\/wp.ufpel.edu.br\/astronomia\/files\/2016\/09\/1-sem-fundo-768x261.png 768w, https:\/\/wp.ufpel.edu.br\/astronomia\/files\/2016\/09\/1-sem-fundo-1024x348.png 1024w, https:\/\/wp.ufpel.edu.br\/astronomia\/files\/2016\/09\/1-sem-fundo.png 1847w\" sizes=\"auto, (max-width: 685px) 100vw, 685px\" \/><\/p>\n<p style=\"text-align: left\"><strong>Informa\u00e7\u00f5es Gerais:<\/strong><\/p>\n<p style=\"text-align: left\">Local: Centro de Integra\u00e7\u00e3o do Mercosul<br \/>\nDia: S\u00e1bado<br \/>\nDatas ainda n\u00e3o confirmadas<br \/>\nHora: 15 horas da tarde<\/p>\n<p style=\"text-align: left\">\n<p style=\"text-align: left\"><strong>O Projeto:<\/strong><\/p>\n<p style=\"text-align: left\">\u00a0\u00a0 A Astronomia tem sido tema de filmes e s\u00e9ries desde o in\u00edcio da \u00e1rea<br \/>\ncinematogr\u00e1fica. A corrida espacial promoveu um grande interesse pelo tema e<br \/>\nestimulou muitas pessoas para as carreiras cient\u00edficas. Depois desse per\u00edodo, a<br \/>\nAstronomia continuou se desenvolvendo e gerando muitos recursos tecnol\u00f3gicos,<br \/>\ndesde o t\u00eanis at\u00e9 CDs que utilizamos diariamente. O desenvolvimento de v\u00e1rias<br \/>\n\u00e1reas de conhecimento tamb\u00e9m se beneficiaram do avan\u00e7o da Astronomia, por<br \/>\nseu car\u00e1ter trans disciplinar. Entretanto, o conhecimento cient\u00edfico da popula\u00e7\u00e3o<br \/>\npermanece muito aqu\u00e9m dos avan\u00e7os cient\u00edficos e tecnol\u00f3gicos. Isso leva a um<br \/>\ngrave problema social de entendimento e participa\u00e7\u00e3o nas decis\u00f5es de<br \/>\ninvestimentos e usos da Ci\u00eancia e da Tecnologia. No sentido de reverter esse<br \/>\nquadro, promovendo a participa\u00e7\u00e3o cidad\u00e3 da sociedade, \u00e9 que as a\u00e7\u00f5es de<br \/>\ndivulga\u00e7\u00e3o e populariza\u00e7\u00e3o da Ci\u00eancia s\u00e3o t\u00e3o importantes. E a Astronomia, por<br \/>\nser t\u00e3o apreciada, \u00e9 a \u00e1rea que naturalmente se adequa a esses prop\u00f3sitos. Este<br \/>\nprojeto vem ao encontro desses objetivos ao promover, a partir da exibi\u00e7\u00e3o de<br \/>\nfilmes e s\u00e9ries relacionados \u00e0 Astronomia, a amplia\u00e7\u00e3o do conhecimento cient\u00edfico<br \/>\ne o debate sobre as origens e as consequ\u00eancias desse conhecimento. Para os<br \/>\nalunos que ser\u00e3o envolvidos no projeto, ser\u00e1 uma oportunidade de tamb\u00e9m<br \/>\naprofundarem os conhecimentos sobre a Astronomia e seus v\u00ednculos com outras<br \/>\n\u00e1reas, bem como de se engajarem no movimento de amplia\u00e7\u00e3o do conhecimento<br \/>\nda popula\u00e7\u00e3o.<\/p>\n<p style=\"text-align: left\"><strong>Os Objetivos:<\/strong><\/p>\n<p style=\"text-align: left\">\u00a0\u00a0 O projeto tem como objetivo apresentar filmes e s\u00e9ries relacionadas \u00e0<br \/>\nAstronomia com coment\u00e1rios e discuss\u00f5es no final, promover a divulga\u00e7\u00e3o<br \/>\ncient\u00edfica atrav\u00e9s da cinemateca relacionada \u00e0 Astronomia; Oferecer acesso aos<br \/>\nfilmes e s\u00e9ries da \u00e1rea; Estimular o interesse pela Astronomia; Relacionar<br \/>\naplica\u00e7\u00f5es de conhecimentos cient\u00edficos com as aplica\u00e7\u00f5es tecnol\u00f3gicas, tanto no<br \/>\nsentido de tecnologia desenvolvida a partir de descobertas cient\u00edficas como<br \/>\npesquisas cient\u00edficas desenvolvidas a partir da necessidade do desenvolvimento<br \/>\ntecnol\u00f3gico; Estimular o posicionamento cr\u00edtico com rela\u00e7\u00e3o ao desenvolvimento<br \/>\ncient\u00edfico e tecnol\u00f3gico e envolver alunos de gradua\u00e7\u00e3o na \u00e1rea da populariza\u00e7\u00e3o<br \/>\nda ci\u00eancia e inclus\u00e3o social.<\/p>\n<p style=\"text-align: left\"><strong>A Metodologia:<\/strong><\/p>\n<p style=\"text-align: left\">\u00a0\u00a0 O projeto ser\u00e1 desenvolvido pelo Laborat\u00f3rio de Astronomia da UFPel,<br \/>\ncompreendendo as seguintes etapas: Sele\u00e7\u00e3o de filmes e s\u00e9ries; Discuss\u00e3o dos<br \/>\ntemas envolvidos nos filmes e s\u00e9ries selecionados; Elabora\u00e7\u00e3o de pontos a serem<br \/>\nexplorados ap\u00f3s a apresenta\u00e7\u00e3o dos filmes; Elabora\u00e7\u00e3o da sequ\u00eancia<br \/>\ndos filmes e v\u00eddeos; Divulga\u00e7\u00e3o do projeto; Execu\u00e7\u00e3o do planejamento; Avalia\u00e7\u00e3o<br \/>\nap\u00f3s cada apresenta\u00e7\u00e3o a fim de elaborar adequa\u00e7\u00f5es a serem desenvolvidas na<br \/>\nsequ\u00eancia; Avalia\u00e7\u00e3o do projeto como um todo.<\/p>\n<p style=\"text-align: left\"><strong>A Lista de Filmes e seus respectivos temas:<\/strong><\/p>\n<p style=\"text-align: left\">\u00a0\u00a0 Os filmes seguir\u00e3o uma ordem te\u00f3rica cronol\u00f3gica, para mostra a evolu\u00e7\u00e3o da explora\u00e7\u00e3o espacial:<br \/>\n<strong> \u00c1gora<\/strong> &#8211; &#8220;O papel das mulheres na ci\u00eancia e o choque entre o heliocentrismo e o geocentrismo.&#8221;<br \/>\n<strong>Doroga k Zvezdam <\/strong>( O caminho para as estrelas ) &#8211; &#8220;O lan\u00e7amento de foguetes espaciais e o contraste entre realidade e fic\u00e7\u00e3o.&#8221; \u00a0\u00a0 <strong>Moonwalk One<\/strong> &#8211; &#8220;Apollo 11 e o primeiro ser humano a pisar na Lua.&#8221;<br \/>\n<strong>Lunar<\/strong> &#8211; &#8220;A import\u00e2ncia da Lua para o nosso planeta.&#8221;<br \/>\n<strong>Gravidade <\/strong>&#8211; &#8220;Os efeitos de ficar no espa\u00e7o no ser humano.&#8221;<br \/>\n<strong>Space Station <\/strong>&#8211; &#8220;A nossa Esta\u00e7\u00e3o Espacial Internacional e a coopera\u00e7\u00e3o internacional entre os pa\u00edses para constru\u00ed-la&#8221;<br \/>\n<strong>Armageddon<\/strong> &#8211; &#8220;A probabilidade de um asteroide se chocar contra a Terra.&#8221;<br \/>\n<strong>Europa Report<\/strong> &#8211; &#8220;A possibilidade de vida na lua de J\u00fapiter e tamb\u00e9m a manifesta\u00e7\u00e3o da vida extraterrestre no Universo.&#8221;<\/p>\n<p style=\"text-align: left\">\n<p style=\"text-align: left\">Ser\u00e3o distribu\u00eddos folders com algumas informa\u00e7\u00f5es, segue a capa e a parte de dentro do folder:<\/p>\n<p style=\"text-align: left\"><img loading=\"lazy\" decoding=\"async\" class=\"alignnone  wp-image-717\" src=\"https:\/\/wp.ufpel.edu.br\/astronomia\/files\/2016\/09\/Slide4-300x169.png\" alt=\"slide4\" width=\"694\" height=\"391\" srcset=\"https:\/\/wp.ufpel.edu.br\/astronomia\/files\/2016\/09\/Slide4-300x169.png 300w, https:\/\/wp.ufpel.edu.br\/astronomia\/files\/2016\/09\/Slide4-768x432.png 768w, https:\/\/wp.ufpel.edu.br\/astronomia\/files\/2016\/09\/Slide4-1024x576.png 1024w, https:\/\/wp.ufpel.edu.br\/astronomia\/files\/2016\/09\/Slide4-460x260.png 460w, https:\/\/wp.ufpel.edu.br\/astronomia\/files\/2016\/09\/Slide4.png 1920w\" sizes=\"auto, (max-width: 694px) 100vw, 694px\" \/><\/p>\n<p style=\"text-align: left\"><img loading=\"lazy\" decoding=\"async\" class=\"alignnone  wp-image-719\" src=\"https:\/\/wp.ufpel.edu.br\/astronomia\/files\/2016\/09\/Slide5-300x169.png\" alt=\"slide5\" width=\"696\" height=\"392\" srcset=\"https:\/\/wp.ufpel.edu.br\/astronomia\/files\/2016\/09\/Slide5-300x169.png 300w, https:\/\/wp.ufpel.edu.br\/astronomia\/files\/2016\/09\/Slide5-768x432.png 768w, https:\/\/wp.ufpel.edu.br\/astronomia\/files\/2016\/09\/Slide5-1024x576.png 1024w, https:\/\/wp.ufpel.edu.br\/astronomia\/files\/2016\/09\/Slide5-460x260.png 460w, https:\/\/wp.ufpel.edu.br\/astronomia\/files\/2016\/09\/Slide5.png 1920w\" sizes=\"auto, (max-width: 696px) 100vw, 696px\" \/><\/p>\n<p style=\"text-align: left\">\n<p style=\"text-align: left\">\n","protected":false},"excerpt":{"rendered":"<p>Informa\u00e7\u00f5es Gerais: Local: Centro de Integra\u00e7\u00e3o do Mercosul Dia: S\u00e1bado Datas ainda n\u00e3o confirmadas Hora: 15 horas da tarde O Projeto: \u00a0\u00a0 A Astronomia tem sido tema de filmes e s\u00e9ries desde o in\u00edcio da \u00e1rea cinematogr\u00e1fica. A corrida espacial promoveu um grande interesse pelo tema e estimulou muitas pessoas para as carreiras cient\u00edficas. Depois&hellip;<\/p>\n","protected":false},"author":695,"featured_media":0,"parent":98,"menu_order":0,"comment_status":"closed","ping_status":"closed","template":"","meta":{"jetpack_post_was_ever_published":false,"footnotes":""},"class_list":["post-713","page","type-page","status-publish","hentry"],"jetpack_sharing_enabled":true,"jetpack_shortlink":"https:\/\/wp.me\/P6QNVR-bv","_links":{"self":[{"href":"https:\/\/wp.ufpel.edu.br\/astronomia\/wp-json\/wp\/v2\/pages\/713","targetHints":{"allow":["GET"]}}],"collection":[{"href":"https:\/\/wp.ufpel.edu.br\/astronomia\/wp-json\/wp\/v2\/pages"}],"about":[{"href":"https:\/\/wp.ufpel.edu.br\/astronomia\/wp-json\/wp\/v2\/types\/page"}],"author":[{"embeddable":true,"href":"https:\/\/wp.ufpel.edu.br\/astronomia\/wp-json\/wp\/v2\/users\/695"}],"replies":[{"embeddable":true,"href":"https:\/\/wp.ufpel.edu.br\/astronomia\/wp-json\/wp\/v2\/comments?post=713"}],"version-history":[{"count":3,"href":"https:\/\/wp.ufpel.edu.br\/astronomia\/wp-json\/wp\/v2\/pages\/713\/revisions"}],"predecessor-version":[{"id":720,"href":"https:\/\/wp.ufpel.edu.br\/astronomia\/wp-json\/wp\/v2\/pages\/713\/revisions\/720"}],"up":[{"embeddable":true,"href":"https:\/\/wp.ufpel.edu.br\/astronomia\/wp-json\/wp\/v2\/pages\/98"}],"wp:attachment":[{"href":"https:\/\/wp.ufpel.edu.br\/astronomia\/wp-json\/wp\/v2\/media?parent=713"}],"curies":[{"name":"wp","href":"https:\/\/api.w.org\/{rel}","templated":true}]}}