{"id":637,"date":"2016-09-06T16:17:10","date_gmt":"2016-09-06T19:17:10","guid":{"rendered":"https:\/\/wp.ufpel.edu.br\/astronomia\/?page_id=637"},"modified":"2016-09-06T16:18:47","modified_gmt":"2016-09-06T19:18:47","slug":"material-das-atividades-de-observacao-solsticios-e-equinocios","status":"publish","type":"page","link":"https:\/\/wp.ufpel.edu.br\/astronomia\/downloads\/material-das-atividades-de-observacao-solsticios-e-equinocios\/","title":{"rendered":"MATERIAL DAS ATIVIDADES DE OBSERVA\u00c7\u00c3O &#8211; SOLST\u00cdCIOS E EQUIN\u00d3CIOS"},"content":{"rendered":"<p>&nbsp;<\/p>\n<iframe src='https:\/\/www.slideshare.net\/slideshow\/embed_code\/11798035' width='700' height='574' sandbox=\"allow-popups allow-scripts allow-same-origin allow-presentation\" allowfullscreen webkitallowfullscreen mozallowfullscreen><\/iframe>\n<iframe src='https:\/\/www.slideshare.net\/slideshow\/embed_code\/11798036' width='700' height='574' sandbox=\"allow-popups allow-scripts allow-same-origin allow-presentation\" allowfullscreen webkitallowfullscreen mozallowfullscreen><\/iframe>\n<iframe src='https:\/\/www.slideshare.net\/slideshow\/embed_code\/10301166' width='700' height='574' sandbox=\"allow-popups allow-scripts allow-same-origin allow-presentation\" allowfullscreen webkitallowfullscreen mozallowfullscreen><\/iframe>\n<iframe src='https:\/\/www.slideshare.net\/slideshow\/embed_code\/10301462' width='700' height='574' sandbox=\"allow-popups allow-scripts allow-same-origin allow-presentation\" allowfullscreen webkitallowfullscreen mozallowfullscreen><\/iframe>\n","protected":false},"excerpt":{"rendered":"<p>&nbsp;<\/p>\n","protected":false},"author":695,"featured_media":0,"parent":130,"menu_order":0,"comment_status":"closed","ping_status":"closed","template":"","meta":{"jetpack_post_was_ever_published":false,"footnotes":""},"class_list":["post-637","page","type-page","status-publish","hentry"],"jetpack_sharing_enabled":true,"jetpack_shortlink":"https:\/\/wp.me\/P6QNVR-ah","_links":{"self":[{"href":"https:\/\/wp.ufpel.edu.br\/astronomia\/wp-json\/wp\/v2\/pages\/637","targetHints":{"allow":["GET"]}}],"collection":[{"href":"https:\/\/wp.ufpel.edu.br\/astronomia\/wp-json\/wp\/v2\/pages"}],"about":[{"href":"https:\/\/wp.ufpel.edu.br\/astronomia\/wp-json\/wp\/v2\/types\/page"}],"author":[{"embeddable":true,"href":"https:\/\/wp.ufpel.edu.br\/astronomia\/wp-json\/wp\/v2\/users\/695"}],"replies":[{"embeddable":true,"href":"https:\/\/wp.ufpel.edu.br\/astronomia\/wp-json\/wp\/v2\/comments?post=637"}],"version-history":[{"count":1,"href":"https:\/\/wp.ufpel.edu.br\/astronomia\/wp-json\/wp\/v2\/pages\/637\/revisions"}],"predecessor-version":[{"id":639,"href":"https:\/\/wp.ufpel.edu.br\/astronomia\/wp-json\/wp\/v2\/pages\/637\/revisions\/639"}],"up":[{"embeddable":true,"href":"https:\/\/wp.ufpel.edu.br\/astronomia\/wp-json\/wp\/v2\/pages\/130"}],"wp:attachment":[{"href":"https:\/\/wp.ufpel.edu.br\/astronomia\/wp-json\/wp\/v2\/media?parent=637"}],"curies":[{"name":"wp","href":"https:\/\/api.w.org\/{rel}","templated":true}]}}