{"id":2,"date":"2011-09-12T19:24:11","date_gmt":"2011-09-12T19:24:11","guid":{"rendered":"https:\/\/wp.ufpel.edu.br\/astronomia\/?page_id=2"},"modified":"2016-09-06T20:38:45","modified_gmt":"2016-09-06T23:38:45","slug":"ogrupo","status":"publish","type":"page","link":"https:\/\/wp.ufpel.edu.br\/astronomia\/ogrupo\/","title":{"rendered":"O GRUPO"},"content":{"rendered":"<p><img loading=\"lazy\" decoding=\"async\" class=\"alignnone wp-image-660 size-full\" src=\"https:\/\/wp.ufpel.edu.br\/astronomia\/files\/2011\/09\/EquipeAstrolep.jpg\" alt=\"EquipeAstrolep\" width=\"960\" height=\"540\" srcset=\"https:\/\/wp.ufpel.edu.br\/astronomia\/files\/2011\/09\/EquipeAstrolep.jpg 960w, https:\/\/wp.ufpel.edu.br\/astronomia\/files\/2011\/09\/EquipeAstrolep-300x169.jpg 300w, https:\/\/wp.ufpel.edu.br\/astronomia\/files\/2011\/09\/EquipeAstrolep-768x432.jpg 768w, https:\/\/wp.ufpel.edu.br\/astronomia\/files\/2011\/09\/EquipeAstrolep-460x260.jpg 460w\" sizes=\"auto, (max-width: 960px) 100vw, 960px\" \/><\/p>\n<p>&nbsp;<\/p>\n<p>O grupo do Laborat\u00f3rio de Astronomia da Universidade Federal de Pelotas consiste em 12 pessoas:<\/p>\n<p>&nbsp;<\/p>\n<p><img loading=\"lazy\" decoding=\"async\" class=\"wp-image-661 alignleft\" src=\"https:\/\/wp.ufpel.edu.br\/astronomia\/files\/2011\/09\/Virg\u00ednia-300x300.jpg\" alt=\"Virg\u00ednia\" width=\"152\" height=\"152\" srcset=\"https:\/\/wp.ufpel.edu.br\/astronomia\/files\/2011\/09\/Virg\u00ednia-300x300.jpg 300w, https:\/\/wp.ufpel.edu.br\/astronomia\/files\/2011\/09\/Virg\u00ednia-150x150.jpg 150w, https:\/\/wp.ufpel.edu.br\/astronomia\/files\/2011\/09\/Virg\u00ednia-50x50.jpg 50w, https:\/\/wp.ufpel.edu.br\/astronomia\/files\/2011\/09\/Virg\u00ednia.jpg 540w\" sizes=\"auto, (max-width: 152px) 100vw, 152px\" \/>Prof. Dra. Virg\u00ednia Mello Alves \u2013 membro do corpo docente do Instituto de F\u00edsica e Matem\u00e1tica (IFM) da Universidade Federal de Pelotas. Possui Doutorado na \u00e1rea de Astronomia (Aglomerados Estelares) e Mestrado na \u00e1rea de Ensino de F\u00edsica (Educa\u00e7\u00e3o Popular), pela Universidade Federal do Rio Grande do Sul.<\/p>\n<p>=&gt; Lattes: <a href=\"http:\/\/lattes.cnpq.br\/7125048289581244\" target=\"_blank\">http:\/\/lattes.cnpq.br\/7125048289581244<\/a><\/p>\n<p>&nbsp;<\/p>\n<p><img loading=\"lazy\" decoding=\"async\" class=\"alignright wp-image-667\" src=\"https:\/\/wp.ufpel.edu.br\/astronomia\/files\/2011\/09\/Krebs-300x300.jpg\" alt=\"Krebs\" width=\"152\" height=\"152\" srcset=\"https:\/\/wp.ufpel.edu.br\/astronomia\/files\/2011\/09\/Krebs-300x300.jpg 300w, https:\/\/wp.ufpel.edu.br\/astronomia\/files\/2011\/09\/Krebs-150x150.jpg 150w, https:\/\/wp.ufpel.edu.br\/astronomia\/files\/2011\/09\/Krebs-768x768.jpg 768w, https:\/\/wp.ufpel.edu.br\/astronomia\/files\/2011\/09\/Krebs-50x50.jpg 50w, https:\/\/wp.ufpel.edu.br\/astronomia\/files\/2011\/09\/Krebs.jpg 960w\" sizes=\"auto, (max-width: 152px) 100vw, 152px\" \/>Prof. Dr. Paulo Krebs \u2013 membro do corpo docente do Instituto de F\u00edsica e Matem\u00e1tica (IFM) da Universidade Federal de Pelotas. Possui mestrado em F\u00edsica pela Universidade Federal do Rio Grande do Sul (1989) e doutorado em F\u00edsica pela Universidade Federal do Rio Grande do Sul (2004).<\/p>\n<p>=&gt; Lattes: <a href=\"https:\/\/wp.ufpel.edu.br\/astronomia\/chuva-de-meteoros-geminideas-2014-inscricoes-abertas\/\" target=\"_blank\">http:\/\/lattes.cnpq.br\/5641842132037143<\/a><\/p>\n<p>&nbsp;<\/p>\n<p><img loading=\"lazy\" decoding=\"async\" class=\"size-full wp-image-674 alignleft\" src=\"https:\/\/wp.ufpel.edu.br\/astronomia\/files\/2011\/09\/936891_258472214299657_1315811312_n-1.jpg\" alt=\"936891_258472214299657_1315811312_n\" width=\"133\" height=\"133\" srcset=\"https:\/\/wp.ufpel.edu.br\/astronomia\/files\/2011\/09\/936891_258472214299657_1315811312_n-1.jpg 133w, https:\/\/wp.ufpel.edu.br\/astronomia\/files\/2011\/09\/936891_258472214299657_1315811312_n-1-50x50.jpg 50w\" sizes=\"auto, (max-width: 133px) 100vw, 133px\" \/><\/p>\n<p>&nbsp;<\/p>\n<p>Arthur Krindges \u2013 cursando Bacharelado em F\u00edsica<\/p>\n<p>&nbsp;<\/p>\n<p>&nbsp;<\/p>\n<p><img loading=\"lazy\" decoding=\"async\" class=\"wp-image-672 size-thumbnail alignleft\" src=\"https:\/\/wp.ufpel.edu.br\/astronomia\/files\/2011\/09\/Bruna-150x150.jpg\" alt=\"Bruna\" width=\"150\" height=\"150\" srcset=\"https:\/\/wp.ufpel.edu.br\/astronomia\/files\/2011\/09\/Bruna-150x150.jpg 150w, https:\/\/wp.ufpel.edu.br\/astronomia\/files\/2011\/09\/Bruna-50x50.jpg 50w\" sizes=\"auto, (max-width: 150px) 100vw, 150px\" \/><\/p>\n<p>&nbsp;<\/p>\n<p>Bruna Moura \u2013 cursando Bacharelado em F\u00edsica<\/p>\n<p>&nbsp;<\/p>\n<p>&nbsp;<\/p>\n<p>&nbsp;<\/p>\n<p><img loading=\"lazy\" decoding=\"async\" class=\"alignleft wp-image-676 size-thumbnail\" src=\"https:\/\/wp.ufpel.edu.br\/astronomia\/files\/2011\/09\/Bruno-Fernandes-150x150.jpg\" alt=\"Bruno Fernandes\" width=\"150\" height=\"150\" srcset=\"https:\/\/wp.ufpel.edu.br\/astronomia\/files\/2011\/09\/Bruno-Fernandes-150x150.jpg 150w, https:\/\/wp.ufpel.edu.br\/astronomia\/files\/2011\/09\/Bruno-Fernandes-300x300.jpg 300w, https:\/\/wp.ufpel.edu.br\/astronomia\/files\/2011\/09\/Bruno-Fernandes-50x50.jpg 50w, https:\/\/wp.ufpel.edu.br\/astronomia\/files\/2011\/09\/Bruno-Fernandes.jpg 606w\" sizes=\"auto, (max-width: 150px) 100vw, 150px\" \/><\/p>\n<p>&nbsp;<\/p>\n<p>Bruno Fernandes \u2013 cursando Bacharelado em F\u00edsica<\/p>\n<p>&nbsp;<\/p>\n<p>&nbsp;<\/p>\n<p>&nbsp;<\/p>\n<p><img loading=\"lazy\" decoding=\"async\" class=\"alignleft wp-image-671 size-thumbnail\" src=\"https:\/\/wp.ufpel.edu.br\/astronomia\/files\/2011\/09\/Eduardo-Delabari-150x150.jpg\" alt=\"Eduardo Delabari\" width=\"150\" height=\"150\" srcset=\"https:\/\/wp.ufpel.edu.br\/astronomia\/files\/2011\/09\/Eduardo-Delabari-150x150.jpg 150w, https:\/\/wp.ufpel.edu.br\/astronomia\/files\/2011\/09\/Eduardo-Delabari-300x300.jpg 300w, https:\/\/wp.ufpel.edu.br\/astronomia\/files\/2011\/09\/Eduardo-Delabari-768x768.jpg 768w, https:\/\/wp.ufpel.edu.br\/astronomia\/files\/2011\/09\/Eduardo-Delabari-50x50.jpg 50w, https:\/\/wp.ufpel.edu.br\/astronomia\/files\/2011\/09\/Eduardo-Delabari.jpg 839w\" sizes=\"auto, (max-width: 150px) 100vw, 150px\" \/><\/p>\n<p>Eduardo Delabari \u2013 cursando Bacharelado em F\u00edsica<\/p>\n<p>&nbsp;<\/p>\n<p>&nbsp;<\/p>\n<p>&nbsp;<\/p>\n<p><img loading=\"lazy\" decoding=\"async\" class=\"alignleft wp-image-670 size-thumbnail\" src=\"https:\/\/wp.ufpel.edu.br\/astronomia\/files\/2011\/09\/Evellyn-150x150.jpg\" alt=\"Evellyn\" width=\"150\" height=\"150\" srcset=\"https:\/\/wp.ufpel.edu.br\/astronomia\/files\/2011\/09\/Evellyn-150x150.jpg 150w, https:\/\/wp.ufpel.edu.br\/astronomia\/files\/2011\/09\/Evellyn-300x300.jpg 300w, https:\/\/wp.ufpel.edu.br\/astronomia\/files\/2011\/09\/Evellyn-50x50.jpg 50w, https:\/\/wp.ufpel.edu.br\/astronomia\/files\/2011\/09\/Evellyn.jpg 561w\" sizes=\"auto, (max-width: 150px) 100vw, 150px\" \/><\/p>\n<p>Evellyn Natalee \u2013 cursando Bacharelado em F\u00edsica<\/p>\n<p>&nbsp;<\/p>\n<p>&nbsp;<\/p>\n<p>&nbsp;<\/p>\n<p><img loading=\"lazy\" decoding=\"async\" class=\"alignleft wp-image-669 size-thumbnail\" src=\"https:\/\/wp.ufpel.edu.br\/astronomia\/files\/2011\/09\/Julio-150x150.jpg\" alt=\"Julio\" width=\"150\" height=\"150\" srcset=\"https:\/\/wp.ufpel.edu.br\/astronomia\/files\/2011\/09\/Julio-150x150.jpg 150w, https:\/\/wp.ufpel.edu.br\/astronomia\/files\/2011\/09\/Julio-300x300.jpg 300w, https:\/\/wp.ufpel.edu.br\/astronomia\/files\/2011\/09\/Julio-50x50.jpg 50w, https:\/\/wp.ufpel.edu.br\/astronomia\/files\/2011\/09\/Julio.jpg 540w\" sizes=\"auto, (max-width: 150px) 100vw, 150px\" \/><\/p>\n<p>J\u00falio Bluhm \u2013 cursando Licenciatura em F\u00edsica<\/p>\n<p>&nbsp;<\/p>\n<p>&nbsp;<\/p>\n<p>&nbsp;<\/p>\n<p><img loading=\"lazy\" decoding=\"async\" class=\"alignleft wp-image-668 size-thumbnail\" src=\"https:\/\/wp.ufpel.edu.br\/astronomia\/files\/2011\/09\/Karina-150x150.jpg\" alt=\"Karina\" width=\"150\" height=\"150\" srcset=\"https:\/\/wp.ufpel.edu.br\/astronomia\/files\/2011\/09\/Karina-150x150.jpg 150w, https:\/\/wp.ufpel.edu.br\/astronomia\/files\/2011\/09\/Karina-300x300.jpg 300w, https:\/\/wp.ufpel.edu.br\/astronomia\/files\/2011\/09\/Karina-768x768.jpg 768w, https:\/\/wp.ufpel.edu.br\/astronomia\/files\/2011\/09\/Karina-50x50.jpg 50w, https:\/\/wp.ufpel.edu.br\/astronomia\/files\/2011\/09\/Karina.jpg 960w\" sizes=\"auto, (max-width: 150px) 100vw, 150px\" \/><\/p>\n<p>Karina Vargas \u2013 cursando Licienciatura em F\u00edsica<\/p>\n<p>&nbsp;<\/p>\n<p>&nbsp;<\/p>\n<p>&nbsp;<\/p>\n<p><img loading=\"lazy\" decoding=\"async\" class=\"alignleft wp-image-666 size-thumbnail\" src=\"https:\/\/wp.ufpel.edu.br\/astronomia\/files\/2011\/09\/Luiza-150x150.jpg\" alt=\"Luiza\" width=\"150\" height=\"150\" srcset=\"https:\/\/wp.ufpel.edu.br\/astronomia\/files\/2011\/09\/Luiza-150x150.jpg 150w, https:\/\/wp.ufpel.edu.br\/astronomia\/files\/2011\/09\/Luiza-300x300.jpg 300w, https:\/\/wp.ufpel.edu.br\/astronomia\/files\/2011\/09\/Luiza-768x769.jpg 768w, https:\/\/wp.ufpel.edu.br\/astronomia\/files\/2011\/09\/Luiza-50x50.jpg 50w, https:\/\/wp.ufpel.edu.br\/astronomia\/files\/2011\/09\/Luiza.jpg 958w\" sizes=\"auto, (max-width: 150px) 100vw, 150px\" \/><\/p>\n<p>Luiza Jardim \u2013 cursando Bacharelado em F\u00edsica<\/p>\n<p>&nbsp;<\/p>\n<p>&nbsp;<\/p>\n<p>&nbsp;<\/p>\n<p><img loading=\"lazy\" decoding=\"async\" class=\"wp-image-665 size-thumbnail alignleft\" src=\"https:\/\/wp.ufpel.edu.br\/astronomia\/files\/2011\/09\/max-150x150.jpg\" alt=\"max\" width=\"150\" height=\"150\" srcset=\"https:\/\/wp.ufpel.edu.br\/astronomia\/files\/2011\/09\/max-150x150.jpg 150w, https:\/\/wp.ufpel.edu.br\/astronomia\/files\/2011\/09\/max-50x50.jpg 50w\" sizes=\"auto, (max-width: 150px) 100vw, 150px\" \/><\/p>\n<p>Maxwell Henri da Silva \u2013 cursando Bacharelado em F\u00edsica<\/p>\n<p>&nbsp;<\/p>\n<p>&nbsp;<\/p>\n<p>&nbsp;<\/p>\n<p><img loading=\"lazy\" decoding=\"async\" class=\"alignleft wp-image-664 size-thumbnail\" src=\"https:\/\/wp.ufpel.edu.br\/astronomia\/files\/2011\/09\/Paula-150x150.jpg\" alt=\"Paula\" width=\"150\" height=\"150\" srcset=\"https:\/\/wp.ufpel.edu.br\/astronomia\/files\/2011\/09\/Paula-150x150.jpg 150w, https:\/\/wp.ufpel.edu.br\/astronomia\/files\/2011\/09\/Paula-300x300.jpg 300w, https:\/\/wp.ufpel.edu.br\/astronomia\/files\/2011\/09\/Paula-50x50.jpg 50w, https:\/\/wp.ufpel.edu.br\/astronomia\/files\/2011\/09\/Paula.jpg 644w\" sizes=\"auto, (max-width: 150px) 100vw, 150px\" \/><\/p>\n<p>Paula Fernanda \u2013 cursando Qu\u00edmica Forense<\/p>\n<p>&nbsp;<\/p>\n<p>&nbsp;<\/p>\n<p>&nbsp;<\/p>\n<p><img loading=\"lazy\" decoding=\"async\" class=\"alignleft wp-image-663 size-thumbnail\" src=\"https:\/\/wp.ufpel.edu.br\/astronomia\/files\/2011\/09\/Pri-150x150.jpg\" alt=\"Pri\" width=\"150\" height=\"150\" srcset=\"https:\/\/wp.ufpel.edu.br\/astronomia\/files\/2011\/09\/Pri-150x150.jpg 150w, https:\/\/wp.ufpel.edu.br\/astronomia\/files\/2011\/09\/Pri-300x300.jpg 300w, https:\/\/wp.ufpel.edu.br\/astronomia\/files\/2011\/09\/Pri-50x50.jpg 50w, https:\/\/wp.ufpel.edu.br\/astronomia\/files\/2011\/09\/Pri.jpg 640w\" sizes=\"auto, (max-width: 150px) 100vw, 150px\" \/><\/p>\n<p>Priscila Peixoto \u2013 cursando Licenciatura em F\u00edsica<\/p>\n<p>&nbsp;<\/p>\n<p>&nbsp;<\/p>\n<p>&nbsp;<\/p>\n<p><img loading=\"lazy\" decoding=\"async\" class=\"alignleft wp-image-662 size-thumbnail\" src=\"https:\/\/wp.ufpel.edu.br\/astronomia\/files\/2011\/09\/Vinny-150x150.jpg\" alt=\"Vinny\" width=\"150\" height=\"150\" srcset=\"https:\/\/wp.ufpel.edu.br\/astronomia\/files\/2011\/09\/Vinny-150x150.jpg 150w, https:\/\/wp.ufpel.edu.br\/astronomia\/files\/2011\/09\/Vinny-50x50.jpg 50w\" sizes=\"auto, (max-width: 150px) 100vw, 150px\" \/><\/p>\n<p>Vinicius Gomes \u2013 graduando em Engenharia Geol\u00f3gica<\/p>\n<p>&nbsp;<\/p>\n<p>&nbsp;<\/p>\n","protected":false},"excerpt":{"rendered":"<p>&nbsp; O grupo do Laborat\u00f3rio de Astronomia da Universidade Federal de Pelotas consiste em 12 pessoas: &nbsp; Prof. Dra. Virg\u00ednia Mello Alves \u2013 membro do corpo docente do Instituto de F\u00edsica e Matem\u00e1tica (IFM) da Universidade Federal de Pelotas. Possui Doutorado na \u00e1rea de Astronomia (Aglomerados Estelares) e Mestrado na \u00e1rea de Ensino de F\u00edsica&hellip;<\/p>\n","protected":false},"author":9,"featured_media":0,"parent":0,"menu_order":1,"comment_status":"closed","ping_status":"closed","template":"","meta":{"jetpack_post_was_ever_published":false,"footnotes":""},"class_list":["post-2","page","type-page","status-publish","hentry"],"jetpack_sharing_enabled":true,"jetpack_shortlink":"https:\/\/wp.me\/P6QNVR-2","_links":{"self":[{"href":"https:\/\/wp.ufpel.edu.br\/astronomia\/wp-json\/wp\/v2\/pages\/2","targetHints":{"allow":["GET"]}}],"collection":[{"href":"https:\/\/wp.ufpel.edu.br\/astronomia\/wp-json\/wp\/v2\/pages"}],"about":[{"href":"https:\/\/wp.ufpel.edu.br\/astronomia\/wp-json\/wp\/v2\/types\/page"}],"author":[{"embeddable":true,"href":"https:\/\/wp.ufpel.edu.br\/astronomia\/wp-json\/wp\/v2\/users\/9"}],"replies":[{"embeddable":true,"href":"https:\/\/wp.ufpel.edu.br\/astronomia\/wp-json\/wp\/v2\/comments?post=2"}],"version-history":[{"count":8,"href":"https:\/\/wp.ufpel.edu.br\/astronomia\/wp-json\/wp\/v2\/pages\/2\/revisions"}],"predecessor-version":[{"id":679,"href":"https:\/\/wp.ufpel.edu.br\/astronomia\/wp-json\/wp\/v2\/pages\/2\/revisions\/679"}],"wp:attachment":[{"href":"https:\/\/wp.ufpel.edu.br\/astronomia\/wp-json\/wp\/v2\/media?parent=2"}],"curies":[{"name":"wp","href":"https:\/\/api.w.org\/{rel}","templated":true}]}}