{"id":130,"date":"2012-03-14T22:05:35","date_gmt":"2012-03-15T01:05:35","guid":{"rendered":"https:\/\/wp.ufpel.edu.br\/astronomia\/"},"modified":"2016-09-06T16:39:01","modified_gmt":"2016-09-06T19:39:01","slug":"downloads","status":"publish","type":"page","link":"https:\/\/wp.ufpel.edu.br\/astronomia\/downloads\/","title":{"rendered":"DOWNLOADS"},"content":{"rendered":"<p><a href=\"https:\/\/wp.ufpel.edu.br\/astronomia\/downloads\/astronomia-astrofisica-s-o-kepler-e-maria-de-fatima-ufrgs\/\">ASTRONOMIA &amp; ASTROF\u00cdSICA<\/a><\/p>\n<p><a href=\"https:\/\/wp.ufpel.edu.br\/astronomia\/downloads\/astronomia-uma-visao-geral-i-joao-steiner\/\">ASTRONOMIA: UMA VIS\u00c3O GERAL I <\/a><\/p>\n<p><a href=\"https:\/\/wp.ufpel.edu.br\/astronomia\/downloads\/material-das-atividades-de-observacao-solsticios-e-equinocios\/\">MATERIAL DAS ATIVIDADES DE OBSERVA\u00c7\u00c3O &#8211; SOLST\u00cdCIOS E EQUIN\u00d3CIOS<\/a><\/p>\n","protected":false},"excerpt":{"rendered":"<p>ASTRONOMIA &amp; ASTROF\u00cdSICA ASTRONOMIA: UMA VIS\u00c3O GERAL I MATERIAL DAS ATIVIDADES DE OBSERVA\u00c7\u00c3O &#8211; SOLST\u00cdCIOS E EQUIN\u00d3CIOS<\/p>\n","protected":false},"author":140,"featured_media":0,"parent":0,"menu_order":6,"comment_status":"closed","ping_status":"closed","template":"","meta":{"jetpack_post_was_ever_published":false,"footnotes":""},"class_list":["post-130","page","type-page","status-publish","hentry"],"jetpack_sharing_enabled":true,"jetpack_shortlink":"https:\/\/wp.me\/P6QNVR-26","_links":{"self":[{"href":"https:\/\/wp.ufpel.edu.br\/astronomia\/wp-json\/wp\/v2\/pages\/130","targetHints":{"allow":["GET"]}}],"collection":[{"href":"https:\/\/wp.ufpel.edu.br\/astronomia\/wp-json\/wp\/v2\/pages"}],"about":[{"href":"https:\/\/wp.ufpel.edu.br\/astronomia\/wp-json\/wp\/v2\/types\/page"}],"author":[{"embeddable":true,"href":"https:\/\/wp.ufpel.edu.br\/astronomia\/wp-json\/wp\/v2\/users\/140"}],"replies":[{"embeddable":true,"href":"https:\/\/wp.ufpel.edu.br\/astronomia\/wp-json\/wp\/v2\/comments?post=130"}],"version-history":[{"count":7,"href":"https:\/\/wp.ufpel.edu.br\/astronomia\/wp-json\/wp\/v2\/pages\/130\/revisions"}],"predecessor-version":[{"id":652,"href":"https:\/\/wp.ufpel.edu.br\/astronomia\/wp-json\/wp\/v2\/pages\/130\/revisions\/652"}],"wp:attachment":[{"href":"https:\/\/wp.ufpel.edu.br\/astronomia\/wp-json\/wp\/v2\/media?parent=130"}],"curies":[{"name":"wp","href":"https:\/\/api.w.org\/{rel}","templated":true}]}}