{"id":91,"date":"2021-05-22T06:56:56","date_gmt":"2021-05-22T09:56:56","guid":{"rendered":"https:\/\/wp.ufpel.edu.br\/asphe25anos\/?page_id=91"},"modified":"2021-10-24T17:58:45","modified_gmt":"2021-10-24T20:58:45","slug":"programacao-geral","status":"publish","type":"page","link":"https:\/\/wp.ufpel.edu.br\/asphe25anos\/programacao\/programacao-geral\/","title":{"rendered":"Programa\u00e7\u00e3o Geral"},"content":{"rendered":"<h3><span style=\"color: #c82026;\">03 de novembro de 2021\u00a0 (quarta-feira)<\/span><\/h3>\n<p><strong><span style=\"color: #c82026;\">19h<\/span> \u2013 Abertura<br \/>\nTransmiss\u00e3o:<\/strong> canal da Asphe no Youtube &#8211; <a href=\"https:\/\/www.youtube.com\/watch?v=os1q9SoBI_s\" target=\"_blank\" rel=\"noopener\">Clique aqui para assistir a Abertura do evento<\/a><strong><br \/>\n<\/strong><\/p>\n<p><strong><span style=\"color: #c82026;\">19h30min<\/span> \u2013 Palestra<\/strong><br \/>\n<strong>Palestrante:<\/strong> Diana Vidal (USP)<br \/>\n<strong>T\u00edtulo:<\/strong> &#8220;Hist\u00f3ria da Educa\u00e7\u00e3o: trajet\u00f3rias e perspectivas (nacional e internacional)&#8221;<br \/>\n<strong>Media\u00e7\u00e3o:<\/strong> Patr\u00edcia Weiduschadt (UFPel)<br \/>\n<strong>Transmiss\u00e3o:<\/strong> canal da Asphe no Youtube &#8211; <a href=\"https:\/\/www.youtube.com\/watch?v=os1q9SoBI_s\" target=\"_blank\" rel=\"noopener\">Clique aqui para assistir a Palestra<\/a><\/p>\n<hr \/>\n<h3><span style=\"color: #c82026;\">04 de novembro de 2021 (quinta-feira)<\/span><\/h3>\n<p><strong><span style=\"color: #c82026;\">8h30min<\/span> \u2013 Sess\u00e3o de comunica\u00e7\u00f5es I<\/strong><br \/>\nTransmiss\u00e3o restrita aos participantes das sess\u00f5es e ouvintes em salas virtuais do Webconf UFPel (<a href=\"https:\/\/wp.ufpel.edu.br\/asphe25anos\/programacao\/sessoes-de-comunicacoes\/\" target=\"_blank\" rel=\"noopener\">Clique aqui para conferir a programa\u00e7\u00e3o das Sess\u00f5es de Comunica\u00e7\u00e3o e Salas Tem\u00e1ticas com trabalhos<\/a>).<\/p>\n<p><strong><span style=\"color: #c82026;\">10h30min<\/span> \u2013 Sess\u00e3o de comunica\u00e7\u00f5es II<\/strong><br \/>\nTransmiss\u00e3o restrita aos participantes das sess\u00f5es e ouvintes em salas virtuais do Webconf UFPel (<a href=\"https:\/\/wp.ufpel.edu.br\/asphe25anos\/programacao\/sessoes-de-comunicacoes\/\" target=\"_blank\" rel=\"noopener\">Clique aqui para conferir a programa\u00e7\u00e3o das Sess\u00f5es de Comunica\u00e7\u00e3o e Salas Tem\u00e1ticas com trabalhos<\/a>).<\/p>\n<p><strong><span style=\"color: #c82026;\">14h<\/span> \u2013 Mesa Redonda I<\/strong><br \/>\n<strong>Convidados:<\/strong> Jorge Cunha (UFSM), Fl\u00e1via Werle (Unisinos) e Maria Helena C\u00e2mara Bastos<br \/>\n<strong>T\u00edtulo:<\/strong> &#8220;Hist\u00f3rias e trajet\u00f3rias da Asphe na Hist\u00f3ria da Educa\u00e7\u00e3o&#8221;<br \/>\n<strong>Media\u00e7\u00e3o:<\/strong> Maria Augusta de Oliveira (IFRS)<br \/>\n<strong>Transmiss\u00e3o:<\/strong> canal da Asphe no Youtube &#8211; <a href=\"https:\/\/www.youtube.com\/watch?v=7PIKQ2R6wOc\" target=\"_blank\" rel=\"noopener\">Clique aqui para assistir a Mesa Redonda 1<\/a><\/p>\n<p><strong><span style=\"color: #c82026;\">18h<\/span> \u2013 Assembleia Geral da Asphe<\/strong><br \/>\n<strong>Transmiss\u00e3o:<\/strong> sala de videoconfer\u00eancia do <em>Google Meet<\/em> &#8211; <a href=\"https:\/\/meet.google.com\/itw-nnmz-ttk\" target=\"_blank\" rel=\"noopener\">Clique aqui para participar da Assembleia geral da Asphe<\/a><\/p>\n<p><strong><span style=\"color: #c82026;\">19h30min<\/span> \u2013 Lan\u00e7amento de livros<\/strong><br \/>\n<strong>Transmiss\u00e3o:<\/strong> sala de videoconfer\u00eancia do <em>Google Meet<\/em> &#8211; <a href=\"https:\/\/meet.google.com\/itw-nnmz-ttk\" target=\"_blank\" rel=\"noopener\">Clique aqui para participar do Lan\u00e7amento de livros<\/a><\/p>\n<hr \/>\n<h3><span style=\"color: #c82026;\">05 de novembro de 2021 (sexta-feira)<\/span><\/h3>\n<p><strong><span style=\"color: #c82026;\">8h30min<\/span> \u2013 Sess\u00e3o de comunica\u00e7\u00f5es III<\/strong><br \/>\nTransmiss\u00e3o restrita aos participantes das sess\u00f5es e ouvintes em salas virtuais do Webconf UFPel (<a href=\"https:\/\/wp.ufpel.edu.br\/asphe25anos\/programacao\/sessoes-de-comunicacoes\/\" target=\"_blank\" rel=\"noopener\">Clique aqui para conferir a programa\u00e7\u00e3o das Sess\u00f5es de Comunica\u00e7\u00e3o e Salas Tem\u00e1ticas com trabalhos<\/a>).<\/p>\n<p><strong><span style=\"color: #c82026;\">10h30min<\/span> \u2013 Sess\u00e3o de comunica\u00e7\u00f5es IV<\/strong><br \/>\nTransmiss\u00e3o restrita aos participantes das sess\u00f5es e ouvintes em salas virtuais do Webconf UFPel (<a href=\"https:\/\/wp.ufpel.edu.br\/asphe25anos\/programacao\/sessoes-de-comunicacoes\/\" target=\"_blank\" rel=\"noopener\">Clique aqui para conferir a programa\u00e7\u00e3o das Sess\u00f5es de Comunica\u00e7\u00e3o e Salas Tem\u00e1ticas com trabalhos<\/a>).<\/p>\n<p><strong><span style=\"color: #c82026;\">14h<\/span> \u2013 Mesa Redonda II<\/strong><br \/>\n<strong>Convidados:<\/strong> Beatriz T. Daudt Fischer (Unisinos), Elomar Tambara (UFPel) e L\u00facio Kreutz (UCS)<br \/>\n<strong>T\u00edtulo:<\/strong> &#8220;Asphe: das hist\u00f3rias \u00e0 novas perspectivas na Hist\u00f3ria da Educa\u00e7\u00e3o&#8221;<br \/>\n<strong>Media\u00e7\u00e3o:<\/strong> Alessandro Bica (Unipampa)<br \/>\n<strong>Transmiss\u00e3o:<\/strong> canal da Asphe no Youtube &#8211; <a href=\"https:\/\/www.youtube.com\/watch?v=bqu-7hL5_8c\" target=\"_blank\" rel=\"noopener\">Clique aqui para assistir a Mesa Redonda 2<\/a><\/p>\n<p><strong><span style=\"color: #c82026;\">16h<\/span> \u2013 Encerramento<\/strong><br \/>\n<strong>Transmiss\u00e3o:<\/strong> canal da Asphe no Youtube &#8211; <a href=\"https:\/\/www.youtube.com\/watch?v=bqu-7hL5_8c\" target=\"_blank\" rel=\"noopener\">Clique aqui para assistir o Encerramento do evento<\/a><\/p>\n","protected":false},"excerpt":{"rendered":"<p> [&hellip;]<\/p>\n","protected":false},"author":928,"featured_media":0,"parent":28,"menu_order":0,"comment_status":"closed","ping_status":"closed","template":"","meta":{"footnotes":""},"class_list":["post-91","page","type-page","status-publish","hentry","post"],"jetpack_sharing_enabled":true,"_links":{"self":[{"href":"https:\/\/wp.ufpel.edu.br\/asphe25anos\/wp-json\/wp\/v2\/pages\/91","targetHints":{"allow":["GET"]}}],"collection":[{"href":"https:\/\/wp.ufpel.edu.br\/asphe25anos\/wp-json\/wp\/v2\/pages"}],"about":[{"href":"https:\/\/wp.ufpel.edu.br\/asphe25anos\/wp-json\/wp\/v2\/types\/page"}],"author":[{"embeddable":true,"href":"https:\/\/wp.ufpel.edu.br\/asphe25anos\/wp-json\/wp\/v2\/users\/928"}],"replies":[{"embeddable":true,"href":"https:\/\/wp.ufpel.edu.br\/asphe25anos\/wp-json\/wp\/v2\/comments?post=91"}],"version-history":[{"count":34,"href":"https:\/\/wp.ufpel.edu.br\/asphe25anos\/wp-json\/wp\/v2\/pages\/91\/revisions"}],"predecessor-version":[{"id":736,"href":"https:\/\/wp.ufpel.edu.br\/asphe25anos\/wp-json\/wp\/v2\/pages\/91\/revisions\/736"}],"up":[{"embeddable":true,"href":"https:\/\/wp.ufpel.edu.br\/asphe25anos\/wp-json\/wp\/v2\/pages\/28"}],"wp:attachment":[{"href":"https:\/\/wp.ufpel.edu.br\/asphe25anos\/wp-json\/wp\/v2\/media?parent=91"}],"curies":[{"name":"wp","href":"https:\/\/api.w.org\/{rel}","templated":true}]}}