{"id":73,"date":"2021-05-21T13:15:42","date_gmt":"2021-05-21T16:15:42","guid":{"rendered":"https:\/\/wp.ufpel.edu.br\/asphe25anos\/?page_id=73"},"modified":"2021-05-21T13:21:47","modified_gmt":"2021-05-21T16:21:47","slug":"sobre-o-evento","status":"publish","type":"page","link":"https:\/\/wp.ufpel.edu.br\/asphe25anos\/apresentacao\/sobre-o-evento\/","title":{"rendered":"Sobre o evento"},"content":{"rendered":"<p>O <strong>26\u00ba Encontro da Associa\u00e7\u00e3o Sul-Rio-Grandense de Pesquisadores em Hist\u00f3ria da Educa\u00e7\u00e3o<\/strong> (ASPHE) tem como objetivo a celebra\u00e7\u00e3o dos 25 anos de cria\u00e7\u00e3o da Associa\u00e7\u00e3o, ocasi\u00e3o na qual ser\u00e1 discutida o processo de constitui\u00e7\u00e3o, a trajet\u00f3ria e as perspectivas de pesquisas no campo da Hist\u00f3ria da Educa\u00e7\u00e3o.<\/p>\n<p>Nessa expectativa de comemora\u00e7\u00e3o desta data, a Universidade Federal de Pelotas, por meio dos grupos de pesquisa \u2013 Centro de Estudos e Investiga\u00e7\u00f5es em Hist\u00f3ria da Educa\u00e7\u00e3o (Ceihe), Centro de mem\u00f3ria e pesquisa Hist\u00f3ria da Alfabetiza\u00e7\u00e3o, Leitura, Escrita e dos Livros Escolares (Hisales), Laborat\u00f3rio de Ensino de Hist\u00f3ria (Leh) e a linha de pesquisa Hist\u00f3ria, Curr\u00edculo e Cultura em Educa\u00e7\u00e3o Matem\u00e1tica \u2013, com apoio da Faculdade de Educa\u00e7\u00e3o (FaE) e do Programa de P\u00f3s-gradua\u00e7\u00e3o em Educa\u00e7\u00e3o (PPGE), espera receber pesquisadores e interessados no campo da Hist\u00f3ria da Educa\u00e7\u00e3o dispostos a compreender o processo de estabelecimento e funda\u00e7\u00e3o da ASPHE, promover a reflex\u00e3o sobre tem\u00e1ticas relativas \u00e0 historicidade da Educa\u00e7\u00e3o, colaborando com a discuss\u00e3o de uma agenda de estudos hist\u00f3ricos.<\/p>\n<p>Diante das medidas de isolamento social que foram decretadas desde o in\u00edcio de 2020, bem como a partir do atual agravamento da pandemia de COVID-19, nossa constante preocupa\u00e7\u00e3o com a sa\u00fade e a seguran\u00e7a de todos faz com que o mais prudente seja a realiza\u00e7\u00e3o de um evento no formato online.<\/p>\n<p><strong>Tem\u00e1tica<\/strong><br \/>\n25 anos de Asphe: trajet\u00f3rias e perspectivas<\/p>\n<p><strong>Data<\/strong><br \/>\n03 a 05 de novembro de 2021<\/p>\n<p><strong>Modalidade<\/strong><br \/>\n\u00c0 dist\u00e2ncia \u2013 100% on-line<\/p>\n<p><strong>Local<\/strong><br \/>\n<a href=\"http:\/\/ufpel.edu.br\" target=\"_blank\" rel=\"noopener noreferrer\">Universidade Federal de Pelotas (UFPEL)<\/a><\/p>\n<p><strong>Objetivos<\/strong><br \/>\na) Refletir acerca da produ\u00e7\u00e3o em Hist\u00f3ria da Educa\u00e7\u00e3o, tendo a ASPHE como espa\u00e7o de refer\u00eancia;<br \/>\nb) Acompanhar a produ\u00e7\u00e3o do conhecimento na \u00e1rea, considerando o tema das pesquisas regionais em Hist\u00f3ria da Educa\u00e7\u00e3o como objeto de estudo e reflex\u00e3o;<br \/>\nc) Promover a forma\u00e7\u00e3o continuada de pesquisadores em Hist\u00f3ria da Educa\u00e7\u00e3o;<br \/>\nd) Congregar e oportunizar espa\u00e7os de relacionamento entre professores, estudantes e pesquisadores em Hist\u00f3ria da Educa\u00e7\u00e3o.<\/p>\n<p><strong>P\u00fablico-alvo<\/strong><br \/>\nAssociados da ASPHE, pesquisadores, professores e estudantes de gradua\u00e7\u00e3o e de p\u00f3s-gradua\u00e7\u00e3o das \u00e1reas de educa\u00e7\u00e3o, hist\u00f3ria e afins.<\/p>\n","protected":false},"excerpt":{"rendered":"<p> [&hellip;]<\/p>\n","protected":false},"author":928,"featured_media":0,"parent":23,"menu_order":0,"comment_status":"closed","ping_status":"closed","template":"","meta":{"footnotes":""},"class_list":["post-73","page","type-page","status-publish","hentry","post"],"jetpack_sharing_enabled":true,"_links":{"self":[{"href":"https:\/\/wp.ufpel.edu.br\/asphe25anos\/wp-json\/wp\/v2\/pages\/73","targetHints":{"allow":["GET"]}}],"collection":[{"href":"https:\/\/wp.ufpel.edu.br\/asphe25anos\/wp-json\/wp\/v2\/pages"}],"about":[{"href":"https:\/\/wp.ufpel.edu.br\/asphe25anos\/wp-json\/wp\/v2\/types\/page"}],"author":[{"embeddable":true,"href":"https:\/\/wp.ufpel.edu.br\/asphe25anos\/wp-json\/wp\/v2\/users\/928"}],"replies":[{"embeddable":true,"href":"https:\/\/wp.ufpel.edu.br\/asphe25anos\/wp-json\/wp\/v2\/comments?post=73"}],"version-history":[{"count":2,"href":"https:\/\/wp.ufpel.edu.br\/asphe25anos\/wp-json\/wp\/v2\/pages\/73\/revisions"}],"predecessor-version":[{"id":76,"href":"https:\/\/wp.ufpel.edu.br\/asphe25anos\/wp-json\/wp\/v2\/pages\/73\/revisions\/76"}],"up":[{"embeddable":true,"href":"https:\/\/wp.ufpel.edu.br\/asphe25anos\/wp-json\/wp\/v2\/pages\/23"}],"wp:attachment":[{"href":"https:\/\/wp.ufpel.edu.br\/asphe25anos\/wp-json\/wp\/v2\/media?parent=73"}],"curies":[{"name":"wp","href":"https:\/\/api.w.org\/{rel}","templated":true}]}}