{"id":481,"date":"2021-05-31T15:36:22","date_gmt":"2021-05-31T18:36:22","guid":{"rendered":"https:\/\/wp.ufpel.edu.br\/asphe25anos\/?page_id=481"},"modified":"2021-05-31T15:48:14","modified_gmt":"2021-05-31T18:48:14","slug":"galeria","status":"publish","type":"page","link":"https:\/\/wp.ufpel.edu.br\/asphe25anos\/galeria\/","title":{"rendered":"Galeria \u2013 Escolas de Pelotas\/RS"},"content":{"rendered":"\n\t\t<style type=\"text\/css\">\n\t\t\t#gallery-1 {\n\t\t\t\tmargin: auto;\n\t\t\t}\n\t\t\t#gallery-1 .gallery-item {\n\t\t\t\tfloat: left;\n\t\t\t\tmargin-top: 10px;\n\t\t\t\ttext-align: center;\n\t\t\t\twidth: 25%;\n\t\t\t}\n\t\t\t#gallery-1 img {\n\t\t\t\tborder: 2px solid #cfcfcf;\n\t\t\t}\n\t\t\t#gallery-1 .gallery-caption {\n\t\t\t\tmargin-left: 0;\n\t\t\t}\n\t\t\t\/* see gallery_shortcode() in wp-includes\/media.php *\/\n\t\t<\/style>\n\t\t<div data-carousel-extra='{&quot;blog_id&quot;:1209,&quot;permalink&quot;:&quot;https:\/\/wp.ufpel.edu.br\/asphe25anos\/galeria\/&quot;}' id='gallery-1' class='gallery galleryid-481 gallery-columns-4 gallery-size-thumbnail'><dl class='gallery-item'>\n\t\t\t<dt class='gallery-icon landscape'>\n\t\t\t\t<a href='https:\/\/wp.ufpel.edu.br\/asphe25anos\/home\/print\/#main'><img loading=\"lazy\" decoding=\"async\" width=\"200\" height=\"200\" src=\"https:\/\/i0.wp.com\/wp.ufpel.edu.br\/asphe25anos\/files\/2021\/05\/Foto-1.jpg?fit=200%2C200&amp;ssl=1\" class=\"attachment-thumbnail size-thumbnail\" alt=\"Gin\u00e1sio Gonzaga \u2013 Pelotas \u2013 RS\" aria-describedby=\"gallery-1-153\" srcset=\"https:\/\/i0.wp.com\/wp.ufpel.edu.br\/asphe25anos\/files\/2021\/05\/Foto-1.jpg?resize=200%2C200&amp;ssl=1 200w, https:\/\/i0.wp.com\/wp.ufpel.edu.br\/asphe25anos\/files\/2021\/05\/Foto-1.jpg?zoom=2&amp;resize=200%2C200&amp;ssl=1 400w, https:\/\/i0.wp.com\/wp.ufpel.edu.br\/asphe25anos\/files\/2021\/05\/Foto-1.jpg?zoom=3&amp;resize=200%2C200&amp;ssl=1 600w\" sizes=\"auto, (max-width: 200px) 100vw, 200px\" data-attachment-id=\"153\" data-permalink=\"https:\/\/wp.ufpel.edu.br\/asphe25anos\/home\/print\/#main\" data-orig-file=\"https:\/\/i0.wp.com\/wp.ufpel.edu.br\/asphe25anos\/files\/2021\/05\/Foto-1.jpg?fit=1280%2C790&amp;ssl=1\" data-orig-size=\"1280,790\" data-comments-opened=\"0\" data-image-meta=\"{&quot;aperture&quot;:&quot;0&quot;,&quot;credit&quot;:&quot;&quot;,&quot;camera&quot;:&quot;&quot;,&quot;caption&quot;:&quot;&quot;,&quot;created_timestamp&quot;:&quot;0&quot;,&quot;copyright&quot;:&quot;&quot;,&quot;focal_length&quot;:&quot;0&quot;,&quot;iso&quot;:&quot;0&quot;,&quot;shutter_speed&quot;:&quot;0&quot;,&quot;title&quot;:&quot;Print&quot;,&quot;orientation&quot;:&quot;1&quot;}\" data-image-title=\"Gin\u00e1sio Gonzaga \u2013 Pelotas \u2013 RS\" data-image-description=\"&lt;p&gt;Gin\u00e1sio Gonzaga \u2013 Pelotas \u2013 RS&lt;\/p&gt;\n\" data-image-caption=\"&lt;p&gt;Gin\u00e1sio Gonzaga \u2013 Pelotas \u2013 RS&lt;\/p&gt;\n\" data-medium-file=\"https:\/\/i0.wp.com\/wp.ufpel.edu.br\/asphe25anos\/files\/2021\/05\/Foto-1.jpg?fit=400%2C247&amp;ssl=1\" data-large-file=\"https:\/\/i0.wp.com\/wp.ufpel.edu.br\/asphe25anos\/files\/2021\/05\/Foto-1.jpg?fit=720%2C444&amp;ssl=1\" \/><\/a>\n\t\t\t<\/dt>\n\t\t\t\t<dd class='wp-caption-text gallery-caption' id='gallery-1-153'>\n\t\t\t\tGin\u00e1sio Gonzaga \u2013 Pelotas \u2013 RS\n\t\t\t\t<\/dd><\/dl><dl class='gallery-item'>\n\t\t\t<dt class='gallery-icon landscape'>\n\t\t\t\t<a href='https:\/\/wp.ufpel.edu.br\/asphe25anos\/home\/print-5\/#main'><img loading=\"lazy\" decoding=\"async\" width=\"200\" height=\"200\" src=\"https:\/\/i0.wp.com\/wp.ufpel.edu.br\/asphe25anos\/files\/2021\/05\/Foto-5.jpg?fit=200%2C200&amp;ssl=1\" class=\"attachment-thumbnail size-thumbnail\" alt=\"Instituto Estadual Assis Brasil \u2013 Pelotas \u2013 RS\" aria-describedby=\"gallery-1-164\" srcset=\"https:\/\/i0.wp.com\/wp.ufpel.edu.br\/asphe25anos\/files\/2021\/05\/Foto-5.jpg?resize=200%2C200&amp;ssl=1 200w, https:\/\/i0.wp.com\/wp.ufpel.edu.br\/asphe25anos\/files\/2021\/05\/Foto-5.jpg?zoom=2&amp;resize=200%2C200&amp;ssl=1 400w, https:\/\/i0.wp.com\/wp.ufpel.edu.br\/asphe25anos\/files\/2021\/05\/Foto-5.jpg?zoom=3&amp;resize=200%2C200&amp;ssl=1 600w\" sizes=\"auto, (max-width: 200px) 100vw, 200px\" data-attachment-id=\"164\" data-permalink=\"https:\/\/wp.ufpel.edu.br\/asphe25anos\/home\/print-5\/#main\" data-orig-file=\"https:\/\/i0.wp.com\/wp.ufpel.edu.br\/asphe25anos\/files\/2021\/05\/Foto-5.jpg?fit=1280%2C745&amp;ssl=1\" data-orig-size=\"1280,745\" data-comments-opened=\"0\" data-image-meta=\"{&quot;aperture&quot;:&quot;0&quot;,&quot;credit&quot;:&quot;&quot;,&quot;camera&quot;:&quot;&quot;,&quot;caption&quot;:&quot;&quot;,&quot;created_timestamp&quot;:&quot;0&quot;,&quot;copyright&quot;:&quot;&quot;,&quot;focal_length&quot;:&quot;0&quot;,&quot;iso&quot;:&quot;0&quot;,&quot;shutter_speed&quot;:&quot;0&quot;,&quot;title&quot;:&quot;Print&quot;,&quot;orientation&quot;:&quot;1&quot;}\" data-image-title=\"Instituto Estadual Assis Brasil \u2013 Pelotas \u2013 RS\" data-image-description=\"&lt;p&gt;Instituto Estadual Assis Brasil \u2013 Pelotas \u2013 RS&lt;\/p&gt;\n\" data-image-caption=\"&lt;p&gt;Instituto Estadual Assis Brasil \u2013 Pelotas \u2013 RS&lt;\/p&gt;\n\" data-medium-file=\"https:\/\/i0.wp.com\/wp.ufpel.edu.br\/asphe25anos\/files\/2021\/05\/Foto-5.jpg?fit=400%2C233&amp;ssl=1\" data-large-file=\"https:\/\/i0.wp.com\/wp.ufpel.edu.br\/asphe25anos\/files\/2021\/05\/Foto-5.jpg?fit=720%2C419&amp;ssl=1\" \/><\/a>\n\t\t\t<\/dt>\n\t\t\t\t<dd class='wp-caption-text gallery-caption' id='gallery-1-164'>\n\t\t\t\tInstituto Estadual Assis Brasil \u2013 Pelotas \u2013 RS\n\t\t\t\t<\/dd><\/dl><dl class='gallery-item'>\n\t\t\t<dt class='gallery-icon portrait'>\n\t\t\t\t<a href='https:\/\/wp.ufpel.edu.br\/asphe25anos\/home\/print-3\/#main'><img loading=\"lazy\" decoding=\"async\" width=\"128\" height=\"200\" src=\"https:\/\/i0.wp.com\/wp.ufpel.edu.br\/asphe25anos\/files\/2021\/05\/Foto-3.jpg?fit=128%2C200&amp;ssl=1\" class=\"attachment-thumbnail size-thumbnail\" alt=\"Gin\u00e1sio Pelotense \u2013 Pelotas \u2013 RS\" aria-describedby=\"gallery-1-163\" srcset=\"https:\/\/i0.wp.com\/wp.ufpel.edu.br\/asphe25anos\/files\/2021\/05\/Foto-3.jpg?w=822&amp;ssl=1 822w, https:\/\/i0.wp.com\/wp.ufpel.edu.br\/asphe25anos\/files\/2021\/05\/Foto-3.jpg?resize=257%2C400&amp;ssl=1 257w, https:\/\/i0.wp.com\/wp.ufpel.edu.br\/asphe25anos\/files\/2021\/05\/Foto-3.jpg?resize=658%2C1024&amp;ssl=1 658w, https:\/\/i0.wp.com\/wp.ufpel.edu.br\/asphe25anos\/files\/2021\/05\/Foto-3.jpg?resize=128%2C200&amp;ssl=1 128w, https:\/\/i0.wp.com\/wp.ufpel.edu.br\/asphe25anos\/files\/2021\/05\/Foto-3.jpg?resize=768%2C1196&amp;ssl=1 768w\" sizes=\"auto, (max-width: 128px) 100vw, 128px\" data-attachment-id=\"163\" data-permalink=\"https:\/\/wp.ufpel.edu.br\/asphe25anos\/home\/print-3\/#main\" data-orig-file=\"https:\/\/i0.wp.com\/wp.ufpel.edu.br\/asphe25anos\/files\/2021\/05\/Foto-3.jpg?fit=822%2C1280&amp;ssl=1\" data-orig-size=\"822,1280\" data-comments-opened=\"0\" data-image-meta=\"{&quot;aperture&quot;:&quot;0&quot;,&quot;credit&quot;:&quot;&quot;,&quot;camera&quot;:&quot;&quot;,&quot;caption&quot;:&quot;&quot;,&quot;created_timestamp&quot;:&quot;0&quot;,&quot;copyright&quot;:&quot;&quot;,&quot;focal_length&quot;:&quot;0&quot;,&quot;iso&quot;:&quot;0&quot;,&quot;shutter_speed&quot;:&quot;0&quot;,&quot;title&quot;:&quot;Print&quot;,&quot;orientation&quot;:&quot;1&quot;}\" data-image-title=\"Gin\u00e1sio Pelotense \u2013 Pelotas \u2013 RS\" data-image-description=\"&lt;p&gt;Gin\u00e1sio Pelotense \u2013 Pelotas \u2013 RS&lt;\/p&gt;\n\" data-image-caption=\"&lt;p&gt;Gin\u00e1sio Pelotense \u2013 Pelotas \u2013 RS&lt;\/p&gt;\n\" data-medium-file=\"https:\/\/i0.wp.com\/wp.ufpel.edu.br\/asphe25anos\/files\/2021\/05\/Foto-3.jpg?fit=257%2C400&amp;ssl=1\" data-large-file=\"https:\/\/i0.wp.com\/wp.ufpel.edu.br\/asphe25anos\/files\/2021\/05\/Foto-3.jpg?fit=658%2C1024&amp;ssl=1\" \/><\/a>\n\t\t\t<\/dt>\n\t\t\t\t<dd class='wp-caption-text gallery-caption' id='gallery-1-163'>\n\t\t\t\tGin\u00e1sio Pelotense \u2013 Pelotas \u2013 RS\n\t\t\t\t<\/dd><\/dl><dl class='gallery-item'>\n\t\t\t<dt class='gallery-icon landscape'>\n\t\t\t\t<a href='https:\/\/wp.ufpel.edu.br\/asphe25anos\/home\/print-10\/#main'><img loading=\"lazy\" decoding=\"async\" width=\"200\" height=\"200\" src=\"https:\/\/i0.wp.com\/wp.ufpel.edu.br\/asphe25anos\/files\/2021\/05\/Foto-10.jpg?fit=200%2C200&amp;ssl=1\" class=\"attachment-thumbnail size-thumbnail\" alt=\"Col\u00e9gio Estadual Cassiano do Nascimento \u2013 Pelotas \u2013 RS\" aria-describedby=\"gallery-1-162\" srcset=\"https:\/\/i0.wp.com\/wp.ufpel.edu.br\/asphe25anos\/files\/2021\/05\/Foto-10.jpg?resize=200%2C200&amp;ssl=1 200w, https:\/\/i0.wp.com\/wp.ufpel.edu.br\/asphe25anos\/files\/2021\/05\/Foto-10.jpg?zoom=2&amp;resize=200%2C200&amp;ssl=1 400w, https:\/\/i0.wp.com\/wp.ufpel.edu.br\/asphe25anos\/files\/2021\/05\/Foto-10.jpg?zoom=3&amp;resize=200%2C200&amp;ssl=1 600w\" sizes=\"auto, (max-width: 200px) 100vw, 200px\" data-attachment-id=\"162\" data-permalink=\"https:\/\/wp.ufpel.edu.br\/asphe25anos\/home\/print-10\/#main\" data-orig-file=\"https:\/\/i0.wp.com\/wp.ufpel.edu.br\/asphe25anos\/files\/2021\/05\/Foto-10.jpg?fit=1280%2C746&amp;ssl=1\" data-orig-size=\"1280,746\" data-comments-opened=\"0\" data-image-meta=\"{&quot;aperture&quot;:&quot;0&quot;,&quot;credit&quot;:&quot;&quot;,&quot;camera&quot;:&quot;&quot;,&quot;caption&quot;:&quot;&quot;,&quot;created_timestamp&quot;:&quot;0&quot;,&quot;copyright&quot;:&quot;&quot;,&quot;focal_length&quot;:&quot;0&quot;,&quot;iso&quot;:&quot;0&quot;,&quot;shutter_speed&quot;:&quot;0&quot;,&quot;title&quot;:&quot;Print&quot;,&quot;orientation&quot;:&quot;1&quot;}\" data-image-title=\"Col\u00e9gio Estadual Cassiano do Nascimento \u2013 Pelotas \u2013 RS\" data-image-description=\"&lt;p&gt;Col\u00e9gio Estadual Cassiano do Nascimento \u2013 Pelotas \u2013 RS&lt;\/p&gt;\n\" data-image-caption=\"&lt;p&gt;Col\u00e9gio Estadual Cassiano do Nascimento \u2013 Pelotas \u2013 RS&lt;\/p&gt;\n\" data-medium-file=\"https:\/\/i0.wp.com\/wp.ufpel.edu.br\/asphe25anos\/files\/2021\/05\/Foto-10.jpg?fit=400%2C233&amp;ssl=1\" data-large-file=\"https:\/\/i0.wp.com\/wp.ufpel.edu.br\/asphe25anos\/files\/2021\/05\/Foto-10.jpg?fit=720%2C420&amp;ssl=1\" \/><\/a>\n\t\t\t<\/dt>\n\t\t\t\t<dd class='wp-caption-text gallery-caption' id='gallery-1-162'>\n\t\t\t\tCol\u00e9gio Estadual Cassiano do Nascimento \u2013 Pelotas \u2013 RS\n\t\t\t\t<\/dd><\/dl><br style=\"clear: both\" \/><dl class='gallery-item'>\n\t\t\t<dt class='gallery-icon landscape'>\n\t\t\t\t<a href='https:\/\/wp.ufpel.edu.br\/asphe25anos\/home\/print-9\/#main'><img loading=\"lazy\" decoding=\"async\" width=\"200\" height=\"200\" src=\"https:\/\/i0.wp.com\/wp.ufpel.edu.br\/asphe25anos\/files\/2021\/05\/Foto-9.jpg?fit=200%2C200&amp;ssl=1\" class=\"attachment-thumbnail size-thumbnail\" alt=\"Instituto de Menores \u2013 Pelotas \u2013 RS\" aria-describedby=\"gallery-1-161\" srcset=\"https:\/\/i0.wp.com\/wp.ufpel.edu.br\/asphe25anos\/files\/2021\/05\/Foto-9.jpg?resize=200%2C200&amp;ssl=1 200w, https:\/\/i0.wp.com\/wp.ufpel.edu.br\/asphe25anos\/files\/2021\/05\/Foto-9.jpg?zoom=2&amp;resize=200%2C200&amp;ssl=1 400w, https:\/\/i0.wp.com\/wp.ufpel.edu.br\/asphe25anos\/files\/2021\/05\/Foto-9.jpg?zoom=3&amp;resize=200%2C200&amp;ssl=1 600w\" sizes=\"auto, (max-width: 200px) 100vw, 200px\" data-attachment-id=\"161\" data-permalink=\"https:\/\/wp.ufpel.edu.br\/asphe25anos\/home\/print-9\/#main\" data-orig-file=\"https:\/\/i0.wp.com\/wp.ufpel.edu.br\/asphe25anos\/files\/2021\/05\/Foto-9.jpg?fit=1280%2C780&amp;ssl=1\" data-orig-size=\"1280,780\" data-comments-opened=\"0\" data-image-meta=\"{&quot;aperture&quot;:&quot;0&quot;,&quot;credit&quot;:&quot;&quot;,&quot;camera&quot;:&quot;&quot;,&quot;caption&quot;:&quot;&quot;,&quot;created_timestamp&quot;:&quot;0&quot;,&quot;copyright&quot;:&quot;&quot;,&quot;focal_length&quot;:&quot;0&quot;,&quot;iso&quot;:&quot;0&quot;,&quot;shutter_speed&quot;:&quot;0&quot;,&quot;title&quot;:&quot;Print&quot;,&quot;orientation&quot;:&quot;1&quot;}\" data-image-title=\"Instituto de Menores \u2013 Pelotas \u2013 RS\" data-image-description=\"&lt;p&gt;Instituto de Menores \u2013 Pelotas \u2013 RS&lt;\/p&gt;\n\" data-image-caption=\"&lt;p&gt;Instituto de Menores \u2013 Pelotas \u2013 RS&lt;\/p&gt;\n\" data-medium-file=\"https:\/\/i0.wp.com\/wp.ufpel.edu.br\/asphe25anos\/files\/2021\/05\/Foto-9.jpg?fit=400%2C244&amp;ssl=1\" data-large-file=\"https:\/\/i0.wp.com\/wp.ufpel.edu.br\/asphe25anos\/files\/2021\/05\/Foto-9.jpg?fit=720%2C439&amp;ssl=1\" \/><\/a>\n\t\t\t<\/dt>\n\t\t\t\t<dd class='wp-caption-text gallery-caption' id='gallery-1-161'>\n\t\t\t\tInstituto de Menores \u2013 Pelotas \u2013 RS\n\t\t\t\t<\/dd><\/dl><dl class='gallery-item'>\n\t\t\t<dt class='gallery-icon landscape'>\n\t\t\t\t<a href='https:\/\/wp.ufpel.edu.br\/asphe25anos\/home\/print-8\/#main'><img loading=\"lazy\" decoding=\"async\" width=\"200\" height=\"200\" src=\"https:\/\/i0.wp.com\/wp.ufpel.edu.br\/asphe25anos\/files\/2021\/05\/Foto-8.jpg?fit=200%2C200&amp;ssl=1\" class=\"attachment-thumbnail size-thumbnail\" alt=\"Gin\u00e1sio Santa Margarida \u2013 Pelotas \u2013 RS\" aria-describedby=\"gallery-1-160\" srcset=\"https:\/\/i0.wp.com\/wp.ufpel.edu.br\/asphe25anos\/files\/2021\/05\/Foto-8.jpg?resize=200%2C200&amp;ssl=1 200w, https:\/\/i0.wp.com\/wp.ufpel.edu.br\/asphe25anos\/files\/2021\/05\/Foto-8.jpg?zoom=2&amp;resize=200%2C200&amp;ssl=1 400w, https:\/\/i0.wp.com\/wp.ufpel.edu.br\/asphe25anos\/files\/2021\/05\/Foto-8.jpg?zoom=3&amp;resize=200%2C200&amp;ssl=1 600w\" sizes=\"auto, (max-width: 200px) 100vw, 200px\" data-attachment-id=\"160\" data-permalink=\"https:\/\/wp.ufpel.edu.br\/asphe25anos\/home\/print-8\/#main\" data-orig-file=\"https:\/\/i0.wp.com\/wp.ufpel.edu.br\/asphe25anos\/files\/2021\/05\/Foto-8.jpg?fit=1280%2C772&amp;ssl=1\" data-orig-size=\"1280,772\" data-comments-opened=\"0\" data-image-meta=\"{&quot;aperture&quot;:&quot;0&quot;,&quot;credit&quot;:&quot;&quot;,&quot;camera&quot;:&quot;&quot;,&quot;caption&quot;:&quot;&quot;,&quot;created_timestamp&quot;:&quot;0&quot;,&quot;copyright&quot;:&quot;&quot;,&quot;focal_length&quot;:&quot;0&quot;,&quot;iso&quot;:&quot;0&quot;,&quot;shutter_speed&quot;:&quot;0&quot;,&quot;title&quot;:&quot;Print&quot;,&quot;orientation&quot;:&quot;1&quot;}\" data-image-title=\"Gin\u00e1sio Santa Margarida \u2013 Pelotas \u2013 RS\" data-image-description=\"&lt;p&gt;Gin\u00e1sio Santa Margarida \u2013 Pelotas \u2013 RS&lt;\/p&gt;\n\" data-image-caption=\"&lt;p&gt;Gin\u00e1sio Santa Margarida \u2013 Pelotas \u2013 RS&lt;\/p&gt;\n\" data-medium-file=\"https:\/\/i0.wp.com\/wp.ufpel.edu.br\/asphe25anos\/files\/2021\/05\/Foto-8.jpg?fit=400%2C241&amp;ssl=1\" data-large-file=\"https:\/\/i0.wp.com\/wp.ufpel.edu.br\/asphe25anos\/files\/2021\/05\/Foto-8.jpg?fit=720%2C435&amp;ssl=1\" \/><\/a>\n\t\t\t<\/dt>\n\t\t\t\t<dd class='wp-caption-text gallery-caption' id='gallery-1-160'>\n\t\t\t\tGin\u00e1sio Santa Margarida \u2013 Pelotas \u2013 RS\n\t\t\t\t<\/dd><\/dl><dl class='gallery-item'>\n\t\t\t<dt class='gallery-icon landscape'>\n\t\t\t\t<a href='https:\/\/wp.ufpel.edu.br\/asphe25anos\/home\/print-7\/#main'><img loading=\"lazy\" decoding=\"async\" width=\"200\" height=\"200\" src=\"https:\/\/i0.wp.com\/wp.ufpel.edu.br\/asphe25anos\/files\/2021\/05\/Foto-7.jpg?fit=200%2C200&amp;ssl=1\" class=\"attachment-thumbnail size-thumbnail\" alt=\"Escola T\u00e9cnica Estadual do RS (Atual IFSUL) \u2013 Pelotas \u2013 RS\" aria-describedby=\"gallery-1-159\" srcset=\"https:\/\/i0.wp.com\/wp.ufpel.edu.br\/asphe25anos\/files\/2021\/05\/Foto-7.jpg?resize=200%2C200&amp;ssl=1 200w, https:\/\/i0.wp.com\/wp.ufpel.edu.br\/asphe25anos\/files\/2021\/05\/Foto-7.jpg?zoom=2&amp;resize=200%2C200&amp;ssl=1 400w, https:\/\/i0.wp.com\/wp.ufpel.edu.br\/asphe25anos\/files\/2021\/05\/Foto-7.jpg?zoom=3&amp;resize=200%2C200&amp;ssl=1 600w\" sizes=\"auto, (max-width: 200px) 100vw, 200px\" data-attachment-id=\"159\" data-permalink=\"https:\/\/wp.ufpel.edu.br\/asphe25anos\/home\/print-7\/#main\" data-orig-file=\"https:\/\/i0.wp.com\/wp.ufpel.edu.br\/asphe25anos\/files\/2021\/05\/Foto-7.jpg?fit=1280%2C764&amp;ssl=1\" data-orig-size=\"1280,764\" data-comments-opened=\"0\" data-image-meta=\"{&quot;aperture&quot;:&quot;0&quot;,&quot;credit&quot;:&quot;&quot;,&quot;camera&quot;:&quot;&quot;,&quot;caption&quot;:&quot;&quot;,&quot;created_timestamp&quot;:&quot;0&quot;,&quot;copyright&quot;:&quot;&quot;,&quot;focal_length&quot;:&quot;0&quot;,&quot;iso&quot;:&quot;0&quot;,&quot;shutter_speed&quot;:&quot;0&quot;,&quot;title&quot;:&quot;Print&quot;,&quot;orientation&quot;:&quot;1&quot;}\" data-image-title=\"Escola T\u00e9cnica Estadual do RS (Atual IFSUL) \u2013 Pelotas \u2013 RS\" data-image-description=\"&lt;p&gt;Escola T\u00e9cnica Estadual do RS (Atual IFSUL) \u2013 Pelotas \u2013 RS&lt;\/p&gt;\n\" data-image-caption=\"&lt;p&gt;Escola T\u00e9cnica Estadual do RS (Atual IFSUL) \u2013 Pelotas \u2013 RS&lt;\/p&gt;\n\" data-medium-file=\"https:\/\/i0.wp.com\/wp.ufpel.edu.br\/asphe25anos\/files\/2021\/05\/Foto-7.jpg?fit=400%2C239&amp;ssl=1\" data-large-file=\"https:\/\/i0.wp.com\/wp.ufpel.edu.br\/asphe25anos\/files\/2021\/05\/Foto-7.jpg?fit=720%2C430&amp;ssl=1\" \/><\/a>\n\t\t\t<\/dt>\n\t\t\t\t<dd class='wp-caption-text gallery-caption' id='gallery-1-159'>\n\t\t\t\tEscola T\u00e9cnica Estadual do RS (Atual IFSUL) \u2013 Pelotas \u2013 RS\n\t\t\t\t<\/dd><\/dl><dl class='gallery-item'>\n\t\t\t<dt class='gallery-icon landscape'>\n\t\t\t\t<a href='https:\/\/wp.ufpel.edu.br\/asphe25anos\/home\/print-6\/#main'><img loading=\"lazy\" decoding=\"async\" width=\"200\" height=\"200\" src=\"https:\/\/i0.wp.com\/wp.ufpel.edu.br\/asphe25anos\/files\/2021\/05\/Foto-6.jpg?fit=200%2C200&amp;ssl=1\" class=\"attachment-thumbnail size-thumbnail\" alt=\"Escola Dr. Joaquim Assump\u00e7\u00e3o \u2013 Pelotas \u2013 RS\" aria-describedby=\"gallery-1-158\" srcset=\"https:\/\/i0.wp.com\/wp.ufpel.edu.br\/asphe25anos\/files\/2021\/05\/Foto-6.jpg?resize=200%2C200&amp;ssl=1 200w, https:\/\/i0.wp.com\/wp.ufpel.edu.br\/asphe25anos\/files\/2021\/05\/Foto-6.jpg?zoom=2&amp;resize=200%2C200&amp;ssl=1 400w, https:\/\/i0.wp.com\/wp.ufpel.edu.br\/asphe25anos\/files\/2021\/05\/Foto-6.jpg?zoom=3&amp;resize=200%2C200&amp;ssl=1 600w\" sizes=\"auto, (max-width: 200px) 100vw, 200px\" data-attachment-id=\"158\" data-permalink=\"https:\/\/wp.ufpel.edu.br\/asphe25anos\/home\/print-6\/#main\" data-orig-file=\"https:\/\/i0.wp.com\/wp.ufpel.edu.br\/asphe25anos\/files\/2021\/05\/Foto-6.jpg?fit=1272%2C747&amp;ssl=1\" data-orig-size=\"1272,747\" data-comments-opened=\"0\" data-image-meta=\"{&quot;aperture&quot;:&quot;0&quot;,&quot;credit&quot;:&quot;&quot;,&quot;camera&quot;:&quot;&quot;,&quot;caption&quot;:&quot;&quot;,&quot;created_timestamp&quot;:&quot;0&quot;,&quot;copyright&quot;:&quot;&quot;,&quot;focal_length&quot;:&quot;0&quot;,&quot;iso&quot;:&quot;0&quot;,&quot;shutter_speed&quot;:&quot;0&quot;,&quot;title&quot;:&quot;Print&quot;,&quot;orientation&quot;:&quot;1&quot;}\" data-image-title=\"Escola Dr. Joaquim Assump\u00e7\u00e3o \u2013 Pelotas \u2013 RS\" data-image-description=\"&lt;p&gt;Escola Dr. Joaquim Assump\u00e7\u00e3o \u2013 Pelotas \u2013 RS&lt;\/p&gt;\n\" data-image-caption=\"&lt;p&gt;Escola Dr. Joaquim Assump\u00e7\u00e3o \u2013 Pelotas \u2013 RS&lt;\/p&gt;\n\" data-medium-file=\"https:\/\/i0.wp.com\/wp.ufpel.edu.br\/asphe25anos\/files\/2021\/05\/Foto-6.jpg?fit=400%2C235&amp;ssl=1\" data-large-file=\"https:\/\/i0.wp.com\/wp.ufpel.edu.br\/asphe25anos\/files\/2021\/05\/Foto-6.jpg?fit=720%2C423&amp;ssl=1\" \/><\/a>\n\t\t\t<\/dt>\n\t\t\t\t<dd class='wp-caption-text gallery-caption' id='gallery-1-158'>\n\t\t\t\tEscola Dr. Joaquim Assump\u00e7\u00e3o \u2013 Pelotas \u2013 RS\n\t\t\t\t<\/dd><\/dl><br style=\"clear: both\" \/><dl class='gallery-item'>\n\t\t\t<dt class='gallery-icon landscape'>\n\t\t\t\t<a href='https:\/\/wp.ufpel.edu.br\/asphe25anos\/home\/print-4\/#main'><img loading=\"lazy\" decoding=\"async\" width=\"200\" height=\"200\" src=\"https:\/\/i0.wp.com\/wp.ufpel.edu.br\/asphe25anos\/files\/2021\/05\/Foto-4.jpg?fit=200%2C200&amp;ssl=1\" class=\"attachment-thumbnail size-thumbnail\" alt=\"Col\u00e9gio S\u00e3o Jos\u00e9 \u2013 Pelotas \u2013 RS\" aria-describedby=\"gallery-1-156\" srcset=\"https:\/\/i0.wp.com\/wp.ufpel.edu.br\/asphe25anos\/files\/2021\/05\/Foto-4.jpg?resize=200%2C200&amp;ssl=1 200w, https:\/\/i0.wp.com\/wp.ufpel.edu.br\/asphe25anos\/files\/2021\/05\/Foto-4.jpg?zoom=2&amp;resize=200%2C200&amp;ssl=1 400w, https:\/\/i0.wp.com\/wp.ufpel.edu.br\/asphe25anos\/files\/2021\/05\/Foto-4.jpg?zoom=3&amp;resize=200%2C200&amp;ssl=1 600w\" sizes=\"auto, (max-width: 200px) 100vw, 200px\" data-attachment-id=\"156\" data-permalink=\"https:\/\/wp.ufpel.edu.br\/asphe25anos\/home\/print-4\/#main\" data-orig-file=\"https:\/\/i0.wp.com\/wp.ufpel.edu.br\/asphe25anos\/files\/2021\/05\/Foto-4.jpg?fit=1280%2C816&amp;ssl=1\" data-orig-size=\"1280,816\" data-comments-opened=\"0\" data-image-meta=\"{&quot;aperture&quot;:&quot;0&quot;,&quot;credit&quot;:&quot;&quot;,&quot;camera&quot;:&quot;&quot;,&quot;caption&quot;:&quot;&quot;,&quot;created_timestamp&quot;:&quot;0&quot;,&quot;copyright&quot;:&quot;&quot;,&quot;focal_length&quot;:&quot;0&quot;,&quot;iso&quot;:&quot;0&quot;,&quot;shutter_speed&quot;:&quot;0&quot;,&quot;title&quot;:&quot;Print&quot;,&quot;orientation&quot;:&quot;1&quot;}\" data-image-title=\"Col\u00e9gio S\u00e3o Jos\u00e9 \u2013 Pelotas \u2013 RS\" data-image-description=\"&lt;p&gt;Col\u00e9gio S\u00e3o Jos\u00e9 \u2013 Pelotas \u2013 RS&lt;\/p&gt;\n\" data-image-caption=\"&lt;p&gt;Col\u00e9gio S\u00e3o Jos\u00e9 \u2013 Pelotas \u2013 RS&lt;\/p&gt;\n\" data-medium-file=\"https:\/\/i0.wp.com\/wp.ufpel.edu.br\/asphe25anos\/files\/2021\/05\/Foto-4.jpg?fit=400%2C255&amp;ssl=1\" data-large-file=\"https:\/\/i0.wp.com\/wp.ufpel.edu.br\/asphe25anos\/files\/2021\/05\/Foto-4.jpg?fit=720%2C459&amp;ssl=1\" \/><\/a>\n\t\t\t<\/dt>\n\t\t\t\t<dd class='wp-caption-text gallery-caption' id='gallery-1-156'>\n\t\t\t\tCol\u00e9gio S\u00e3o Jos\u00e9 \u2013 Pelotas \u2013 RS\n\t\t\t\t<\/dd><\/dl><dl class='gallery-item'>\n\t\t\t<dt class='gallery-icon landscape'>\n\t\t\t\t<a href='https:\/\/wp.ufpel.edu.br\/asphe25anos\/home\/print-2\/#main'><img loading=\"lazy\" decoding=\"async\" width=\"200\" height=\"200\" src=\"https:\/\/i0.wp.com\/wp.ufpel.edu.br\/asphe25anos\/files\/2021\/05\/Foto-2.jpg?fit=200%2C200&amp;ssl=1\" class=\"attachment-thumbnail size-thumbnail\" alt=\"Gin\u00e1sio Gonzaga \u2013 Pelotas \u2013 RS\" aria-describedby=\"gallery-1-154\" srcset=\"https:\/\/i0.wp.com\/wp.ufpel.edu.br\/asphe25anos\/files\/2021\/05\/Foto-2.jpg?resize=200%2C200&amp;ssl=1 200w, https:\/\/i0.wp.com\/wp.ufpel.edu.br\/asphe25anos\/files\/2021\/05\/Foto-2.jpg?zoom=2&amp;resize=200%2C200&amp;ssl=1 400w, https:\/\/i0.wp.com\/wp.ufpel.edu.br\/asphe25anos\/files\/2021\/05\/Foto-2.jpg?zoom=3&amp;resize=200%2C200&amp;ssl=1 600w\" sizes=\"auto, (max-width: 200px) 100vw, 200px\" data-attachment-id=\"154\" data-permalink=\"https:\/\/wp.ufpel.edu.br\/asphe25anos\/home\/print-2\/#main\" data-orig-file=\"https:\/\/i0.wp.com\/wp.ufpel.edu.br\/asphe25anos\/files\/2021\/05\/Foto-2.jpg?fit=1280%2C783&amp;ssl=1\" data-orig-size=\"1280,783\" data-comments-opened=\"0\" data-image-meta=\"{&quot;aperture&quot;:&quot;0&quot;,&quot;credit&quot;:&quot;&quot;,&quot;camera&quot;:&quot;&quot;,&quot;caption&quot;:&quot;&quot;,&quot;created_timestamp&quot;:&quot;0&quot;,&quot;copyright&quot;:&quot;&quot;,&quot;focal_length&quot;:&quot;0&quot;,&quot;iso&quot;:&quot;0&quot;,&quot;shutter_speed&quot;:&quot;0&quot;,&quot;title&quot;:&quot;Print&quot;,&quot;orientation&quot;:&quot;1&quot;}\" data-image-title=\"Gin\u00e1sio Gonzaga \u2013 Pelotas \u2013 RS\" data-image-description=\"&lt;p&gt;Gin\u00e1sio Gonzaga \u2013 Pelotas \u2013 RS&lt;\/p&gt;\n\" data-image-caption=\"&lt;p&gt;Gin\u00e1sio Gonzaga \u2013 Pelotas \u2013 RS&lt;\/p&gt;\n\" data-medium-file=\"https:\/\/i0.wp.com\/wp.ufpel.edu.br\/asphe25anos\/files\/2021\/05\/Foto-2.jpg?fit=400%2C245&amp;ssl=1\" data-large-file=\"https:\/\/i0.wp.com\/wp.ufpel.edu.br\/asphe25anos\/files\/2021\/05\/Foto-2.jpg?fit=720%2C440&amp;ssl=1\" \/><\/a>\n\t\t\t<\/dt>\n\t\t\t\t<dd class='wp-caption-text gallery-caption' id='gallery-1-154'>\n\t\t\t\tGin\u00e1sio Gonzaga \u2013 Pelotas \u2013 RS\n\t\t\t\t<\/dd><\/dl>\n\t\t\t<br style='clear: both' \/>\n\t\t<\/div>\n\n","protected":false},"excerpt":{"rendered":"","protected":false},"author":928,"featured_media":0,"parent":0,"menu_order":0,"comment_status":"closed","ping_status":"closed","template":"","meta":{"footnotes":""},"class_list":["post-481","page","type-page","status-publish","hentry","post"],"jetpack_sharing_enabled":true,"_links":{"self":[{"href":"https:\/\/wp.ufpel.edu.br\/asphe25anos\/wp-json\/wp\/v2\/pages\/481","targetHints":{"allow":["GET"]}}],"collection":[{"href":"https:\/\/wp.ufpel.edu.br\/asphe25anos\/wp-json\/wp\/v2\/pages"}],"about":[{"href":"https:\/\/wp.ufpel.edu.br\/asphe25anos\/wp-json\/wp\/v2\/types\/page"}],"author":[{"embeddable":true,"href":"https:\/\/wp.ufpel.edu.br\/asphe25anos\/wp-json\/wp\/v2\/users\/928"}],"replies":[{"embeddable":true,"href":"https:\/\/wp.ufpel.edu.br\/asphe25anos\/wp-json\/wp\/v2\/comments?post=481"}],"version-history":[{"count":6,"href":"https:\/\/wp.ufpel.edu.br\/asphe25anos\/wp-json\/wp\/v2\/pages\/481\/revisions"}],"predecessor-version":[{"id":489,"href":"https:\/\/wp.ufpel.edu.br\/asphe25anos\/wp-json\/wp\/v2\/pages\/481\/revisions\/489"}],"wp:attachment":[{"href":"https:\/\/wp.ufpel.edu.br\/asphe25anos\/wp-json\/wp\/v2\/media?parent=481"}],"curies":[{"name":"wp","href":"https:\/\/api.w.org\/{rel}","templated":true}]}}