{"id":44,"date":"2021-05-19T20:08:44","date_gmt":"2021-05-19T23:08:44","guid":{"rendered":"https:\/\/wp.ufpel.edu.br\/asphe25anos\/?page_id=44"},"modified":"2021-08-23T22:24:12","modified_gmt":"2021-08-24T01:24:12","slug":"juntos-somos-asphe","status":"publish","type":"page","link":"https:\/\/wp.ufpel.edu.br\/asphe25anos\/programacao\/juntos-somos-asphe\/","title":{"rendered":"Juntos Somos ASPHE"},"content":{"rendered":"<p>Para celebrar os 25 anos da Asphe e os 26 Encontros realizados at\u00e9 aqui, criamos a campanha \u201c<strong>Juntos somos Asphe<\/strong>\u201d, para que voc\u00eas participem dessas comemora\u00e7\u00f5es conosco.<\/p>\n<p>Devido \u00e0 pandemia de Covid-19 e aos protocolos de sa\u00fade necess\u00e1rios, nesse per\u00edodo de exce\u00e7\u00e3o que estamos passando, este ano n\u00e3o poderemos nos reencontrar e comemorar fisicamente como pretend\u00edamos mas, ent\u00e3o, vamos rememorar muitas de nossas hist\u00f3rias junto \u00e0 Asphe, virtualmente.<\/p>\n<p>Postem em suas redes sociais &#8211; Facebook e Instagram, fotografias e relatos com lembran\u00e7as relacionadas \u00e0 Asphe e aos encontros durante todos esses anos, e escrevam <strong><span style=\"color: #c82026\">#juntossomosasphe<\/span><\/strong> na publica\u00e7\u00e3o. Assim voc\u00eas ajudam a construir um mural coletivo, formado aos poucos e por todos. Contamos com a sua participa\u00e7\u00e3o!<\/p>\n<p>Voc\u00eas tamb\u00e9m podem se engajar nessa campanha enviando fotografias e relatos pelo e-mail <a href=\"mailto:26asphe@gmail.com\" target=\"_blank\" rel=\"noopener noreferrer\"><strong>26asphe@gmail.com<\/strong><\/a>, se assim preferirem ou caso n\u00e3o tenham redes sociais. No t\u00edtulo do e-mail deve constar: <strong>Juntos somos Asphe<\/strong>. Esses arquivos ser\u00e3o aproveitados para o mural coletivo e online!<br \/>\nVoc\u00eas tamb\u00e9m fazem parte dessa hist\u00f3ria! Juntos somos Asphe!<\/p>\n<p><span style=\"color: #c82026\"><strong>Mural Coletivo<\/strong><\/span><\/p>\n<p>Vejam como est\u00e1 ficando o mural coletivo e virtual da campanha \u201cJuntos somos Asphe\u201d, atrav\u00e9s da marca\u00e7\u00e3o de <strong><span style=\"color: #c82026\">#juntossomosasphe<\/span><\/strong>, nas redes sociais:<\/p>\n<ul>\n<li><a href=\"https:\/\/www.facebook.com\/hashtag\/juntossomosasphe\" target=\"_blank\" rel=\"noopener noreferrer\"><strong>#juntossomosasphe no Facebook<\/strong><\/a><br \/>\n<a href=\"https:\/\/www.instagram.com\/explore\/tags\/juntossomosasphe\/\" target=\"_blank\" rel=\"noopener noreferrer\"><strong>#juntossomosasphe no Instagram<\/strong><\/a><\/li>\n<\/ul>\n","protected":false},"excerpt":{"rendered":"<p> [&hellip;]<\/p>\n","protected":false},"author":928,"featured_media":0,"parent":28,"menu_order":0,"comment_status":"closed","ping_status":"closed","template":"","meta":{"footnotes":""},"class_list":["post-44","page","type-page","status-publish","hentry","post"],"jetpack_sharing_enabled":true,"_links":{"self":[{"href":"https:\/\/wp.ufpel.edu.br\/asphe25anos\/wp-json\/wp\/v2\/pages\/44","targetHints":{"allow":["GET"]}}],"collection":[{"href":"https:\/\/wp.ufpel.edu.br\/asphe25anos\/wp-json\/wp\/v2\/pages"}],"about":[{"href":"https:\/\/wp.ufpel.edu.br\/asphe25anos\/wp-json\/wp\/v2\/types\/page"}],"author":[{"embeddable":true,"href":"https:\/\/wp.ufpel.edu.br\/asphe25anos\/wp-json\/wp\/v2\/users\/928"}],"replies":[{"embeddable":true,"href":"https:\/\/wp.ufpel.edu.br\/asphe25anos\/wp-json\/wp\/v2\/comments?post=44"}],"version-history":[{"count":5,"href":"https:\/\/wp.ufpel.edu.br\/asphe25anos\/wp-json\/wp\/v2\/pages\/44\/revisions"}],"predecessor-version":[{"id":623,"href":"https:\/\/wp.ufpel.edu.br\/asphe25anos\/wp-json\/wp\/v2\/pages\/44\/revisions\/623"}],"up":[{"embeddable":true,"href":"https:\/\/wp.ufpel.edu.br\/asphe25anos\/wp-json\/wp\/v2\/pages\/28"}],"wp:attachment":[{"href":"https:\/\/wp.ufpel.edu.br\/asphe25anos\/wp-json\/wp\/v2\/media?parent=44"}],"curies":[{"name":"wp","href":"https:\/\/api.w.org\/{rel}","templated":true}]}}