{"id":41,"date":"2021-05-19T20:08:32","date_gmt":"2021-05-19T23:08:32","guid":{"rendered":"https:\/\/wp.ufpel.edu.br\/asphe25anos\/?page_id=41"},"modified":"2022-05-06T20:00:47","modified_gmt":"2022-05-06T23:00:47","slug":"anais","status":"publish","type":"page","link":"https:\/\/wp.ufpel.edu.br\/asphe25anos\/anais\/","title":{"rendered":"Anais"},"content":{"rendered":"<h3><strong><span style=\"color: #c82026;\">ENCONTRO DE 2021<\/span><\/strong><\/h3>\n<p>O 26\u00ba Encontro da Asphe &#8211; 2021 conta com a publica\u00e7\u00e3o de um <strong>Caderno de Resumos<\/strong> e dos <strong>Anais <\/strong>do evento.<\/p>\n<p>&nbsp;<\/p>\n<ul>\n<li><span style=\"color: #c82026;\"><strong>CADERNO DE RESUMOS <\/strong><\/span><\/li>\n<\/ul>\n<p style=\"padding-left: 40px;\"><a href=\"https:\/\/wp.ufpel.edu.br\/asphe25anos\/files\/2021\/10\/Caderno-de-Resumos-26-Encontro-ASPHE-2021.pdf\" target=\"_blank\" rel=\"noopener\">Clique aqui para conferir o Caderno de Resumos do 26\u00ba Encontro da Asphe<\/a><\/p>\n<p>&nbsp;<\/p>\n<ul>\n<li><span style=\"color: #c82026;\"><strong>ANAIS<\/strong><\/span><\/li>\n<\/ul>\n<p style=\"padding-left: 40px;\"><a href=\"https:\/\/wp.ufpel.edu.br\/asphe25anos\/files\/2022\/05\/Anais-26-Encontro-Asphe-2021.pdf\" target=\"_blank\" rel=\"noopener\">Clique aqui para conferir os Anais do 26\u00ba Encontro da Asphe<\/a><\/p>\n<p>&nbsp;<\/p>\n<p>Posteriormente, essas publica\u00e7\u00f5es ser\u00e3o disponibilizadas tamb\u00e9m no <span style=\"color: #c82026;\"><a style=\"color: #c82026;\" href=\"http:\/\/sistemas.bage.unipampa.edu.br\/tatu\/index.php\/asphe-anais-encontros\/\" target=\"_blank\" rel=\"noopener noreferrer\"><strong>Reposit\u00f3rio digital Tatu \u2013 Unipampa<\/strong><\/a> <span style=\"color: #000000;\">, no qual constam outros Anais de Encontros da Asphe.<\/span><\/span><\/p>\n<p>&nbsp;<\/p>\n<hr \/>\n<h3><strong><span style=\"color: #c82026;\">ENCONTROS ANTERIORES<\/span><\/strong><\/h3>\n<p>Para consultar os Anais dos encontros anteriores da Asphe, acesse o <span style=\"color: #c82026;\"><a style=\"color: #c82026;\" href=\"http:\/\/sistemas.bage.unipampa.edu.br\/tatu\/index.php\/asphe-anais-encontros\/\" target=\"_blank\" rel=\"noopener noreferrer\"><strong>Reposit\u00f3rio digital Tatu \u2013 Unipampa<\/strong><\/a> <span style=\"color: #000000;\">.<\/span><\/span><\/p>\n","protected":false},"excerpt":{"rendered":"<p> [&hellip;]<\/p>\n","protected":false},"author":928,"featured_media":0,"parent":0,"menu_order":0,"comment_status":"closed","ping_status":"closed","template":"","meta":{"footnotes":""},"class_list":["post-41","page","type-page","status-publish","hentry","post"],"jetpack_sharing_enabled":true,"_links":{"self":[{"href":"https:\/\/wp.ufpel.edu.br\/asphe25anos\/wp-json\/wp\/v2\/pages\/41","targetHints":{"allow":["GET"]}}],"collection":[{"href":"https:\/\/wp.ufpel.edu.br\/asphe25anos\/wp-json\/wp\/v2\/pages"}],"about":[{"href":"https:\/\/wp.ufpel.edu.br\/asphe25anos\/wp-json\/wp\/v2\/types\/page"}],"author":[{"embeddable":true,"href":"https:\/\/wp.ufpel.edu.br\/asphe25anos\/wp-json\/wp\/v2\/users\/928"}],"replies":[{"embeddable":true,"href":"https:\/\/wp.ufpel.edu.br\/asphe25anos\/wp-json\/wp\/v2\/comments?post=41"}],"version-history":[{"count":26,"href":"https:\/\/wp.ufpel.edu.br\/asphe25anos\/wp-json\/wp\/v2\/pages\/41\/revisions"}],"predecessor-version":[{"id":781,"href":"https:\/\/wp.ufpel.edu.br\/asphe25anos\/wp-json\/wp\/v2\/pages\/41\/revisions\/781"}],"wp:attachment":[{"href":"https:\/\/wp.ufpel.edu.br\/asphe25anos\/wp-json\/wp\/v2\/media?parent=41"}],"curies":[{"name":"wp","href":"https:\/\/api.w.org\/{rel}","templated":true}]}}