{"id":38,"date":"2021-05-19T20:08:22","date_gmt":"2021-05-19T23:08:22","guid":{"rendered":"https:\/\/wp.ufpel.edu.br\/asphe25anos\/?page_id=38"},"modified":"2021-05-28T14:52:03","modified_gmt":"2021-05-28T17:52:03","slug":"fale","status":"publish","type":"page","link":"https:\/\/wp.ufpel.edu.br\/asphe25anos\/contato\/fale\/","title":{"rendered":"Fale Conosco"},"content":{"rendered":"<div id=\"pl-38\"  class=\"panel-layout\" ><div id=\"pg-38-0\"  class=\"panel-grid panel-no-style\" ><div id=\"pgc-38-0-0\"  class=\"panel-grid-cell\" ><div id=\"panel-38-0-0-0\" class=\"so-panel widget widget_sow-editor panel-first-child panel-last-child\" data-index=\"0\" ><div\n\t\t\t\n\t\t\tclass=\"so-widget-sow-editor so-widget-sow-editor-base\"\n\t\t\t\n\t\t>\n<div class=\"siteorigin-widget-tinymce textwidget\">\n\t<h3><span style=\"color: #c82026\">D\u00favidas Frequentes<\/span><\/h3>\n<p>Antes de enviar um e-mail, verifique se a sua d\u00favida j\u00e1 est\u00e1 respondida em nossa p\u00e1gina de <a href=\"https:\/\/wp.ufpel.edu.br\/asphe25anos\/contato\/faq\/\"><span style=\"color: #c82026\"><strong>D\u00favidas Frequentes<\/strong><\/span><\/a>.<\/p>\n<p>&nbsp;<\/p>\n<h5><span style=\"color: #c82026\">Redes sociais do 26\u00ba Encontro da Asphe<\/span><\/h5>\n<p><a href=\"http:\/\/facebook.com\/asphe.rs\" target=\"_blank\" rel=\"noopener\">Facebook<\/a>\u00a0 |\u00a0 <a href=\"http:\/\/instagram.com\/asphe.rs\" target=\"_blank\" rel=\"noopener\">Instagram<\/a><\/p>\n<p>&nbsp;<\/p>\n<h5><span style=\"color: #c82026\">Fale com a Asphe<\/span><\/h5>\n<p>Para informa\u00e7\u00f5es n\u00e3o relacionadas ao 26\u00ba Encontro, utilize os canais de contato da Asphe:<br \/>\nSite: <a href=\"https:\/\/asphers.wordpress.com\/\" target=\"_blank\" rel=\"noopener\">https:\/\/asphers.wordpress.com\/<\/a><br \/>\nE-mail: <a href=\"mailto:aspheers@gmail.com\" target=\"_blank\" rel=\"noopener\">aspheers@gmail.com<\/a><\/p>\n<\/div>\n<\/div><\/div><\/div><div id=\"pgc-38-0-1\"  class=\"panel-grid-cell\" ><div class=\"panel-cell-style panel-cell-style-for-38-0-1\" ><div id=\"panel-38-0-1-0\" class=\"so-panel widget widget_sow-editor panel-first-child panel-last-child\" data-index=\"1\" ><div\n\t\t\t\n\t\t\tclass=\"so-widget-sow-editor so-widget-sow-editor-base\"\n\t\t\t\n\t\t>\n<div class=\"siteorigin-widget-tinymce textwidget\">\n\t<h3><span style=\"color: #c82026\">Enviar Mensagem<\/span><\/h3>\n<p>Utilize o formul\u00e1rio abaixo ou envie um e-mail para: <a href=\"mailto:26asphe@gmail.com\" target=\"_blank\" rel=\"noopener\">26asphe@gmail.com<\/a><\/p>\n\n<div class=\"wpcf7 no-js\" id=\"wpcf7-f348-o1\" lang=\"pt-BR\" dir=\"ltr\" data-wpcf7-id=\"348\">\n<div class=\"screen-reader-response\"><p role=\"status\" aria-live=\"polite\" aria-atomic=\"true\"><\/p> <ul><\/ul><\/div>\n<form action=\"\/asphe25anos\/wp-json\/wp\/v2\/pages\/38#wpcf7-f348-o1\" method=\"post\" class=\"wpcf7-form init\" aria-label=\"Formul\u00e1rios de contato\" novalidate=\"novalidate\" data-status=\"init\">\n<fieldset class=\"hidden-fields-container\"><input type=\"hidden\" name=\"_wpcf7\" value=\"348\" \/><input type=\"hidden\" name=\"_wpcf7_version\" value=\"6.1.4\" \/><input type=\"hidden\" name=\"_wpcf7_locale\" value=\"pt_BR\" \/><input type=\"hidden\" name=\"_wpcf7_unit_tag\" value=\"wpcf7-f348-o1\" \/><input type=\"hidden\" name=\"_wpcf7_container_post\" value=\"0\" \/><input type=\"hidden\" name=\"_wpcf7_posted_data_hash\" value=\"\" \/><input type=\"hidden\" name=\"_wpcf7cf_hidden_group_fields\" value=\"[]\" \/><input type=\"hidden\" name=\"_wpcf7cf_hidden_groups\" value=\"[]\" \/><input type=\"hidden\" name=\"_wpcf7cf_visible_groups\" value=\"[]\" \/><input type=\"hidden\" name=\"_wpcf7cf_repeaters\" value=\"[]\" \/><input type=\"hidden\" name=\"_wpcf7cf_steps\" value=\"{}\" \/><input type=\"hidden\" name=\"_wpcf7cf_options\" value=\"{&quot;form_id&quot;:348,&quot;conditions&quot;:[],&quot;settings&quot;:{&quot;animation&quot;:&quot;yes&quot;,&quot;animation_intime&quot;:200,&quot;animation_outtime&quot;:200,&quot;conditions_ui&quot;:&quot;normal&quot;,&quot;notice_dismissed&quot;:false}}\" \/>\n<\/fieldset>\n<p><label> Seu nome (obrigat\u00f3rio)<br \/>\n<span class=\"wpcf7-form-control-wrap\" data-name=\"nome\"><input size=\"40\" maxlength=\"400\" class=\"wpcf7-form-control wpcf7-text wpcf7-validates-as-required\" aria-required=\"true\" aria-invalid=\"false\" value=\"\" type=\"text\" name=\"nome\" \/><\/span> <\/label>\n<\/p>\n<p><label> Seu e-mail (obrigat\u00f3rio)<br \/>\n<span class=\"wpcf7-form-control-wrap\" data-name=\"email\"><input size=\"40\" maxlength=\"400\" class=\"wpcf7-form-control wpcf7-email wpcf7-validates-as-required wpcf7-text wpcf7-validates-as-email\" aria-required=\"true\" aria-invalid=\"false\" value=\"\" type=\"email\" name=\"email\" \/><\/span> <\/label>\n<\/p>\n<p><label> Assunto<br \/>\n<span class=\"wpcf7-form-control-wrap\" data-name=\"assunto\"><input size=\"40\" maxlength=\"400\" class=\"wpcf7-form-control wpcf7-text wpcf7-validates-as-required\" aria-required=\"true\" aria-invalid=\"false\" value=\"\" type=\"text\" name=\"assunto\" \/><\/span> <\/label>\n<\/p>\n<p><label> Sua mensagem<br \/>\n<span class=\"wpcf7-form-control-wrap\" data-name=\"msg\"><textarea cols=\"40\" rows=\"10\" maxlength=\"2000\" class=\"wpcf7-form-control wpcf7-textarea\" aria-invalid=\"false\" name=\"msg\"><\/textarea><\/span> <\/label>\n<\/p>\n<p><input class=\"wpcf7-form-control wpcf7-submit has-spinner\" type=\"submit\" value=\"Enviar\" \/>\n<\/p><p style=\"display: none !important;\" class=\"akismet-fields-container\" data-prefix=\"_wpcf7_ak_\"><label>&#916;<textarea name=\"_wpcf7_ak_hp_textarea\" cols=\"45\" rows=\"8\" maxlength=\"100\"><\/textarea><\/label><input type=\"hidden\" id=\"ak_js_1\" name=\"_wpcf7_ak_js\" value=\"213\"\/><script>document.getElementById( \"ak_js_1\" ).setAttribute( \"value\", ( new Date() ).getTime() );<\/script><\/p><div class=\"wpcf7-response-output\" aria-hidden=\"true\"><\/div>\n<\/form>\n<\/div>\n\n<\/div>\n<\/div><\/div><\/div><\/div><\/div><\/div>","protected":false},"excerpt":{"rendered":"<p> [&hellip;]<\/p>\n","protected":false},"author":928,"featured_media":0,"parent":336,"menu_order":0,"comment_status":"closed","ping_status":"closed","template":"","meta":{"footnotes":""},"class_list":["post-38","page","type-page","status-publish","hentry","post"],"jetpack_sharing_enabled":true,"_links":{"self":[{"href":"https:\/\/wp.ufpel.edu.br\/asphe25anos\/wp-json\/wp\/v2\/pages\/38","targetHints":{"allow":["GET"]}}],"collection":[{"href":"https:\/\/wp.ufpel.edu.br\/asphe25anos\/wp-json\/wp\/v2\/pages"}],"about":[{"href":"https:\/\/wp.ufpel.edu.br\/asphe25anos\/wp-json\/wp\/v2\/types\/page"}],"author":[{"embeddable":true,"href":"https:\/\/wp.ufpel.edu.br\/asphe25anos\/wp-json\/wp\/v2\/users\/928"}],"replies":[{"embeddable":true,"href":"https:\/\/wp.ufpel.edu.br\/asphe25anos\/wp-json\/wp\/v2\/comments?post=38"}],"version-history":[{"count":22,"href":"https:\/\/wp.ufpel.edu.br\/asphe25anos\/wp-json\/wp\/v2\/pages\/38\/revisions"}],"predecessor-version":[{"id":783,"href":"https:\/\/wp.ufpel.edu.br\/asphe25anos\/wp-json\/wp\/v2\/pages\/38\/revisions\/783"}],"up":[{"embeddable":true,"href":"https:\/\/wp.ufpel.edu.br\/asphe25anos\/wp-json\/wp\/v2\/pages\/336"}],"wp:attachment":[{"href":"https:\/\/wp.ufpel.edu.br\/asphe25anos\/wp-json\/wp\/v2\/media?parent=38"}],"curies":[{"name":"wp","href":"https:\/\/api.w.org\/{rel}","templated":true}]}}