{"id":34,"date":"2021-05-19T20:07:25","date_gmt":"2021-05-19T23:07:25","guid":{"rendered":"https:\/\/wp.ufpel.edu.br\/asphe25anos\/?page_id=34"},"modified":"2021-10-07T17:51:41","modified_gmt":"2021-10-07T20:51:41","slug":"organizacao","status":"publish","type":"page","link":"https:\/\/wp.ufpel.edu.br\/asphe25anos\/apresentacao\/organizacao\/","title":{"rendered":"Organiza\u00e7\u00e3o"},"content":{"rendered":"<div id=\"pl-34\"  class=\"panel-layout\" ><div id=\"pg-34-0\"  class=\"panel-grid panel-no-style\" ><div id=\"pgc-34-0-0\"  class=\"panel-grid-cell\" ><div id=\"panel-34-0-0-0\" class=\"so-panel widget widget_sow-accordion panel-first-child panel-last-child\" data-index=\"0\" ><div\n\t\t\t\n\t\t\tclass=\"so-widget-sow-accordion so-widget-sow-accordion-default-99be652ed941-34\"\n\t\t\t\n\t\t><div>\n\t<div class=\"sow-accordion\">\n\t\t\t<div class=\"sow-accordion-panel\n\t\t\t\t\"\n\t\t\tdata-anchor-id=\"comissao-organizadora\">\n\t\t\t\t<div class=\"sow-accordion-panel-header-container\" role=\"heading\" aria-level=\"2\">\n\t\t\t\t\t<div class=\"sow-accordion-panel-header\" tabindex=\"0\" role=\"button\" id=\"accordion-label-comiss%c3%a3o-organizadora\" aria-controls=\"accordion-content-comiss%c3%a3o-organizadora\" aria-expanded=\"false\">\n\t\t\t\t\t\t<div class=\"sow-accordion-title sow-accordion-title-icon-left\">\n\t\t\t\t\t\t\t\t\t\t\t\t\t\tComiss\u00e3o Organizadora\t\t\t\t\t\t\t\t\t\t\t\t\t<\/div>\n\t\t\t\t\t\t<div class=\"sow-accordion-open-close-button\">\n\t\t\t\t\t\t\t<div class=\"sow-accordion-open-button\">\n\t\t\t\t\t\t\t\t<span class=\"sow-icon-ionicons\" data-sow-icon=\"&#xf218;\"\n\t\t \n\t\taria-hidden=\"true\"><\/span>\t\t\t\t\t\t\t<\/div>\n\t\t\t\t\t\t\t<div class=\"sow-accordion-close-button\">\n\t\t\t\t\t\t\t\t<span class=\"sow-icon-ionicons\" data-sow-icon=\"&#xf209;\"\n\t\t \n\t\taria-hidden=\"true\"><\/span>\t\t\t\t\t\t\t<\/div>\n\t\t\t\t\t\t<\/div>\n\t\t\t\t\t<\/div>\n\t\t\t\t<\/div>\n\n\t\t\t<div\n\t\t\t\tclass=\"sow-accordion-panel-content\"\n\t\t\t\trole=\"region\"\n\t\t\t\taria-labelledby=\"accordion-label-comiss%c3%a3o-organizadora\"\n\t\t\t\tid=\"accordion-content-comiss%c3%a3o-organizadora\"\n\t\t\t\tstyle=\"display: none;\"\t\t\t>\n\t\t\t\t<div class=\"sow-accordion-panel-border\">\n\t\t\t\t\t<p><strong>Coordena\u00e7\u00e3o Geral\u00a0<\/strong><br \/>\nPatr\u00edcia Weiduschadt (UFPel)<br \/>\nVania Grim Thies (UFPel)<\/p>\n<p><strong>Comiss\u00e3o Organizadora\u00a0<\/strong><br \/>\nChris de Azevedo Ramil (UFPel)<br \/>\nDiogo Franco Rios (UFPel)<br \/>\nElomar Callegaro Tambara (UFPel)<br \/>\nEduardo Arriada (UFPel)<br \/>\nFernando Ripe (UFPel)<br \/>\nGiana Lange do Amaral (UFPel)<br \/>\nLisiane Sias Manke (UFPel)<\/p>\n<p><strong>Apoio T\u00e9cnico<\/strong><br \/>\nElias Kruger Albrecht (UFPel)<br \/>\nJorge Augusto Moraes de Oliveira (UFPel)<br \/>\nKaren Laiz Krause Romig (UFPel)<br \/>\nL\u00e9ia Beatriz Sell (UFPel)<br \/>\nMar\u00edlia Brand\u00e3o Amaro da Silveira (UFPel)<br \/>\nMatheus Lucas Esteves (UFPel)<br \/>\nN\u00e1thaly de Barros Borges (UFPel)<br \/>\nPedro Augusto Vieira da Silva (UFPel)<br \/>\nRa\u00edssa Espiritu Sorregotti (UFPel)<br \/>\nSim\u00f4ni Costa Monteiro Gervasio (UFPel)<br \/>\nThayn\u00e1 Vieira Marsico (UFPel)<br \/>\nWeliton Barbosa Kuster (UFPel)<\/p>\n<p>&nbsp;<\/p>\n\t\t\t\t<\/div>\n\t\t\t<\/div>\n\t\t<\/div>\n\t\t\t<div class=\"sow-accordion-panel\n\t\t\t\t\"\n\t\t\tdata-anchor-id=\"comissao-cientifica\">\n\t\t\t\t<div class=\"sow-accordion-panel-header-container\" role=\"heading\" aria-level=\"2\">\n\t\t\t\t\t<div class=\"sow-accordion-panel-header\" tabindex=\"0\" role=\"button\" id=\"accordion-label-comiss%c3%a3o-cient%c3%adfica\" aria-controls=\"accordion-content-comiss%c3%a3o-cient%c3%adfica\" aria-expanded=\"false\">\n\t\t\t\t\t\t<div class=\"sow-accordion-title sow-accordion-title-icon-left\">\n\t\t\t\t\t\t\t\t\t\t\t\t\t\tComiss\u00e3o Cient\u00edfica\t\t\t\t\t\t\t\t\t\t\t\t\t<\/div>\n\t\t\t\t\t\t<div class=\"sow-accordion-open-close-button\">\n\t\t\t\t\t\t\t<div class=\"sow-accordion-open-button\">\n\t\t\t\t\t\t\t\t<span class=\"sow-icon-ionicons\" data-sow-icon=\"&#xf218;\"\n\t\t \n\t\taria-hidden=\"true\"><\/span>\t\t\t\t\t\t\t<\/div>\n\t\t\t\t\t\t\t<div class=\"sow-accordion-close-button\">\n\t\t\t\t\t\t\t\t<span class=\"sow-icon-ionicons\" data-sow-icon=\"&#xf209;\"\n\t\t \n\t\taria-hidden=\"true\"><\/span>\t\t\t\t\t\t\t<\/div>\n\t\t\t\t\t\t<\/div>\n\t\t\t\t\t<\/div>\n\t\t\t\t<\/div>\n\n\t\t\t<div\n\t\t\t\tclass=\"sow-accordion-panel-content\"\n\t\t\t\trole=\"region\"\n\t\t\t\taria-labelledby=\"accordion-label-comiss%c3%a3o-cient%c3%adfica\"\n\t\t\t\tid=\"accordion-content-comiss%c3%a3o-cient%c3%adfica\"\n\t\t\t\tstyle=\"display: none;\"\t\t\t>\n\t\t\t\t<div class=\"sow-accordion-panel-border\">\n\t\t\t\t\t<p><strong>Comiss\u00e3o Cient\u00edfica<\/strong><\/p>\n<p>Adriana Duarte Leon (IFSul)<br \/>\nAlessandro Carvalho Bica (Unipampa)<br \/>\nAnt\u00f4nio Maur\u00edcio Medeiros Alves (UFPel)<br \/>\nAriane dos Reis Duarte (Unisinos)<br \/>\nClaudemir de Quadros (UFSM)<br \/>\nCarla Gastaud (UFPel)<br \/>\nCaroline Braga Michel (Furg)<br \/>\nCl\u00e1udio de S\u00e1 Machado Jr. (UFPR)<br \/>\nChris de Azevedo Ramil (UFPel)<br \/>\nDiogo Franco Rios (UFPel)<br \/>\nDoris Almeida (UFRGS)<br \/>\nEduardo Arriada (UFPel)<br \/>\nEduardo Cristiano Hass da Silva (UFRN)<br \/>\nElomar Callegaro Tambara (UFPel)<br \/>\nElisabete Zardo Burigo (UFRGS)<br \/>\nFernando Ripe (UFPel)<br \/>\nGiana Lange do Amaral (UFPel)<br \/>\nGisele Belusso (IFRS)<br \/>\nHardalla do Valle (Prefeitura de Rio Grande\/RS)<br \/>\nJeane dos Santos Caldeira (Prefeitura de Pelotas\/RS)<br \/>\nJorge Luiz da Cunha (UFSM)<br \/>\nJos\u00e9 Edimar de Souza (UCS)<br \/>\nLisiane Sias Manke (UFPel)<br \/>\nLuciane Sgarbi Grazziotin (Unisinos)<br \/>\nMagda de Abreu Vicente (Furg)<br \/>\nMaria Augusta Martiarena de Oliveira (IFRS)<br \/>\nNat\u00e1lia Gil (UFRGS)<br \/>\nPatr\u00edcia Weiduschadt (UFPel)<br \/>\nRaquel Azambuja Santos (UFPel)<br \/>\nRita de C\u00e1ssia Grecco dos Santos (FURG)<br \/>\nRodrigo Lemos Sim\u00f5es (Ulbra)<br \/>\nTatiane de Freitas Ermel (UCM)<br \/>\nTerciane \u00c2ngela Luchese (UCS)<br \/>\nVanessa Barrozo Teixeira Aquino (UFRGS)<br \/>\nVania Grim Thies (UFPel)<\/p>\n\t\t\t\t<\/div>\n\t\t\t<\/div>\n\t\t<\/div>\n\t\t\t<div class=\"sow-accordion-panel\n\t\t\t\t\"\n\t\t\tdata-anchor-id=\"realizacao-e-apoio\">\n\t\t\t\t<div class=\"sow-accordion-panel-header-container\" role=\"heading\" aria-level=\"2\">\n\t\t\t\t\t<div class=\"sow-accordion-panel-header\" tabindex=\"0\" role=\"button\" id=\"accordion-label-realiza%c3%a7%c3%a3o-e-apoio\" aria-controls=\"accordion-content-realiza%c3%a7%c3%a3o-e-apoio\" aria-expanded=\"false\">\n\t\t\t\t\t\t<div class=\"sow-accordion-title sow-accordion-title-icon-left\">\n\t\t\t\t\t\t\t\t\t\t\t\t\t\tRealiza\u00e7\u00e3o e Apoio\t\t\t\t\t\t\t\t\t\t\t\t\t<\/div>\n\t\t\t\t\t\t<div class=\"sow-accordion-open-close-button\">\n\t\t\t\t\t\t\t<div class=\"sow-accordion-open-button\">\n\t\t\t\t\t\t\t\t<span class=\"sow-icon-ionicons\" data-sow-icon=\"&#xf218;\"\n\t\t \n\t\taria-hidden=\"true\"><\/span>\t\t\t\t\t\t\t<\/div>\n\t\t\t\t\t\t\t<div class=\"sow-accordion-close-button\">\n\t\t\t\t\t\t\t\t<span class=\"sow-icon-ionicons\" data-sow-icon=\"&#xf209;\"\n\t\t \n\t\taria-hidden=\"true\"><\/span>\t\t\t\t\t\t\t<\/div>\n\t\t\t\t\t\t<\/div>\n\t\t\t\t\t<\/div>\n\t\t\t\t<\/div>\n\n\t\t\t<div\n\t\t\t\tclass=\"sow-accordion-panel-content\"\n\t\t\t\trole=\"region\"\n\t\t\t\taria-labelledby=\"accordion-label-realiza%c3%a7%c3%a3o-e-apoio\"\n\t\t\t\tid=\"accordion-content-realiza%c3%a7%c3%a3o-e-apoio\"\n\t\t\t\tstyle=\"display: none;\"\t\t\t>\n\t\t\t\t<div class=\"sow-accordion-panel-border\">\n\t\t\t\t\t<p><b>Realiza\u00e7\u00e3o<\/b><\/p>\n<p><a href=\"http:\/\/ufpel.edu.br\/\" target=\"_blank\" rel=\"noopener noreferrer\">Universidade Federal de Pelotas \u2013 UFPEL<\/a><\/p>\n<p><a href=\"https:\/\/asphers.wordpress.com\/\" target=\"_blank\" rel=\"noopener noreferrer\">Associa\u00e7\u00e3o Sul-Rio-Grandense de Pesquisadores em Hist\u00f3ria da Educa\u00e7\u00e3o - ASPHE<\/a><\/p>\n<p><b>Apoio<\/b><\/p>\n<p><a href=\"https:\/\/wp.ufpel.edu.br\/fae\/\" target=\"_blank\" rel=\"noopener noreferrer\">Faculdade de Educa\u00e7\u00e3o - FaE\/UFPe<\/a>l<\/p>\n<p><a href=\"https:\/\/wp.ufpel.edu.br\/ppge\/\" target=\"_blank\" rel=\"noopener noreferrer\">Programa de P\u00f3s-Gradua\u00e7\u00e3o em Educa\u00e7\u00e3o - PPGE\/FaE\/UFPel<\/a><\/p>\n<p><a href=\"https:\/\/wp.ufpel.edu.br\/ceihe\" target=\"_blank\" rel=\"noopener noreferrer\">Centro de Estudos e Investiga\u00e7\u00f5es em Hist\u00f3ria da Educa\u00e7\u00e3o - Ceihe (FaE\/UFPel)<\/a><\/p>\n<p><a href=\"https:\/\/wp.ufpel.edu.br\/hisales\/\" target=\"_blank\" rel=\"noopener noreferrer\">Centro de mem\u00f3ria e pesquisa Hist\u00f3ria da Alfabetiza\u00e7\u00e3o, Leitura, Escrita e dos Livros Escolares - Hisales (FaE\/UFPel<\/a>)<\/p>\n<p><a href=\"https:\/\/wp.ufpel.edu.br\/leh\/\" target=\"_blank\" rel=\"noopener noreferrer\">Laborat\u00f3rio de Ensino de Hist\u00f3ria - Leh (PPGH\/ICH\/UFPel<\/a>)<\/p>\n<p><a href=\"https:\/\/wp.ufpel.edu.br\/ppgemat\/\" target=\"_blank\" rel=\"noopener noreferrer\">Programa de P\u00f3s-Gradua\u00e7\u00e3o em Educa\u00e7\u00e3o Matem\u00e1tica\/Instituto de F\u00edsica e Matem\u00e1tica - PPGEMat\/IFM\/UFPel<\/a><\/p>\n<p><a href=\"https:\/\/wp.ufpel.edu.br\/suldesign\" target=\"_blank\" rel=\"noopener noreferrer\">Suldesign Est\u00fadio \u2013 Centro de Artes\/UFPe<\/a>l<\/p>\n\t\t\t\t<\/div>\n\t\t\t<\/div>\n\t\t<\/div>\n\t\t<\/div>\n<\/div>\n<\/div><\/div><\/div><\/div><\/div>","protected":false},"excerpt":{"rendered":"<p> [&hellip;]<\/p>\n","protected":false},"author":928,"featured_media":0,"parent":23,"menu_order":0,"comment_status":"closed","ping_status":"closed","template":"","meta":{"footnotes":""},"class_list":["post-34","page","type-page","status-publish","hentry","post"],"jetpack_sharing_enabled":true,"_links":{"self":[{"href":"https:\/\/wp.ufpel.edu.br\/asphe25anos\/wp-json\/wp\/v2\/pages\/34","targetHints":{"allow":["GET"]}}],"collection":[{"href":"https:\/\/wp.ufpel.edu.br\/asphe25anos\/wp-json\/wp\/v2\/pages"}],"about":[{"href":"https:\/\/wp.ufpel.edu.br\/asphe25anos\/wp-json\/wp\/v2\/types\/page"}],"author":[{"embeddable":true,"href":"https:\/\/wp.ufpel.edu.br\/asphe25anos\/wp-json\/wp\/v2\/users\/928"}],"replies":[{"embeddable":true,"href":"https:\/\/wp.ufpel.edu.br\/asphe25anos\/wp-json\/wp\/v2\/comments?post=34"}],"version-history":[{"count":18,"href":"https:\/\/wp.ufpel.edu.br\/asphe25anos\/wp-json\/wp\/v2\/pages\/34\/revisions"}],"predecessor-version":[{"id":633,"href":"https:\/\/wp.ufpel.edu.br\/asphe25anos\/wp-json\/wp\/v2\/pages\/34\/revisions\/633"}],"up":[{"embeddable":true,"href":"https:\/\/wp.ufpel.edu.br\/asphe25anos\/wp-json\/wp\/v2\/pages\/23"}],"wp:attachment":[{"href":"https:\/\/wp.ufpel.edu.br\/asphe25anos\/wp-json\/wp\/v2\/media?parent=34"}],"curies":[{"name":"wp","href":"https:\/\/api.w.org\/{rel}","templated":true}]}}