{"id":319,"date":"2021-05-26T13:21:54","date_gmt":"2021-05-26T16:21:54","guid":{"rendered":"https:\/\/wp.ufpel.edu.br\/asphe25anos\/?page_id=319"},"modified":"2021-10-25T22:27:48","modified_gmt":"2021-10-26T01:27:48","slug":"sessoes-de-comunicacoes","status":"publish","type":"page","link":"https:\/\/wp.ufpel.edu.br\/asphe25anos\/programacao\/sessoes-de-comunicacoes\/","title":{"rendered":"Sess\u00f5es de Comunica\u00e7\u00f5es"},"content":{"rendered":"<h3><span style=\"color: #c82026;\"><strong>PROGRAMA\u00c7\u00c3O DAS SESS\u00d5ES DE COMUNICA\u00c7\u00c3O E SALAS TEM\u00c1TICAS DE APRESENTA\u00c7\u00c3O DE TRABALHOS \u2013 26\u00ba ENCONTRO DA ASPHE<\/strong><\/span><\/h3>\n<p>As apresenta\u00e7\u00f5es dos trabalhos acontecer\u00e3o na <strong>quinta-feira 04\/11 e na sexta-feira 05\/11 pela manh\u00e3.<\/strong><\/p>\n<p>Ser\u00e3o 4 sess\u00f5es de comunica\u00e7\u00e3o, 15 salas tem\u00e1ticas e 75 trabalhos.<\/p>\n<hr \/>\n<ul>\n<li>A programa\u00e7\u00e3o das Sess\u00f5es de Comunica\u00e7\u00e3o e Salas Tem\u00e1ticas para apresenta\u00e7\u00e3o dos trabalhos est\u00e1 no quadro geral dispon\u00edvel para acesso neste link, que pode ser aberto na tela e tamb\u00e9m salvo no PC\/celular:<\/li>\n<\/ul>\n<p>&nbsp;<\/p>\n<ul>\n<li><strong><a href=\"https:\/\/wp.ufpel.edu.br\/asphe25anos\/files\/2021\/10\/Salas-tematicas-ASPHE-2021-final.pdf\" target=\"_blank\" rel=\"noopener\"><span style=\"background-color: #f2f2f2;\">CLIQUE AQUI PARA VER A PROGRAMA\u00c7\u00c3O DAS SESS\u00d5ES DE COMUNICA\u00c7\u00c3O E AS SALAS TEM\u00c1TICAS<\/span><\/a><\/strong><\/li>\n<\/ul>\n<p>&nbsp;<\/p>\n<ul>\n<li>No arquivo do quadro geral, dispon\u00edvel no link acima, constam todas as informa\u00e7\u00f5es sobre dias e hor\u00e1rios de apresenta\u00e7\u00e3o dos trabalhos, bem como a rela\u00e7\u00e3o de coordenadores da UFPel, coordenadores externos convidados, monitores e apresentadores de trabalhos. Conferir cuidadosamente as informa\u00e7\u00f5es, para localizar a sala tem\u00e1tica de interesse;<\/li>\n<li>No arquivo do quadro geral, dispon\u00edvel no link acima, junto \u00e0 identifica\u00e7\u00e3o de cada sala tem\u00e1tica, est\u00e1 o link de acesso para a respectiva sala de webconfer\u00eancia da UFPel \u2013 Webconf. Clicar no link da sala que se deseja assistir e, ao abrir, na tela inicial, favor conferir o n\u00famero da sala tem\u00e1tica antes de entrar. Preencher o nome completo no campo de identifica\u00e7\u00e3o ao lado do bot\u00e3o \u201centrar\u201d e, em seguida, clicar nele, para acessar a sala do Webconf;<\/li>\n<li>Os coordenadores, monitores e apresentadores de trabalho receber\u00e3o e-mail com orienta\u00e7\u00f5es sobre os procedimentos das salas tem\u00e1ticas;<\/li>\n<li>O mesmo quadro pode ser conferido nas imagens a seguir, mas sem os links habilitados. Quem quiser acessar o link para entrar na sala tem\u00e1tica de interesse, favor conferir no arquivo disponibilizado no link acima, em destaque.<\/li>\n<li>Informa\u00e7\u00f5es: <a href=\"mailto:26asphe@gmail.com\">26asphe@gmail.com<\/a><\/li>\n<\/ul>\n<p>&nbsp;<\/p>\n<p><a href=\"https:\/\/i0.wp.com\/wp.ufpel.edu.br\/asphe25anos\/files\/2021\/10\/Salas-tematicas-ASPHE-2021-Quintafeira01-1.png?ssl=1\"><img data-recalc-dims=\"1\" loading=\"lazy\" decoding=\"async\" data-attachment-id=\"720\" data-permalink=\"https:\/\/wp.ufpel.edu.br\/asphe25anos\/programacao\/sessoes-de-comunicacoes\/salas-tematicas-asphe-2021-quintafeira01-1\/#main\" data-orig-file=\"https:\/\/i0.wp.com\/wp.ufpel.edu.br\/asphe25anos\/files\/2021\/10\/Salas-tematicas-ASPHE-2021-Quintafeira01-1.png?fit=4961%2C3508&amp;ssl=1\" data-orig-size=\"4961,3508\" data-comments-opened=\"0\" data-image-meta=\"{&quot;aperture&quot;:&quot;0&quot;,&quot;credit&quot;:&quot;&quot;,&quot;camera&quot;:&quot;&quot;,&quot;caption&quot;:&quot;&quot;,&quot;created_timestamp&quot;:&quot;0&quot;,&quot;copyright&quot;:&quot;&quot;,&quot;focal_length&quot;:&quot;0&quot;,&quot;iso&quot;:&quot;0&quot;,&quot;shutter_speed&quot;:&quot;0&quot;,&quot;title&quot;:&quot;&quot;,&quot;orientation&quot;:&quot;0&quot;}\" data-image-title=\"Salas-tematicas-ASPHE-2021-Quintafeira01-1\" data-image-description=\"\" data-image-caption=\"\" data-medium-file=\"https:\/\/i0.wp.com\/wp.ufpel.edu.br\/asphe25anos\/files\/2021\/10\/Salas-tematicas-ASPHE-2021-Quintafeira01-1.png?fit=600%2C424&amp;ssl=1\" data-large-file=\"https:\/\/i0.wp.com\/wp.ufpel.edu.br\/asphe25anos\/files\/2021\/10\/Salas-tematicas-ASPHE-2021-Quintafeira01-1.png?fit=720%2C509&amp;ssl=1\" class=\"alignnone wp-image-720 size-full\" src=\"https:\/\/i0.wp.com\/wp.ufpel.edu.br\/asphe25anos\/files\/2021\/10\/Salas-tematicas-ASPHE-2021-Quintafeira01-1.png?resize=720%2C509&#038;ssl=1\" alt=\"\" width=\"720\" height=\"509\" srcset=\"https:\/\/i0.wp.com\/wp.ufpel.edu.br\/asphe25anos\/files\/2021\/10\/Salas-tematicas-ASPHE-2021-Quintafeira01-1.png?w=4961&amp;ssl=1 4961w, https:\/\/i0.wp.com\/wp.ufpel.edu.br\/asphe25anos\/files\/2021\/10\/Salas-tematicas-ASPHE-2021-Quintafeira01-1.png?resize=600%2C424&amp;ssl=1 600w, https:\/\/i0.wp.com\/wp.ufpel.edu.br\/asphe25anos\/files\/2021\/10\/Salas-tematicas-ASPHE-2021-Quintafeira01-1.png?resize=1280%2C905&amp;ssl=1 1280w, https:\/\/i0.wp.com\/wp.ufpel.edu.br\/asphe25anos\/files\/2021\/10\/Salas-tematicas-ASPHE-2021-Quintafeira01-1.png?resize=400%2C283&amp;ssl=1 400w, https:\/\/i0.wp.com\/wp.ufpel.edu.br\/asphe25anos\/files\/2021\/10\/Salas-tematicas-ASPHE-2021-Quintafeira01-1.png?resize=768%2C543&amp;ssl=1 768w, https:\/\/i0.wp.com\/wp.ufpel.edu.br\/asphe25anos\/files\/2021\/10\/Salas-tematicas-ASPHE-2021-Quintafeira01-1.png?resize=1536%2C1086&amp;ssl=1 1536w, https:\/\/i0.wp.com\/wp.ufpel.edu.br\/asphe25anos\/files\/2021\/10\/Salas-tematicas-ASPHE-2021-Quintafeira01-1.png?resize=2048%2C1448&amp;ssl=1 2048w, https:\/\/i0.wp.com\/wp.ufpel.edu.br\/asphe25anos\/files\/2021\/10\/Salas-tematicas-ASPHE-2021-Quintafeira01-1.png?w=1440&amp;ssl=1 1440w, https:\/\/i0.wp.com\/wp.ufpel.edu.br\/asphe25anos\/files\/2021\/10\/Salas-tematicas-ASPHE-2021-Quintafeira01-1.png?w=2160&amp;ssl=1 2160w\" sizes=\"auto, (max-width: 720px) 100vw, 720px\" \/><\/a> <a href=\"https:\/\/i0.wp.com\/wp.ufpel.edu.br\/asphe25anos\/files\/2021\/10\/Salas-tematicas-ASPHE-2021-Quintafeira02-1.png?ssl=1\"><img data-recalc-dims=\"1\" loading=\"lazy\" decoding=\"async\" data-attachment-id=\"721\" data-permalink=\"https:\/\/wp.ufpel.edu.br\/asphe25anos\/programacao\/sessoes-de-comunicacoes\/salas-tematicas-asphe-2021-quintafeira02-1\/#main\" data-orig-file=\"https:\/\/i0.wp.com\/wp.ufpel.edu.br\/asphe25anos\/files\/2021\/10\/Salas-tematicas-ASPHE-2021-Quintafeira02-1.png?fit=4961%2C3508&amp;ssl=1\" data-orig-size=\"4961,3508\" data-comments-opened=\"0\" data-image-meta=\"{&quot;aperture&quot;:&quot;0&quot;,&quot;credit&quot;:&quot;&quot;,&quot;camera&quot;:&quot;&quot;,&quot;caption&quot;:&quot;&quot;,&quot;created_timestamp&quot;:&quot;0&quot;,&quot;copyright&quot;:&quot;&quot;,&quot;focal_length&quot;:&quot;0&quot;,&quot;iso&quot;:&quot;0&quot;,&quot;shutter_speed&quot;:&quot;0&quot;,&quot;title&quot;:&quot;&quot;,&quot;orientation&quot;:&quot;0&quot;}\" data-image-title=\"Salas-tematicas-ASPHE-2021-Quintafeira02-1\" data-image-description=\"\" data-image-caption=\"\" data-medium-file=\"https:\/\/i0.wp.com\/wp.ufpel.edu.br\/asphe25anos\/files\/2021\/10\/Salas-tematicas-ASPHE-2021-Quintafeira02-1.png?fit=600%2C424&amp;ssl=1\" data-large-file=\"https:\/\/i0.wp.com\/wp.ufpel.edu.br\/asphe25anos\/files\/2021\/10\/Salas-tematicas-ASPHE-2021-Quintafeira02-1.png?fit=720%2C509&amp;ssl=1\" class=\"alignnone wp-image-721 size-full\" src=\"https:\/\/i0.wp.com\/wp.ufpel.edu.br\/asphe25anos\/files\/2021\/10\/Salas-tematicas-ASPHE-2021-Quintafeira02-1.png?resize=720%2C509&#038;ssl=1\" alt=\"\" width=\"720\" height=\"509\" srcset=\"https:\/\/i0.wp.com\/wp.ufpel.edu.br\/asphe25anos\/files\/2021\/10\/Salas-tematicas-ASPHE-2021-Quintafeira02-1.png?w=4961&amp;ssl=1 4961w, https:\/\/i0.wp.com\/wp.ufpel.edu.br\/asphe25anos\/files\/2021\/10\/Salas-tematicas-ASPHE-2021-Quintafeira02-1.png?resize=600%2C424&amp;ssl=1 600w, https:\/\/i0.wp.com\/wp.ufpel.edu.br\/asphe25anos\/files\/2021\/10\/Salas-tematicas-ASPHE-2021-Quintafeira02-1.png?resize=1280%2C905&amp;ssl=1 1280w, https:\/\/i0.wp.com\/wp.ufpel.edu.br\/asphe25anos\/files\/2021\/10\/Salas-tematicas-ASPHE-2021-Quintafeira02-1.png?resize=400%2C283&amp;ssl=1 400w, https:\/\/i0.wp.com\/wp.ufpel.edu.br\/asphe25anos\/files\/2021\/10\/Salas-tematicas-ASPHE-2021-Quintafeira02-1.png?resize=768%2C543&amp;ssl=1 768w, https:\/\/i0.wp.com\/wp.ufpel.edu.br\/asphe25anos\/files\/2021\/10\/Salas-tematicas-ASPHE-2021-Quintafeira02-1.png?resize=1536%2C1086&amp;ssl=1 1536w, https:\/\/i0.wp.com\/wp.ufpel.edu.br\/asphe25anos\/files\/2021\/10\/Salas-tematicas-ASPHE-2021-Quintafeira02-1.png?resize=2048%2C1448&amp;ssl=1 2048w, https:\/\/i0.wp.com\/wp.ufpel.edu.br\/asphe25anos\/files\/2021\/10\/Salas-tematicas-ASPHE-2021-Quintafeira02-1.png?w=1440&amp;ssl=1 1440w, https:\/\/i0.wp.com\/wp.ufpel.edu.br\/asphe25anos\/files\/2021\/10\/Salas-tematicas-ASPHE-2021-Quintafeira02-1.png?w=2160&amp;ssl=1 2160w\" sizes=\"auto, (max-width: 720px) 100vw, 720px\" \/><\/a> <a href=\"https:\/\/i0.wp.com\/wp.ufpel.edu.br\/asphe25anos\/files\/2021\/10\/Salas-tematicas-ASPHE-2021-Sextafeira01-1.png?ssl=1\"><img data-recalc-dims=\"1\" loading=\"lazy\" decoding=\"async\" data-attachment-id=\"722\" data-permalink=\"https:\/\/wp.ufpel.edu.br\/asphe25anos\/programacao\/sessoes-de-comunicacoes\/salas-tematicas-asphe-2021-sextafeira01-1\/#main\" data-orig-file=\"https:\/\/i0.wp.com\/wp.ufpel.edu.br\/asphe25anos\/files\/2021\/10\/Salas-tematicas-ASPHE-2021-Sextafeira01-1.png?fit=4961%2C3508&amp;ssl=1\" data-orig-size=\"4961,3508\" data-comments-opened=\"0\" data-image-meta=\"{&quot;aperture&quot;:&quot;0&quot;,&quot;credit&quot;:&quot;&quot;,&quot;camera&quot;:&quot;&quot;,&quot;caption&quot;:&quot;&quot;,&quot;created_timestamp&quot;:&quot;0&quot;,&quot;copyright&quot;:&quot;&quot;,&quot;focal_length&quot;:&quot;0&quot;,&quot;iso&quot;:&quot;0&quot;,&quot;shutter_speed&quot;:&quot;0&quot;,&quot;title&quot;:&quot;&quot;,&quot;orientation&quot;:&quot;0&quot;}\" data-image-title=\"Salas-tematicas-ASPHE-2021-Sextafeira01-1\" data-image-description=\"\" data-image-caption=\"\" data-medium-file=\"https:\/\/i0.wp.com\/wp.ufpel.edu.br\/asphe25anos\/files\/2021\/10\/Salas-tematicas-ASPHE-2021-Sextafeira01-1.png?fit=600%2C424&amp;ssl=1\" data-large-file=\"https:\/\/i0.wp.com\/wp.ufpel.edu.br\/asphe25anos\/files\/2021\/10\/Salas-tematicas-ASPHE-2021-Sextafeira01-1.png?fit=720%2C509&amp;ssl=1\" class=\"alignnone wp-image-722 size-full\" src=\"https:\/\/i0.wp.com\/wp.ufpel.edu.br\/asphe25anos\/files\/2021\/10\/Salas-tematicas-ASPHE-2021-Sextafeira01-1.png?resize=720%2C509&#038;ssl=1\" alt=\"\" width=\"720\" height=\"509\" srcset=\"https:\/\/i0.wp.com\/wp.ufpel.edu.br\/asphe25anos\/files\/2021\/10\/Salas-tematicas-ASPHE-2021-Sextafeira01-1.png?w=4961&amp;ssl=1 4961w, https:\/\/i0.wp.com\/wp.ufpel.edu.br\/asphe25anos\/files\/2021\/10\/Salas-tematicas-ASPHE-2021-Sextafeira01-1.png?resize=600%2C424&amp;ssl=1 600w, https:\/\/i0.wp.com\/wp.ufpel.edu.br\/asphe25anos\/files\/2021\/10\/Salas-tematicas-ASPHE-2021-Sextafeira01-1.png?resize=1280%2C905&amp;ssl=1 1280w, https:\/\/i0.wp.com\/wp.ufpel.edu.br\/asphe25anos\/files\/2021\/10\/Salas-tematicas-ASPHE-2021-Sextafeira01-1.png?resize=400%2C283&amp;ssl=1 400w, https:\/\/i0.wp.com\/wp.ufpel.edu.br\/asphe25anos\/files\/2021\/10\/Salas-tematicas-ASPHE-2021-Sextafeira01-1.png?resize=768%2C543&amp;ssl=1 768w, https:\/\/i0.wp.com\/wp.ufpel.edu.br\/asphe25anos\/files\/2021\/10\/Salas-tematicas-ASPHE-2021-Sextafeira01-1.png?resize=1536%2C1086&amp;ssl=1 1536w, https:\/\/i0.wp.com\/wp.ufpel.edu.br\/asphe25anos\/files\/2021\/10\/Salas-tematicas-ASPHE-2021-Sextafeira01-1.png?resize=2048%2C1448&amp;ssl=1 2048w, https:\/\/i0.wp.com\/wp.ufpel.edu.br\/asphe25anos\/files\/2021\/10\/Salas-tematicas-ASPHE-2021-Sextafeira01-1.png?w=1440&amp;ssl=1 1440w, https:\/\/i0.wp.com\/wp.ufpel.edu.br\/asphe25anos\/files\/2021\/10\/Salas-tematicas-ASPHE-2021-Sextafeira01-1.png?w=2160&amp;ssl=1 2160w\" sizes=\"auto, (max-width: 720px) 100vw, 720px\" \/><\/a> <a href=\"https:\/\/i0.wp.com\/wp.ufpel.edu.br\/asphe25anos\/files\/2021\/10\/Salas-tematicas-ASPHE-2021-Sextafeira02-1.png?ssl=1\"><img data-recalc-dims=\"1\" loading=\"lazy\" decoding=\"async\" data-attachment-id=\"723\" data-permalink=\"https:\/\/wp.ufpel.edu.br\/asphe25anos\/programacao\/sessoes-de-comunicacoes\/salas-tematicas-asphe-2021-sextafeira02-1\/#main\" data-orig-file=\"https:\/\/i0.wp.com\/wp.ufpel.edu.br\/asphe25anos\/files\/2021\/10\/Salas-tematicas-ASPHE-2021-Sextafeira02-1.png?fit=4961%2C3508&amp;ssl=1\" data-orig-size=\"4961,3508\" data-comments-opened=\"0\" data-image-meta=\"{&quot;aperture&quot;:&quot;0&quot;,&quot;credit&quot;:&quot;&quot;,&quot;camera&quot;:&quot;&quot;,&quot;caption&quot;:&quot;&quot;,&quot;created_timestamp&quot;:&quot;0&quot;,&quot;copyright&quot;:&quot;&quot;,&quot;focal_length&quot;:&quot;0&quot;,&quot;iso&quot;:&quot;0&quot;,&quot;shutter_speed&quot;:&quot;0&quot;,&quot;title&quot;:&quot;&quot;,&quot;orientation&quot;:&quot;0&quot;}\" data-image-title=\"Salas-tematicas-ASPHE-2021-Sextafeira02-1\" data-image-description=\"\" data-image-caption=\"\" data-medium-file=\"https:\/\/i0.wp.com\/wp.ufpel.edu.br\/asphe25anos\/files\/2021\/10\/Salas-tematicas-ASPHE-2021-Sextafeira02-1.png?fit=600%2C424&amp;ssl=1\" data-large-file=\"https:\/\/i0.wp.com\/wp.ufpel.edu.br\/asphe25anos\/files\/2021\/10\/Salas-tematicas-ASPHE-2021-Sextafeira02-1.png?fit=720%2C509&amp;ssl=1\" class=\"alignnone wp-image-723 size-full\" src=\"https:\/\/i0.wp.com\/wp.ufpel.edu.br\/asphe25anos\/files\/2021\/10\/Salas-tematicas-ASPHE-2021-Sextafeira02-1.png?resize=720%2C509&#038;ssl=1\" alt=\"\" width=\"720\" height=\"509\" srcset=\"https:\/\/i0.wp.com\/wp.ufpel.edu.br\/asphe25anos\/files\/2021\/10\/Salas-tematicas-ASPHE-2021-Sextafeira02-1.png?w=4961&amp;ssl=1 4961w, https:\/\/i0.wp.com\/wp.ufpel.edu.br\/asphe25anos\/files\/2021\/10\/Salas-tematicas-ASPHE-2021-Sextafeira02-1.png?resize=600%2C424&amp;ssl=1 600w, https:\/\/i0.wp.com\/wp.ufpel.edu.br\/asphe25anos\/files\/2021\/10\/Salas-tematicas-ASPHE-2021-Sextafeira02-1.png?resize=1280%2C905&amp;ssl=1 1280w, https:\/\/i0.wp.com\/wp.ufpel.edu.br\/asphe25anos\/files\/2021\/10\/Salas-tematicas-ASPHE-2021-Sextafeira02-1.png?resize=400%2C283&amp;ssl=1 400w, https:\/\/i0.wp.com\/wp.ufpel.edu.br\/asphe25anos\/files\/2021\/10\/Salas-tematicas-ASPHE-2021-Sextafeira02-1.png?resize=768%2C543&amp;ssl=1 768w, https:\/\/i0.wp.com\/wp.ufpel.edu.br\/asphe25anos\/files\/2021\/10\/Salas-tematicas-ASPHE-2021-Sextafeira02-1.png?resize=1536%2C1086&amp;ssl=1 1536w, https:\/\/i0.wp.com\/wp.ufpel.edu.br\/asphe25anos\/files\/2021\/10\/Salas-tematicas-ASPHE-2021-Sextafeira02-1.png?resize=2048%2C1448&amp;ssl=1 2048w, https:\/\/i0.wp.com\/wp.ufpel.edu.br\/asphe25anos\/files\/2021\/10\/Salas-tematicas-ASPHE-2021-Sextafeira02-1.png?w=1440&amp;ssl=1 1440w, https:\/\/i0.wp.com\/wp.ufpel.edu.br\/asphe25anos\/files\/2021\/10\/Salas-tematicas-ASPHE-2021-Sextafeira02-1.png?w=2160&amp;ssl=1 2160w\" sizes=\"auto, (max-width: 720px) 100vw, 720px\" \/><\/a><\/p>\n","protected":false},"excerpt":{"rendered":"<p> [&hellip;]<\/p>\n","protected":false},"author":928,"featured_media":0,"parent":28,"menu_order":0,"comment_status":"closed","ping_status":"closed","template":"","meta":{"footnotes":""},"class_list":["post-319","page","type-page","status-publish","hentry","post"],"jetpack_sharing_enabled":true,"_links":{"self":[{"href":"https:\/\/wp.ufpel.edu.br\/asphe25anos\/wp-json\/wp\/v2\/pages\/319","targetHints":{"allow":["GET"]}}],"collection":[{"href":"https:\/\/wp.ufpel.edu.br\/asphe25anos\/wp-json\/wp\/v2\/pages"}],"about":[{"href":"https:\/\/wp.ufpel.edu.br\/asphe25anos\/wp-json\/wp\/v2\/types\/page"}],"author":[{"embeddable":true,"href":"https:\/\/wp.ufpel.edu.br\/asphe25anos\/wp-json\/wp\/v2\/users\/928"}],"replies":[{"embeddable":true,"href":"https:\/\/wp.ufpel.edu.br\/asphe25anos\/wp-json\/wp\/v2\/comments?post=319"}],"version-history":[{"count":19,"href":"https:\/\/wp.ufpel.edu.br\/asphe25anos\/wp-json\/wp\/v2\/pages\/319\/revisions"}],"predecessor-version":[{"id":741,"href":"https:\/\/wp.ufpel.edu.br\/asphe25anos\/wp-json\/wp\/v2\/pages\/319\/revisions\/741"}],"up":[{"embeddable":true,"href":"https:\/\/wp.ufpel.edu.br\/asphe25anos\/wp-json\/wp\/v2\/pages\/28"}],"wp:attachment":[{"href":"https:\/\/wp.ufpel.edu.br\/asphe25anos\/wp-json\/wp\/v2\/media?parent=319"}],"curies":[{"name":"wp","href":"https:\/\/api.w.org\/{rel}","templated":true}]}}