{"id":31,"date":"2021-05-19T20:06:56","date_gmt":"2021-05-19T23:06:56","guid":{"rendered":"https:\/\/wp.ufpel.edu.br\/asphe25anos\/?page_id=31"},"modified":"2021-10-16T19:51:11","modified_gmt":"2021-10-16T22:51:11","slug":"inscricoes","status":"publish","type":"page","link":"https:\/\/wp.ufpel.edu.br\/asphe25anos\/inscricoes\/","title":{"rendered":"Inscri\u00e7\u00f5es"},"content":{"rendered":"<div id=\"pl-31\"  class=\"panel-layout\" ><div id=\"pg-31-0\"  class=\"panel-grid panel-no-style\" ><div id=\"pgc-31-0-0\"  class=\"panel-grid-cell\" ><div id=\"panel-31-0-0-0\" class=\"so-panel widget widget_sow-accordion panel-first-child panel-last-child\" data-index=\"0\" ><div\n\t\t\t\n\t\t\tclass=\"so-widget-sow-accordion so-widget-sow-accordion-default-f5f7f08aa006-31\"\n\t\t\t\n\t\t><div>\n\t<div class=\"sow-accordion\">\n\t\t\t<div class=\"sow-accordion-panel\n\t\t\t\t\"\n\t\t\tdata-anchor-id=\"regulamento\">\n\t\t\t\t<div class=\"sow-accordion-panel-header-container\" role=\"heading\" aria-level=\"2\">\n\t\t\t\t\t<div class=\"sow-accordion-panel-header\" tabindex=\"0\" role=\"button\" id=\"accordion-label-regulamento\" aria-controls=\"accordion-content-regulamento\" aria-expanded=\"false\">\n\t\t\t\t\t\t<div class=\"sow-accordion-title sow-accordion-title-icon-left\">\n\t\t\t\t\t\t\t\t\t\t\t\t\t\tRegulamento\t\t\t\t\t\t\t\t\t\t\t\t\t<\/div>\n\t\t\t\t\t\t<div class=\"sow-accordion-open-close-button\">\n\t\t\t\t\t\t\t<div class=\"sow-accordion-open-button\">\n\t\t\t\t\t\t\t\t<span class=\"sow-icon-ionicons\" data-sow-icon=\"&#xf218;\"\n\t\t \n\t\taria-hidden=\"true\"><\/span>\t\t\t\t\t\t\t<\/div>\n\t\t\t\t\t\t\t<div class=\"sow-accordion-close-button\">\n\t\t\t\t\t\t\t\t<span class=\"sow-icon-ionicons\" data-sow-icon=\"&#xf209;\"\n\t\t \n\t\taria-hidden=\"true\"><\/span>\t\t\t\t\t\t\t<\/div>\n\t\t\t\t\t\t<\/div>\n\t\t\t\t\t<\/div>\n\t\t\t\t<\/div>\n\n\t\t\t<div\n\t\t\t\tclass=\"sow-accordion-panel-content\"\n\t\t\t\trole=\"region\"\n\t\t\t\taria-labelledby=\"accordion-label-regulamento\"\n\t\t\t\tid=\"accordion-content-regulamento\"\n\t\t\t\tstyle=\"display: none;\"\t\t\t>\n\t\t\t\t<div class=\"sow-accordion-panel-border\">\n\t\t\t\t\t<p><strong>Normas para apresenta\u00e7\u00e3o de comunica\u00e7\u00f5es\u00a0<\/strong><\/p>\n<p>Os trabalhos que ser\u00e3o enviados para o 26\u00ba Encontro da ASPHE devem ser, necessariamente, relacionados ao campo da Hist\u00f3ria da Educa\u00e7\u00e3o e devem explicitar objetivos, documenta\u00e7\u00e3o, perspectiva te\u00f3rico-metodol\u00f3gica, per\u00edodo temporal, conclus\u00f5es e refer\u00eancias.<\/p>\n<p>O evento aceitar\u00e1 trabalhos na forma de Comunica\u00e7\u00e3o Oral, os quais devem ser inscritos em sua forma completa. O texto completo deve possuir, <strong>no m\u00ednimo<\/strong>,<strong> 15 p\u00e1ginas<\/strong>,<strong> e no m\u00e1ximo<\/strong>,<strong> 20 p\u00e1ginas<\/strong>, sendo submetidos conforme modelo disponibilizado pela comiss\u00e3o organizadora. <strong>Os autores dever\u00e3o indicar no formul\u00e1rio de inscri\u00e7\u00e3o se desejam publicar o trabalho completo<\/strong> nos Anais do evento, al\u00e9m do resumo que ser\u00e1 inclu\u00eddo no Caderno de Resumos do encontro.<\/p>\n<p>A submiss\u00e3o dos trabalhos ser\u00e1 realizada por meio do <em>site<\/em> do evento (Aba \"Inscri\u00e7\u00f5es\"), somente por um dos autores, mas com as informa\u00e7\u00f5es dos demais no corpo do texto, como se pode conferir no <em>template<\/em>. Os demais autores (<strong>s\u00e3o permitidos at\u00e9 tr\u00eas autores por trabalho<\/strong>) dever\u00e3o ser inscritos pelo mesmo autor que enviar o trabalho, que preencher\u00e1 os dados de todos os autores em um \u00fanico formul\u00e1rio, pelo qual enviar\u00e1 o arquivo do texto. Todos os autores devem pagar a inscri\u00e7\u00e3o e a anuidade \u00e0 Asphe, para poder apresentar o trabalho e publicar nos Anais do evento.<\/p>\n<p><strong>Cada autor poder\u00e1 submeter at\u00e9 dois trabalhos<\/strong> (um como autor e outro como coautor). N\u00e3o \u00e9 preciso pagar a inscri\u00e7\u00e3o novamente ao enviar o segundo trabalho.<\/p>\n<p><strong>Observa\u00e7\u00e3o:<\/strong> N\u00e3o ser\u00e3o aceitos trabalhos enviados fora dos padr\u00f5es exigidos no modelo de artigo do 26\u00ba Encontro da ASPHE.<\/p>\n<p><strong>Crit\u00e9rios de avalia\u00e7\u00e3o<\/strong><\/p>\n<p>A Comiss\u00e3o Cient\u00edfica do 26\u00ba Encontro da ASPHE adotar\u00e1 os seguintes par\u00e2metros para avaliar os textos enviados:<\/p>\n<ul>\n<li>Atendimento das normas de apresenta\u00e7\u00e3o;<\/li>\n<li>Atualidade e relev\u00e2ncia da tem\u00e1tica;<\/li>\n<li>Indica\u00e7\u00e3o clara dos objetivos;<\/li>\n<li>Metodologia da pesquisa;<\/li>\n<li>Discuss\u00e3o te\u00f3rica atualizada;<\/li>\n<li>Adequa\u00e7\u00e3o da bibliografia;<\/li>\n<li>Adequa\u00e7\u00e3o \u00e0s normas da ABNT.<\/li>\n<\/ul>\n\t\t\t\t<\/div>\n\t\t\t<\/div>\n\t\t<\/div>\n\t\t\t<div class=\"sow-accordion-panel\n\t\t\t\t\"\n\t\t\tdata-anchor-id=\"datas-importantes\">\n\t\t\t\t<div class=\"sow-accordion-panel-header-container\" role=\"heading\" aria-level=\"2\">\n\t\t\t\t\t<div class=\"sow-accordion-panel-header\" tabindex=\"0\" role=\"button\" id=\"accordion-label-datas-importantes\" aria-controls=\"accordion-content-datas-importantes\" aria-expanded=\"false\">\n\t\t\t\t\t\t<div class=\"sow-accordion-title sow-accordion-title-icon-left\">\n\t\t\t\t\t\t\t\t\t\t\t\t\t\tDatas importantes\t\t\t\t\t\t\t\t\t\t\t\t\t<\/div>\n\t\t\t\t\t\t<div class=\"sow-accordion-open-close-button\">\n\t\t\t\t\t\t\t<div class=\"sow-accordion-open-button\">\n\t\t\t\t\t\t\t\t<span class=\"sow-icon-ionicons\" data-sow-icon=\"&#xf218;\"\n\t\t \n\t\taria-hidden=\"true\"><\/span>\t\t\t\t\t\t\t<\/div>\n\t\t\t\t\t\t\t<div class=\"sow-accordion-close-button\">\n\t\t\t\t\t\t\t\t<span class=\"sow-icon-ionicons\" data-sow-icon=\"&#xf209;\"\n\t\t \n\t\taria-hidden=\"true\"><\/span>\t\t\t\t\t\t\t<\/div>\n\t\t\t\t\t\t<\/div>\n\t\t\t\t\t<\/div>\n\t\t\t\t<\/div>\n\n\t\t\t<div\n\t\t\t\tclass=\"sow-accordion-panel-content\"\n\t\t\t\trole=\"region\"\n\t\t\t\taria-labelledby=\"accordion-label-datas-importantes\"\n\t\t\t\tid=\"accordion-content-datas-importantes\"\n\t\t\t\tstyle=\"display: none;\"\t\t\t>\n\t\t\t\t<div class=\"sow-accordion-panel-border\">\n\t\t\t\t\t<p><del><span style=\"color: #c82026\"><strong>De 01 de junho a 02 de agosto de 2021<\/strong><\/span><\/del><span style=\"color: #c82026\"><strong>\u00a0 ATEN\u00c7\u00c3O: PRAZO PRORROGADO AT\u00c9 23 DE AGOSTO DE 2021!<\/strong><\/span><\/p>\n<p style=\"padding-left: 40px\">Per\u00edodo para inscri\u00e7\u00e3o e submiss\u00e3o de artigos, na <strong>modalidade de apresentador<\/strong> no evento, por meio de formul\u00e1rio de inscri\u00e7\u00e3o neste <em>site<\/em> (ver \u201cInscri\u00e7\u00f5es&gt; Inscri\u00e7\u00e3o como apresentador\u201d). Os interessados dever\u00e3o atentar para as normas de submiss\u00e3o e o modelo de artigo (<em>template<\/em>). Obs: Para a apresenta\u00e7\u00e3o de trabalho \u00e9 obrigat\u00f3rio o pagamento da taxa de associa\u00e7\u00e3o \u00e0 Asphe - anuidade de 2021 e da inscri\u00e7\u00e3o no evento.<\/p>\n<p><span style=\"color: #c82026\"><strong>De 24 agosto\u00a0a 04 de outubro de 2021<\/strong><\/span><\/p>\n<p style=\"padding-left: 40px\">Per\u00edodo de <strong>avalia\u00e7\u00e3o dos artigos<\/strong> submetidos pela Comiss\u00e3o Cient\u00edfica do evento.<\/p>\n<p><span style=\"color: #c82026\"><strong>At\u00e9 04 de outubro de 2021<\/strong><\/span><\/p>\n<p style=\"padding-left: 40px\">Per\u00edodo para inscri\u00e7\u00e3o de autores interessados em lan\u00e7ar <strong>livros e <em>e-books <\/em><\/strong>(ver \"Programa\u00e7\u00e3o &gt; Lan\u00e7amento de livros\")<\/p>\n<p><span style=\"color: #c82026\"><strong>At\u00e9 11 de outubro de 2021<\/strong><\/span><\/p>\n<p style=\"padding-left: 40px\">Divulga\u00e7\u00e3o das <strong>comunica\u00e7\u00f5es aprovadas<\/strong> no <em>site<\/em> do evento.<\/p>\n<p><span style=\"color: #c82026\"><strong>At\u00e9 03 de novembro de 2021<\/strong><\/span><\/p>\n<p style=\"padding-left: 40px\">Inscri\u00e7\u00e3o na <strong>modalidade de ouvinte<\/strong> por meio de formul\u00e1rio de inscri\u00e7\u00e3o no <em>site<\/em> do evento (ver \u201cInscri\u00e7\u00f5es &gt; Inscri\u00e7\u00e3o como ouvinte\u201d).<\/p>\n<p><span style=\"color: #c82026\"><strong>At\u00e9 03 de novembro de 2021<\/strong><\/span><\/p>\n<p style=\"padding-left: 40px\">Per\u00edodo para <strong>pagamento das taxas de apresenta\u00e7\u00e3o e de associa\u00e7\u00e3o \u00e0 ASPHE<\/strong>, da modalidade de apresentador no evento. Os comprovantes de dep\u00f3sito ou transfer\u00eancia devem ser encaminhados exclusivamente pelo e-mail <a href=\"mailto:26asphe@gmail.com\">26asphe@gmail.com<\/a>.<\/p>\n\t\t\t\t<\/div>\n\t\t\t<\/div>\n\t\t<\/div>\n\t\t\t<div class=\"sow-accordion-panel\n\t\t\t\t\"\n\t\t\tdata-anchor-id=\"valores-de-inscricao-e-anuidades-e-formas-de-pagamento\">\n\t\t\t\t<div class=\"sow-accordion-panel-header-container\" role=\"heading\" aria-level=\"2\">\n\t\t\t\t\t<div class=\"sow-accordion-panel-header\" tabindex=\"0\" role=\"button\" id=\"accordion-label-valores-de-inscri%c3%a7%c3%a3o-e-anuidades-e-formas-de-pagamento\" aria-controls=\"accordion-content-valores-de-inscri%c3%a7%c3%a3o-e-anuidades-e-formas-de-pagamento\" aria-expanded=\"false\">\n\t\t\t\t\t\t<div class=\"sow-accordion-title sow-accordion-title-icon-left\">\n\t\t\t\t\t\t\t\t\t\t\t\t\t\tValores de inscri\u00e7\u00e3o e anuidades e formas de pagamento\t\t\t\t\t\t\t\t\t\t\t\t\t<\/div>\n\t\t\t\t\t\t<div class=\"sow-accordion-open-close-button\">\n\t\t\t\t\t\t\t<div class=\"sow-accordion-open-button\">\n\t\t\t\t\t\t\t\t<span class=\"sow-icon-ionicons\" data-sow-icon=\"&#xf218;\"\n\t\t \n\t\taria-hidden=\"true\"><\/span>\t\t\t\t\t\t\t<\/div>\n\t\t\t\t\t\t\t<div class=\"sow-accordion-close-button\">\n\t\t\t\t\t\t\t\t<span class=\"sow-icon-ionicons\" data-sow-icon=\"&#xf209;\"\n\t\t \n\t\taria-hidden=\"true\"><\/span>\t\t\t\t\t\t\t<\/div>\n\t\t\t\t\t\t<\/div>\n\t\t\t\t\t<\/div>\n\t\t\t\t<\/div>\n\n\t\t\t<div\n\t\t\t\tclass=\"sow-accordion-panel-content\"\n\t\t\t\trole=\"region\"\n\t\t\t\taria-labelledby=\"accordion-label-valores-de-inscri%c3%a7%c3%a3o-e-anuidades-e-formas-de-pagamento\"\n\t\t\t\tid=\"accordion-content-valores-de-inscri%c3%a7%c3%a3o-e-anuidades-e-formas-de-pagamento\"\n\t\t\t\tstyle=\"display: none;\"\t\t\t>\n\t\t\t\t<div class=\"sow-accordion-panel-border\">\n\t\t\t\t\t<p>A inscri\u00e7\u00e3o no evento dever\u00e1 ser efetivada mediante preenchimento do formul\u00e1rio de inscri\u00e7\u00e3o, dispon\u00edvel nos itens \u201cInscri\u00e7\u00e3o de apresentador\u201d e \u201cInscri\u00e7\u00e3o de ouvinte\u201d em \"Inscri\u00e7\u00f5es\".<\/p>\n<ul>\n<li>Para inscrever-se <strong>como ouvinte<\/strong>: inscri\u00e7\u00e3o gratuita.<\/li>\n<li>Para inscrever-se <strong>como apresentador:<\/strong> \u00e9 obrigat\u00f3rio estar associado \u00e0 Asphe, al\u00e9m de pagar o valor da inscri\u00e7\u00e3o.<\/li>\n<li>Os comunicadores ainda n\u00e3o associados dever\u00e3o pagar: o valor da inscri\u00e7\u00e3o + valor da anuidade 2021.<\/li>\n<\/ul>\n<hr \/>\n<hr \/>\n<p><span style=\"color: #c82026\"><strong>INSCRI\u00c7\u00d5ES:<\/strong><\/span><\/p>\n<p><span style=\"color: #c82026\"><strong>Estudantes de Gradua\u00e7\u00e3o\u00a0<\/strong><\/span><\/p>\n<ul>\n<li><strong>Ouvinte:<\/strong> gratuito<\/li>\n<li><strong>Associado com comunica\u00e7\u00e3o<\/strong> (quite com anuidade 2021): R$ 25,00<\/li>\n<\/ul>\n<p><span style=\"color: #c82026\"><strong>Estudantes de P\u00f3s-Gradua\u00e7\u00e3o\u00a0<\/strong><\/span><\/p>\n<ul>\n<li><strong>Ouvinte:<\/strong> gratuito<\/li>\n<li><strong>Associado com comunica\u00e7\u00e3o<\/strong> (quite com anuidade 2021): R$ 40,00<\/li>\n<\/ul>\n<p><span style=\"color: #c82026\"><strong>Profissionais \/ Docentes\u00a0<\/strong><\/span><\/p>\n<ul>\n<li><strong>Ouvinte:<\/strong> gratuito<\/li>\n<li><strong>Associado com comunica\u00e7\u00e3o<\/strong> (quite com anuidade 2021): R$ 50,00<\/li>\n<\/ul>\n<hr \/>\n<hr \/>\n<p><span style=\"color: #c82026\"><strong>ASSOCIA\u00c7\u00c3O NA ASPHE:<\/strong><\/span><\/p>\n<p>Os valores da anuidade referente ao ano de 2021 s\u00e3o os seguintes:<\/p>\n<ul>\n<li>Anuidade para associado estudante de gradua\u00e7\u00e3o e p\u00f3s-gradua\u00e7\u00e3o: R$ 70,00<\/li>\n<li>Anuidade para associado profissional: R$ 150,00<\/li>\n<\/ul>\n<p><strong>Observa\u00e7\u00e3o:<\/strong> tendo em vista o atual contexto e a realiza\u00e7\u00e3o <em>online<\/em> do evento, os valores de inscri\u00e7\u00e3o foram reduzidos para este encontro.<\/p>\n<hr \/>\n<hr \/>\n<p><span style=\"color: #c82026\"><strong>PAGAMENTO DA INSCRI\u00c7\u00c3O NO EVENTO E DA ANUIDADE DA ASPHE 2021:<\/strong><\/span><\/p>\n<p>Os pagamentos (da inscri\u00e7\u00e3o e anuidade da ASPHE 2021) dever\u00e3o ser realizados mediante transfer\u00eancia banc\u00e1ria para a conta descrita abaixo.<br \/>\nEnvie o comprovante de pagamento <strong>at\u00e9 o dia 03 de novembro<\/strong> para o <em>e-mail<\/em>: <a href=\"mailto:26asphe@gmail.com\">26asphe@gmail.com<\/a><\/p>\n<p><strong>Banco do Brasil: <\/strong>001<br \/>\n<strong>Conta Corrente: <\/strong>92.616-7<br \/>\n<strong>Ag\u00eancia: <\/strong>0034-5<br \/>\n<strong>CNPJ: <\/strong>40.056.625\/0001-90<\/p>\n<p>Tamb\u00e9m pode ser feito pagamento via <strong>PIX<\/strong> - <strong>CNPJ: <\/strong>40.056.625\/0001-90<\/p>\n\t\t\t\t<\/div>\n\t\t\t<\/div>\n\t\t<\/div>\n\t\t\t<div class=\"sow-accordion-panel\n\t\t\t\t\"\n\t\t\tdata-anchor-id=\"modelo-de-artigo-template\">\n\t\t\t\t<div class=\"sow-accordion-panel-header-container\" role=\"heading\" aria-level=\"2\">\n\t\t\t\t\t<div class=\"sow-accordion-panel-header\" tabindex=\"0\" role=\"button\" id=\"accordion-label-modelo-de-artigo-template\" aria-controls=\"accordion-content-modelo-de-artigo-template\" aria-expanded=\"false\">\n\t\t\t\t\t\t<div class=\"sow-accordion-title sow-accordion-title-icon-left\">\n\t\t\t\t\t\t\t\t\t\t\t\t\t\tModelo de artigo (template)\t\t\t\t\t\t\t\t\t\t\t\t\t<\/div>\n\t\t\t\t\t\t<div class=\"sow-accordion-open-close-button\">\n\t\t\t\t\t\t\t<div class=\"sow-accordion-open-button\">\n\t\t\t\t\t\t\t\t<span class=\"sow-icon-ionicons\" data-sow-icon=\"&#xf218;\"\n\t\t \n\t\taria-hidden=\"true\"><\/span>\t\t\t\t\t\t\t<\/div>\n\t\t\t\t\t\t\t<div class=\"sow-accordion-close-button\">\n\t\t\t\t\t\t\t\t<span class=\"sow-icon-ionicons\" data-sow-icon=\"&#xf209;\"\n\t\t \n\t\taria-hidden=\"true\"><\/span>\t\t\t\t\t\t\t<\/div>\n\t\t\t\t\t\t<\/div>\n\t\t\t\t\t<\/div>\n\t\t\t\t<\/div>\n\n\t\t\t<div\n\t\t\t\tclass=\"sow-accordion-panel-content\"\n\t\t\t\trole=\"region\"\n\t\t\t\taria-labelledby=\"accordion-label-modelo-de-artigo-template\"\n\t\t\t\tid=\"accordion-content-modelo-de-artigo-template\"\n\t\t\t\tstyle=\"display: none;\"\t\t\t>\n\t\t\t\t<div class=\"sow-accordion-panel-border\">\n\t\t\t\t\t<p>As propostas devem obrigatoriamente ser enviadas de acordo com as normas que constam no modelo de artigo (template) para o 26\u00ba Encontro da Asphe. Aquelas que forem enviadas fora do padr\u00e3o n\u00e3o ser\u00e3o avaliadas pela comiss\u00e3o cient\u00edfica.<\/p>\n<p><a href=\"https:\/\/wp.ufpel.edu.br\/asphe25anos\/files\/2021\/05\/Template_26EncontroASPHE_final.doc\" target=\"_blank\" rel=\"noopener\"><span style=\"color: #c82026\"><strong>Clique aqui para fazer download do arquivo<\/strong><\/span><\/a><\/p>\n\t\t\t\t<\/div>\n\t\t\t<\/div>\n\t\t<\/div>\n\t\t\t<div class=\"sow-accordion-panel\n\t\t\t\t\"\n\t\t\tdata-anchor-id=\"inscricao-como-ouvinte\">\n\t\t\t\t<div class=\"sow-accordion-panel-header-container\" role=\"heading\" aria-level=\"2\">\n\t\t\t\t\t<div class=\"sow-accordion-panel-header\" tabindex=\"0\" role=\"button\" id=\"accordion-label-inscri%c3%a7%c3%a3o-como-ouvinte\" aria-controls=\"accordion-content-inscri%c3%a7%c3%a3o-como-ouvinte\" aria-expanded=\"false\">\n\t\t\t\t\t\t<div class=\"sow-accordion-title sow-accordion-title-icon-left\">\n\t\t\t\t\t\t\t\t\t\t\t\t\t\tInscri\u00e7\u00e3o como ouvinte\t\t\t\t\t\t\t\t\t\t\t\t\t<\/div>\n\t\t\t\t\t\t<div class=\"sow-accordion-open-close-button\">\n\t\t\t\t\t\t\t<div class=\"sow-accordion-open-button\">\n\t\t\t\t\t\t\t\t<span class=\"sow-icon-ionicons\" data-sow-icon=\"&#xf218;\"\n\t\t \n\t\taria-hidden=\"true\"><\/span>\t\t\t\t\t\t\t<\/div>\n\t\t\t\t\t\t\t<div class=\"sow-accordion-close-button\">\n\t\t\t\t\t\t\t\t<span class=\"sow-icon-ionicons\" data-sow-icon=\"&#xf209;\"\n\t\t \n\t\taria-hidden=\"true\"><\/span>\t\t\t\t\t\t\t<\/div>\n\t\t\t\t\t\t<\/div>\n\t\t\t\t\t<\/div>\n\t\t\t\t<\/div>\n\n\t\t\t<div\n\t\t\t\tclass=\"sow-accordion-panel-content\"\n\t\t\t\trole=\"region\"\n\t\t\t\taria-labelledby=\"accordion-label-inscri%c3%a7%c3%a3o-como-ouvinte\"\n\t\t\t\tid=\"accordion-content-inscri%c3%a7%c3%a3o-como-ouvinte\"\n\t\t\t\tstyle=\"display: none;\"\t\t\t>\n\t\t\t\t<div class=\"sow-accordion-panel-border\">\n\t\t\t\t\t<p>Para inscrever-se como <strong>ouvinte<\/strong> no 26\u00ba Encontro da Asphe e receber certifica\u00e7\u00e3o, siga os passos abaixo:<\/p>\n<ul>\n<li>Preencha o Formul\u00e1rio de Inscri\u00e7\u00e3o <strong>at\u00e9 o dia 03\/11\/2021<br \/>\n<\/strong>Link do formul\u00e1rio: <a href=\"https:\/\/forms.gle\/zMPZiZ3ewzgECzjP9\" target=\"_blank\" rel=\"noopener\">https:\/\/forms.gle\/zMPZiZ3ewzgECzjP9<\/a><\/li>\n<\/ul>\n<p>A inscri\u00e7\u00e3o como ouvinte no evento \u00e9 <strong>gratuita<\/strong>.<\/p>\n\t\t\t\t<\/div>\n\t\t\t<\/div>\n\t\t<\/div>\n\t\t\t<div class=\"sow-accordion-panel\n\t\t\t\t\"\n\t\t\tdata-anchor-id=\"inscricao-como-apresentador\">\n\t\t\t\t<div class=\"sow-accordion-panel-header-container\" role=\"heading\" aria-level=\"2\">\n\t\t\t\t\t<div class=\"sow-accordion-panel-header\" tabindex=\"0\" role=\"button\" id=\"accordion-label-inscri%c3%a7%c3%a3o-como-apresentador\" aria-controls=\"accordion-content-inscri%c3%a7%c3%a3o-como-apresentador\" aria-expanded=\"false\">\n\t\t\t\t\t\t<div class=\"sow-accordion-title sow-accordion-title-icon-left\">\n\t\t\t\t\t\t\t\t\t\t\t\t\t\tInscri\u00e7\u00e3o como apresentador\t\t\t\t\t\t\t\t\t\t\t\t\t<\/div>\n\t\t\t\t\t\t<div class=\"sow-accordion-open-close-button\">\n\t\t\t\t\t\t\t<div class=\"sow-accordion-open-button\">\n\t\t\t\t\t\t\t\t<span class=\"sow-icon-ionicons\" data-sow-icon=\"&#xf218;\"\n\t\t \n\t\taria-hidden=\"true\"><\/span>\t\t\t\t\t\t\t<\/div>\n\t\t\t\t\t\t\t<div class=\"sow-accordion-close-button\">\n\t\t\t\t\t\t\t\t<span class=\"sow-icon-ionicons\" data-sow-icon=\"&#xf209;\"\n\t\t \n\t\taria-hidden=\"true\"><\/span>\t\t\t\t\t\t\t<\/div>\n\t\t\t\t\t\t<\/div>\n\t\t\t\t\t<\/div>\n\t\t\t\t<\/div>\n\n\t\t\t<div\n\t\t\t\tclass=\"sow-accordion-panel-content\"\n\t\t\t\trole=\"region\"\n\t\t\t\taria-labelledby=\"accordion-label-inscri%c3%a7%c3%a3o-como-apresentador\"\n\t\t\t\tid=\"accordion-content-inscri%c3%a7%c3%a3o-como-apresentador\"\n\t\t\t\tstyle=\"display: none;\"\t\t\t>\n\t\t\t\t<div class=\"sow-accordion-panel-border\">\n\t\t\t\t\t<p>Para inscri\u00e7\u00e3o de <strong>trabalho para apresenta\u00e7\u00e3o<\/strong> no 26\u00ba Encontro da Asphe, siga os passos abaixo:<\/p>\n<ol>\n<li>Ler atentamente o Regulamento no menu \"Inscri\u00e7\u00f5es &gt; Regulamento\";<\/li>\n<li>Preparar o artigo no formato do <em>template<\/em> do evento;<br \/>\nClique <a href=\"https:\/\/wp.ufpel.edu.br\/asphe25anos\/files\/2021\/05\/Template_26EncontroASPHE_final.doc\" target=\"_blank\" rel=\"noopener\">aqui<\/a> para baixar o <em>template.<\/em><\/li>\n<li>Preencher o Formul\u00e1rio de Inscri\u00e7\u00e3o e anexar o trabalho <strong>at\u00e9 o dia <del>02\/08\/2021 <\/del>PRAZO PRORROGADO AT\u00c9 O DIA 23\/08\/2021<\/strong>;<br \/>\nLink do formul\u00e1rio: <a href=\"https:\/\/forms.gle\/zMPZiZ3ewzgECzjP9\" target=\"_blank\" rel=\"noopener\">https:\/\/forms.gle\/zMPZiZ3ewzgECzjP9<\/a><\/li>\n<li>Realizar o pagamento do valor da inscri\u00e7\u00e3o na sua categoria + valor de anuidade Asphe 2021, por meio de transfer\u00eancia banc\u00e1ria.<\/li>\n<li>Enviar o comprovante do pagamento das taxas <strong>at\u00e9 o dia 03\/11\/2021<\/strong> para o e-mail: <a href=\"mailto:26asphe@gmail.com\" target=\"_blank\" rel=\"noopener\"><strong>26asphe@gmail.com<\/strong><\/a><\/li>\n<\/ol>\n<p><strong>Avisos importantes:<\/strong><\/p>\n<ul>\n<li>N\u00e3o h\u00e1 eixos tem\u00e1ticos pr\u00e9-definidos. Ap\u00f3s a avalia\u00e7\u00e3o dos trabalhos submetidos, os aprovados ser\u00e3o agrupados por temas afins em Sess\u00f5es de Comunica\u00e7\u00e3o espec\u00edficas;<\/li>\n<li>No momento de envio do trabalho n\u00e3o \u00e9 necess\u00e1rio comprovar os pagamentos de inscri\u00e7\u00e3o no evento e de anuidade da Asphe, que ser\u00e3o obrigat\u00f3rios para a participa\u00e7\u00e3o no evento com apresenta\u00e7\u00e3o de trabalho. Ap\u00f3s a libera\u00e7\u00e3o da lista dos trabalhos aprovados, a inscri\u00e7\u00e3o no evento s\u00f3 ser\u00e1 confirmada com o envio do comprovante de pagamento de inscri\u00e7\u00e3o e da associa\u00e7\u00e3o \u00e0 Asphe (anuidade 2021);<\/li>\n<li><strong>No caso do trabalho ser em coautoria, apenas um dos autores deve enviar a proposta para avalia\u00e7\u00e3o e preencher os dados dos demais participantes no ato de inscri\u00e7\u00e3o. Para participa\u00e7\u00e3o no evento, todos os autores devem pagar a inscri\u00e7\u00e3o e associa\u00e7\u00e3o (anuidade 2021) da Asphe<\/strong>;<\/li>\n<li>Os pagamentos (da inscri\u00e7\u00e3o e da associa\u00e7\u00e3o da Asphe - anuidade 2021) dever\u00e3o ser realizados mediante transfer\u00eancia banc\u00e1ria, observando os valores a seguir. Os dados banc\u00e1rios para pagamento ser\u00e3o disponibilizados em breve nesta p\u00e1gina.<\/li>\n<\/ul>\n<p><span style=\"color: #c82026\"><strong>Valores para inscri\u00e7\u00e3o de trabalhos (participa\u00e7\u00e3o no evento + anuidade Asphe 2021):<\/strong><\/span><\/p>\n<p><strong>Estudante de Gradua\u00e7\u00e3o<\/strong><br \/>\nInscri\u00e7\u00e3o com comunica\u00e7\u00e3o: R$ 25,00<br \/>\nAssocia\u00e7\u00e3o \u00e0 Asphe (anuidade 2021): R$ 70,00<\/p>\n<p><strong>Estudante de P\u00f3s-Gradua\u00e7\u00e3o<\/strong><br \/>\nInscri\u00e7\u00e3o com comunica\u00e7\u00e3o: R$ 40,00<br \/>\nAssocia\u00e7\u00e3o \u00e0 Asphe (anuidade 2021): R$ 70,00<\/p>\n<p><strong>Profissional \/ Docente<\/strong><br \/>\nInscri\u00e7\u00e3o com comunica\u00e7\u00e3o: R$ 50,00<br \/>\nAssocia\u00e7\u00e3o \u00e0 Asphe (anuidade 2021): R$ 150,00<\/p>\n<p><span style=\"color: #c82026\"><strong><br \/>\nPAGAMENTO DA INSCRI\u00c7\u00c3O NO EVENTO E DA ANUIDADE DA ASPHE 2021:<\/strong><\/span><\/p>\n<p>Os pagamentos (da inscri\u00e7\u00e3o e anuidade da ASPHE 2021) dever\u00e3o ser realizados mediante transfer\u00eancia banc\u00e1ria para a conta descrita abaixo.<br \/>\nEnvie o comprovante de pagamento <strong>at\u00e9 o dia 03 de novembro<\/strong> para o <em>e-mail<\/em>: <a href=\"mailto:26asphe@gmail.com\">26asphe@gmail.com<\/a><\/p>\n<p><strong>Banco do Brasil: <\/strong>001<br \/>\n<strong>Conta Corrente: <\/strong>92.616-7<br \/>\n<strong>Ag\u00eancia: <\/strong>0034-5<br \/>\n<strong>CNPJ: <\/strong>40.056.625\/0001-90<\/p>\n<p>Tamb\u00e9m pode ser feito pagamento via <strong>PIX<\/strong> - <strong>CNPJ: <\/strong>40.056.625\/0001-90<\/p>\n\t\t\t\t<\/div>\n\t\t\t<\/div>\n\t\t<\/div>\n\t\t\t<div class=\"sow-accordion-panel\n\t\t\t\t\"\n\t\t\tdata-anchor-id=\"aprovacao-dos-trabalhos\">\n\t\t\t\t<div class=\"sow-accordion-panel-header-container\" role=\"heading\" aria-level=\"2\">\n\t\t\t\t\t<div class=\"sow-accordion-panel-header\" tabindex=\"0\" role=\"button\" id=\"accordion-label-aprova%c3%a7%c3%a3o-dos-trabalhos\" aria-controls=\"accordion-content-aprova%c3%a7%c3%a3o-dos-trabalhos\" aria-expanded=\"false\">\n\t\t\t\t\t\t<div class=\"sow-accordion-title sow-accordion-title-icon-left\">\n\t\t\t\t\t\t\t\t\t\t\t\t\t\tAprova\u00e7\u00e3o dos trabalhos\t\t\t\t\t\t\t\t\t\t\t\t\t<\/div>\n\t\t\t\t\t\t<div class=\"sow-accordion-open-close-button\">\n\t\t\t\t\t\t\t<div class=\"sow-accordion-open-button\">\n\t\t\t\t\t\t\t\t<span class=\"sow-icon-ionicons\" data-sow-icon=\"&#xf218;\"\n\t\t \n\t\taria-hidden=\"true\"><\/span>\t\t\t\t\t\t\t<\/div>\n\t\t\t\t\t\t\t<div class=\"sow-accordion-close-button\">\n\t\t\t\t\t\t\t\t<span class=\"sow-icon-ionicons\" data-sow-icon=\"&#xf209;\"\n\t\t \n\t\taria-hidden=\"true\"><\/span>\t\t\t\t\t\t\t<\/div>\n\t\t\t\t\t\t<\/div>\n\t\t\t\t\t<\/div>\n\t\t\t\t<\/div>\n\n\t\t\t<div\n\t\t\t\tclass=\"sow-accordion-panel-content\"\n\t\t\t\trole=\"region\"\n\t\t\t\taria-labelledby=\"accordion-label-aprova%c3%a7%c3%a3o-dos-trabalhos\"\n\t\t\t\tid=\"accordion-content-aprova%c3%a7%c3%a3o-dos-trabalhos\"\n\t\t\t\tstyle=\"display: none;\"\t\t\t>\n\t\t\t\t<div class=\"sow-accordion-panel-border\">\n\t\t\t\t\t<p>Confira a lista dos trabalhos aprovados para apresenta\u00e7\u00e3o no 26\u00ba Encontro da Asphe, dispon\u00edvel em: <a href=\"https:\/\/wp.ufpel.edu.br\/asphe25anos\/2021\/10\/09\/comunicacoes-aprovadas\/\" target=\"_blank\" rel=\"noopener\">https:\/\/wp.ufpel.edu.br\/asphe25anos\/2021\/10\/09\/comunicacoes-aprovadas\/<\/a><\/p>\n<p>Tamb\u00e9m \u00e9 poss\u00edvel ver a lista nas \"\u00daltimas noticias\" na tela de abertura do <em>site<\/em> e em \"Comunica\u00e7\u00f5es\", dentro da \"Programa\u00e7\u00e3o\".<\/p>\n\t\t\t\t<\/div>\n\t\t\t<\/div>\n\t\t<\/div>\n\t\t<\/div>\n<\/div>\n<\/div><\/div><\/div><\/div><\/div>","protected":false},"excerpt":{"rendered":"<p> [&hellip;]<\/p>\n","protected":false},"author":928,"featured_media":0,"parent":0,"menu_order":0,"comment_status":"closed","ping_status":"closed","template":"","meta":{"footnotes":""},"class_list":["post-31","page","type-page","status-publish","hentry","post"],"jetpack_sharing_enabled":true,"_links":{"self":[{"href":"https:\/\/wp.ufpel.edu.br\/asphe25anos\/wp-json\/wp\/v2\/pages\/31","targetHints":{"allow":["GET"]}}],"collection":[{"href":"https:\/\/wp.ufpel.edu.br\/asphe25anos\/wp-json\/wp\/v2\/pages"}],"about":[{"href":"https:\/\/wp.ufpel.edu.br\/asphe25anos\/wp-json\/wp\/v2\/types\/page"}],"author":[{"embeddable":true,"href":"https:\/\/wp.ufpel.edu.br\/asphe25anos\/wp-json\/wp\/v2\/users\/928"}],"replies":[{"embeddable":true,"href":"https:\/\/wp.ufpel.edu.br\/asphe25anos\/wp-json\/wp\/v2\/comments?post=31"}],"version-history":[{"count":49,"href":"https:\/\/wp.ufpel.edu.br\/asphe25anos\/wp-json\/wp\/v2\/pages\/31\/revisions"}],"predecessor-version":[{"id":702,"href":"https:\/\/wp.ufpel.edu.br\/asphe25anos\/wp-json\/wp\/v2\/pages\/31\/revisions\/702"}],"wp:attachment":[{"href":"https:\/\/wp.ufpel.edu.br\/asphe25anos\/wp-json\/wp\/v2\/media?parent=31"}],"curies":[{"name":"wp","href":"https:\/\/api.w.org\/{rel}","templated":true}]}}