{"id":294,"date":"2021-05-26T12:13:42","date_gmt":"2021-05-26T15:13:42","guid":{"rendered":"https:\/\/wp.ufpel.edu.br\/asphe25anos\/?page_id=294"},"modified":"2021-10-16T18:39:23","modified_gmt":"2021-10-16T21:39:23","slug":"palestras","status":"publish","type":"page","link":"https:\/\/wp.ufpel.edu.br\/asphe25anos\/programacao\/palestras\/","title":{"rendered":"Palestra"},"content":{"rendered":"<div id=\"pl-294\"  class=\"panel-layout\" ><div id=\"pg-294-0\"  class=\"panel-grid panel-no-style\" ><div id=\"pgc-294-0-0\"  class=\"panel-grid-cell\" ><div id=\"panel-294-0-0-0\" class=\"so-panel widget widget_sow-editor panel-first-child panel-last-child\" data-index=\"0\" ><div\n\t\t\t\n\t\t\tclass=\"so-widget-sow-editor so-widget-sow-editor-base\"\n\t\t\t\n\t\t>\n<div class=\"siteorigin-widget-tinymce textwidget\">\n\t<p><span style=\"color: #c82026; font-size: 15pt;\"><strong>03\/11\/2021 (quarta-feira)<\/strong><\/span><\/p>\n<p><span style=\"color: #c82026;\"><strong>19h30min - <\/strong><\/span><span style=\"font-size: 12pt; color: #333300;\"><strong>Palestra de abertura<br \/>\n<\/strong><\/span><span style=\"font-size: 15pt; color: #333300;\"><strong>Diana Vidal (USP)<\/strong><\/span><\/p>\n<p style=\"padding-left: 40px;\"><span style=\"font-size: 12pt;\"><strong>T\u00edtulo:<\/strong><span style=\"font-weight: 400;\"><span style=\"font-weight: 400;\"> \"Hist\u00f3ria da Educa\u00e7\u00e3o - trajet\u00f3rias e perspectivas (nacional e internacional)\"<\/span><br \/>\n<\/span><strong>Media\u00e7\u00e3o:<\/strong> Patricia Weiduschadt (UFPel)<br \/>\n<strong>Transmiss\u00e3o:<\/strong> canal da Asphe no Youtube - <a href=\"https:\/\/www.youtube.com\/watch?v=os1q9SoBI_s\" target=\"_blank\" rel=\"noopener\">Clique aqui para assistir a Palestra<\/a><\/span><\/p>\n<p>&nbsp;<\/p>\n<p><span style=\"color: #c82026; font-size: 14pt;\"><strong>Saiba mais sobre as convidadas:<\/strong><\/span><\/p>\n<hr \/>\n<p><span style=\"color: #c82026;\"><b><a href=\"https:\/\/wp.ufpel.edu.br\/asphe25anos\/2021\/05\/24\/conheca\/x-diana-vidal\/#main\" rel=\"attachment wp-att-545\"><img data-attachment-id=\"545\" data-permalink=\"https:\/\/wp.ufpel.edu.br\/asphe25anos\/2021\/05\/24\/conheca\/x-diana-vidal\/#main\" data-orig-file=\"https:\/\/i0.wp.com\/wp.ufpel.edu.br\/asphe25anos\/files\/2021\/05\/X-Diana-Vidal.png?fit=300%2C300&amp;ssl=1\" data-orig-size=\"300,300\" data-comments-opened=\"0\" data-image-meta=\"{&quot;aperture&quot;:&quot;0&quot;,&quot;credit&quot;:&quot;&quot;,&quot;camera&quot;:&quot;&quot;,&quot;caption&quot;:&quot;&quot;,&quot;created_timestamp&quot;:&quot;0&quot;,&quot;copyright&quot;:&quot;&quot;,&quot;focal_length&quot;:&quot;0&quot;,&quot;iso&quot;:&quot;0&quot;,&quot;shutter_speed&quot;:&quot;0&quot;,&quot;title&quot;:&quot;&quot;,&quot;orientation&quot;:&quot;0&quot;}\" data-image-title=\"Diana Vidal\" data-image-description=\"\" data-image-caption=\"\" data-medium-file=\"https:\/\/i0.wp.com\/wp.ufpel.edu.br\/asphe25anos\/files\/2021\/05\/X-Diana-Vidal.png?fit=300%2C300&amp;ssl=1\" data-large-file=\"https:\/\/i0.wp.com\/wp.ufpel.edu.br\/asphe25anos\/files\/2021\/05\/X-Diana-Vidal.png?fit=300%2C300&amp;ssl=1\" data-recalc-dims=\"1\" loading=\"lazy\" decoding=\"async\" class=\"alignleft wp-image-545\" src=\"https:\/\/i0.wp.com\/wp.ufpel.edu.br\/asphe25anos\/files\/2021\/05\/X-Diana-Vidal.png?resize=195%2C195&#038;ssl=1\" alt=\"\" width=\"195\" height=\"195\" \/><\/a>DIANA GON\u00c7ALVES VIDAL (USP)<\/b><\/span><br \/>\n\u00c9 professora titular em Hist\u00f3ria da Educa\u00e7\u00e3o na Faculdade de Educa\u00e7\u00e3o (USP) (2010), diretora do Instituto de Estudos Brasileiros (USP) (2018-2022), bolsista Produtividade em Pesquisa do CNPq n\u00edvel 1A, membro do Comit\u00ea Executivo da ISCHE (<i>International Standing Conference for the History of Education<\/i>) (2014-2020); membro do comit\u00ea editorial da <i>Global Histories of Education<\/i>, cole\u00e7\u00e3o criada pela ISCHE em colabora\u00e7\u00e3o com a <i>Palgrave Macmillan<\/i>, da qual foi editora-chefe entre 2016 a 2020, e, a partir de 2018, \u00e9 l\u00edder do Projeto Tem\u00e1tico Fapesp \u201cSaberes e pr\u00e1ticas em fronteiras: por uma hist\u00f3ria transnacional da educa\u00e7\u00e3o (1810-...)\u201d (processo nr. 2018\/26699-4). Possui gradua\u00e7\u00e3o em Hist\u00f3ria pela Universidade do Vale do Para\u00edba (1985), mestrado em Hist\u00f3ria pela Universidade Estadual de Campinas (1990), doutorado em Educa\u00e7\u00e3o pela Universidade de S\u00e3o Paulo (1995) e p\u00f3s-doutorado em Educa\u00e7\u00e3o no INRP-Fran\u00e7a (2001) e na Universidade de Santiago de Compostela (2007). Desde 1996, exerce a coordenadoria do N\u00facleo Interdisciplinar de Estudos e Pesquisas em Hist\u00f3ria da Educa\u00e7\u00e3o (Niephe). Tem experi\u00eancia na \u00e1rea de Educa\u00e7\u00e3o, com \u00eanfase em Hist\u00f3ria da Educa\u00e7\u00e3o, atuando principalmente com os seguintes temas: hist\u00f3ria transnacional da educa\u00e7\u00e3o, cultura escolar, escola nova, pr\u00e1ticas escolares de leitura e escrita, historiografia e circula\u00e7\u00e3o internacional de modelos e pr\u00e1ticas pedag\u00f3gicas. Publicou em 2013 seu primeiro livro infantil, intitulado \u201cFlora\u201d. Em 2015, saiu o segundo, \u201cMemel\u201d.<\/p>\n<p>&nbsp;<\/p>\n<hr \/>\n<p><span style=\"color: #c82026;\"><strong><a href=\"https:\/\/wp.ufpel.edu.br\/asphe25anos\/2021\/05\/24\/conheca\/x-patricia-weiduschadt\/#main\" rel=\"attachment wp-att-552\"><img data-attachment-id=\"552\" data-permalink=\"https:\/\/wp.ufpel.edu.br\/asphe25anos\/2021\/05\/24\/conheca\/x-patricia-weiduschadt\/#main\" data-orig-file=\"https:\/\/i0.wp.com\/wp.ufpel.edu.br\/asphe25anos\/files\/2021\/05\/X-Patricia-Weiduschadt.png?fit=300%2C300&amp;ssl=1\" data-orig-size=\"300,300\" data-comments-opened=\"0\" data-image-meta=\"{&quot;aperture&quot;:&quot;0&quot;,&quot;credit&quot;:&quot;&quot;,&quot;camera&quot;:&quot;&quot;,&quot;caption&quot;:&quot;&quot;,&quot;created_timestamp&quot;:&quot;0&quot;,&quot;copyright&quot;:&quot;&quot;,&quot;focal_length&quot;:&quot;0&quot;,&quot;iso&quot;:&quot;0&quot;,&quot;shutter_speed&quot;:&quot;0&quot;,&quot;title&quot;:&quot;&quot;,&quot;orientation&quot;:&quot;0&quot;}\" data-image-title=\"Patricia Weiduschadt\" data-image-description=\"\" data-image-caption=\"\" data-medium-file=\"https:\/\/i0.wp.com\/wp.ufpel.edu.br\/asphe25anos\/files\/2021\/05\/X-Patricia-Weiduschadt.png?fit=300%2C300&amp;ssl=1\" data-large-file=\"https:\/\/i0.wp.com\/wp.ufpel.edu.br\/asphe25anos\/files\/2021\/05\/X-Patricia-Weiduschadt.png?fit=300%2C300&amp;ssl=1\" data-recalc-dims=\"1\" loading=\"lazy\" decoding=\"async\" class=\"alignleft wp-image-552\" src=\"https:\/\/i0.wp.com\/wp.ufpel.edu.br\/asphe25anos\/files\/2021\/05\/X-Patricia-Weiduschadt.png?resize=195%2C195&#038;ssl=1\" alt=\"\" width=\"195\" height=\"195\" \/><\/a>PATR\u00cdCIA WEIDUSCHADT (UFPel)<\/strong><\/span><br \/>\nPossui doutorado em Educa\u00e7\u00e3o, \u00eanfase em Hist\u00f3ria da Educa\u00e7\u00e3o pela Unisinos (2012) e mestrado em Educa\u00e7\u00e3o pela Universidade Federal de Pelotas (2007) na mesma linha. Atualmente atua profissionalmente como Professora Efetiva da Universidade Federal de Pelotas, lotada no Departamento de Fundamentos da Educa\u00e7\u00e3o - Faculdade de Educa\u00e7\u00e3o e como pesquisadora no Programa de P\u00f3s-Gradua\u00e7\u00e3o em Educa\u00e7\u00e3o da mesma unidade, coordenando a Linha de Pesquisa 1 - Filosofia e Hist\u00f3ria da Educa\u00e7\u00e3o. \u00c9 coordenadora do Ceihe (Centro de Estudos e Investiga\u00e7\u00f5es em Hist\u00f3ria da Educa\u00e7\u00e3o) e l\u00edder do grupo Ceihe\/CNPQ\/UFPel. Realizou p\u00f3s-doutorado em Educa\u00e7\u00e3o na Puc\/RS (2018).\u00c9 membro da SBHE e da Asphe, Vice- presidente dessa associa\u00e7\u00e3o gest\u00e3o (2015-2016). Presidente da ASPHE (2017-2019). Vice diretora da Faculdade de Educa\u00e7\u00e3o da Universidade Federal de Pelotas (2019-2020). \u00c9 parecerista ad-hoc de v\u00e1rias revistas no campo da hist\u00f3ria da educa\u00e7\u00e3o, da hist\u00f3ria e da religi\u00e3o. Tem experi\u00eancia na \u00e1rea de Educa\u00e7\u00e3o, com \u00eanfase em Hist\u00f3ria da Educa\u00e7\u00e3o, atuando principalmente nos seguintes temas: fundamentos da educa\u00e7\u00e3o, pomeranos, luteranismo, identidade, mem\u00f3ria, S\u00ednodo de Missouri, escolariza\u00e7\u00e3o \u00e9tnica alem\u00e3 e italiana, escola, educa\u00e7\u00e3o e acervos e institui\u00e7\u00f5es escolares.<\/p>\n<\/div>\n<\/div><\/div><\/div><\/div><\/div>","protected":false},"excerpt":{"rendered":"<p> [&hellip;]<\/p>\n","protected":false},"author":928,"featured_media":0,"parent":28,"menu_order":0,"comment_status":"closed","ping_status":"closed","template":"","meta":{"footnotes":""},"class_list":["post-294","page","type-page","status-publish","hentry","post"],"jetpack_sharing_enabled":true,"_links":{"self":[{"href":"https:\/\/wp.ufpel.edu.br\/asphe25anos\/wp-json\/wp\/v2\/pages\/294","targetHints":{"allow":["GET"]}}],"collection":[{"href":"https:\/\/wp.ufpel.edu.br\/asphe25anos\/wp-json\/wp\/v2\/pages"}],"about":[{"href":"https:\/\/wp.ufpel.edu.br\/asphe25anos\/wp-json\/wp\/v2\/types\/page"}],"author":[{"embeddable":true,"href":"https:\/\/wp.ufpel.edu.br\/asphe25anos\/wp-json\/wp\/v2\/users\/928"}],"replies":[{"embeddable":true,"href":"https:\/\/wp.ufpel.edu.br\/asphe25anos\/wp-json\/wp\/v2\/comments?post=294"}],"version-history":[{"count":22,"href":"https:\/\/wp.ufpel.edu.br\/asphe25anos\/wp-json\/wp\/v2\/pages\/294\/revisions"}],"predecessor-version":[{"id":683,"href":"https:\/\/wp.ufpel.edu.br\/asphe25anos\/wp-json\/wp\/v2\/pages\/294\/revisions\/683"}],"up":[{"embeddable":true,"href":"https:\/\/wp.ufpel.edu.br\/asphe25anos\/wp-json\/wp\/v2\/pages\/28"}],"wp:attachment":[{"href":"https:\/\/wp.ufpel.edu.br\/asphe25anos\/wp-json\/wp\/v2\/media?parent=294"}],"curies":[{"name":"wp","href":"https:\/\/api.w.org\/{rel}","templated":true}]}}