{"id":660,"date":"2020-06-22T15:52:28","date_gmt":"2020-06-22T18:52:28","guid":{"rendered":"https:\/\/wp.ufpel.edu.br\/asala\/?page_id=660"},"modified":"2022-10-19T19:54:17","modified_gmt":"2022-10-19T22:54:17","slug":"noticias","status":"publish","type":"page","link":"https:\/\/wp.ufpel.edu.br\/asala\/noticias\/","title":{"rendered":"Not\u00edcias"},"content":{"rendered":"<p><span style=\"font-size: 14pt; font-family: arial, helvetica, sans-serif;\"><strong><span style=\"color: #800000;\">Formul\u00e1rio para ocupa\u00e7\u00e3o da Galeria A Sala para bancas de TCC e Mestrado<\/span><\/strong><\/span><\/p>\n<p style=\"text-align: justify;\"><span style=\"font-family: arial, helvetica, sans-serif;\">Aten\u00e7\u00e3o! Est\u00e1 aberto o formul\u00e1rio para ocupa\u00e7\u00e3o da Galeria A Sala para bancas de TCC 2 e Mestrado. <\/span><span style=\"font-family: arial, helvetica, sans-serif;\">A Galeria A Sala desempenha um importante papel formativo para discentes de gradua\u00e7\u00e3o e mestrado em artes e, como parte deste compromisso, o projeto de extens\u00e3o \u201cA SALA &#8211; A\u00e7\u00f5es de produ\u00e7\u00e3o e difus\u00e3o cultural\u201d disponibilizar\u00e1 o espa\u00e7o e seu apoio log\u00edstico para a realiza\u00e7\u00e3o das bancas de TCC 2 e defesa de Disserta\u00e7\u00e3o. Toda\/os ter\u00e3o a oportunidade de ocupar a galeria por um turno para ter a experi\u00eancia de montagem e exibi\u00e7\u00e3o de sua obra em um espa\u00e7o expositivo. Como forma de dar oportunidades a toda\/os discentes, as inscri\u00e7\u00f5es ser\u00e3o feitas mediante formul\u00e1rio, j\u00e1 dispon\u00edvel online e aberto at\u00e9 dia 06\/11. As bancas ser\u00e3o realizadas entre 21\/11 e 02\/12.<\/span><\/p>\n<p style=\"text-align: justify;\"><span style=\"font-family: arial, helvetica, sans-serif;\">Link: <a href=\"https:\/\/bit.ly\/inscri\u00e7\u00e3o_bancas_asala\">https:\/\/bit.ly\/inscri\u00e7\u00e3o_bancas_asala<\/a><\/span><\/p>\n","protected":false},"excerpt":{"rendered":"<p>Formul\u00e1rio para ocupa\u00e7\u00e3o da Galeria A Sala para bancas de TCC e Mestrado Aten\u00e7\u00e3o! Est\u00e1 aberto o formul\u00e1rio para ocupa\u00e7\u00e3o da Galeria A Sala para bancas de TCC 2 e Mestrado. A Galeria A Sala desempenha um importante papel formativo&#8230; <a class=\"more-link\" href=\"https:\/\/wp.ufpel.edu.br\/asala\/noticias\/\">Continue lendo &rarr;<\/a><\/p>\n","protected":false},"author":892,"featured_media":917,"parent":0,"menu_order":0,"comment_status":"closed","ping_status":"closed","template":"","meta":{"footnotes":""},"class_list":["post-660","page","type-page","status-publish","has-post-thumbnail","hentry"],"_links":{"self":[{"href":"https:\/\/wp.ufpel.edu.br\/asala\/wp-json\/wp\/v2\/pages\/660","targetHints":{"allow":["GET"]}}],"collection":[{"href":"https:\/\/wp.ufpel.edu.br\/asala\/wp-json\/wp\/v2\/pages"}],"about":[{"href":"https:\/\/wp.ufpel.edu.br\/asala\/wp-json\/wp\/v2\/types\/page"}],"author":[{"embeddable":true,"href":"https:\/\/wp.ufpel.edu.br\/asala\/wp-json\/wp\/v2\/users\/892"}],"replies":[{"embeddable":true,"href":"https:\/\/wp.ufpel.edu.br\/asala\/wp-json\/wp\/v2\/comments?post=660"}],"version-history":[{"count":11,"href":"https:\/\/wp.ufpel.edu.br\/asala\/wp-json\/wp\/v2\/pages\/660\/revisions"}],"predecessor-version":[{"id":916,"href":"https:\/\/wp.ufpel.edu.br\/asala\/wp-json\/wp\/v2\/pages\/660\/revisions\/916"}],"wp:featuredmedia":[{"embeddable":true,"href":"https:\/\/wp.ufpel.edu.br\/asala\/wp-json\/wp\/v2\/media\/917"}],"wp:attachment":[{"href":"https:\/\/wp.ufpel.edu.br\/asala\/wp-json\/wp\/v2\/media?parent=660"}],"curies":[{"name":"wp","href":"https:\/\/api.w.org\/{rel}","templated":true}]}}