{"id":416,"date":"2020-06-20T18:35:15","date_gmt":"2020-06-20T21:35:15","guid":{"rendered":"https:\/\/wp.ufpel.edu.br\/asala\/?page_id=416"},"modified":"2022-10-18T20:45:47","modified_gmt":"2022-10-18T23:45:47","slug":"contato","status":"publish","type":"page","link":"https:\/\/wp.ufpel.edu.br\/asala\/contato\/","title":{"rendered":"Contato"},"content":{"rendered":"<p class=\"font_8\" dir=\"ltr\">Galeria do Centro de Artes da UFPEL.<br \/>\nRua Alberto Rosa,62<br \/>\nPelotas\/RS<br \/>\nCEP 96.010-770.<\/p>\n<p>De segunda a sexta-feira, das 9h \u00e0s 11h30 e das 14h30 \u00e0s 17h30<\/p>\n<p class=\"font_8\" dir=\"ltr\">Tel: (53) 3284-5512<\/p>\n<p class=\"font_8\"><span class=\"wixGuard\">\u200b<\/span><\/p>\n<p class=\"font_8\">Mais Informa\u00e7\u00f5es:<\/p>\n<p class=\"font_8\">Para receber mais informa\u00e7\u00f5es envie um email para galeriaasalaufpel@gmail.com<\/p>\n<p>Facebook:\u00a0<a href=\"https:\/\/www.facebook.com\/asalagaleria\">https:\/\/www.facebook.com\/asalagaleria<\/a><br \/>\nInstagram:\u00a0<a href=\"https:\/\/www.instagram.com\/asalagaleria\/\">https:\/\/www.instagram.com\/asalagaleria\/<\/a><\/p>\n","protected":false},"excerpt":{"rendered":"<p>Galeria do Centro de Artes da UFPEL. Rua Alberto Rosa,62 Pelotas\/RS CEP 96.010-770. De segunda a sexta-feira, das 9h \u00e0s 11h30 e das 14h30 \u00e0s 17h30 Tel: (53) 3284-5512 \u200b Mais Informa\u00e7\u00f5es: Para receber mais informa\u00e7\u00f5es envie um email para&#8230; <a class=\"more-link\" href=\"https:\/\/wp.ufpel.edu.br\/asala\/contato\/\">Continue lendo &rarr;<\/a><\/p>\n","protected":false},"author":892,"featured_media":0,"parent":0,"menu_order":0,"comment_status":"closed","ping_status":"closed","template":"","meta":{"footnotes":""},"class_list":["post-416","page","type-page","status-publish","hentry"],"_links":{"self":[{"href":"https:\/\/wp.ufpel.edu.br\/asala\/wp-json\/wp\/v2\/pages\/416","targetHints":{"allow":["GET"]}}],"collection":[{"href":"https:\/\/wp.ufpel.edu.br\/asala\/wp-json\/wp\/v2\/pages"}],"about":[{"href":"https:\/\/wp.ufpel.edu.br\/asala\/wp-json\/wp\/v2\/types\/page"}],"author":[{"embeddable":true,"href":"https:\/\/wp.ufpel.edu.br\/asala\/wp-json\/wp\/v2\/users\/892"}],"replies":[{"embeddable":true,"href":"https:\/\/wp.ufpel.edu.br\/asala\/wp-json\/wp\/v2\/comments?post=416"}],"version-history":[{"count":4,"href":"https:\/\/wp.ufpel.edu.br\/asala\/wp-json\/wp\/v2\/pages\/416\/revisions"}],"predecessor-version":[{"id":882,"href":"https:\/\/wp.ufpel.edu.br\/asala\/wp-json\/wp\/v2\/pages\/416\/revisions\/882"}],"wp:attachment":[{"href":"https:\/\/wp.ufpel.edu.br\/asala\/wp-json\/wp\/v2\/media?parent=416"}],"curies":[{"name":"wp","href":"https:\/\/api.w.org\/{rel}","templated":true}]}}