{"id":1534,"date":"2018-08-17T12:20:48","date_gmt":"2018-08-17T15:20:48","guid":{"rendered":"https:\/\/wp.ufpel.edu.br\/arwillian\/?page_id=1534"},"modified":"2018-08-20T15:08:47","modified_gmt":"2018-08-20T18:08:47","slug":"laboratorio-de-ensino-de-fisica-i","status":"publish","type":"page","link":"https:\/\/wp.ufpel.edu.br\/arwillian\/disciplinas-3\/laboratorio-de-ensino-de-fisica-i\/","title":{"rendered":"Laborat\u00f3rio de Ensino de F\u00edsica I"},"content":{"rendered":"<p style=\"text-align: center\"><strong><span style=\"color: #800000;font-size: 14pt\">Semestre 2018-2<\/span><\/strong><\/p>\n<p style=\"text-align: center\"><strong>Turma T1<\/strong><\/p>\n<p><span style=\"color: #0000ff\"><a style=\"color: #0000ff\" href=\"https:\/\/wp.ufpel.edu.br\/arwillian\/files\/2018\/08\/LabEnsFis_I_Plano_2018-2_T1_Willian.pdf\" target=\"_blank\" rel=\"noopener\"><strong>Plano de ensino<\/strong><\/a><\/span><\/p>\n<p><span style=\"color: #000000\"><strong>Local:<\/strong> Campus Cap\u00e3o do Le\u00e3o, Pr\u00e9dio 13, Sala 406<\/span><\/p>\n<p><span style=\"color: #000000\"><strong>Hor\u00e1rio:<\/strong> Ter\u00e7a-feira e quinta-feira, das 14:00 \u00e0s 15h:40 min<\/span><\/p>\n<p>&nbsp;<\/p>\n","protected":false},"excerpt":{"rendered":"<p>Semestre 2018-2 Turma T1 Plano de ensino Local: Campus Cap\u00e3o do Le\u00e3o, Pr\u00e9dio 13, Sala 406 Hor\u00e1rio: Ter\u00e7a-feira e quinta-feira, das 14:00 \u00e0s 15h:40 min &nbsp;<\/p>\n","protected":false},"author":223,"featured_media":0,"parent":996,"menu_order":10,"comment_status":"closed","ping_status":"closed","template":"","meta":{"jetpack_post_was_ever_published":false,"footnotes":""},"class_list":["post-1534","page","type-page","status-publish","hentry","nodate","item-wrap"],"jetpack_sharing_enabled":true,"jetpack_shortlink":"https:\/\/wp.me\/P7kHkB-oK","publishpress_future_action":{"enabled":false,"date":"2026-05-16 03:09:43","action":"change-status","newStatus":"draft","terms":[],"taxonomy":"","extraData":[]},"publishpress_future_workflow_manual_trigger":{"enabledWorkflows":[]},"_links":{"self":[{"href":"https:\/\/wp.ufpel.edu.br\/arwillian\/wp-json\/wp\/v2\/pages\/1534","targetHints":{"allow":["GET"]}}],"collection":[{"href":"https:\/\/wp.ufpel.edu.br\/arwillian\/wp-json\/wp\/v2\/pages"}],"about":[{"href":"https:\/\/wp.ufpel.edu.br\/arwillian\/wp-json\/wp\/v2\/types\/page"}],"author":[{"embeddable":true,"href":"https:\/\/wp.ufpel.edu.br\/arwillian\/wp-json\/wp\/v2\/users\/223"}],"replies":[{"embeddable":true,"href":"https:\/\/wp.ufpel.edu.br\/arwillian\/wp-json\/wp\/v2\/comments?post=1534"}],"version-history":[{"count":6,"href":"https:\/\/wp.ufpel.edu.br\/arwillian\/wp-json\/wp\/v2\/pages\/1534\/revisions"}],"predecessor-version":[{"id":1543,"href":"https:\/\/wp.ufpel.edu.br\/arwillian\/wp-json\/wp\/v2\/pages\/1534\/revisions\/1543"}],"up":[{"embeddable":true,"href":"https:\/\/wp.ufpel.edu.br\/arwillian\/wp-json\/wp\/v2\/pages\/996"}],"wp:attachment":[{"href":"https:\/\/wp.ufpel.edu.br\/arwillian\/wp-json\/wp\/v2\/media?parent=1534"}],"curies":[{"name":"wp","href":"https:\/\/api.w.org\/{rel}","templated":true}]}}