{"id":1472,"date":"2018-04-06T10:32:02","date_gmt":"2018-04-06T13:32:02","guid":{"rendered":"https:\/\/wp.ufpel.edu.br\/arwillian\/?page_id=1472"},"modified":"2018-04-06T10:34:34","modified_gmt":"2018-04-06T13:34:34","slug":"fisica-experimental-iv","status":"publish","type":"page","link":"https:\/\/wp.ufpel.edu.br\/arwillian\/disciplinas-3\/fisica-experimental-iv\/","title":{"rendered":"F\u00edsica Experimental IV"},"content":{"rendered":"<h4 style=\"text-align: center\"><strong><span style=\"color: #800000\">SEMESTRE 2018-1<\/span><\/strong><\/h4>\n<p>&nbsp;<\/p>\n<p><strong><a href=\"https:\/\/wp.ufpel.edu.br\/arwillian\/files\/2018\/04\/Fisica_Experimental_IV_Plano_2018-1_P1_Willian.pdf\">PLANO DE ENSINO<\/a><\/strong><\/p>\n<p><strong><a href=\"https:\/\/wp.ufpel.edu.br\/arwillian\/files\/2015\/07\/Modelo-de-Relato\u0301rio.docx\">MODELO DE RELAT\u00d3RIO<\/a>:<\/strong> Todos os relat\u00f3rios dever\u00e3o ser entregues <strong>IMPRESSOS<\/strong> seguindo o modelo anexado.<\/p>\n<p>NOTAS DOS RELAT\u00d3RIOS: Ser\u00e3o inclu\u00eddas no <a href=\"https:\/\/cobalto.ufpel.edu.br\/dashboard\/\">COBALTO<\/a>.<\/p>\n","protected":false},"excerpt":{"rendered":"<p>SEMESTRE 2018-1 &nbsp; PLANO DE ENSINO MODELO DE RELAT\u00d3RIO: Todos os relat\u00f3rios dever\u00e3o ser entregues IMPRESSOS seguindo o modelo anexado. NOTAS DOS RELAT\u00d3RIOS: Ser\u00e3o inclu\u00eddas no COBALTO.<\/p>\n","protected":false},"author":223,"featured_media":0,"parent":996,"menu_order":0,"comment_status":"closed","ping_status":"closed","template":"","meta":{"jetpack_post_was_ever_published":false,"footnotes":""},"class_list":["post-1472","page","type-page","status-publish","hentry","nodate","item-wrap"],"jetpack_sharing_enabled":true,"jetpack_shortlink":"https:\/\/wp.me\/P7kHkB-nK","publishpress_future_action":{"enabled":false,"date":"2026-04-23 18:29:20","action":"change-status","newStatus":"draft","terms":[],"taxonomy":"","extraData":[]},"publishpress_future_workflow_manual_trigger":{"enabledWorkflows":[]},"_links":{"self":[{"href":"https:\/\/wp.ufpel.edu.br\/arwillian\/wp-json\/wp\/v2\/pages\/1472","targetHints":{"allow":["GET"]}}],"collection":[{"href":"https:\/\/wp.ufpel.edu.br\/arwillian\/wp-json\/wp\/v2\/pages"}],"about":[{"href":"https:\/\/wp.ufpel.edu.br\/arwillian\/wp-json\/wp\/v2\/types\/page"}],"author":[{"embeddable":true,"href":"https:\/\/wp.ufpel.edu.br\/arwillian\/wp-json\/wp\/v2\/users\/223"}],"replies":[{"embeddable":true,"href":"https:\/\/wp.ufpel.edu.br\/arwillian\/wp-json\/wp\/v2\/comments?post=1472"}],"version-history":[{"count":3,"href":"https:\/\/wp.ufpel.edu.br\/arwillian\/wp-json\/wp\/v2\/pages\/1472\/revisions"}],"predecessor-version":[{"id":1476,"href":"https:\/\/wp.ufpel.edu.br\/arwillian\/wp-json\/wp\/v2\/pages\/1472\/revisions\/1476"}],"up":[{"embeddable":true,"href":"https:\/\/wp.ufpel.edu.br\/arwillian\/wp-json\/wp\/v2\/pages\/996"}],"wp:attachment":[{"href":"https:\/\/wp.ufpel.edu.br\/arwillian\/wp-json\/wp\/v2\/media?parent=1472"}],"curies":[{"name":"wp","href":"https:\/\/api.w.org\/{rel}","templated":true}]}}