{"id":1398,"date":"2017-11-09T15:55:53","date_gmt":"2017-11-09T17:55:53","guid":{"rendered":"https:\/\/wp.ufpel.edu.br\/arwillian\/?page_id=1398"},"modified":"2020-03-19T21:13:00","modified_gmt":"2020-03-20T00:13:00","slug":"fisica-11090023","status":"publish","type":"page","link":"https:\/\/wp.ufpel.edu.br\/arwillian\/disciplinas-3\/fisica-11090023\/","title":{"rendered":"F\u00edsica 11090023"},"content":{"rendered":"<h4 style=\"text-align: center\"><strong><span style=\"color: #ff0000\">SEMESTRE 2020-1<\/span><\/strong><\/h4>\n<p>&nbsp;<\/p>\n<p><span style=\"color: #000000\"><strong>HOR\u00c1RIOS E LOCAL:<\/strong><\/span><\/p>\n<p><span style=\"color: #000000\"><span style=\"color: #800000\"><strong>Turma T2 &#8211; Agronomia:<\/strong><\/span> Segunda-feira (das 14h:00min \u00e0s 15h:40min) e Sexta-feira (das 08h:00min \u00e0s 09h:40min). Local: Campus Cap\u00e3o do Le\u00e3o, Pr\u00e9dio 05, Sala 209.<\/span><\/p>\n<p><span style=\"color: #000000\"><strong><span style=\"color: #800000\">Turma T6 &#8211; Ci\u00eancias Biol\u00f3gicas:<\/span><\/strong> Segunda-feira das 08h:00min \u00e0s 09h:40min e das 10h:00min \u00e0s 11h:40min. Local: Aul\u00e1rio do Campus Cap\u00e3o do Le\u00e3o, Sala 02.<\/span><\/p>\n<p>&nbsp;<\/p>\n<p><span style=\"color: #0000ff\"><strong><span style=\"color: #000000\">PLANO DE ENSINO:<\/span> \u00a0 \u00a0 \u00a0 TURMA T2 \u00a0 \u00a0 \u00a0 \u00a0 \u00a0 \u00a0 \u00a0 \u00a0\u00a0 TURMA T6<\/strong><\/span><\/p>\n<p>&nbsp;<\/p>\n<p><span style=\"color: #0000ff\"><a style=\"color: #0000ff\" href=\"https:\/\/wp.ufpel.edu.br\/depfis\/disciplinas-virtuais\/\" target=\"_blank\" rel=\"noopener noreferrer\"><strong>LISTAS DE EXERC\u00cdCIOS AQU\u00cd:<\/strong><span style=\"color: #000000\"> Para ambas as turmas, todas as provas ter\u00e3o como base as listas de exerc\u00edcios.<\/span><\/a><\/span><\/p>\n<p><span style=\"color: #800000\"><strong>Livro principal:<\/strong><\/span>\u00a0<span style=\"color: #000000\">HALLIDAY, RESNICK, Fundamentos de F\u00edsica, volumes I e II: 8<sup>a<\/sup>, 9<sup>a<\/sup> ou 10<sup>a<\/sup> Edi\u00e7\u00e3o.<\/span><\/p>\n<p>&nbsp;<\/p>\n<p style=\"text-align: center\"><span style=\"color: #0000ff;font-size: 14pt\"><strong>CRONOGRAMA DAS PROVAS: <span style=\"color: #ff0000\">Todas as datas ser\u00e3o redefinidas<\/span><\/strong><\/span><\/p>\n<p style=\"text-align: center\"><span style=\"color: #800000\"><strong>TURMA T2 &#8211; Agronomia<\/strong><\/span><\/p>\n<table style=\"border-collapse: collapse;width: 100%\" border=\"1\">\n<tbody>\n<tr style=\"height: 39px\">\n<td style=\"border-style: double;border-color: #161154;width: 56%;height: 37px;text-align: center\"><span style=\"color: #000000\"><strong>Avalia\u00e7\u00e3o escrita<\/strong><\/span><\/td>\n<td style=\"border-style: double;border-color: #161154;width: 31.06%;height: 37px;text-align: center\"><span style=\"color: #000000\"><strong>Data<\/strong><\/span><\/td>\n<\/tr>\n<tr style=\"height: 39px\">\n<td style=\"border-style: double;border-color: #161154;width: 56%;height: 39px\"><span style=\"color: #000000\"><strong>Primeira prova: \u00a0 \u00a0 \u00a0 \u00a0<\/strong><strong><br \/>\n<\/strong><\/span><\/td>\n<td style=\"border-style: double;border-color: #161154;width: 31.06%;height: 39px;text-align: center\"><span style=\"color: #000000\"><b>&#8212;<\/b><\/span><\/td>\n<\/tr>\n<tr style=\"height: 39px\">\n<td style=\"border-style: double;border-color: #161154;width: 56%;height: 39px\"><span style=\"color: #000000\"><strong>Segunda prova: \u00a0 \u00a0 \u00a0 \u00a0<\/strong><strong><br \/>\n<\/strong><\/span><\/td>\n<td style=\"border-style: double;border-color: #161154;width: 31.06%;height: 39px;text-align: center\"><span style=\"color: #000000\"><b>&#8212;<\/b><\/span><\/td>\n<\/tr>\n<tr style=\"height: 39px\">\n<td style=\"border-style: double;border-color: #161154;width: 56%;height: 39px\"><span style=\"color: #000000\"><strong>Terceira prova: \u00a0 \u00a0 \u00a0 \u00a0\u00a0<\/strong><strong><br \/>\n<\/strong><\/span><\/td>\n<td style=\"border-style: double;border-color: #161154;width: 31.06%;height: 39px;text-align: center\"><span style=\"color: #000000\"><strong>&#8212;<\/strong><\/span><\/td>\n<\/tr>\n<tr style=\"height: 39px\">\n<td style=\"border-style: double;border-color: #161154;width: 56%;height: 39px\"><span style=\"color: #000000\"><strong>Exame<\/strong><\/span><\/td>\n<td style=\"border-style: double;border-color: #161154;width: 31.06%;height: 39px;text-align: center\"><span style=\"color: #000000\"><strong>&#8212;<\/strong><\/span><\/td>\n<\/tr>\n<\/tbody>\n<\/table>\n<p>&nbsp;<\/p>\n<p style=\"text-align: center\"><span style=\"color: #800000\"><strong>TURMA T6 &#8211; Ci\u00eancias Biol\u00f3gicas<\/strong><\/span><\/p>\n<table style=\"height: 203px;border-style: solid;border-color: #000000;width: 748px\" border=\"1\" width=\"747\">\n<tbody>\n<tr style=\"border-style: double\">\n<td style=\"width: 475.984375px;height: 10px;border-style: double;border-color: #000000;text-align: center\"><span style=\"color: #000000\"><strong>Avalia\u00e7\u00e3o escrita<\/strong><\/span><\/td>\n<td style=\"width: 269.03125px;height: 10px;text-align: center;border-style: double;border-color: #000000\"><span style=\"color: #000000\"><strong>Data<\/strong><\/span><\/td>\n<\/tr>\n<tr style=\"border-style: double\">\n<td style=\"width: 475.984375px;height: 39px;border-style: double;border-color: #000000\"><span style=\"color: #000000\"><strong>Primeira prova: \u00a0 \u00a0 \u00a0 \u00a0<\/strong><strong><br \/>\n<\/strong><\/span><\/td>\n<td style=\"width: 269.03125px;height: 39px;text-align: center;border-style: double;border-color: #000000\"><span style=\"color: #000000\"><strong>&#8212;<\/strong><\/span><\/td>\n<\/tr>\n<tr style=\"border-style: double\">\n<td style=\"width: 475.984375px;height: 39px;border-style: double;border-color: #000000\"><span style=\"color: #000000\"><strong>Segunda prova: \u00a0 \u00a0 \u00a0 \u00a0<\/strong><strong><br \/>\n<\/strong><\/span><\/td>\n<td style=\"width: 269.03125px;height: 39px;text-align: center;border-style: double;border-color: #000000\"><span style=\"color: #000000\"><b>&#8212;<\/b><\/span><\/td>\n<\/tr>\n<tr style=\"border-style: double\">\n<td style=\"width: 475.984375px;height: 39px;border-style: double;border-color: #000000\"><span style=\"color: #000000\"><strong>Terceira prova: \u00a0 \u00a0 \u00a0 \u00a0\u00a0<\/strong><strong><br \/>\n<\/strong><\/span><\/td>\n<td style=\"width: 269.03125px;height: 39px;text-align: center;border-style: double;border-color: #000000\"><span style=\"color: #000000\"><strong>&#8212;<\/strong><\/span><\/td>\n<\/tr>\n<tr style=\"border-style: double\">\n<td style=\"width: 475.984375px;height: 39px;border-style: double;border-color: #000000\"><span style=\"color: #000000\"><strong>Exame<\/strong><\/span><\/td>\n<td style=\"width: 269.03125px;height: 39px;text-align: center;border-style: double;border-color: #000000\"><span style=\"color: #000000\"><strong>&#8212;<\/strong><\/span><\/td>\n<\/tr>\n<\/tbody>\n<\/table>\n<p>&nbsp;<\/p>\n","protected":false},"excerpt":{"rendered":"<p>SEMESTRE 2020-1 &nbsp; HOR\u00c1RIOS E LOCAL: Turma T2 &#8211; Agronomia: Segunda-feira (das 14h:00min \u00e0s 15h:40min) e Sexta-feira (das 08h:00min \u00e0s 09h:40min). Local: Campus Cap\u00e3o do Le\u00e3o, Pr\u00e9dio 05, Sala 209. Turma T6 &#8211; Ci\u00eancias Biol\u00f3gicas: Segunda-feira das 08h:00min \u00e0s 09h:40min e das 10h:00min \u00e0s 11h:40min. Local: Aul\u00e1rio do Campus Cap\u00e3o do Le\u00e3o, Sala 02. &nbsp; &hellip; <\/p>\n<p><a class=\"more-link btn\" href=\"https:\/\/wp.ufpel.edu.br\/arwillian\/disciplinas-3\/fisica-11090023\/\">Continue lendo<\/a><\/p>\n","protected":false},"author":223,"featured_media":0,"parent":996,"menu_order":0,"comment_status":"closed","ping_status":"closed","template":"","meta":{"jetpack_post_was_ever_published":false,"footnotes":""},"class_list":["post-1398","page","type-page","status-publish","hentry","nodate","item-wrap"],"jetpack_sharing_enabled":true,"jetpack_shortlink":"https:\/\/wp.me\/P7kHkB-my","publishpress_future_action":{"enabled":false,"date":"2026-04-24 18:44:43","action":"change-status","newStatus":"draft","terms":[],"taxonomy":"","extraData":[]},"publishpress_future_workflow_manual_trigger":{"enabledWorkflows":[]},"_links":{"self":[{"href":"https:\/\/wp.ufpel.edu.br\/arwillian\/wp-json\/wp\/v2\/pages\/1398","targetHints":{"allow":["GET"]}}],"collection":[{"href":"https:\/\/wp.ufpel.edu.br\/arwillian\/wp-json\/wp\/v2\/pages"}],"about":[{"href":"https:\/\/wp.ufpel.edu.br\/arwillian\/wp-json\/wp\/v2\/types\/page"}],"author":[{"embeddable":true,"href":"https:\/\/wp.ufpel.edu.br\/arwillian\/wp-json\/wp\/v2\/users\/223"}],"replies":[{"embeddable":true,"href":"https:\/\/wp.ufpel.edu.br\/arwillian\/wp-json\/wp\/v2\/comments?post=1398"}],"version-history":[{"count":63,"href":"https:\/\/wp.ufpel.edu.br\/arwillian\/wp-json\/wp\/v2\/pages\/1398\/revisions"}],"predecessor-version":[{"id":1693,"href":"https:\/\/wp.ufpel.edu.br\/arwillian\/wp-json\/wp\/v2\/pages\/1398\/revisions\/1693"}],"up":[{"embeddable":true,"href":"https:\/\/wp.ufpel.edu.br\/arwillian\/wp-json\/wp\/v2\/pages\/996"}],"wp:attachment":[{"href":"https:\/\/wp.ufpel.edu.br\/arwillian\/wp-json\/wp\/v2\/media?parent=1398"}],"curies":[{"name":"wp","href":"https:\/\/api.w.org\/{rel}","templated":true}]}}