{"id":1382,"date":"2017-09-22T09:23:48","date_gmt":"2017-09-22T12:23:48","guid":{"rendered":"https:\/\/wp.ufpel.edu.br\/arwillian\/?page_id=1382"},"modified":"2019-08-16T11:50:01","modified_gmt":"2019-08-16T14:50:01","slug":"fisica-experimental-i","status":"publish","type":"page","link":"https:\/\/wp.ufpel.edu.br\/arwillian\/disciplinas-3\/fisica-experimental-i\/","title":{"rendered":"F\u00edsica Experimental I"},"content":{"rendered":"<h4 style=\"text-align: center\"><span style=\"color: #800000\"><strong>SEMESTRE 2019-2<\/strong><\/span><\/h4>\n<p>&nbsp;<\/p>\n<p><a href=\"https:\/\/wp.ufpel.edu.br\/arwillian\/files\/2019\/08\/plano_ensino_2019_2_11090002_P1.pdf\"><strong>PLANO DE ENSINO:<\/strong><\/a>\u00a0Cont\u00e9m as informa\u00e7\u00f5es sobre o desenvolvimento da disciplina durante o semestre.<\/p>\n<p><a href=\"https:\/\/wp.ufpel.edu.br\/arwillian\/files\/2019\/08\/Modelo-de-Relato\u0301rio-FEI.docx\"><strong>MODELO DE RELAT\u00d3RIO:<\/strong><\/a>\u00a0Todos os relat\u00f3rios dever\u00e3o ser entregues\u00a0<strong>IMPRESSOS<\/strong>\u00a0seguindo o modelo anexado.<\/p>\n<p><strong>Notas:<\/strong> Veja sua nota semestral no <a href=\"https:\/\/cobalto.ufpel.edu.br\/dashboard\/\">COBALTO<\/a>.<\/p>\n","protected":false},"excerpt":{"rendered":"<p>SEMESTRE 2019-2 &nbsp; PLANO DE ENSINO:\u00a0Cont\u00e9m as informa\u00e7\u00f5es sobre o desenvolvimento da disciplina durante o semestre. MODELO DE RELAT\u00d3RIO:\u00a0Todos os relat\u00f3rios dever\u00e3o ser entregues\u00a0IMPRESSOS\u00a0seguindo o modelo anexado. Notas: Veja sua nota semestral no COBALTO.<\/p>\n","protected":false},"author":223,"featured_media":0,"parent":996,"menu_order":0,"comment_status":"closed","ping_status":"closed","template":"","meta":{"jetpack_post_was_ever_published":false,"footnotes":""},"class_list":["post-1382","page","type-page","status-publish","hentry","nodate","item-wrap"],"jetpack_sharing_enabled":true,"jetpack_shortlink":"https:\/\/wp.me\/P7kHkB-mi","publishpress_future_action":{"enabled":false,"date":"2026-04-25 02:08:26","action":"change-status","newStatus":"draft","terms":[],"taxonomy":"","extraData":[]},"publishpress_future_workflow_manual_trigger":{"enabledWorkflows":[]},"_links":{"self":[{"href":"https:\/\/wp.ufpel.edu.br\/arwillian\/wp-json\/wp\/v2\/pages\/1382","targetHints":{"allow":["GET"]}}],"collection":[{"href":"https:\/\/wp.ufpel.edu.br\/arwillian\/wp-json\/wp\/v2\/pages"}],"about":[{"href":"https:\/\/wp.ufpel.edu.br\/arwillian\/wp-json\/wp\/v2\/types\/page"}],"author":[{"embeddable":true,"href":"https:\/\/wp.ufpel.edu.br\/arwillian\/wp-json\/wp\/v2\/users\/223"}],"replies":[{"embeddable":true,"href":"https:\/\/wp.ufpel.edu.br\/arwillian\/wp-json\/wp\/v2\/comments?post=1382"}],"version-history":[{"count":5,"href":"https:\/\/wp.ufpel.edu.br\/arwillian\/wp-json\/wp\/v2\/pages\/1382\/revisions"}],"predecessor-version":[{"id":1384,"href":"https:\/\/wp.ufpel.edu.br\/arwillian\/wp-json\/wp\/v2\/pages\/1382\/revisions\/1384"}],"up":[{"embeddable":true,"href":"https:\/\/wp.ufpel.edu.br\/arwillian\/wp-json\/wp\/v2\/pages\/996"}],"wp:attachment":[{"href":"https:\/\/wp.ufpel.edu.br\/arwillian\/wp-json\/wp\/v2\/media?parent=1382"}],"curies":[{"name":"wp","href":"https:\/\/api.w.org\/{rel}","templated":true}]}}