{"id":13,"date":"2012-11-10T15:42:31","date_gmt":"2012-11-10T17:42:31","guid":{"rendered":"https:\/\/wp.ufpel.edu.br\/arwillian\/?page_id=13"},"modified":"2016-03-14T08:44:09","modified_gmt":"2016-03-14T11:44:09","slug":"informacoes-e-contato","status":"publish","type":"page","link":"https:\/\/wp.ufpel.edu.br\/arwillian\/informacoes-e-contato\/","title":{"rendered":"Informa\u00e7\u00f5es e contato"},"content":{"rendered":"<p><strong>Curr\u00edculo:\u00a0<\/strong><a title=\"CV Lattes\" href=\"http:\/\/lattes.cnpq.br\/5874920570806449\" target=\"_blank\">Link para Curr\u00edculo Lattes<\/a>.<\/p>\n<p><strong>Contato<\/strong><\/p>\n<p>Depto. de F\u00edsica &#8211; IFM &#8211; UFPel, Campus Universit\u00e1rio Cap\u00e3o do Le\u00e3o<\/p>\n<p>Sala 327 &#8211; Pr\u00e9dio 5 &#8211; Terceiro Andar<\/p>\n<p>E-mail: arwillian@gmail.com<\/p>\n","protected":false},"excerpt":{"rendered":"<p>Curr\u00edculo:\u00a0Link para Curr\u00edculo Lattes. Contato Depto. de F\u00edsica &#8211; IFM &#8211; UFPel, Campus Universit\u00e1rio Cap\u00e3o do Le\u00e3o Sala 327 &#8211; Pr\u00e9dio 5 &#8211; Terceiro Andar E-mail: arwillian@gmail.com<\/p>\n","protected":false},"author":223,"featured_media":0,"parent":0,"menu_order":1,"comment_status":"closed","ping_status":"closed","template":"","meta":{"jetpack_post_was_ever_published":false,"footnotes":""},"class_list":["post-13","page","type-page","status-publish","hentry","nodate","item-wrap"],"jetpack_sharing_enabled":true,"jetpack_shortlink":"https:\/\/wp.me\/P7kHkB-d","publishpress_future_action":{"enabled":false,"date":"2026-05-16 09:38:46","action":"change-status","newStatus":"draft","terms":[],"taxonomy":"","extraData":[]},"publishpress_future_workflow_manual_trigger":{"enabledWorkflows":[]},"_links":{"self":[{"href":"https:\/\/wp.ufpel.edu.br\/arwillian\/wp-json\/wp\/v2\/pages\/13","targetHints":{"allow":["GET"]}}],"collection":[{"href":"https:\/\/wp.ufpel.edu.br\/arwillian\/wp-json\/wp\/v2\/pages"}],"about":[{"href":"https:\/\/wp.ufpel.edu.br\/arwillian\/wp-json\/wp\/v2\/types\/page"}],"author":[{"embeddable":true,"href":"https:\/\/wp.ufpel.edu.br\/arwillian\/wp-json\/wp\/v2\/users\/223"}],"replies":[{"embeddable":true,"href":"https:\/\/wp.ufpel.edu.br\/arwillian\/wp-json\/wp\/v2\/comments?post=13"}],"version-history":[{"count":22,"href":"https:\/\/wp.ufpel.edu.br\/arwillian\/wp-json\/wp\/v2\/pages\/13\/revisions"}],"predecessor-version":[{"id":1180,"href":"https:\/\/wp.ufpel.edu.br\/arwillian\/wp-json\/wp\/v2\/pages\/13\/revisions\/1180"}],"wp:attachment":[{"href":"https:\/\/wp.ufpel.edu.br\/arwillian\/wp-json\/wp\/v2\/media?parent=13"}],"curies":[{"name":"wp","href":"https:\/\/api.w.org\/{rel}","templated":true}]}}