{"id":1284,"date":"2017-02-20T10:30:47","date_gmt":"2017-02-20T13:30:47","guid":{"rendered":"https:\/\/wp.ufpel.edu.br\/arwillian\/?page_id=1284"},"modified":"2018-11-25T13:25:19","modified_gmt":"2018-11-25T15:25:19","slug":"fisica-basica-i","status":"publish","type":"page","link":"https:\/\/wp.ufpel.edu.br\/arwillian\/disciplinas-3\/fisica-basica-i\/","title":{"rendered":"F\u00edsica B\u00e1sica I"},"content":{"rendered":"<h4 style=\"text-align: center\"><span style=\"font-family: arial,helvetica,sans-serif;font-size: 12pt\"><strong><span style=\"color: #800000\">SEMESTRE 2018-2<\/span><\/strong><\/span><\/h4>\n<p style=\"text-align: center\"><strong>Turma T4<\/strong><\/p>\n<p><span style=\"font-size: 12pt\"><a href=\"https:\/\/wp.ufpel.edu.br\/arwillian\/files\/2018\/08\/Fisica_Basica_I_Plano_2018-2_T4_Willian.pdf\" target=\"_blank\" rel=\"noopener\"><strong>PLANO DE ENSINO: <\/strong><\/a>Cont\u00e9m as informa\u00e7\u00f5es para o desenvolvimento da disciplina durante o semestre.<\/span><\/p>\n<p style=\"text-align: left\"><span style=\"font-size: 12pt\"><a href=\"https:\/\/wp.ufpel.edu.br\/depfis\/fisica-basica-i-0090113\/\" target=\"_blank\" rel=\"noopener\"><strong>LISTAS DE EXERC\u00cdCIOS:<\/strong><\/a>\u00a0Neste link se encontram as listas de exerc\u00edcios do Departamento de F\u00edsica para a disciplina de F\u00edsica B\u00e1sica I. Todas as provas ser\u00e3o baseadas nessas listas<strong><a href=\"https:\/\/wp.ufpel.edu.br\/depfis\/fisica-basica-i-0090113\/\" target=\"_blank\" rel=\"noopener\">.<\/a><br \/>\n<\/strong><\/span><\/p>\n<p><span style=\"font-size: 12pt\"><strong>LOCAL:<\/strong> Sala 308, Campus Anglo<\/span><\/p>\n<p><span style=\"font-size: 12pt\"><strong>HOR\u00c1RIO:<\/strong> Ter\u00e7a-feira e quinta-feira, das 10h:00 \u00e0s 11h:40min<\/span><\/p>\n<p><span style=\"font-size: 12pt\"><strong>Livro principal a ser usado:<\/strong>\u00a0HALLIDAY, RESNICK, Fundamentos de F\u00edsica, vol. 1: Mec\u00e2nica, 8<sup>a<\/sup>\u00a0, 9<sup>a<\/sup>\u00a0ou 10\u00aa Edi\u00e7\u00e3o.<\/span><\/p>\n<p>&nbsp;<\/p>\n<p style=\"text-align: center\"><span style=\"font-family: arial,helvetica,sans-serif;font-size: 12pt\"><strong>CRONOGRAMA DAS PROVAS:<\/strong><\/span><\/p>\n<table style=\"height: 76px;border-style: solid;width: 749px;border-color: #162ade\" width=\"749\">\n<tbody>\n<tr style=\"border-style: solid;border-color: #14316b\">\n<td style=\"border-style: solid;border-color: #161e75;width: 294px\"><span style=\"color: #000000\"><strong><span style=\"font-family: arial, helvetica, sans-serif;font-size: 12pt\">Primeira Prova: Listas 1, 2 e 3<br \/>\n<\/span><\/strong><\/span><\/td>\n<td style=\"border-style: solid;border-color: #161e75;width: 10px\"><span style=\"color: #000000\"><strong><span style=\"font-family: arial, helvetica, sans-serif;font-size: 12pt\">\u00a025\/09\/2018<\/span><\/strong><\/span><\/td>\n<\/tr>\n<tr style=\"border-style: solid;border-color: #14316b\">\n<td style=\"border-style: solid;border-color: #161e75;width: 294px\"><span style=\"color: #000000\"><strong><span style=\"font-family: arial, helvetica, sans-serif;font-size: 12pt\">Segunda Prova: Listas 4, 5, e 6<br \/>\n<\/span><\/strong><\/span><\/td>\n<td style=\"border-style: solid;border-color: #161e75;width: 10px\"><span style=\"color: #000000\"><strong><span style=\"font-family: arial, helvetica, sans-serif;font-size: 12pt\">\u00a030\/10\/2018<\/span><\/strong><\/span><\/td>\n<\/tr>\n<tr style=\"border-style: solid;border-color: #14316b\">\n<td style=\"border-style: solid;border-color: #161e75;width: 294px\"><span style=\"color: #000000\"><strong><span style=\"font-family: arial, helvetica, sans-serif;font-size: 12pt\">Terceira Prova: Listas 7, 8 e 9<br \/>\n<\/span><\/strong><\/span><\/td>\n<td style=\"border-style: solid;border-color: #161e75;width: 10px\"><span style=\"color: #000000\"><strong><span style=\"font-family: arial, helvetica, sans-serif;font-size: 12pt\">\u00a013\/12\/2018<\/span><\/strong><\/span><\/td>\n<\/tr>\n<tr style=\"border-style: solid;border-color: #14316b\">\n<td style=\"border-style: solid;border-color: #161e75;width: 294px\"><span style=\"color: #000000\"><strong>Exame<\/strong><\/span><\/td>\n<td style=\"border-style: solid;border-color: #161e75;width: 10px\"><span style=\"color: #000000\"><strong>20\/12\/2018<\/strong><\/span><\/td>\n<\/tr>\n<\/tbody>\n<\/table>\n<p>&nbsp;<\/p>\n<p><span style=\"font-family: arial,helvetica,sans-serif;font-size: 10pt\"><span style=\"font-size: 12pt\"><strong>NOTAS:<\/strong>\u00a0Poder\u00e3o ser consultadas individualmente no <\/span><a href=\"https:\/\/cobalto.ufpel.edu.br\/\" target=\"_blank\" rel=\"noopener\"><span style=\"font-family: arial, helvetica, sans-serif;font-size: 12pt\">COBALTO<\/span><\/a><\/span><\/p>\n<p>&nbsp;<\/p>\n","protected":false},"excerpt":{"rendered":"<p>SEMESTRE 2018-2 Turma T4 PLANO DE ENSINO: Cont\u00e9m as informa\u00e7\u00f5es para o desenvolvimento da disciplina durante o semestre. LISTAS DE EXERC\u00cdCIOS:\u00a0Neste link se encontram as listas de exerc\u00edcios do Departamento de F\u00edsica para a disciplina de F\u00edsica B\u00e1sica I. Todas as provas ser\u00e3o baseadas nessas listas. LOCAL: Sala 308, Campus Anglo HOR\u00c1RIO: Ter\u00e7a-feira e quinta-feira, &hellip; <\/p>\n<p><a class=\"more-link btn\" href=\"https:\/\/wp.ufpel.edu.br\/arwillian\/disciplinas-3\/fisica-basica-i\/\">Continue lendo<\/a><\/p>\n","protected":false},"author":223,"featured_media":0,"parent":996,"menu_order":0,"comment_status":"closed","ping_status":"closed","template":"","meta":{"jetpack_post_was_ever_published":false,"footnotes":""},"class_list":["post-1284","page","type-page","status-publish","hentry","nodate","item-wrap"],"jetpack_sharing_enabled":true,"jetpack_shortlink":"https:\/\/wp.me\/P7kHkB-kI","publishpress_future_action":{"enabled":false,"date":"2026-04-25 02:08:25","action":"change-status","newStatus":"draft","terms":[],"taxonomy":"","extraData":[]},"publishpress_future_workflow_manual_trigger":{"enabledWorkflows":[]},"_links":{"self":[{"href":"https:\/\/wp.ufpel.edu.br\/arwillian\/wp-json\/wp\/v2\/pages\/1284","targetHints":{"allow":["GET"]}}],"collection":[{"href":"https:\/\/wp.ufpel.edu.br\/arwillian\/wp-json\/wp\/v2\/pages"}],"about":[{"href":"https:\/\/wp.ufpel.edu.br\/arwillian\/wp-json\/wp\/v2\/types\/page"}],"author":[{"embeddable":true,"href":"https:\/\/wp.ufpel.edu.br\/arwillian\/wp-json\/wp\/v2\/users\/223"}],"replies":[{"embeddable":true,"href":"https:\/\/wp.ufpel.edu.br\/arwillian\/wp-json\/wp\/v2\/comments?post=1284"}],"version-history":[{"count":64,"href":"https:\/\/wp.ufpel.edu.br\/arwillian\/wp-json\/wp\/v2\/pages\/1284\/revisions"}],"predecessor-version":[{"id":1555,"href":"https:\/\/wp.ufpel.edu.br\/arwillian\/wp-json\/wp\/v2\/pages\/1284\/revisions\/1555"}],"up":[{"embeddable":true,"href":"https:\/\/wp.ufpel.edu.br\/arwillian\/wp-json\/wp\/v2\/pages\/996"}],"wp:attachment":[{"href":"https:\/\/wp.ufpel.edu.br\/arwillian\/wp-json\/wp\/v2\/media?parent=1284"}],"curies":[{"name":"wp","href":"https:\/\/api.w.org\/{rel}","templated":true}]}}