{"id":1158,"date":"2016-03-13T17:31:57","date_gmt":"2016-03-13T20:31:57","guid":{"rendered":"https:\/\/wp.ufpel.edu.br\/arwillian\/?page_id=1158"},"modified":"2019-08-16T11:55:21","modified_gmt":"2019-08-16T14:55:21","slug":"fisica-experimental-iii","status":"publish","type":"page","link":"https:\/\/wp.ufpel.edu.br\/arwillian\/disciplinas-3\/fisica-experimental-iii\/","title":{"rendered":"F\u00edsica Experimental III"},"content":{"rendered":"<h4 style=\"text-align: center\"><strong><span style=\"color: #800000\">SEMESTRE 2019-2<\/span><\/strong><\/h4>\n<p>&nbsp;<\/p>\n<p><a href=\"https:\/\/wp.ufpel.edu.br\/arwillian\/files\/2019\/08\/plano_ensino_2019_2_11090004_P1.pdf\"><strong>PLANO DE ENSINO<\/strong><\/a><\/p>\n<p><a href=\"https:\/\/wp.ufpel.edu.br\/arwillian\/files\/2019\/08\/Modelo-de-Relato\u0301rio-FEIII.docx\"><strong>MODELO DE RELAT\u00d3RIO:<\/strong><\/a> Todos os relat\u00f3rios dever\u00e3o ser entregues <strong>IMPRESSOS<\/strong> seguindo o modelo anexado.<\/p>\n<p>NOTAS DOS RELAT\u00d3RIOS: Ser\u00e3o inclu\u00eddas no COBALTO.<\/p>\n","protected":false},"excerpt":{"rendered":"<p>SEMESTRE 2019-2 &nbsp; PLANO DE ENSINO MODELO DE RELAT\u00d3RIO: Todos os relat\u00f3rios dever\u00e3o ser entregues IMPRESSOS seguindo o modelo anexado. NOTAS DOS RELAT\u00d3RIOS: Ser\u00e3o inclu\u00eddas no COBALTO.<\/p>\n","protected":false},"author":223,"featured_media":0,"parent":996,"menu_order":0,"comment_status":"closed","ping_status":"closed","template":"","meta":{"jetpack_post_was_ever_published":false,"footnotes":""},"class_list":["post-1158","page","type-page","status-publish","hentry","nodate","item-wrap"],"jetpack_sharing_enabled":true,"jetpack_shortlink":"https:\/\/wp.me\/P7kHkB-iG","publishpress_future_action":{"enabled":false,"date":"2026-04-24 08:13:02","action":"change-status","newStatus":"draft","terms":[],"taxonomy":"","extraData":[]},"publishpress_future_workflow_manual_trigger":{"enabledWorkflows":[]},"_links":{"self":[{"href":"https:\/\/wp.ufpel.edu.br\/arwillian\/wp-json\/wp\/v2\/pages\/1158","targetHints":{"allow":["GET"]}}],"collection":[{"href":"https:\/\/wp.ufpel.edu.br\/arwillian\/wp-json\/wp\/v2\/pages"}],"about":[{"href":"https:\/\/wp.ufpel.edu.br\/arwillian\/wp-json\/wp\/v2\/types\/page"}],"author":[{"embeddable":true,"href":"https:\/\/wp.ufpel.edu.br\/arwillian\/wp-json\/wp\/v2\/users\/223"}],"replies":[{"embeddable":true,"href":"https:\/\/wp.ufpel.edu.br\/arwillian\/wp-json\/wp\/v2\/comments?post=1158"}],"version-history":[{"count":16,"href":"https:\/\/wp.ufpel.edu.br\/arwillian\/wp-json\/wp\/v2\/pages\/1158\/revisions"}],"predecessor-version":[{"id":1627,"href":"https:\/\/wp.ufpel.edu.br\/arwillian\/wp-json\/wp\/v2\/pages\/1158\/revisions\/1627"}],"up":[{"embeddable":true,"href":"https:\/\/wp.ufpel.edu.br\/arwillian\/wp-json\/wp\/v2\/pages\/996"}],"wp:attachment":[{"href":"https:\/\/wp.ufpel.edu.br\/arwillian\/wp-json\/wp\/v2\/media?parent=1158"}],"curies":[{"name":"wp","href":"https:\/\/api.w.org\/{rel}","templated":true}]}}