{"id":10,"date":"2012-11-10T15:40:10","date_gmt":"2012-11-10T17:40:10","guid":{"rendered":"https:\/\/wp.ufpel.edu.br\/arwillian\/?page_id=10"},"modified":"2015-07-24T00:24:13","modified_gmt":"2015-07-24T03:24:13","slug":"producao-cientifica","status":"publish","type":"page","link":"https:\/\/wp.ufpel.edu.br\/arwillian\/producao-cientifica\/","title":{"rendered":"Produ\u00e7\u00e3o Bibliogr\u00e1fica"},"content":{"rendered":"<p><span style=\"font-size: 12pt\"><strong><span style=\"text-decoration: underline;font-family: arial,helvetica,sans-serif\"><span style=\"color: #000080;text-decoration: underline\">Artigos<\/span><span style=\"color: #000080;text-decoration: underline\"> publicados<\/span><\/span><\/strong><\/span><\/p>\n<ol>\n<li><span style=\"font-size: 12pt;font-family: book antiqua,palatino,serif\">Ferromagnetic resonance study of misalignment between anisotropy axes in exchange-biased NiFe\/FeMN\/Co trilayers, <a href=\"http:\/\/dx.doi.org\/10.1063\/1.4875929\" target=\"_blank\">Appl. Phys. Lett. 104, 202403 (2014)<\/a><\/span><\/li>\n<li><span style=\"font-size: 12pt;font-family: book antiqua,palatino,serif\">Ferromagnetic resonance study of sputtered NiFe\/V\/NiFe heterostructures, <a href=\"http:\/\/dx.doi.org\/10.1016\/j.jmmm.2014.10.057\" target=\"_blank\">J. Magn. Magn. Mat. 377, 104 (2014)<\/a><\/span><\/li>\n<li><span style=\"font-size: 12pt;font-family: book antiqua,palatino,serif\">Parallel Ferromagnetic resonance and spin wave excitation in exchange-biased NiFe\/IrMn bilayers, <a href=\"http:\/\/dx.doi.org\/10.1016\/j.physb.2014.05.050\" target=\"_blank\">Phys. B, 450, 167 (2014)<\/a><\/span><\/li>\n<li><span style=\"font-family: book antiqua,palatino,serif;font-size: 12pt\">Ferromagnetic resonance study of structure and relaxation of magnetization in NiFe\/Ru superlattices, <a href=\"http:\/\/dx.doi.org\/10.1016\/j.jmmm.2013.09.033\" target=\"_blank\">J. Magn. Magn. Mat, 350, 100 (2013)<\/a><br \/>\n<\/span><\/li>\n<li><span style=\"font-family: book antiqua,palatino,serif;font-size: 12pt\">Clarifying the roughness and atomic diffusion contributions to the interface broadening in exchange-biased NiFe\/FeMn\/NiFe heterostructures, <a href=\"http:\/\/dx.doi.org\/10.1016\/j.tsf.2013.06.097\" target=\"_blank\">Thin Solid Films, 542, 360 (2013)<\/a><br \/>\n<\/span><\/li>\n<li><span style=\"font-family: book antiqua,palatino,serif;font-size: 12pt\">Exchange anisotropy and antiferromagnetic coupling in NiFe\/FeMn\/Co trilayers, <a href=\"http:\/\/dx.doi.org\/10.1109\/tmag.2013.2259153\" target=\"_blank\">IEEE Transactions on Magnetics, 49, 4530 (2013)<\/a><br \/>\n<\/span><\/li>\n<li><span style=\"font-family: book antiqua,palatino,serif;font-size: 12pt\">Preferential orientation of magnetization and interfacial disorder in Co\/Au multilayers, <a href=\"http:\/\/dx.doi.org\/10.1016\/j.jmmm.2013.05.045\" target=\"_blank\">J. Magn. Magn. Mat. 344, 176 (2013)<\/a><br \/>\n<\/span><\/li>\n<li><span style=\"font-family: book antiqua,palatino,serif;font-size: 12pt\">Analysis of the weak coupling of the IrMn\/Co\/Ru\/NiFe structures by ferromagnetic resonance. <a href=\"http:\/\/dx.doi.org\/10.1063\/1.3569690\" target=\"_blank\">J. Appl. Phys. 109, 083917 (2011)<\/a><\/span><\/li>\n<li><span style=\"font-family: book antiqua,palatino,serif;font-size: 12pt\">Study of the interlayer coupling and its temperature dependence\u00a0in spin valves with Ru and Cu spacers. <a href=\"http:\/\/dx.doi.org\/10.1063\/1.3369276\" target=\"_blank\">J. Appl. Phys. 107, 073909 (2010)<\/a><\/span><\/li>\n<li><span style=\"font-family: book antiqua,palatino,serif;font-size: 12pt\">Study of the interfacial magnetism in the NiO\/NiFe system. <a href=\"http:\/\/dx.doi.org\/10.1016\/j.tsf.2009.09.119\" target=\"_blank\">Thin Solid Films, 518, 4312 (2010)<\/a><\/span><\/li>\n<li><span style=\"font-family: book antiqua,palatino,serif;font-size: 12pt\">Magnetic phases and structural properties in Co\/Ru superlattices. <a href=\"http:\/\/dx.doi.org\/10.1063\/1.3122021\" target=\"_blank\">J. Appl. Phys. 105, 093905 (2009)<\/a><\/span><\/li>\n<li><span style=\"font-family: book antiqua,palatino,serif;font-size: 12pt\">Long-range interaction and induced spin polarization in the spacer of the NiO\/Cu\/NiFe and NiO\/Cr\/NiFe trilayers. <a href=\"http:\/\/iopscience.iop.org\/0022-3727\/42\/13\/135001\/\" target=\"_blank\">J. Phys. D, Appl. Phys. 42, 135001 (2009)<\/a><\/span><\/li>\n<li><span style=\"font-family: book antiqua,palatino,serif;font-size: 12pt\">Magnetization studies in IrMn\/Co\/Ru\/NiFe spin valves with weak interlayer coupling. <a href=\"http:\/\/dx.doi.org\/10.1063\/1.3257113\" target=\"_blank\">J. Appl. Phys. 106, 113903 (2009)<\/a><\/span><\/li>\n<li><span style=\"font-family: book antiqua,palatino,serif;font-size: 12pt\">Oscillations of the ferromagnetic resonance linewidth and magnetic phases in Co\/Ru superlattices. <a href=\"http:\/\/link.aps.org\/doi\/10.1103\/PhysRevB.78.134417\" target=\"_blank\">Phys. Rev. B, 78, 134417 (2008)<\/a><\/span><\/li>\n<li><span style=\"font-family: book antiqua,palatino,serif;font-size: 12pt\">Influence of the insertion of a nano-oxide layer on the interfacial magnetism of the FeMn\/NiFe\/Cu\/NiFe spin valves. <a href=\"http:\/\/dx.doi.org\/10.1063\/1.2724727\" target=\"_blank\">J. Appl. Phys. 101, 103910 (2007)<\/a><\/span><\/li>\n<li><span style=\"font-family: book antiqua,palatino,serif;font-size: 12pt\">Study of the interfacial regions in Fe\/Cr multilayers. <a href=\"http:\/\/dx.doi.org\/10.1063\/1.2786023\" target=\"_blank\">J. Appl. Phys. 102, 073902 (2007)<\/a><\/span><\/li>\n<li><span style=\"font-family: book antiqua,palatino,serif;font-size: 12pt\">Very cheap plastic optical fiber sensors for measurement of displacement without contact. <a href=\"http:\/\/dx.doi.org\/10.1117\/12.527495\" target=\"_blank\">Proc. SPIE, 4829, 986 (2003)<\/a><\/span><\/li>\n<\/ol>\n","protected":false},"excerpt":{"rendered":"<p>Artigos publicados Ferromagnetic resonance study of misalignment between anisotropy axes in exchange-biased NiFe\/FeMN\/Co trilayers, Appl. Phys. Lett. 104, 202403 (2014) Ferromagnetic resonance study of sputtered NiFe\/V\/NiFe heterostructures, J. Magn. Magn. Mat. 377, 104 (2014) Parallel Ferromagnetic resonance and spin wave excitation in exchange-biased NiFe\/IrMn bilayers, Phys. B, 450, 167 (2014) Ferromagnetic resonance study of structure &hellip; <\/p>\n<p><a class=\"more-link btn\" href=\"https:\/\/wp.ufpel.edu.br\/arwillian\/producao-cientifica\/\">Continue lendo<\/a><\/p>\n","protected":false},"author":223,"featured_media":0,"parent":0,"menu_order":3,"comment_status":"closed","ping_status":"closed","template":"","meta":{"jetpack_post_was_ever_published":false,"footnotes":""},"class_list":["post-10","page","type-page","status-publish","hentry","nodate","item-wrap"],"jetpack_sharing_enabled":true,"jetpack_shortlink":"https:\/\/wp.me\/P7kHkB-a","publishpress_future_action":{"enabled":false,"date":"2026-04-23 01:50:29","action":"change-status","newStatus":"draft","terms":[],"taxonomy":"","extraData":[]},"publishpress_future_workflow_manual_trigger":{"enabledWorkflows":[]},"_links":{"self":[{"href":"https:\/\/wp.ufpel.edu.br\/arwillian\/wp-json\/wp\/v2\/pages\/10","targetHints":{"allow":["GET"]}}],"collection":[{"href":"https:\/\/wp.ufpel.edu.br\/arwillian\/wp-json\/wp\/v2\/pages"}],"about":[{"href":"https:\/\/wp.ufpel.edu.br\/arwillian\/wp-json\/wp\/v2\/types\/page"}],"author":[{"embeddable":true,"href":"https:\/\/wp.ufpel.edu.br\/arwillian\/wp-json\/wp\/v2\/users\/223"}],"replies":[{"embeddable":true,"href":"https:\/\/wp.ufpel.edu.br\/arwillian\/wp-json\/wp\/v2\/comments?post=10"}],"version-history":[{"count":59,"href":"https:\/\/wp.ufpel.edu.br\/arwillian\/wp-json\/wp\/v2\/pages\/10\/revisions"}],"predecessor-version":[{"id":1028,"href":"https:\/\/wp.ufpel.edu.br\/arwillian\/wp-json\/wp\/v2\/pages\/10\/revisions\/1028"}],"wp:attachment":[{"href":"https:\/\/wp.ufpel.edu.br\/arwillian\/wp-json\/wp\/v2\/media?parent=10"}],"curies":[{"name":"wp","href":"https:\/\/api.w.org\/{rel}","templated":true}]}}