{"id":974,"date":"2024-07-19T15:20:14","date_gmt":"2024-07-19T18:20:14","guid":{"rendered":"https:\/\/wp.ufpel.edu.br\/artesvisuaislic\/?page_id=974"},"modified":"2024-11-07T18:06:40","modified_gmt":"2024-11-07T21:06:40","slug":"exercicios-domiciliares","status":"publish","type":"page","link":"https:\/\/wp.ufpel.edu.br\/artesvisuaislic\/documentos-e-formularios\/exercicios-domiciliares\/","title":{"rendered":"Exerc\u00edcios Domiciliares"},"content":{"rendered":"<h3 class=\"has-16-undefined-undefined-font-size\"><strong>Defini\u00e7\u00e3o<\/strong><\/h3>\n<p class=\"has-16-undefined-undefined-font-size\">Exerc\u00edcio Domiciliar \u00e9 a possibilidade de substitui\u00e7\u00e3o da frequ\u00eancia \u00e0s aulas por atividades orientadas fora do ambiente acad\u00eamico.<\/p>\n<p class=\"has-16-undefined-undefined-font-size\">\u00c9 permitido substituir a frequ\u00eancia \u00e0s aulas por exerc\u00edcios domiciliares, resguardada a qualidade do trabalho acad\u00eamico, nos seguintes casos:<\/p>\n<p class=\"has-16-undefined-undefined-font-size\">a) \u00e0 aluna gestante que, por ordem m\u00e9dica, esteja impedida de frequentar as atividades acad\u00eamicas;<br \/>\nb) licen\u00e7a maternidade e paternidade, em prazo condizente com a legisla\u00e7\u00e3o vigente;<br \/>\nc) ao discente com afec\u00e7\u00f5es cong\u00eanitas ou adquiridas, infec\u00e7\u00f5es, traumatismos, doen\u00e7as infectocontagiosas ou outras condi\u00e7\u00f5es caracterizadas por incapacidade f\u00edsica, incompat\u00edvel com a frequ\u00eancia normal \u00e0s atividades acad\u00eamicas;<br \/>\nd) ao discente com defici\u00eancia, quando n\u00e3o for poss\u00edvel sua integra\u00e7\u00e3o ao ambiente acad\u00eamico. Neste caso a solicita\u00e7\u00e3o de tratamento excepcional dever\u00e1 ser renovada a cada per\u00edodo letivo, mediante a apresenta\u00e7\u00e3o de laudos m\u00e9dicos.<\/p>\n<p class=\"has-16-undefined-undefined-font-size\">A concess\u00e3o de tratamento excepcional fica condicionada \u00e0 possibilidade de garantia de continuidade do processo did\u00e1tico-pedag\u00f3gico.<\/p>\n<p class=\"has-16-undefined-undefined-font-size\">N\u00e3o ser\u00e1 concedido exerc\u00edcio domiciliar ao discente matriculado em regime especial, e ao discente matriculado nos componentes curriculares que ofere\u00e7am:<\/p>\n<p class=\"has-16-undefined-undefined-font-size\">I \u2013 est\u00e1gio curricular;<br \/>\nII \u2013 pr\u00e1ticas laboratoriais ou ambulatoriais;<br \/>\nIII \u2013 atividades cuja execu\u00e7\u00e3o n\u00e3o possa ocorrer fora do ambiente acad\u00eamico;<br \/>\nIV \u2013 demais atividades cuja natureza seja incompat\u00edvel como exerc\u00edcio domiciliar.<\/p>\n<h3 class=\"has-16-undefined-undefined-font-size\"><strong>Como solicitar<\/strong><\/h3>\n<p class=\"has-16-undefined-undefined-font-size\">A solicita\u00e7\u00e3o deve ser feita via sistema acad\u00eamico, menu: <strong>Aluno &gt; Cadastro &gt; Solicita\u00e7\u00e3o de exerc\u00edcios domiciliares<\/strong>.\u00a0Da seguinte forma:<\/p>\n<p class=\"has-16-undefined-undefined-font-size\">I \u2013\u00a0Deve ser protocolada at\u00e9 o quinto dia posterior ao in\u00edcio da ocorr\u00eancia do fato impeditivo;<br \/>\nII \u2013\u00a0Deve ser informado o motivo e inclu\u00eddo o atestado de sa\u00fade;<br \/>\nIII \u2013\u00a0Deve salvar a solicita\u00e7\u00e3o e acompanhar o resultado pelo Cobalto.<\/p>\n<p class=\"has-16-undefined-undefined-font-size\">No atestado m\u00e9dico\/odontol\u00f3gico deve constar a indica\u00e7\u00e3o do per\u00edodo para realiza\u00e7\u00e3o das atividades em exerc\u00edcios domiciliares, bem como, a especifica\u00e7\u00e3o da quest\u00e3o de sa\u00fade para avalia\u00e7\u00e3o pericial.<\/p>\n<p class=\"has-16-undefined-undefined-font-size\">A per\u00edcia ir\u00e1 registrar o parecer no sistema acad\u00eamico. Com base no parecer da per\u00edcia, o Colegiado do curso, dever\u00e1 avaliar e registrar a possibilidade pedag\u00f3gica de realiza\u00e7\u00e3o das atividades em regime domiciliar.<\/p>\n<p>Na impossibilidade de realiza\u00e7\u00e3o dos exerc\u00edcios domiciliares o colegiado dever\u00e1 encaminhar a recomenda\u00e7\u00e3o de trancamento da matr\u00edcula.<\/p>\n<p>Em caso de deferimento, o professor do componente receber\u00e1 uma mensagem para cadastrar as atividades que dever\u00e3o ser desenvolvidas pelo aluno durante o per\u00edodo de exerc\u00edcios domiciliares.<\/p>\n<h3 class=\"has-16-undefined-undefined-font-size\"><strong>\u00a0<\/strong><strong>Fluxograma<\/strong><\/h3>\n<figure class=\"wp-block-table is-style-stripes\">\n<table>\n<tbody>\n<tr>\n<td>Respons\u00e1vel<\/td>\n<td>Procedimento<\/td>\n<\/tr>\n<tr>\n<td>Discente<\/td>\n<td>\u2013\u00a0Cadastrar a solicita\u00e7\u00e3o de Exerc\u00edcios domiciliares e enviar atestado de sa\u00fade no Cobalto;<br \/>\nMenu: Aluno &gt; Cadastro &gt; Solicita\u00e7\u00e3o de Exerc\u00edcios Domiciliares<\/td>\n<\/tr>\n<tr>\n<td>Per\u00edcia M\u00e9dica<\/td>\n<td>\u2013 Emitir parecer no Cobalto;<br \/>\nMenu: Gest\u00e3o acad\u00eamica &gt; Processos &gt; Solicita\u00e7\u00e3o de Exerc\u00edcios Domiciliares<\/td>\n<\/tr>\n<tr>\n<td>Colegiado de curso<\/td>\n<td>\u2013 Avaliar a condi\u00e7\u00e3o pedag\u00f3gica do exerc\u00edcio domiciliar;<br \/>\n\u2013 Registrar o deferimento ou indeferimento no Cobalto.<br \/>\nMenu: Gest\u00e3o Acad\u00eamica &gt; Processos &gt; Homologar exerc\u00edcios domiciliares<\/td>\n<\/tr>\n<tr>\n<td>Docente<\/td>\n<td>\u2013 Registrar as atividades que dever\u00e3o ser realizadas pelo discente durante o per\u00edodo de Exerc\u00edcios domiciliares.<br \/>\nMenu: Professor &gt; Cadastros &gt; Exerc\u00edcios domiciliares &gt; atividades<\/td>\n<\/tr>\n<tr>\n<td>Discente<\/td>\n<td>\u2013 Verificar as atividades registradas pelo Professor no Cobalto;<br \/>\nMenu: Aluno &gt; Cadastro &gt; Solicita\u00e7\u00e3o de Exerc\u00edcios Domiciliares<\/td>\n<\/tr>\n<tr>\n<td>Docente<\/td>\n<td>\n<p>\u2013\u00a0Nos casos em que n\u00e3o for poss\u00edvel ao docente informar o aproveitamento acad\u00eamico\u00a0 e frequ\u00eancia no fechamento da turma, dever\u00e1 ser informado por meio do FPIN eletr\u00f4nico no Sistema COBALTO.<\/p>\n<p>OBS: N\u00e3o deve ser registrada presen\u00e7a se o aluno n\u00e3o estiver em aula. Na FPIN dever\u00e1 ser preenchido o campo N\u00ba de faltas (conforme registrado no di\u00e1rio de classe); N\u00ba de faltas abonadas (referente ao per\u00edodo do afastamento justificado); e o campo Justificativa (marcar a op\u00e7\u00e3o dispon\u00edvel, nesse caso, exerc\u00edcios domiciliares).<\/td>\n<\/tr>\n<\/tbody>\n<\/table>\n<\/figure>\n<p>_________________________<\/p>\n<h2><strong>EXERC\u00cdCIOS DOMICILIARES &#8211; CALAMIDADE P\u00daBLICA (ENCHENTE) 2024\/1<\/strong><\/h2>\n<p>Modelo enviado pelo COCEPE para declara\u00e7\u00e3o de impedimento de participa\u00e7\u00e3o nas aulas para solicita\u00e7\u00e3o de exerc\u00edcios domiciliares:<\/p>\n<p><a href=\"https:\/\/wp.ufpel.edu.br\/artesvisuaislic\/files\/2024\/07\/Modelo_de_declaracao_de_impedimento-1-2.pdf\">Modelo_de_declaracao_de_impedimento<\/a><\/p>\n","protected":false},"excerpt":{"rendered":"<p>Defini\u00e7\u00e3o Exerc\u00edcio Domiciliar \u00e9 a possibilidade de substitui\u00e7\u00e3o da frequ\u00eancia \u00e0s aulas por atividades orientadas fora do ambiente acad\u00eamico. \u00c9 permitido substituir a frequ\u00eancia \u00e0s aulas por exerc\u00edcios domiciliares, resguardada a qualidade do trabalho acad\u00eamico, nos seguintes casos: a) \u00e0 aluna gestante que, por ordem m\u00e9dica, esteja impedida de frequentar as atividades acad\u00eamicas; b) licen\u00e7a [&hellip;]<\/p>\n","protected":false},"author":977,"featured_media":0,"parent":26,"menu_order":0,"comment_status":"closed","ping_status":"closed","template":"","meta":{"jetpack_post_was_ever_published":false,"footnotes":""},"class_list":["post-974","page","type-page","status-publish","hentry"],"jetpack_sharing_enabled":true,"_links":{"self":[{"href":"https:\/\/wp.ufpel.edu.br\/artesvisuaislic\/wp-json\/wp\/v2\/pages\/974","targetHints":{"allow":["GET"]}}],"collection":[{"href":"https:\/\/wp.ufpel.edu.br\/artesvisuaislic\/wp-json\/wp\/v2\/pages"}],"about":[{"href":"https:\/\/wp.ufpel.edu.br\/artesvisuaislic\/wp-json\/wp\/v2\/types\/page"}],"author":[{"embeddable":true,"href":"https:\/\/wp.ufpel.edu.br\/artesvisuaislic\/wp-json\/wp\/v2\/users\/977"}],"replies":[{"embeddable":true,"href":"https:\/\/wp.ufpel.edu.br\/artesvisuaislic\/wp-json\/wp\/v2\/comments?post=974"}],"version-history":[{"count":3,"href":"https:\/\/wp.ufpel.edu.br\/artesvisuaislic\/wp-json\/wp\/v2\/pages\/974\/revisions"}],"predecessor-version":[{"id":1135,"href":"https:\/\/wp.ufpel.edu.br\/artesvisuaislic\/wp-json\/wp\/v2\/pages\/974\/revisions\/1135"}],"up":[{"embeddable":true,"href":"https:\/\/wp.ufpel.edu.br\/artesvisuaislic\/wp-json\/wp\/v2\/pages\/26"}],"wp:attachment":[{"href":"https:\/\/wp.ufpel.edu.br\/artesvisuaislic\/wp-json\/wp\/v2\/media?parent=974"}],"curies":[{"name":"wp","href":"https:\/\/api.w.org\/{rel}","templated":true}]}}