{"id":54,"date":"2019-12-03T13:35:43","date_gmt":"2019-12-03T16:35:43","guid":{"rendered":"https:\/\/wp.ufpel.edu.br\/artesvisuaislic\/?page_id=54"},"modified":"2021-07-05T14:15:49","modified_gmt":"2021-07-05T17:15:49","slug":"estagios","status":"publish","type":"page","link":"https:\/\/wp.ufpel.edu.br\/artesvisuaislic\/documentos-e-formularios\/estagios\/","title":{"rendered":"Est\u00e1gios"},"content":{"rendered":"<p>O est\u00e1gio na Universidade Federal de Pelotas (UFPel) caracteriza-se como um ato educativo supervisionado, que<br \/>\nvisa ao aprendizado de compet\u00eancias pr\u00f3prias da atividade profissional e \u00e0 contextualiza\u00e7\u00e3o curricular, objetivando o<br \/>\ndesenvolvimento do educando para a vida cidad\u00e3 e para o trabalho.<br \/>\nO est\u00e1gio divide-se em duas modalidades:<\/p>\n<p><strong>&#8211; <a href=\"https:\/\/wp.ufpel.edu.br\/artesvisuaislic\/documentos-e-formularios\/estagios\/estagio-obrigatorio\/\">Est\u00e1gio obrigat\u00f3rio<\/a><\/strong>, que \u00e9 aquele definido como pr\u00e9requisito no projeto pedag\u00f3gico do curso para aprova\u00e7\u00e3o e obten\u00e7\u00e3o de diploma; e<br \/>\n<a href=\"https:\/\/wp.ufpel.edu.br\/artesvisuaislic\/documentos-e-formularios\/estagios\/estagio-nao-obrigatorio\/\"><strong>&#8211; Est\u00e1gio n\u00e3o-obrigat\u00f3rio<\/strong><\/a>, que \u00e9 desenvolvido como atividade opcional, acrescida \u00e0 carga hor\u00e1ria regular e obrigat\u00f3ria.<br \/>\nIndependente da modalidade, o est\u00e1gio n\u00e3o cria v\u00ednculo empregat\u00edcio de qualquer natureza, e somente poder\u00e1 ser realizado em \u00e1rea compat\u00edvel com a desenvolvida no curso no qual o estudante esteja matriculado.<\/p>\n<p>&nbsp;<\/p>\n<p>Saiba mais acessando o Manual de Est\u00e1gios da Universidade Federal de Pelotas:<\/p>\n<p><a href=\"https:\/\/wp.ufpel.edu.br\/artesvisuaisbach\/files\/2021\/07\/Manual-Estagio-na-UFPel.pdf\">Manual Estagio na UFPel<\/a><\/p>\n<p>&nbsp;<\/p>\n","protected":false},"excerpt":{"rendered":"<p>O est\u00e1gio na Universidade Federal de Pelotas (UFPel) caracteriza-se como um ato educativo supervisionado, que visa ao aprendizado de compet\u00eancias pr\u00f3prias da atividade profissional e \u00e0 contextualiza\u00e7\u00e3o curricular, objetivando o desenvolvimento do educando para a vida cidad\u00e3 e para o trabalho. O est\u00e1gio divide-se em duas modalidades: &#8211; Est\u00e1gio obrigat\u00f3rio, que \u00e9 aquele definido como [&hellip;]<\/p>\n","protected":false},"author":977,"featured_media":0,"parent":26,"menu_order":3,"comment_status":"closed","ping_status":"closed","template":"","meta":{"jetpack_post_was_ever_published":false,"footnotes":""},"class_list":["post-54","page","type-page","status-publish","hentry"],"jetpack_sharing_enabled":true,"_links":{"self":[{"href":"https:\/\/wp.ufpel.edu.br\/artesvisuaislic\/wp-json\/wp\/v2\/pages\/54","targetHints":{"allow":["GET"]}}],"collection":[{"href":"https:\/\/wp.ufpel.edu.br\/artesvisuaislic\/wp-json\/wp\/v2\/pages"}],"about":[{"href":"https:\/\/wp.ufpel.edu.br\/artesvisuaislic\/wp-json\/wp\/v2\/types\/page"}],"author":[{"embeddable":true,"href":"https:\/\/wp.ufpel.edu.br\/artesvisuaislic\/wp-json\/wp\/v2\/users\/977"}],"replies":[{"embeddable":true,"href":"https:\/\/wp.ufpel.edu.br\/artesvisuaislic\/wp-json\/wp\/v2\/comments?post=54"}],"version-history":[{"count":6,"href":"https:\/\/wp.ufpel.edu.br\/artesvisuaislic\/wp-json\/wp\/v2\/pages\/54\/revisions"}],"predecessor-version":[{"id":502,"href":"https:\/\/wp.ufpel.edu.br\/artesvisuaislic\/wp-json\/wp\/v2\/pages\/54\/revisions\/502"}],"up":[{"embeddable":true,"href":"https:\/\/wp.ufpel.edu.br\/artesvisuaislic\/wp-json\/wp\/v2\/pages\/26"}],"wp:attachment":[{"href":"https:\/\/wp.ufpel.edu.br\/artesvisuaislic\/wp-json\/wp\/v2\/media?parent=54"}],"curies":[{"name":"wp","href":"https:\/\/api.w.org\/{rel}","templated":true}]}}