{"id":505,"date":"2021-07-05T14:26:52","date_gmt":"2021-07-05T17:26:52","guid":{"rendered":"https:\/\/wp.ufpel.edu.br\/artesvisuaislic\/?page_id=505"},"modified":"2025-02-13T11:46:48","modified_gmt":"2025-02-13T14:46:48","slug":"formacao-complementar","status":"publish","type":"page","link":"https:\/\/wp.ufpel.edu.br\/artesvisuaislic\/curso\/formacao-complementar\/","title":{"rendered":"Forma\u00e7\u00e3o Complementar"},"content":{"rendered":"<h1><strong>VERS\u00c3O CURRICULAR 7 (ingresso de 2022 em diante)<\/strong><\/h1>\n<p>O Projeto Pedag\u00f3gico do Curso da vers\u00e3o curricular n\u00ba7 prev\u00ea, al\u00e9m da carga hor\u00e1ria de disciplinas obrigat\u00f3rias do curr\u00edculo, a realiza\u00e7\u00e3o de<strong> 210h de Forma\u00e7\u00e3o Complementar &#8211; Estudos Integradores (14 cr\u00e9ditos)<\/strong> e <strong>480h de Disciplinas Optativas do curso (32cr)<\/strong>, que s\u00e3o <strong>obrigat\u00f3rias<\/strong> para integraliza\u00e7\u00e3o curricular do aluno.<\/p>\n<p>A forma\u00e7\u00e3o complementar \u00e9 constitu\u00edda por: atividades curriculares extraclasse do tipo participa\u00e7\u00e3o em projetos de pesquisa, extens\u00e3o e ensino, grupos de estudos dirigidos, semin\u00e1rios, exposi\u00e7\u00f5es e eventos, apresenta\u00e7\u00e3o e publica\u00e7\u00e3o de pesquisa em congressos de ensino, extens\u00e3o e inicia\u00e7\u00e3o cient\u00edfica, monitoria, representa\u00e7\u00e3o discente etc. As atividades de forma\u00e7\u00e3o acad\u00eamica de cada estudante dever\u00e3o ser apreciadas e aprovadas pelo Colegiado do Curso contabilizando 210 horas para integraliza\u00e7\u00e3o curricular.<\/p>\n<p>Conforme as Diretrizes Curriculares Nacionais, as Atividades Complementares s\u00e3o componentes curriculares que possibilitam o reconhecimento, por avalia\u00e7\u00e3o, de habilidades, conhecimentos e compet\u00eancias do aluno, inclusive adquiridas fora do ambiente escolar, incluindo a pr\u00e1tica de estudos e atividades independentes, transversais, opcionais, de interdisciplinaridade, especialmente nas rela\u00e7\u00f5es com o mundo do trabalho e com as a\u00e7\u00f5es de extens\u00e3o junto \u00e0 comunidade. As Atividades Complementares se constituem em componentes curriculares enriquecedores e implementadores do pr\u00f3prio perfil do formando, sem que se confundam com est\u00e1gio curricular supervisionado.<br \/>\nPara fins de registro junto \u00e0 Coordena\u00e7\u00e3o de Registros Acad\u00eamicos, ser\u00e3o registradas no curr\u00edculo como \u201cEstudos Integradores\u201d que levar\u00e3o a carga hor\u00e1ria desenvolvida pelos alunos do Cursos de Artes Visuais Licenciatura, cr\u00e9ditos integralizados no momento em que se completar a carga hor\u00e1ria total para elas previstas. Caber\u00e1 ao discente requerer por escrito a aprova\u00e7\u00e3o pr\u00e9via, por parte do Colegiado do Curso, da atividade proposta. Da mesma maneira, o discente dever\u00e1 solicitar a averba\u00e7\u00e3o, por escrito e at\u00e9 no m\u00e1ximo 60 dias ap\u00f3s o t\u00e9rmino da realiza\u00e7\u00e3o da atividade complementar, da carga hor\u00e1ria em seu hist\u00f3rico escolar. Para isso:<\/p>\n<p>I) O discente dever\u00e1 anexar ao seu requerimento os comprovantes cab\u00edveis, podendo o Colegiado recusar a atividade se considerar em desacordo com as atividades previstas.<br \/>\nII) Os documentos que o discente tiver interesse em manter consigo dever\u00e3o ser apresentados em duas vias (original e c\u00f3pia), sendo-lhe o original devolvido imediatamente ap\u00f3s confer\u00eancia da c\u00f3pia. Estudar-se-\u00e1 a possibilidade de entrega dos documentos digitalizados mediante apresenta\u00e7\u00e3o dos originais para confer\u00eancia.<br \/>\nIII) Caber\u00e1 ao Colegiado os encaminhamentos ao CRA de todas as atividades complementares dos discentes, em conson\u00e2ncia com os limites de horas estabelecidos neste regulamento e com as decis\u00f5es do colegiado do Curso de Artes Visuais Licenciatura para os casos omissos neste regulamento.<\/p>\n<p><img data-recalc-dims=\"1\" class=\"alignnone wp-image-941 size-full\" src=\"https:\/\/i0.wp.com\/wp.ufpel.edu.br\/artesvisuaislic\/files\/2023\/09\/estudos-integradores-av-lic-versao-curricular-7.png?resize=687%2C1138&#038;ssl=1\" alt=\"\" width=\"687\" height=\"1138\" srcset=\"https:\/\/i0.wp.com\/wp.ufpel.edu.br\/artesvisuaislic\/files\/2023\/09\/estudos-integradores-av-lic-versao-curricular-7.png?w=687&amp;ssl=1 687w, https:\/\/i0.wp.com\/wp.ufpel.edu.br\/artesvisuaislic\/files\/2023\/09\/estudos-integradores-av-lic-versao-curricular-7.png?resize=241%2C400&amp;ssl=1 241w, https:\/\/i0.wp.com\/wp.ufpel.edu.br\/artesvisuaislic\/files\/2023\/09\/estudos-integradores-av-lic-versao-curricular-7.png?resize=618%2C1024&amp;ssl=1 618w\" sizes=\"(max-width: 687px) 100vw, 687px\" \/><\/p>\n<h1><strong>VERS\u00c3O CURRICULAR 6<\/strong><\/h1>\n<p>O Projeto Pedag\u00f3gico do Curso da vers\u00e3o curricular n\u00ba6 prev\u00ea, al\u00e9m da carga hor\u00e1ria de disciplinas obrigat\u00f3rias do curr\u00edculo, a realiza\u00e7\u00e3o de<strong> 200h de Atividades Complementares<\/strong> e <strong>200h de Forma\u00e7\u00e3o Livre<\/strong>, que s\u00e3o <strong>obrigat\u00f3rias<\/strong> para integraliza\u00e7\u00e3o curricular do aluno.<\/p>\n<p><strong>ATIVIDADES COMPLEMENTARES<\/strong> \u2013 As atividades complementares, de forma\u00e7\u00e3o acad\u00eamica de cada aluno, constituem-se em: atividades curriculares extra-classe do tipo participa\u00e7\u00e3o em projetos de pesquisa, extens\u00e3o ou ensino, grupos de estudos dirigidos, semin\u00e1rios, exposi\u00e7\u00f5es e eventos, apresenta\u00e7\u00e3o e publica\u00e7\u00e3o de pesquisa em congressos de inicia\u00e7\u00e3o cient\u00edfica, monitoria representa\u00e7\u00e3o discente; e atividades respeitantes a disciplinas optativas no \u00e2mbito do Curso de Artes Visuais \u2013 Licenciatura.<br \/>\nAs atividades de forma\u00e7\u00e3o acad\u00eamica de cada aluno dever\u00e3o ser apreciadas e aprovadas pelo Colegiado do Curso podendo vir a contabilizar horas para integraliza\u00e7\u00e3o curricular, que deve somar, no m\u00ednimo, 200 horas, para integraliza\u00e7\u00e3o curricular.<br \/>\nConforme as Diretrizes Curriculares Nacionais, as Atividades Complementares s\u00e3o componentes curriculares que possibilitam o reconhecimento, por avalia\u00e7\u00e3o, de habilidades, conhecimentos e compet\u00eancias do aluno, inclusive adquiridas fora do ambiente escolar, incluindo a pr\u00e1tica de estudos e atividades independentes, transversais, opcionais, de interdisciplinaridade, especialmente nas rela\u00e7\u00f5es com o mundo do trabalho e com as a\u00e7\u00f5es de extens\u00e3o junto \u00e0 comunidade. As Atividades Complementares se constituem componentes curriculares enriquecedores e implementadores do pr\u00f3prio perfil do formando, sem que se confundam com<br \/>\nest\u00e1gio curricular supervisionado.<\/p>\n<p>As Atividades Complementares s\u00e3o obrigat\u00f3rias, devendo ser cumpridas, no m\u00ednimo, duzentas (200) horas no decorrer do curso, como requisito para a cola\u00e7\u00e3o de grau. As atividades s\u00e3o divididas cinco grupos: atividades de ensino, pesquisa, extens\u00e3o, representa\u00e7\u00e3o discente e outras, conforme mostra no Quadro 1.<br \/>\nOs estudantes devem realizar atividades compreendidas em pelo menos dois grupos das atividades complementares mencionadas, independente da carga hor\u00e1ria. O discente poder\u00e1 realizar atividades complementares durante as f\u00e9rias.<br \/>\nO colegiado do Curso de Artes \u2013 modalidade Licenciatura poder\u00e1 alterar ou complementar o quadro das atividades complementares, desde que estas altera\u00e7\u00f5es n\u00e3o tragam preju\u00edzos aos discentes que j\u00e1 realizaram ou est\u00e3o realizando atividades complementares. O colegiado do curso poder\u00e1 exigir novos documentos do aluno interessado, se entender insuficientemente instru\u00eddo o pedido de reconhecimento de Atividades Complementares. Atividades n\u00e3o contempladas no Quadro 1, poder\u00e3o ser avaliadas mediante solicita\u00e7\u00e3o por escrito do aluno, com a respectiva comprova\u00e7\u00e3o.<\/p>\n<p><img data-recalc-dims=\"1\" class=\"alignleft wp-image-507\" src=\"https:\/\/i0.wp.com\/wp.ufpel.edu.br\/artesvisuaislic\/files\/2021\/07\/quadro.png?resize=622%2C786&#038;ssl=1\" alt=\"\" width=\"622\" height=\"786\" \/><\/p>\n<p>&nbsp;<\/p>\n<p>&nbsp;<\/p>\n<p>&nbsp;<\/p>\n<p>&nbsp;<\/p>\n<p>&nbsp;<\/p>\n<p>&nbsp;<\/p>\n<p>&nbsp;<\/p>\n<p>&nbsp;<\/p>\n<p>&nbsp;<\/p>\n<p>&nbsp;<\/p>\n<p>&nbsp;<\/p>\n<p>&nbsp;<\/p>\n<p>&nbsp;<\/p>\n<p>&nbsp;<\/p>\n<p>&nbsp;<\/p>\n<p>&nbsp;<\/p>\n<p>&nbsp;<\/p>\n<p>&nbsp;<\/p>\n<p>&nbsp;<\/p>\n<p>&nbsp;<\/p>\n<p>&nbsp;<\/p>\n<h2><strong>FORMA\u00c7\u00c3O LIVRE (Apenas para vers\u00e3o curricular 6)<\/strong><\/h2>\n<p>O Curso de Artes Visuais \u2013 Licenciatura apresenta como forma\u00e7\u00e3o livre disciplinas realizadas no \u00e2mbito de outros cursos, tendo como crit\u00e9rio b\u00e1sico a relev\u00e2ncia da \u00e1rea pretendida para a forma\u00e7\u00e3o integral do aluno no curso. Tendo em vista o artigo 40 \u00a7 3\u00ba da Resolu\u00e7\u00e3o n\u00ba 14 de 28 de outubro de 2010, cujo texto fomenta que \u201c\u00c9 considerada Forma\u00e7\u00e3o Livre ou Opcional, atendendo ao princ\u00edpio de flexibiliza\u00e7\u00e3o, toda e qualquer atividade curricular cursada pelo discente durante o percurso acad\u00eamico individualizado, que seja ofertada pela pr\u00f3pria Institui\u00e7\u00e3o ou por outra IES, at\u00e9 o limite de 20% da carga hor\u00e1ria total do curso\u201d, compreende-se esta forma\u00e7\u00e3o a partir da perspectiva de formencer maior autonomia ao aluno, visando acompanhar o car\u00e1ter interdisciplinar e transdisciplinar que a Arte assume hoje e de suas rela\u00e7\u00f5es com diferentes \u00e1reas do conhecimento. Em \u00faltima inst\u00e2ncia, a forma\u00e7\u00e3o livre assim concebida obedece a uma das premissas da Universidade que \u00e9 a mobilidade acad\u00eamica.<\/p>\n","protected":false},"excerpt":{"rendered":"<p>VERS\u00c3O CURRICULAR 7 (ingresso de 2022 em diante) O Projeto Pedag\u00f3gico do Curso da vers\u00e3o curricular n\u00ba7 prev\u00ea, al\u00e9m da carga hor\u00e1ria de disciplinas obrigat\u00f3rias do curr\u00edculo, a realiza\u00e7\u00e3o de 210h de Forma\u00e7\u00e3o Complementar &#8211; Estudos Integradores (14 cr\u00e9ditos) e 480h de Disciplinas Optativas do curso (32cr), que s\u00e3o obrigat\u00f3rias para integraliza\u00e7\u00e3o curricular do aluno. [&hellip;]<\/p>\n","protected":false},"author":977,"featured_media":0,"parent":5,"menu_order":4,"comment_status":"closed","ping_status":"closed","template":"","meta":{"jetpack_post_was_ever_published":false,"footnotes":""},"class_list":["post-505","page","type-page","status-publish","hentry"],"jetpack_sharing_enabled":true,"_links":{"self":[{"href":"https:\/\/wp.ufpel.edu.br\/artesvisuaislic\/wp-json\/wp\/v2\/pages\/505","targetHints":{"allow":["GET"]}}],"collection":[{"href":"https:\/\/wp.ufpel.edu.br\/artesvisuaislic\/wp-json\/wp\/v2\/pages"}],"about":[{"href":"https:\/\/wp.ufpel.edu.br\/artesvisuaislic\/wp-json\/wp\/v2\/types\/page"}],"author":[{"embeddable":true,"href":"https:\/\/wp.ufpel.edu.br\/artesvisuaislic\/wp-json\/wp\/v2\/users\/977"}],"replies":[{"embeddable":true,"href":"https:\/\/wp.ufpel.edu.br\/artesvisuaislic\/wp-json\/wp\/v2\/comments?post=505"}],"version-history":[{"count":8,"href":"https:\/\/wp.ufpel.edu.br\/artesvisuaislic\/wp-json\/wp\/v2\/pages\/505\/revisions"}],"predecessor-version":[{"id":1169,"href":"https:\/\/wp.ufpel.edu.br\/artesvisuaislic\/wp-json\/wp\/v2\/pages\/505\/revisions\/1169"}],"up":[{"embeddable":true,"href":"https:\/\/wp.ufpel.edu.br\/artesvisuaislic\/wp-json\/wp\/v2\/pages\/5"}],"wp:attachment":[{"href":"https:\/\/wp.ufpel.edu.br\/artesvisuaislic\/wp-json\/wp\/v2\/media?parent=505"}],"curies":[{"name":"wp","href":"https:\/\/api.w.org\/{rel}","templated":true}]}}