{"id":5,"date":"2019-11-29T14:09:57","date_gmt":"2019-11-29T17:09:57","guid":{"rendered":"https:\/\/wp.ufpel.edu.br\/artesvisuaislic\/?page_id=5"},"modified":"2024-11-07T17:52:07","modified_gmt":"2024-11-07T20:52:07","slug":"curso","status":"publish","type":"page","link":"https:\/\/wp.ufpel.edu.br\/artesvisuaislic\/curso\/","title":{"rendered":"CURSO"},"content":{"rendered":"<h1><strong>CONCEP\u00c7\u00c3O DE CURSO<\/strong><\/h1>\n<p>O Curso de Artes Visuais Licenciatura foi concebido para atuar na forma\u00e7\u00e3o do professor das redes p\u00fablica e privada de ensino formal. Tamb\u00e9m prepara profissionais para atua\u00e7\u00e3o em institui\u00e7\u00f5es culturais diversas, possibilitando a atua\u00e7\u00e3o em oficinas e espa\u00e7os configurados como de educa\u00e7\u00e3o n\u00e3o-formal. A inten\u00e7\u00e3o \u00e9 a de que o licenciado atue perante a<br \/>\ncomplexidade de produ\u00e7\u00f5es imag\u00e9ticas e culturais da contemporaneidade, de modo a proporcionar leituras cr\u00edticas. Assim, a forma\u00e7\u00e3o possibilita a inser\u00e7\u00e3o em diversos \u00e2mbitos ligados ao campo das Artes Visuais e ocorre em constante interlocu\u00e7\u00e3o com a contemporaneidade e seus muitos espa\u00e7os formativos. A concep\u00e7\u00e3o do curso tamb\u00e9m \u00e9 orientada pela no\u00e7\u00e3o de que a pesquisa em Artes Visuais atenda inst\u00e2ncias sociais diversas e m\u00faltiplas concep\u00e7\u00f5es de cultura, com a finalidade de preparar o professor para as diversas realidades de ensino de arte existentes na escola b\u00e1sica.<\/p>\n<p>A Licenciatura em Artes Visuais concebe a gradua\u00e7\u00e3o como &#8220;uma etapa de forma\u00e7\u00e3o inicial no processo cont\u00ednuo de educa\u00e7\u00e3o permanente&#8221; (CNE\/CES 67\/2003, p.4) em que se busca estimular a pr\u00e1tica de estudos independentes rumo a uma progressiva autonomia profissional e intelectual do aluno. O que se almeja \u00e9 que o aluno formado pelo Curso de Artes Visuais Licenciatura seja um agente na constru\u00e7\u00e3o de uma educa\u00e7\u00e3o b\u00e1sica de qualidade, atuando assim na forma\u00e7\u00e3o de cidad\u00e3os capazes de perceber a complexidade do mundo e suas possibilidades de interven\u00e7\u00e3o na realidade social por meio da arte.<\/p>\n<p><a href=\"https:\/\/wp.ufpel.edu.br\/artesvisuaislic\/files\/2024\/11\/portfolio3.pdf\">Conhe\u00e7a mais sobre o curso neste PDF.<\/a><\/p>\n<h1><strong> OBJETIVOS DO CURSO<\/strong><\/h1>\n<h2>Objetivo Geral<\/h2>\n<p>O Curso de Artes Visuais Licenciatura tem por objetivo formar educadoras e educadores da Arte em uma perspectiva democr\u00e1tica, interdisciplinar, humanista, emancipat\u00f3ria, inventiva, cr\u00edtico-reflexiva e socialmente transformadora, para atua\u00e7\u00e3o como professoras e professores na educa\u00e7\u00e3o b\u00e1sica e em diferentes espa\u00e7os de educa\u00e7\u00e3o formal, n\u00e3o-formal e informal.<\/p>\n<h2>Objetivos Espec\u00edficos<\/h2>\n<p>Possibilitar a forma\u00e7\u00e3o de professoras e professores reflexivos na \u00e1rea de Artes Visuais, habilitados a enfrentar os desafios da sociedade contempor\u00e2nea nas atividades art\u00edsticoculturais e de ensino-aprendizagem na educa\u00e7\u00e3o b\u00e1sica e em outros espa\u00e7os educativos;<br \/>\nPreparar profissionais cr\u00edticos, que compreendam os processos de ensino e de aprendizagem como constru\u00e7\u00f5es interdisciplinares, democr\u00e1ticas, emancipat\u00f3rias, inventivas e<br \/>\ntransformadoras;<br \/>\nHabilitar esse educador a interagir com a comunidade local com vistas \u00e0 transforma\u00e7\u00e3o da sociedade e \u00e0 qualidade de vida, tendo como panorama os princ\u00edpios que regem a universidade p\u00fablica, ou seja, o Ensino, a Pesquisa e a Extens\u00e3o, conforme Projeto Pedag\u00f3gico da UFPel.<\/p>\n","protected":false},"excerpt":{"rendered":"<p>CONCEP\u00c7\u00c3O DE CURSO O Curso de Artes Visuais Licenciatura foi concebido para atuar na forma\u00e7\u00e3o do professor das redes p\u00fablica e privada de ensino formal. Tamb\u00e9m prepara profissionais para atua\u00e7\u00e3o em institui\u00e7\u00f5es culturais diversas, possibilitando a atua\u00e7\u00e3o em oficinas e espa\u00e7os configurados como de educa\u00e7\u00e3o n\u00e3o-formal. A inten\u00e7\u00e3o \u00e9 a de que o licenciado atue [&hellip;]<\/p>\n","protected":false},"author":977,"featured_media":0,"parent":0,"menu_order":1,"comment_status":"closed","ping_status":"closed","template":"","meta":{"jetpack_post_was_ever_published":false,"footnotes":""},"class_list":["post-5","page","type-page","status-publish","hentry"],"jetpack_sharing_enabled":true,"_links":{"self":[{"href":"https:\/\/wp.ufpel.edu.br\/artesvisuaislic\/wp-json\/wp\/v2\/pages\/5","targetHints":{"allow":["GET"]}}],"collection":[{"href":"https:\/\/wp.ufpel.edu.br\/artesvisuaislic\/wp-json\/wp\/v2\/pages"}],"about":[{"href":"https:\/\/wp.ufpel.edu.br\/artesvisuaislic\/wp-json\/wp\/v2\/types\/page"}],"author":[{"embeddable":true,"href":"https:\/\/wp.ufpel.edu.br\/artesvisuaislic\/wp-json\/wp\/v2\/users\/977"}],"replies":[{"embeddable":true,"href":"https:\/\/wp.ufpel.edu.br\/artesvisuaislic\/wp-json\/wp\/v2\/comments?post=5"}],"version-history":[{"count":11,"href":"https:\/\/wp.ufpel.edu.br\/artesvisuaislic\/wp-json\/wp\/v2\/pages\/5\/revisions"}],"predecessor-version":[{"id":1127,"href":"https:\/\/wp.ufpel.edu.br\/artesvisuaislic\/wp-json\/wp\/v2\/pages\/5\/revisions\/1127"}],"wp:attachment":[{"href":"https:\/\/wp.ufpel.edu.br\/artesvisuaislic\/wp-json\/wp\/v2\/media?parent=5"}],"curies":[{"name":"wp","href":"https:\/\/api.w.org\/{rel}","templated":true}]}}