{"id":373,"date":"2021-03-05T13:05:55","date_gmt":"2021-03-05T16:05:55","guid":{"rendered":"https:\/\/wp.ufpel.edu.br\/artesvisuaislic\/?page_id=373"},"modified":"2024-11-07T18:08:53","modified_gmt":"2024-11-07T21:08:53","slug":"avaliacao-segunda-chamada","status":"publish","type":"page","link":"https:\/\/wp.ufpel.edu.br\/artesvisuaislic\/documentos-e-formularios\/avaliacao-segunda-chamada\/","title":{"rendered":"Avalia\u00e7\u00e3o &#8211; Segunda Chamada"},"content":{"rendered":"<h2><strong>Defini\u00e7\u00e3o<\/strong><\/h2>\n<p>O discente que, por impedimento legal devidamente comprovado, faltar a uma avalia\u00e7\u00e3o, poder\u00e1 realiz\u00e1-la em outro momento, desde que requeira por escrito ao colegiado do curso, at\u00e9 3 (tr\u00eas) dias \u00fateis ap\u00f3s a realiza\u00e7\u00e3o da avalia\u00e7\u00e3o anterior:<br \/>\nI \u2013 Caber\u00e1 ao colegiado de curso deliberar sobre a solicita\u00e7\u00e3o do aluno, encaminhando-a ao Departamento ou C\u00e2mara de Ensino respons\u00e1vel pelo componente curricular em at\u00e9 3 dias \u00fateis, para defini\u00e7\u00e3o de nova data para a avalia\u00e7\u00e3o.<br \/>\nII \u2013 Considera-se motivo para solicita\u00e7\u00e3o de nova data para realiza\u00e7\u00e3o de avalia\u00e7\u00e3o:<br \/>\na) acidentes \u2013 mediante apresenta\u00e7\u00e3o de boletim de ocorr\u00eancia policial;<br \/>\nb) assalto \u2013 mediante apresenta\u00e7\u00e3o de boletim de ocorr\u00eancia policial;<br \/>\nc) casamento \u2013 mediante apresenta\u00e7\u00e3o de certid\u00e3o de casamento do discente, ocorrido em at\u00e9 8 (oito) dias de anteced\u00eancia da data da avalia\u00e7\u00e3o;<br \/>\nd) luto \u2013 mediante apresenta\u00e7\u00e3o de certid\u00e3o de \u00f3bito ocorrido em at\u00e9 8 (oito) dias de anteced\u00eancia da data da avalia\u00e7\u00e3o;<br \/>\ne) sa\u00fade \u2013 mediante apresenta\u00e7\u00e3o de atestado m\u00e9dico, com carimbo (contendo o CRM) e assinatura do m\u00e9dico;<br \/>\nf) trabalho \u2013 apresenta\u00e7\u00e3o de declara\u00e7\u00e3o de exerc\u00edcio de atividade profissional excepcional com identifica\u00e7\u00e3o do empregador;<br \/>\ng) cat\u00e1strofes naturais que impe\u00e7am o deslocamento para os locais da avalia\u00e7\u00e3o;<br \/>\nh) Situa\u00e7\u00f5es geradas por terceiros, como greves de transporte p\u00fablico, obstru\u00e7\u00e3o de vias e demais situa\u00e7\u00f5es, condicionadas \u00e0 aceita\u00e7\u00e3o do colegiado, alheias a vontade do discente;<br \/>\ni) participa\u00e7\u00e3o em eventos cient\u00edficos, quando o discente estiver apresentando trabalho, mediante comprova\u00e7\u00e3o de participa\u00e7\u00e3o.<\/p>\n<h2><strong>Requerimento<\/strong><\/h2>\n<p><a href=\"https:\/\/wp.ufpel.edu.br\/cra\/files\/2020\/07\/Requerimento-para-segunda-chamada.pdf\">Requerimento de segunda chamada<\/a><\/p>\n<h2><strong>Fluxograma<\/strong><\/h2>\n<table>\n<tbody>\n<tr>\n<td width=\"63\">Etapa<\/td>\n<td width=\"159\">Respons\u00e1vel<\/td>\n<td width=\"378\">Procedimento<\/td>\n<\/tr>\n<tr>\n<td width=\"63\">1<\/td>\n<td width=\"159\">Discente<\/td>\n<td width=\"378\">\u2013 Preencher e assinar o requerimento;<br \/>\n\u2013 Entregar a solicita\u00e7\u00e3o no colegiado do curso.<\/td>\n<\/tr>\n<tr>\n<td width=\"63\">2<\/td>\n<td width=\"159\">Colegiado de curso<\/td>\n<td width=\"378\">\u2013 Avaliar a solicita\u00e7\u00e3o;<br \/>\nSe desfavor\u00e1vel:<br \/>\n\u2013 Informar o discente e arquivar o processo;<br \/>\nSe favor\u00e1vel:<br \/>\n\u2013 Encaminhar ao docente respons\u00e1vel pela turma;<\/td>\n<\/tr>\n<tr>\n<td width=\"63\">5<\/td>\n<td width=\"159\">Docente respons\u00e1vel pela turma<\/td>\n<td width=\"378\">\u2013 Realizar nova avalia\u00e7\u00e3o;<\/td>\n<\/tr>\n<\/tbody>\n<\/table>\n<div class=\"sharedaddy sd-sharing-enabled\"><\/div>\n","protected":false},"excerpt":{"rendered":"<p>Defini\u00e7\u00e3o O discente que, por impedimento legal devidamente comprovado, faltar a uma avalia\u00e7\u00e3o, poder\u00e1 realiz\u00e1-la em outro momento, desde que requeira por escrito ao colegiado do curso, at\u00e9 3 (tr\u00eas) dias \u00fateis ap\u00f3s a realiza\u00e7\u00e3o da avalia\u00e7\u00e3o anterior: I \u2013 Caber\u00e1 ao colegiado de curso deliberar sobre a solicita\u00e7\u00e3o do aluno, encaminhando-a ao Departamento ou [&hellip;]<\/p>\n","protected":false},"author":977,"featured_media":0,"parent":26,"menu_order":3,"comment_status":"closed","ping_status":"closed","template":"","meta":{"jetpack_post_was_ever_published":false,"footnotes":""},"class_list":["post-373","page","type-page","status-publish","hentry"],"jetpack_sharing_enabled":true,"_links":{"self":[{"href":"https:\/\/wp.ufpel.edu.br\/artesvisuaislic\/wp-json\/wp\/v2\/pages\/373","targetHints":{"allow":["GET"]}}],"collection":[{"href":"https:\/\/wp.ufpel.edu.br\/artesvisuaislic\/wp-json\/wp\/v2\/pages"}],"about":[{"href":"https:\/\/wp.ufpel.edu.br\/artesvisuaislic\/wp-json\/wp\/v2\/types\/page"}],"author":[{"embeddable":true,"href":"https:\/\/wp.ufpel.edu.br\/artesvisuaislic\/wp-json\/wp\/v2\/users\/977"}],"replies":[{"embeddable":true,"href":"https:\/\/wp.ufpel.edu.br\/artesvisuaislic\/wp-json\/wp\/v2\/comments?post=373"}],"version-history":[{"count":2,"href":"https:\/\/wp.ufpel.edu.br\/artesvisuaislic\/wp-json\/wp\/v2\/pages\/373\/revisions"}],"predecessor-version":[{"id":1138,"href":"https:\/\/wp.ufpel.edu.br\/artesvisuaislic\/wp-json\/wp\/v2\/pages\/373\/revisions\/1138"}],"up":[{"embeddable":true,"href":"https:\/\/wp.ufpel.edu.br\/artesvisuaislic\/wp-json\/wp\/v2\/pages\/26"}],"wp:attachment":[{"href":"https:\/\/wp.ufpel.edu.br\/artesvisuaislic\/wp-json\/wp\/v2\/media?parent=373"}],"curies":[{"name":"wp","href":"https:\/\/api.w.org\/{rel}","templated":true}]}}