{"id":188,"date":"2020-06-16T09:47:52","date_gmt":"2020-06-16T12:47:52","guid":{"rendered":"https:\/\/wp.ufpel.edu.br\/artesvisuaislic\/?page_id=188"},"modified":"2026-02-20T15:30:35","modified_gmt":"2026-02-20T18:30:35","slug":"horarios","status":"publish","type":"page","link":"https:\/\/wp.ufpel.edu.br\/artesvisuaislic\/horarios\/","title":{"rendered":"HOR\u00c1RIOS"},"content":{"rendered":"<h2><strong>Semestre 2026\/1<\/strong><\/h2>\n<p>(publicado em 20\/02\/2026)<\/p>\n<p><a href=\"https:\/\/wp.ufpel.edu.br\/artesvisuaislic\/files\/2026\/02\/HORARIOS-2026-01.pdf\">HOR\u00c1RIOS 2026-01<\/a><\/p>\n<p><strong>_______________<\/strong><\/p>\n<h2><strong>Semestre 2025\/2<\/strong><\/h2>\n<p>(publicado em 30\/07\/2025)<\/p>\n<p><a href=\"https:\/\/wp.ufpel.edu.br\/artesvisuaislic\/files\/2025\/07\/HORARIOS-2025-02-24072025.pdf\">HOR\u00c1RIOS E SALAS 2025-02<\/a><\/p>\n<p><strong>_______________<\/strong><\/p>\n<h2><strong>Semestre 2025\/1<\/strong><\/h2>\n<p>(atualizado em 09\/04\/2025)<\/p>\n<p><a href=\"https:\/\/wp.ufpel.edu.br\/artesvisuaislic\/files\/2025\/04\/HORARIOS-2025-1-LIC-042025.pdf\">HORARIOS E SALAS 2025-1<\/a><\/p>\n<p>Salas das disciplinas de Teoria e Pr\u00e1tica Pedag\u00f3gica, EBOPP e Fundamentos Psicol\u00f3gicos da Educa\u00e7\u00e3o:<\/p>\n<blockquote class=\"wp-embedded-content\" data-secret=\"coc3Kcf5Rh\"><p><a href=\"https:\/\/wp.ufpel.edu.br\/fae\/universais\/\">Universais<\/a><\/p><\/blockquote>\n<p><iframe class=\"wp-embedded-content\" sandbox=\"allow-scripts\" security=\"restricted\" style=\"position: absolute; visibility: hidden;\" title=\"&#8220;Universais&#8221; &#8212; FACULDADE DE EDUCA\u00c7\u00c3O - Ufpel\" src=\"https:\/\/wp.ufpel.edu.br\/fae\/universais\/embed\/#?secret=RC6DZaa9L6#?secret=coc3Kcf5Rh\" data-secret=\"coc3Kcf5Rh\" width=\"500\" height=\"282\" frameborder=\"0\" marginwidth=\"0\" marginheight=\"0\" scrolling=\"no\"><\/iframe><\/p>\n<p>_______________<\/p>\n<h2><\/h2>\n<h2><strong>Semestre 2024\/2<\/strong><\/h2>\n<p>(atualizado em 17\/10)<\/p>\n<p><a href=\"https:\/\/wp.ufpel.edu.br\/artesvisuaislic\/files\/2024\/10\/HORARIOS-2024-2-17102024.pdf\">HORARIOS 2024-2<\/a><\/p>\n<p>&nbsp;<\/p>\n<p>_______________<\/p>\n<p>&nbsp;<\/p>\n<h2><strong>Semestre 2024\/1<\/strong><\/h2>\n<p>(atualizado em 19\/03)<\/p>\n<p><a href=\"https:\/\/wp.ufpel.edu.br\/artesvisuaislic\/files\/2024\/03\/HORARIOS-2024-1-18-03-2024.pdf\">Hor\u00e1rios Artes Visuais LICENCIATURA 2024\/1<\/a><\/p>\n<p>Local de sala das disciplinas da FAE:<\/p>\n<blockquote class=\"wp-embedded-content\" data-secret=\"vYzk4UNQfA\"><p><a href=\"https:\/\/wp.ufpel.edu.br\/fae\/horarios-universais\/\">Hor\u00e1rios das Disciplinas Universais<\/a><\/p><\/blockquote>\n<p><iframe class=\"wp-embedded-content\" sandbox=\"allow-scripts\" security=\"restricted\" style=\"position: absolute; visibility: hidden;\" title=\"&#8220;Hor\u00e1rios das Disciplinas Universais&#8221; &#8212; FACULDADE DE EDUCA\u00c7\u00c3O - Ufpel\" src=\"https:\/\/wp.ufpel.edu.br\/fae\/horarios-universais\/embed\/#?secret=re5XLOuTsU#?secret=vYzk4UNQfA\" data-secret=\"vYzk4UNQfA\" width=\"500\" height=\"282\" frameborder=\"0\" marginwidth=\"0\" marginheight=\"0\" scrolling=\"no\"><\/iframe><\/p>\n<table border=\"1\" width=\"981\" cellspacing=\"0\" cellpadding=\"0\">\n<tbody>\n<tr>\n<td>Disciplina<\/td>\n<td>Professor\/a<\/td>\n<td>Hor\u00e1rio<\/td>\n<td>Salas<\/td>\n<\/tr>\n<tr>\n<td>Educa\u00e7\u00e3o Brasileira: Organiza\u00e7\u00e3o e Pol\u00edticas P\u00fablicas (EBOPP) \u2013 T1<\/td>\n<td>Fernando<\/td>\n<td>Quarta &#8211; Tarde<\/td>\n<td>436 (Anglo)<\/td>\n<\/tr>\n<tr>\n<td>Educa\u00e7\u00e3o Brasileira: Organiza\u00e7\u00e3o e Pol\u00edticas P\u00fablicas (EBOPP) \u2013 T2<\/td>\n<td>\u00c1lvaro<\/td>\n<td>Quarta &#8211; Tarde<\/td>\n<td>A confirmar<\/td>\n<\/tr>\n<tr>\n<td>Educa\u00e7\u00e3o Brasileira: Organiza\u00e7\u00e3o e Pol\u00edticas P\u00fablicas (EBOPP) \u00a0\u2013 T3<\/td>\n<td>Maria Cec\u00edlia<\/td>\n<td>Quarta &#8211; Noite<\/td>\n<td>341 (Anglo)<\/td>\n<\/tr>\n<tr>\n<td>Educa\u00e7\u00e3o Brasileira: Organiza\u00e7\u00e3o e Pol\u00edticas P\u00fablicas (EBOPP) \u00a0\u2013 T4<\/td>\n<td>Andressa<\/td>\n<td>Quarta &#8211; Noite<\/td>\n<td>216 (Anglo)<\/td>\n<\/tr>\n<tr>\n<td>Educa\u00e7\u00e3o Brasileira: Organiza\u00e7\u00e3o e Pol\u00edticas P\u00fablicas (EBOPP) \u00a0\u2013 T5<\/td>\n<td>Eug\u00eania<\/td>\n<td>Quinta &#8211; Tarde<\/td>\n<td>307 (Campus II)<\/td>\n<\/tr>\n<tr>\n<td>Educa\u00e7\u00e3o Brasileira: Organiza\u00e7\u00e3o e Pol\u00edticas P\u00fablicas (EBOPP) \u00a0\u2013 T6<\/td>\n<td>Maria Cec\u00edlia<\/td>\n<td>Ter\u00e7a &#8211; Tarde<\/td>\n<td>307 (Campus II)<\/td>\n<\/tr>\n<tr>\n<td>Educa\u00e7\u00e3o Brasileira: Organiza\u00e7\u00e3o e Pol\u00edticas P\u00fablicas (EBOPP) \u2013 T7<\/td>\n<td>M\u00e1rcio<\/td>\n<td>Segunda &#8211; Noite<\/td>\n<td>126 (Faurb)<\/td>\n<\/tr>\n<tr>\n<td>Educa\u00e7\u00e3o Brasileira: Organiza\u00e7\u00e3o e Pol\u00edticas P\u00fablicas (EBOPP) \u00a0\u2013 T8<\/td>\n<td>Isabela<\/td>\n<td>Segunda &#8211; Noite<\/td>\n<td>707 (Odonto)<\/td>\n<\/tr>\n<tr>\n<td>Teoria e Pr\u00e1tica Pedag\u00f3gica (TPP) \u2013 T1<\/td>\n<td>Cristina<\/td>\n<td>Ter\u00e7a &#8211; Noite<\/td>\n<td>126 (Faurb)<\/td>\n<\/tr>\n<tr>\n<td>Teoria e Pr\u00e1tica Pedag\u00f3gica (TPP) \u00a0\u2013 T2<\/td>\n<td>Mauro<\/td>\n<td>Sexta &#8211; Noite<\/td>\n<td>253 (FAE)<\/td>\n<\/tr>\n<tr>\n<td>Profiss\u00e3o Docente<\/td>\n<td>Isabela<\/td>\n<td>Quarta &#8211; Manh\u00e3<\/td>\n<td>254 (FAE)<\/td>\n<\/tr>\n<tr>\n<td>Gest\u00e3o Educacional<\/td>\n<td>\u00c1lvaro\/Valdelaine<\/td>\n<td>Quarta &#8211; Noite<\/td>\n<td>126 (Faurb)<\/td>\n<\/tr>\n<\/tbody>\n<\/table>\n<p>&nbsp;<\/p>\n<p><a href=\"https:\/\/wp.ufpel.edu.br\/artesvisuaislic\/files\/2024\/07\/Salas_da_oferta_universal_DFE_2024_1.pdf\">Salas Fundamentos Psicol\u00f3gicos da Educa\u00e7\u00e3o e Fundamentos S\u00f3cio-Hist\u00f3rico Filos\u00f3ficos da Educa\u00e7\u00e3o 2024\/1<\/a>\u00a0 AVISO!!!<\/p>\n<p>&#8220;Prezados,<\/p>\n<p class=\"Texto_Justificado_Recuo_Primeira_Linha\">Informo que as turmas T8 e T11 de Fundamentos Psicol\u00f3gicos da Educa\u00e7\u00e3o que est\u00e3o assinaladas como sem professor, ser\u00e3o ministradas nos pr\u00f3ximos 10 dias pela professora Mariane In\u00eas Ohlweiler, mas como a docente foi nomeada em outro concurso e pedir\u00e1 vac\u00e2ncia, os alunos ficar\u00e3o um tempo sem aulas at\u00e9 chamarmos a pr\u00f3xima aprovada no concurso vigente.<\/p>\n<p class=\"Texto_Justificado_Recuo_Primeira_Linha\">Atenciosamente,<\/p>\n<hr \/>\n<table>\n<tbody>\n<tr>\n<td><img src=\"data:image\/png;base64,iVBORw0KGgoAAAANSUhEUgAAAFkAAAA8CAMAAAA67OZ0AAAAGXRFWHRTb2Z0d2FyZQBBZG9iZSBJbWFnZVJlYWR5ccllPAAADTtpVFh0WE1MOmNvbS5hZG9iZS54bXAAAAAAADw\/eHBhY2tldCBiZWdpbj0i77u\/IiBpZD0iVzVNME1wQ2VoaUh6cmVTek5UY3prYzlkIj8+Cjx4OnhtcG1ldGEgeG1sbnM6eD0iYWRvYmU6bnM6bWV0YS8iIHg6eG1wdGs9IkFkb2JlIFhNUCBDb3JlIDQuMi4yLWMwNjMgNTMuMzUyNjI0LCAyMDA4LzA3LzMwLTE4OjEyOjE4ICAgICAgICAiPgogPHJkZjpSREYgeG1sbnM6cmRmPSJodHRwOi8vd3d3LnczLm9yZy8xOTk5LzAyLzIyLXJkZi1zeW50YXgtbnMjIj4KICA8cmRmOkRlc2NyaXB0aW9uIHJkZjphYm91dD0iIgogICAgeG1sbnM6ZGM9Imh0dHA6Ly9wdXJsLm9yZy9kYy9lbGVtZW50cy8xLjEvIgogICAgeG1sbnM6eG1wUmlnaHRzPSJodHRwOi8vbnMuYWRvYmUuY29tL3hhcC8xLjAvcmlnaHRzLyIKICAgIHhtbG5zOnBob3Rvc2hvcD0iaHR0cDovL25zLmFkb2JlLmNvbS9waG90b3Nob3AvMS4wLyIKICAgIHhtbG5zOklwdGM0eG1wQ29yZT0iaHR0cDovL2lwdGMub3JnL3N0ZC9JcHRjNHhtcENvcmUvMS4wL3htbG5zLyIKICAgeG1wUmlnaHRzOldlYlN0YXRlbWVudD0iIgogICBwaG90b3Nob3A6QXV0aG9yc1Bvc2l0aW9uPSIiPgogICA8ZGM6cmlnaHRzPgogICAgPHJkZjpBbHQ+CiAgICAgPHJkZjpsaSB4bWw6bGFuZz0ieC1kZWZhdWx0Ii8+CiAgICA8L3JkZjpBbHQ+CiAgIDwvZGM6cmlnaHRzPgogICA8ZGM6Y3JlYXRvcj4KICAgIDxyZGY6U2VxPgogICAgIDxyZGY6bGk+QWxiZXJ0byBCaWdhdHRpPC9yZGY6bGk+CiAgICA8L3JkZjpTZXE+CiAgIDwvZGM6Y3JlYXRvcj4KICAgPGRjOnRpdGxlPgogICAgPHJkZjpBbHQ+CiAgICAgPHJkZjpsaSB4bWw6bGFuZz0ieC1kZWZhdWx0Ii8+CiAgICA8L3JkZjpBbHQ+CiAgIDwvZGM6dGl0bGU+CiAgIDx4bXBSaWdodHM6VXNhZ2VUZXJtcz4KICAgIDxyZGY6QWx0PgogICAgIDxyZGY6bGkgeG1sOmxhbmc9IngtZGVmYXVsdCIvPgogICAgPC9yZGY6QWx0PgogICA8L3htcFJpZ2h0czpVc2FnZVRlcm1zPgogICA8SXB0YzR4bXBDb3JlOkNyZWF0b3JDb250YWN0SW5mbwogICAgSXB0YzR4bXBDb3JlOkNpQWRyRXh0YWRyPSIiCiAgICBJcHRjNHhtcENvcmU6Q2lBZHJDaXR5PSIiCiAgICBJcHRjNHhtcENvcmU6Q2lBZHJSZWdpb249IiIKICAgIElwdGM0eG1wQ29yZTpDaUFkclBjb2RlPSIiCiAgICBJcHRjNHhtcENvcmU6Q2lBZHJDdHJ5PSIiCiAgICBJcHRjNHhtcENvcmU6Q2lUZWxXb3JrPSIiCiAgICBJcHRjNHhtcENvcmU6Q2lFbWFpbFdvcms9IiIKICAgIElwdGM0eG1wQ29yZTpDaVVybFdvcms9IiIvPgogIDwvcmRmOkRlc2NyaXB0aW9uPgogPC9yZGY6UkRGPgo8L3g6eG1wbWV0YT4KICAgICAgICAgICAgICAgICAgICAgICAgICAgICAgICAgICAgICAgICAgICAgICAgICAgICAgICAgICAgICAgICAgICAgICAgICAgICAgICAgICAgICAgICAgICAgICAgICAgIAogICAgICAgICAgICAgICAgICAgICAgICAgICAgICAgICAgICAgICAgICAgICAgICAgICAgICAgICAgICAgICAgICAgICAgICAgICAgICAgICAgICAgICAgICAgICAgICAgICAgCiAgICAgICAgICAgICAgICAgICAgICAgICAgICAgICAgICAgICAgICAgICAgICAgICAgICAgICAgICAgICAgICAgICAgICAgICAgICAgICAgICAgICAgICAgICAgICAgICAgICAKICAgICAgICAgICAgICAgICAgICAgICAgICAgICAgICAgICAgICAgICAgICAgICAgICAgICAgICAgICAgICAgICAgICAgICAgICAgICAgICAgICAgICAgICAgICAgICAgICAgIAogICAgICAgICAgICAgICAgICAgICAgICAgICAgICAgICAgICAgICAgICAgICAgICAgICAgICAgICAgICAgICAgICAgICAgICAgICAgICAgICAgICAgICAgICAgICAgICAgICAgCiAgICAgICAgICAgICAgICAgICAgICAgICAgICAgICAgICAgICAgICAgICAgICAgICAgICAgICAgICAgICAgICAgICAgICAgICAgICAgICAgICAgICAgICAgICAgICAgICAgICAKICAgICAgICAgICAgICAgICAgICAgICAgICAgICAgICAgICAgICAgICAgICAgICAgICAgICAgICAgICAgICAgICAgICAgICAgICAgICAgICAgICAgICAgICAgICAgICAgICAgIAogICAgICAgICAgICAgICAgICAgICAgICAgICAgICAgICAgICAgICAgICAgICAgICAgICAgICAgICAgICAgICAgICAgICAgICAgICAgICAgICAgICAgICAgICAgICAgICAgICAgCiAgICAgICAgICAgICAgICAgICAgICAgICAgICAgICAgICAgICAgICAgICAgICAgICAgICAgICAgICAgICAgICAgICAgICAgICAgICAgICAgICAgICAgICAgICAgICAgICAgICAKICAgICAgICAgICAgICAgICAgICAgICAgICAgICAgICAgICAgICAgICAgICAgICAgICAgICAgICAgICAgICAgICAgICAgICAgICAgICAgICAgICAgICAgICAgICAgICAgICAgIAogICAgICAgICAgICAgICAgICAgICAgICAgICAgICAgICAgICAgICAgICAgICAgICAgICAgICAgICAgICAgICAgICAgICAgICAgICAgICAgICAgICAgICAgICAgICAgICAgICAgCiAgICAgICAgICAgICAgICAgICAgICAgICAgICAgICAgICAgICAgICAgICAgICAgICAgICAgICAgICAgICAgICAgICAgICAgICAgICAgICAgICAgICAgICAgICAgICAgICAgICAKICAgICAgICAgICAgICAgICAgICAgICAgICAgICAgICAgICAgICAgICAgICAgICAgICAgICAgICAgICAgICAgICAgICAgICAgICAgICAgICAgICAgICAgICAgICAgICAgICAgIAogICAgICAgICAgICAgICAgICAgICAgICAgICAgICAgICAgICAgICAgICAgICAgICAgICAgICAgICAgICAgICAgICAgICAgICAgICAgICAgICAgICAgICAgICAgICAgICAgICAgCiAgICAgICAgICAgICAgICAgICAgICAgICAgICAgICAgICAgICAgICAgICAgICAgICAgICAgICAgICAgICAgICAgICAgICAgICAgICAgICAgICAgICAgICAgICAgICAgICAgICAKICAgICAgICAgICAgICAgICAgICAgICAgICAgICAgICAgICAgICAgICAgICAgICAgICAgICAgICAgICAgICAgICAgICAgICAgICAgICAgICAgICAgICAgICAgICAgICAgICAgIAogICAgICAgICAgICAgICAgICAgICAgICAgICAgICAgICAgICAgICAgICAgICAgICAgICAgICAgICAgICAgICAgICAgICAgICAgICAgICAgICAgICAgICAgICAgICAgICAgICAgCiAgICAgICAgICAgICAgICAgICAgICAgICAgICAgICAgICAgICAgICAgICAgICAgICAgICAgICAgICAgICAgICAgICAgICAgICAgICAgICAgICAgICAgICAgICAgICAgICAgICAKICAgICAgICAgICAgICAgICAgICAgICAgICAgICAgICAgICAgICAgICAgICAgICAgICAgICAgICAgICAgICAgICAgICAgICAgICAgICAgICAgICAgICAgICAgICAgICAgICAgIAogICAgICAgICAgICAgICAgICAgICAgICAgICAgICAgICAgICAgICAgICAgICAgICAgICAgICAgICAgICAgICAgICAgICAgICAgICAgICAgICAgICAgICAgICAgICAgICAgICAgCiAgICAgICAgICAgICAgICAgICAgICAgICAgIAo8P3hwYWNrZXQgZW5kPSJ3Ij8+RO84nQAAAwBQTFRFamts+fn5mp6hc3Nz9fX1U1NTS0tKnaGk6unqzM3P7e3u8fHxuLm7\/Pz8lZmc2dnZxcXGWlpavr29wsLCp6eniYmKhYaGZWZmkpaZ0dHS5eXlkZGSrq2utbW2XV1d4uHhfX1+sbGy1dXW3d3dqampgYGCjY2OyMnKYWJihYaIjY6RnZ2ejpGSra+xeHl7lZWVmJiYgoKFpKaptre5vb7Aurq8oaGikpSWmJufh4iKkZKVysrMtrq7ioyOdXZ4fn+ArrGywcLEzc7QiYqMt7W1\/v\/8mZqcxsbIpqqrZGFhztDSeXp7iIWGnJqalJKSf4CCg4B\/amZmoaSm5+fmvLy6ys3OzMzL2tze3dzaa2hny8nH0M7NiYiGbG5v19jYWFVVcG5s2drcxMTD0dPUx8jJ\/P79sbO1j46OmZWU1dfXhIKC1NLTd3h68fL0wsTGb3By+vf3YV1d2NjW7u7u6Ojpe3x9fHp54eLkxMLAvLq5\/f39+vr63t7fXFtamZiW6urqzMnKwL+98PHvrKytq6qq7evpr62toKKkvr\/BOzk42dvad3V06OjmpaSj5efnnZyblpWT\/fz6ZWZo9\/f3jYyKqquteXd47u3rhYSC5eTisbCueXh2qaimWlhXjImIY2Bfc3Bw\/\/\/\/UFBP\/v7+\/v\/\/\/\/7\/\/\/3+g4SHaGlpYmNj8vPzZ2dn\/vz9WFhYtbO0ztDPWltbbW9u\/v7\/xcPEiouLrayq4+Tms7S2VldX7\/DyqKel+\/z++Pj4+ff4cXBuuru7u7y+7+\/vx8fH8\/HysK+wXFxc\/fv8s7OztrWzZWRio6Ohl5eZ1NTUZGRkraus2NbX4N\/d0dDP3dzc9ff14ODg9\/n4oaCg4eHf+\/v76+vrQD4+7Ozs\/f3\/7evsRUJCvLy87vDtysvLXl9fzczNwsPDYGBgw7+\/ysjJgH19gH9\/29rbwMC\/Tk1MlJCPoaCeX1tb6ufo4uPjx8fF5OPht7e3X15cuLe4tLKzn56f09TW1dXTYWJkh4eHZGJj3+Diq6urXLJJJAAAC8BJREFUeNqsmAtYE1cWgAcmJLwSwjMJAYxiQhIeITyEgCGiAioCaiqWaoCiFQVKtgWsJFRapEpFatuodetKHYaQkIiipZVWqqBQ64OqrduGuquVR1sDu62u69JdW\/fOZCCJovjttyffl9yZ3PvfM2fOOffcC6UgJ1a5R1GeJI6OjvHx8TQgTCYzLiEsTCgU8qRSQcaN4VNsWWpsndep7u7u2NhY9+7UkpKSJFnqkApBIOTrufFgJDb2MUIQ4xLYAMnjSRf4+koEAoGupLcMdQtVRBs0JA3JImovpVKpUED6SAMCnZhLo1Dmrlzp8hhJxCQkJGRdGhA6nV5aWjrs7T08nJw8Ono6hD7aXZd2ml5ALygoGAb33QPvBs68ACsZIjXkAcBLmpH\/RVC7H7xlaZ86qmTcgY47UsKbEW3LU4Mmx9tTJwWYGJFAeh4URXGc2\/yUCqJTaGrLRlFi3khIAUMUCxl9Kjj4qFQo1WYeC27ie6KjSK+AMHIsuDu92qpq8wCK+P+6cdasGvRRM6G21yI9hJPdn+Z1vTCfJvZlNccIgQt6IIj2iZ0zjY+Q0SnfGvZ921EiMC645kKjxNOen06NTMaTdH5oklwhl8OHdyyhUWgJudOS+yG9HRl9RGWrzm\/FKfRNHYZEWnyCdON0ZHa\/Xv8kO9u9FJSlY3DNzclMmtD34rTkVr1xajKKpFgaVIcu9URkkKq7EFW3MEEiZk1L5hsfJqtfrP74lXK3LhTDqQy\/r+uOTX7egIUVKbhKvmOGQ7dEKpaxpvN\/Np\/BsLdzWeJWkDMpi+reAv5NNftIsjjpEekXLgJ0bgUDapf2JIsFnIgj0+o8YkMGuQMtX8SkgbTpyGTSEcTkIuX6CsTcLJkyAlzmRvD1nR1lXhXcJNjl4fTxsBSO9Pfb6IwaFjG3UxxXrKDQHF9B0F+lAp5AOH5BnM5RyF5Gnk9vVbR3lMUmVcBHb05lDXwm4nbhYH\/rJBmY1QWAKe65q+avX09CB1LFPMF4VZchWQxH6MdR834+1OZbFg0nKfQhdo5Dch0YcHYu7zFZ\/Yk3yG+10blrHo3iGK4G\/1JdUWoal6eLm4Hli25FEsSZcTVp0Nh5v+w4BBtbT9u4peFITF1dTMyN7ple8kkD8YL4fCv5mGZRPIWynhjRM0cs0bljHY9VySDo6OmP69sZTvfLZr6raA2iW5+\/pjSKsvb34FWrqrZXsM0TobY7iD9iq3N4PLDyuhfxQTMWSHSSdSiJZHCokjIUrXdvw56tTX6uvXx9X9vwpM7Hopes2h7uHh14\/LhIEiF0Jf7Y3TcyaGNndSITXDAD1oL\/UVaWRCcIDZ8d1eATWgFBg1uD4c4RcpHrg3Z+Z97w5Bv7mFI3b3ag+73AwMAGXwFcSrWQO9oHrWTQ75M9NEdHmlAYdaRLlVYh0GUlgVXY2M+Ajur7onJhp0FA9ukMcsLJ+HM3r3WUht0mgixUnBTVRZA9bcmgc3k4M4FJCxNIujXrSnRiTokSLA16Bn8waGzcA27qI+9znUNuc3LyBp0t4b8yXrjiE2L4VhkcqrE0fduCgmysAeQT+oowaUKYQJecXcLlyETbx0NDIyNFIrZvmhkCZL9rqdedxsijk2QXmnROGUHew1FSSBPkwT47ncHK4UwPFUil4oQbHE4JJw3RdHVpcEGK9WN9ZG519vjs83OCJ1VxuSChlFmax\/ZUKLdP6NzZ5\/lIrnvh9rhOIpb0LigpgWfa+G0xoymILCt\/KO7qhIK4UtYQVuzMT4AhHuEckjxPTxtrEM5IXVKhyxK4z1FEKGWzrOVAsbGpncypPrG2O61nYj6VSxxPKJX4+XFlsor0iJIkRUbPo2SAHPDH0qU6OV3HEbMS34WVUBa9vMvk0ONxcwC5aAR25pYvYQqSomoIdHXc9vmzWNnZiUNHbp6mh4TcPB9UgPvdfSc7skN0agzL7FEnzBKXSNxqeIPw0X6935ZQkS\/EGEZYmM5+ueESiQJiEY\/isSARxZ8UdbCULLf7A9TYtZ892ZCqE0jZPLFMXAIHHkNyZUFGqLU9z8mpiUz2QS7qgZ0lG1ekVwwGzSfywyrpOrwhj5L0GrCGf384npcIcny05dleEesEYhmHE6FMegC8R2Vm97e1tXViYPIu5Erbd+Q395bHQJ1kdg9R+ezwpWP2+0sql62IVYPprvID1FayI0FGetzHpTpAFqSmGfBnqykY58IKCL7FPvsVMkPkx\/ZrMJBOZdZWEzlNtUNQipEN6RdmKSOBMujVwQdWMohnQmeE6hzMCkk8Eoy7vhYb3SU35+Z+Jce81ERyc6shqRCVxpqHPcSlKqwRKhNCoyYsjwXZkwMfrYhQrdam4kBtVyfU2jtXh+mMojWi\/4Tj0VfVNwV5wp\/BF6CabhSqrfUm+tln9lMT9Fxusgq\/2Ws047\/BbbU25HjacaK\/CWO3oGhKi4n64zcqAnZIiw5EHp7QFEsXVCoB3wjiH7ea+0l\/vK+8rcFhkhwfz7SsI2UiTuOlzxcWRbpd2VcYXDx+5nDGT2zDQObezKob3x34MGSraX7tzoLdmffG6wu\/smi9sWS9BqWaTIj\/SoMJ+50\/5mOa9Od4moWM9Cz02r9JPpZhvpoPm3cG5LgeXJzh+aXmVOXBwtU\/wzPG8x1q859dQ\/7mtTs\/LM50sEQAO4nH5nV0SDo6\/Li3blVwRposRQ5OTqXFncW7\/Xlh5smcr\/curjS8nfcnUu1yZ\/jtmk085HDm4qVvbArVhsLUXtjMLULdvsjIW2qw2OZqQ0eH732\/fUXcW6Dk2Qune1mmtCNTh\/NW716c0rOtafM7r3+w695y5\/pxTdHu0Zw7t5a9AW\/R7jK+tyUneFkm4nPyuYNFZyYqgoGBakxAVVBeLpdfI14HTqbR4nBrqH68viY\/p3rpTwfunN\/00vszR+T5W7r276aP7ftg2R8av\/sh22nxq3Dwpkbko7w1efvcpq7iJ27h5AvMhHmW6V9beKRYQ194STMUkK3xH3JgVakuehxaXfmcBzJj5iztjwuHzGcumRFSQWVBlRqx2wXZxYKVHEYk+BbcFVuaX9CasLSAZ4bmQ+oW0L25GbW6MVX1GE2tgpNFcWHzrNO5iR5YulJVzRjboXd5LbEJHe2oslHv2BRA1J4cFxcWbg2sayd5WLPlzDe7QEy0IN9v\/sKbZFG\/+MtyEJ1EtKOP6os+rPMEGVF\/eHDT6jP1mSnPHFz2cvb1po8ub2k8\/\/Xfzq35x19rRQc3vDOU8d7Oxg+e8WjMKfRHp96IoXZ2jgsThuO9nv353vv\/lHM2fPuS16fL\/52zfEfBdU7Blpy6+qWXc\/K3BHlXnnyZnV97h5V959zfU560H8QiBVsHE9jScGwuauX1xv2d5qK3R683wucuFxaleB0I\/jZnA7ItZ3P9pzvza73g1+HzKSnv1S4dy6BOs43G10FA3ooZjup1\/crOPzrvFXmTL\/3yS\/WyZSleL8nlOY0p53Oy92\/7Hv7Iq35zfkbKO0s3FednTkO2WCNMKN2Kvxb5b78tTehRFrr+zCjaRY18s+HGgatow1iO57bL\/bU9xk8rzz3bQH61IXPxMvIG6jRnCvcJ8h7LPed7hz3QWVVa\/38trEJcn2H1DGkQUvb7qxFSsVx90f8ai6ShH\/Ynfeh95bZqmvMK3M5Coe8eyyvVfq5WYYs8SlXjDo2AK0SlPgS8D7QRVIVlZrSZapr+xMLiG1LJnscnAIsrt9itUehjDmNsROLUxod8BJJQ1HYQShx1aK1orR1IO\/2RRX2nUwW0VrxAQkf+vxLQ6Tl2AzoxO0si8ekG26OYmG7sQK\/S3f3evbt3o6MDwebj7NmzMzHpBRIQELAVyIPa2trZPk+SfZ6eZD8HCCHNlnFBLSnjVIByEtSTQGAYVlqO9EDJrzcaGYz+Vj6fPzIY1Nfe7gnqpk5Qkz1WmpyamvxqECgFURX78HQ6MdgHZ+F8vF618MEER5VHIWwCI5igH5tgEEhfu+cTpN\/PGzj8fwUYAEHf\/4ET3ikCAAAAAElFTkSuQmCC\" alt=\"logotipo\" \/><\/td>\n<td>Documento assinado eletronicamente por\u00a0<b>NANCI DALLMANN GARCIA<\/b>,\u00a0<b>Assistente em Administra\u00e7\u00e3o<\/b>, em 05\/07\/2024, \u00e0s 15:12&#8243;<\/td>\n<\/tr>\n<\/tbody>\n<\/table>\n<p>&#8221;<\/p>\n<p>_______________<\/p>\n<p><strong>Semestre 2023\/2<\/strong> (atualizado em 26\/09\/2023)<\/p>\n<p><a href=\"https:\/\/wp.ufpel.edu.br\/artesvisuaislic\/files\/2023\/09\/HORARIOS-2023-2-26092023-final.pdf\">HORARIOS Artes Visuais Licenciatura 2023-2 <\/a><\/p>\n<p>_______________<\/p>\n<p><strong>Semestre 2023\/1<\/strong> (postado em 09\/05)<\/p>\n<p><a href=\"https:\/\/wp.ufpel.edu.br\/artesvisuaislic\/files\/2023\/05\/HORARIOS-2023-01-26052023.pdf\">Hor\u00e1rios Artes Visuais LICENCIATURA 2023\/1<\/a><\/p>\n<p>_______________<\/p>\n<p><strong>Semestre 2022\/2 (30\/01 a 13\/05\/2022) atualizado em 07\/02\/2023<\/strong><\/p>\n<p><a href=\"https:\/\/wp.ufpel.edu.br\/artesvisuaislic\/files\/2023\/02\/HORARIOS2022-2_final_07022022-1.pdf\">HORARIOS2022-2_final_07022022<\/a><\/p>\n<p>_______________<\/p>\n<p><strong>Semestre 2022\/1 (1\u00ba\/08 a 03\/12\/2022)<\/strong><\/p>\n<p><a href=\"https:\/\/wp.ufpel.edu.br\/artesvisuaislic\/files\/2022\/07\/HORARIOS-LICENCIATURA-2022_1-20220711_codigonovo-1.pdf\">HORARIOS LICENCIATURA 2022_1<\/a><\/p>\n<p>[hor\u00e1rio atualizado em 12\/07\/2022 em virtude dos c\u00f3digos e ofertas do novo curr\u00edculo]<\/p>\n<p>Link das salas das disciplinas da FAE de Fundamentos Psicol\u00f3gicos da Educa\u00e7\u00e3o e Fundamentos S\u00f3cio-Hist\u00f3rico-Filos\u00f3ficos da Educa\u00e7\u00e3o<\/p>\n<blockquote class=\"wp-embedded-content\" data-secret=\"vYzk4UNQfA\"><p><a href=\"https:\/\/wp.ufpel.edu.br\/fae\/horarios-universais\/\">Hor\u00e1rios das Disciplinas Universais<\/a><\/p><\/blockquote>\n<p><iframe class=\"wp-embedded-content\" sandbox=\"allow-scripts\" security=\"restricted\" style=\"position: absolute; visibility: hidden;\" title=\"&#8220;Hor\u00e1rios das Disciplinas Universais&#8221; &#8212; FACULDADE DE EDUCA\u00c7\u00c3O - Ufpel\" src=\"https:\/\/wp.ufpel.edu.br\/fae\/horarios-universais\/embed\/#?secret=re5XLOuTsU#?secret=vYzk4UNQfA\" data-secret=\"vYzk4UNQfA\" width=\"500\" height=\"282\" frameborder=\"0\" marginwidth=\"0\" marginheight=\"0\" scrolling=\"no\"><\/iframe><\/p>\n<p>_______________<\/p>\n<p><strong>Semestre 2021\/2 (ano civil 2022)<\/strong><\/p>\n<p><a href=\"https:\/\/wp.ufpel.edu.br\/artesvisuaislic\/files\/2022\/02\/Horarios_Ofertas_CalendarioRemoto_2021_2_ajusteposparecer-3.pdf\">Horarios_Ofertas_CalendarioRemoto_2021_2<\/a><\/p>\n<p><a href=\"https:\/\/wp.ufpel.edu.br\/artesvisuaislic\/files\/2022\/02\/ORIENTACOES-MATRICULA-final.pdf\">Orienta\u00e7\u00f5es sobre Matr\u00edcula no Cobalto<\/a><\/p>\n<p>Parecer Normativo n\u00ba 62<\/p>\n<p>_______________<\/p>\n<p><strong>Semestre 2021\/1 (ano civil 2021)<\/strong><\/p>\n<p><a href=\"https:\/\/wp.ufpel.edu.br\/artesvisuaislic\/files\/2021\/07\/Horarios_Ofertas_CalendarioRemoto_2021_1_DIVULGACAO-1.pdf\">Horarios_Ofertas_CalendarioRemoto_2021_1_DIVULGA\u00c7\u00c3O<\/a><\/p>\n<p><em>\u00a0[atualizado em 21\/07\/2021 \u00e0s 22:19]<\/em><\/p>\n","protected":false},"excerpt":{"rendered":"<p>Semestre 2026\/1 (publicado em 20\/02\/2026) HOR\u00c1RIOS 2026-01 _______________ Semestre 2025\/2 (publicado em 30\/07\/2025) HOR\u00c1RIOS E SALAS 2025-02 _______________ Semestre 2025\/1 (atualizado em 09\/04\/2025) HORARIOS E SALAS 2025-1 Salas das disciplinas de Teoria e Pr\u00e1tica Pedag\u00f3gica, EBOPP e Fundamentos Psicol\u00f3gicos da Educa\u00e7\u00e3o: Universais _______________ Semestre 2024\/2 (atualizado em 17\/10) HORARIOS 2024-2 &nbsp; _______________ &nbsp; Semestre 2024\/1 [&hellip;]<\/p>\n","protected":false},"author":977,"featured_media":0,"parent":0,"menu_order":5,"comment_status":"closed","ping_status":"closed","template":"","meta":{"jetpack_post_was_ever_published":false,"footnotes":""},"class_list":["post-188","page","type-page","status-publish","hentry"],"jetpack_sharing_enabled":true,"_links":{"self":[{"href":"https:\/\/wp.ufpel.edu.br\/artesvisuaislic\/wp-json\/wp\/v2\/pages\/188","targetHints":{"allow":["GET"]}}],"collection":[{"href":"https:\/\/wp.ufpel.edu.br\/artesvisuaislic\/wp-json\/wp\/v2\/pages"}],"about":[{"href":"https:\/\/wp.ufpel.edu.br\/artesvisuaislic\/wp-json\/wp\/v2\/types\/page"}],"author":[{"embeddable":true,"href":"https:\/\/wp.ufpel.edu.br\/artesvisuaislic\/wp-json\/wp\/v2\/users\/977"}],"replies":[{"embeddable":true,"href":"https:\/\/wp.ufpel.edu.br\/artesvisuaislic\/wp-json\/wp\/v2\/comments?post=188"}],"version-history":[{"count":3,"href":"https:\/\/wp.ufpel.edu.br\/artesvisuaislic\/wp-json\/wp\/v2\/pages\/188\/revisions"}],"predecessor-version":[{"id":1311,"href":"https:\/\/wp.ufpel.edu.br\/artesvisuaislic\/wp-json\/wp\/v2\/pages\/188\/revisions\/1311"}],"wp:attachment":[{"href":"https:\/\/wp.ufpel.edu.br\/artesvisuaislic\/wp-json\/wp\/v2\/media?parent=188"}],"curies":[{"name":"wp","href":"https:\/\/api.w.org\/{rel}","templated":true}]}}