{"id":17,"date":"2019-11-29T14:33:02","date_gmt":"2019-11-29T17:33:02","guid":{"rendered":"https:\/\/wp.ufpel.edu.br\/artesvisuaislic\/?page_id=17"},"modified":"2025-07-03T10:32:49","modified_gmt":"2025-07-03T13:32:49","slug":"projeto-pedagogico","status":"publish","type":"page","link":"https:\/\/wp.ufpel.edu.br\/artesvisuaislic\/curso\/projeto-pedagogico\/","title":{"rendered":"Projeto Pedag\u00f3gico"},"content":{"rendered":"<h1><strong>O que \u00e9?<\/strong><\/h1>\n<p>O Projeto Pedag\u00f3gico do curso (PPC) \u00e9 o documento que se caracteriza como um instrumento de gest\u00e3o em prol da forma\u00e7\u00e3o profissional e cidad\u00e3 dos estudantes, devendo explicitar esta forma\u00e7\u00e3o em suas dimens\u00f5es did\u00e1tico-pedag\u00f3gica e administrativa. O PPC \u00e9 o documento legal institucional que possibilita a organiza\u00e7\u00e3o e registros dos cursos de gradua\u00e7\u00e3o da UFPel.<\/p>\n<ul>\n<li><a href=\"https:\/\/wp.ufpel.edu.br\/artesvisuaislic\/files\/2025\/07\/PPC_AV_LIC_20220609.pdf\">Projeto Pedag\u00f3gico do Curso 2022 [Projeto vigente &#8211; ingressantes a partir de 2022]<\/a><\/li>\n<\/ul>\n<p>Projeto pedag\u00f3gico vigente a partir de 2022 at\u00e9 os dias atuais.<\/p>\n<p><img data-recalc-dims=\"1\" class=\"alignnone size-medium wp-image-875\" src=\"https:\/\/i0.wp.com\/wp.ufpel.edu.br\/artesvisuaislic\/files\/2022\/08\/Captura-de-tela-2022-08-29-162633.png?resize=400%2C224&#038;ssl=1\" alt=\"\" width=\"400\" height=\"224\" srcset=\"https:\/\/i0.wp.com\/wp.ufpel.edu.br\/artesvisuaislic\/files\/2022\/08\/Captura-de-tela-2022-08-29-162633.png?resize=400%2C224&amp;ssl=1 400w, https:\/\/i0.wp.com\/wp.ufpel.edu.br\/artesvisuaislic\/files\/2022\/08\/Captura-de-tela-2022-08-29-162633.png?resize=1024%2C573&amp;ssl=1 1024w, https:\/\/i0.wp.com\/wp.ufpel.edu.br\/artesvisuaislic\/files\/2022\/08\/Captura-de-tela-2022-08-29-162633.png?resize=768%2C430&amp;ssl=1 768w, https:\/\/i0.wp.com\/wp.ufpel.edu.br\/artesvisuaislic\/files\/2022\/08\/Captura-de-tela-2022-08-29-162633.png?w=1063&amp;ssl=1 1063w\" sizes=\"(max-width: 400px) 100vw, 400px\" \/><\/p>\n<p>Tabela de equival\u00eancia de disciplinas da vers\u00e3o curricular 6 para 7 (p\u00e1ginas 54 e 55 do PPC):<\/p>\n<p><a href=\"https:\/\/wp.ufpel.edu.br\/artesvisuaislic\/files\/2024\/11\/PPC_AV_LIC_20220609-equivalencias-versao-6e7.pdf\">Tabela de equivalencia v6-7<\/a><\/p>\n<p>&nbsp;<\/p>\n<ul>\n<li><a href=\"https:\/\/wp.ufpel.edu.br\/artesvisuaislic\/files\/2020\/10\/ppc_artes_visuais_licenciatura.pdf\">Projeto Pedag\u00f3gico do Curso [2011 a 2021]<\/a><\/li>\n<\/ul>\n<p><a href=\"https:\/\/wp.ufpel.edu.br\/artesvisuaislic\/files\/2020\/10\/ementas_artes_visuais_licenciatura.pdf\">Ementas das disciplinas [PPC 2011 a 2021]<\/a><\/p>\n<p><a href=\"https:\/\/wp.ufpel.edu.br\/artesvisuaislic\/files\/2020\/10\/fluxograma_artes_visuais_licenciatura.pdf\">Fluxograma das disciplinas [PPC 2011 a 2021]<\/a><\/p>\n<p><img data-recalc-dims=\"1\" class=\"alignnone size-medium wp-image-874\" src=\"https:\/\/i0.wp.com\/wp.ufpel.edu.br\/artesvisuaislic\/files\/2022\/08\/Captura-de-tela-2022-08-29-162524.png?resize=400%2C224&#038;ssl=1\" alt=\"\" width=\"400\" height=\"224\" srcset=\"https:\/\/i0.wp.com\/wp.ufpel.edu.br\/artesvisuaislic\/files\/2022\/08\/Captura-de-tela-2022-08-29-162524.png?resize=400%2C224&amp;ssl=1 400w, https:\/\/i0.wp.com\/wp.ufpel.edu.br\/artesvisuaislic\/files\/2022\/08\/Captura-de-tela-2022-08-29-162524.png?resize=1024%2C575&amp;ssl=1 1024w, https:\/\/i0.wp.com\/wp.ufpel.edu.br\/artesvisuaislic\/files\/2022\/08\/Captura-de-tela-2022-08-29-162524.png?resize=768%2C431&amp;ssl=1 768w, https:\/\/i0.wp.com\/wp.ufpel.edu.br\/artesvisuaislic\/files\/2022\/08\/Captura-de-tela-2022-08-29-162524.png?w=1062&amp;ssl=1 1062w\" sizes=\"(max-width: 400px) 100vw, 400px\" \/><\/p>\n","protected":false},"excerpt":{"rendered":"<p>O que \u00e9? O Projeto Pedag\u00f3gico do curso (PPC) \u00e9 o documento que se caracteriza como um instrumento de gest\u00e3o em prol da forma\u00e7\u00e3o profissional e cidad\u00e3 dos estudantes, devendo explicitar esta forma\u00e7\u00e3o em suas dimens\u00f5es did\u00e1tico-pedag\u00f3gica e administrativa. O PPC \u00e9 o documento legal institucional que possibilita a organiza\u00e7\u00e3o e registros dos cursos de [&hellip;]<\/p>\n","protected":false},"author":977,"featured_media":0,"parent":5,"menu_order":2,"comment_status":"closed","ping_status":"closed","template":"","meta":{"jetpack_post_was_ever_published":false,"footnotes":""},"class_list":["post-17","page","type-page","status-publish","hentry"],"jetpack_sharing_enabled":true,"_links":{"self":[{"href":"https:\/\/wp.ufpel.edu.br\/artesvisuaislic\/wp-json\/wp\/v2\/pages\/17","targetHints":{"allow":["GET"]}}],"collection":[{"href":"https:\/\/wp.ufpel.edu.br\/artesvisuaislic\/wp-json\/wp\/v2\/pages"}],"about":[{"href":"https:\/\/wp.ufpel.edu.br\/artesvisuaislic\/wp-json\/wp\/v2\/types\/page"}],"author":[{"embeddable":true,"href":"https:\/\/wp.ufpel.edu.br\/artesvisuaislic\/wp-json\/wp\/v2\/users\/977"}],"replies":[{"embeddable":true,"href":"https:\/\/wp.ufpel.edu.br\/artesvisuaislic\/wp-json\/wp\/v2\/comments?post=17"}],"version-history":[{"count":11,"href":"https:\/\/wp.ufpel.edu.br\/artesvisuaislic\/wp-json\/wp\/v2\/pages\/17\/revisions"}],"predecessor-version":[{"id":1258,"href":"https:\/\/wp.ufpel.edu.br\/artesvisuaislic\/wp-json\/wp\/v2\/pages\/17\/revisions\/1258"}],"up":[{"embeddable":true,"href":"https:\/\/wp.ufpel.edu.br\/artesvisuaislic\/wp-json\/wp\/v2\/pages\/5"}],"wp:attachment":[{"href":"https:\/\/wp.ufpel.edu.br\/artesvisuaislic\/wp-json\/wp\/v2\/media?parent=17"}],"curies":[{"name":"wp","href":"https:\/\/api.w.org\/{rel}","templated":true}]}}