{"id":1170,"date":"2025-02-13T11:57:17","date_gmt":"2025-02-13T14:57:17","guid":{"rendered":"https:\/\/wp.ufpel.edu.br\/artesvisuaislic\/?page_id=1170"},"modified":"2025-02-13T11:57:17","modified_gmt":"2025-02-13T14:57:17","slug":"cursos-e-plataformas-atividades-complementares","status":"publish","type":"page","link":"https:\/\/wp.ufpel.edu.br\/artesvisuaislic\/curso\/formacao-complementar\/cursos-e-plataformas-atividades-complementares\/","title":{"rendered":"Cursos e Plataformas &#8211; Atividades Complementares"},"content":{"rendered":"<p>Considerando a possibilidade dos alunos realizarem cursos de aperfei\u00e7oamento para complementar a carga hor\u00e1ria de atividades complementares, sugere-se a realiza\u00e7\u00e3o de cursos gratuitos, com certifica\u00e7\u00e3o, produzidos por institui\u00e7\u00f5es p\u00fablicas de ensino superior e pelo Enap, conforme segue:<\/p>\n<p>&nbsp;<\/p>\n<ul>\n<li>\n<h4>Plataforma Moodle do IFRS:<\/h4>\n<\/li>\n<\/ul>\n<p><a href=\"https:\/\/moodle.ifrs.edu.br\/\">https:\/\/moodle.ifrs.edu.br\/<\/a><\/p>\n<p>Cursos abertos online: <a href=\"https:\/\/moodle.ifrs.edu.br\/course\/index.php?categoryid=38\">https:\/\/moodle.ifrs.edu.br\/course\/index.php?categoryid=38<\/a><\/p>\n<p>&nbsp;<\/p>\n<ul>\n<li>\n<h4>Plataforma Mundi do IFSUL:<\/h4>\n<\/li>\n<\/ul>\n<p><a href=\"https:\/\/mundi.ifsul.edu.br\/portal\/\">https:\/\/mundi.ifsul.edu.br\/portal\/<\/a><\/p>\n<p>&nbsp;<\/p>\n<ul>\n<li>\n<h4><strong>Plataforma L\u00famina da UFRGS:<\/strong><\/h4>\n<\/li>\n<\/ul>\n<p><a href=\"https:\/\/lumina.ufrgs.br\/\">https:\/\/lumina.ufrgs.br\/<\/a><\/p>\n<p>&nbsp;<\/p>\n<ul>\n<li>\n<h4><strong>ENAP:<\/strong><\/h4>\n<\/li>\n<\/ul>\n<p><a href=\"https:\/\/www.enap.gov.br\/pt\/\">https:\/\/www.enap.gov.br\/pt\/<\/a><\/p>\n<p><a href=\"https:\/\/www.enap.gov.br\/pt\/busca?searchword=&amp;tipo=cursos\">https:\/\/www.enap.gov.br\/pt\/busca?searchword=&amp;tipo=cursos<\/a><\/p>\n","protected":false},"excerpt":{"rendered":"<p>Considerando a possibilidade dos alunos realizarem cursos de aperfei\u00e7oamento para complementar a carga hor\u00e1ria de atividades complementares, sugere-se a realiza\u00e7\u00e3o de cursos gratuitos, com certifica\u00e7\u00e3o, produzidos por institui\u00e7\u00f5es p\u00fablicas de ensino superior e pelo Enap, conforme segue: &nbsp; Plataforma Moodle do IFRS: https:\/\/moodle.ifrs.edu.br\/ Cursos abertos online: https:\/\/moodle.ifrs.edu.br\/course\/index.php?categoryid=38 &nbsp; Plataforma Mundi do IFSUL: https:\/\/mundi.ifsul.edu.br\/portal\/ &nbsp; Plataforma [&hellip;]<\/p>\n","protected":false},"author":977,"featured_media":0,"parent":505,"menu_order":0,"comment_status":"closed","ping_status":"closed","template":"","meta":{"jetpack_post_was_ever_published":false,"footnotes":""},"class_list":["post-1170","page","type-page","status-publish","hentry"],"jetpack_sharing_enabled":true,"_links":{"self":[{"href":"https:\/\/wp.ufpel.edu.br\/artesvisuaislic\/wp-json\/wp\/v2\/pages\/1170","targetHints":{"allow":["GET"]}}],"collection":[{"href":"https:\/\/wp.ufpel.edu.br\/artesvisuaislic\/wp-json\/wp\/v2\/pages"}],"about":[{"href":"https:\/\/wp.ufpel.edu.br\/artesvisuaislic\/wp-json\/wp\/v2\/types\/page"}],"author":[{"embeddable":true,"href":"https:\/\/wp.ufpel.edu.br\/artesvisuaislic\/wp-json\/wp\/v2\/users\/977"}],"replies":[{"embeddable":true,"href":"https:\/\/wp.ufpel.edu.br\/artesvisuaislic\/wp-json\/wp\/v2\/comments?post=1170"}],"version-history":[{"count":1,"href":"https:\/\/wp.ufpel.edu.br\/artesvisuaislic\/wp-json\/wp\/v2\/pages\/1170\/revisions"}],"predecessor-version":[{"id":1172,"href":"https:\/\/wp.ufpel.edu.br\/artesvisuaislic\/wp-json\/wp\/v2\/pages\/1170\/revisions\/1172"}],"up":[{"embeddable":true,"href":"https:\/\/wp.ufpel.edu.br\/artesvisuaislic\/wp-json\/wp\/v2\/pages\/505"}],"wp:attachment":[{"href":"https:\/\/wp.ufpel.edu.br\/artesvisuaislic\/wp-json\/wp\/v2\/media?parent=1170"}],"curies":[{"name":"wp","href":"https:\/\/api.w.org\/{rel}","templated":true}]}}