{"id":11,"date":"2019-11-29T14:14:00","date_gmt":"2019-11-29T17:14:00","guid":{"rendered":"https:\/\/wp.ufpel.edu.br\/artesvisuaislic\/?page_id=11"},"modified":"2025-07-23T17:06:15","modified_gmt":"2025-07-23T20:06:15","slug":"corpo-docente","status":"publish","type":"page","link":"https:\/\/wp.ufpel.edu.br\/artesvisuaislic\/curso\/corpo-docente\/","title":{"rendered":"Corpo Docente"},"content":{"rendered":"<p><strong>CAROLINE LEAL BONILHA (coordenadora titular)<\/strong><\/p>\n<p>Professora da \u00e1rea de Arte e Cultura do Centro de Artes da Universidade Federal de Pelotas, doutora em Educa\u00e7\u00e3o Ambiental pela Universidade Federal do Rio Grande. Possui mestrado em Mem\u00f3ria Social e Patrim\u00f4nio Cultural pela UFPel, sendo licenciada em Artes Visuais e Ci\u00eancias Sociais pela mesma universidade. Tem experi\u00eancia na \u00e1rea de Artes, com \u00eanfase em Hist\u00f3ria e Teoria da Arte, atuando principalmente nos seguintes temas: arte contempor\u00e2nea, arte latino-americana e natureza.<\/p>\n<p>Curr\u00edculo lattes: <a href=\"http:\/\/lattes.cnpq.br\/7510255053842560\">http:\/\/lattes.cnpq.br\/7510255053842560<\/a><\/p>\n<p>&nbsp;<\/p>\n<p><strong>CLARICE REGO MAGALHAES<\/strong><\/p>\n<p>Doutora em Ci\u00eancias da Educa\u00e7\u00e3o pelo Programa de P\u00f3s-Gradua\u00e7\u00e3o em Educa\u00e7\u00e3o da Universidade Federal de Pelotas (PPGE\/UFPel), com a tese ?A ESCOLA DE BELAS ARTES DE PELOTAS (1949-1973) &#8211; Trajet\u00f3ria institucional e papel na Hist\u00f3ria da Arte?. Mestre em Ci\u00eancias da Educa\u00e7\u00e3o pelo PPGE\/UFPel. P\u00f3s-Graduada em Metodologia do Ensino na Educa\u00e7\u00e3o Superior pela Uninter-Curitiba. Graduada em Artes Visuais &#8211; Pintura, Artes Visuais &#8211; Escultura e em Arquitetura e Urbanismo pela UFPel. Membro do Centro de Estudos e Investiga\u00e7\u00f5es em Hist\u00f3ria da Educa\u00e7\u00e3o (CEIHE) do PPGE\/FaE\/UFPEL desde 2006. Durante o doutorado, foi bolsista da CAPES. Foi professora substituta no Departamento de Artes Visuais do Instituto de Artes e Design da UFPEL (DAV\/IAD\/UFPel) na \u00e1rea de Fundamentos da Linguagem Visual. Tem experi\u00eancia nas \u00e1reas de Artes, Arquitetura, Educa\u00e7\u00e3o, Hist\u00f3ria e Hist\u00f3ria da Arte. Professora do Curso de Artes Visuais &#8211; Licenciatura do Centro de Artes da Universidade Federal de Pelotas (CAV-LIC\/CA\/UFPEL).<\/p>\n<p>Curr\u00edculo lattes: <a href=\"http:\/\/lattes.cnpq.br\/6919398999345211\">http:\/\/lattes.cnpq.br\/6919398999345211<\/a><\/p>\n<p>&nbsp;<\/p>\n<p><strong>CLAUDIA MARIZA MATTOS BRANDAO<\/strong><\/p>\n<p class=\"resumo\">Claudia Mariza Mattos Brandao \u00e9 professora do Centro de Artes\/Artes Visuais ? Licenciatura, da Universidade Federal de Pelotas\/UFPel (RS, Brasil). P\u00f3s-Doutorado na Universidade de Aveiro (DECA &#8211; Departamento de Comunica\u00e7\u00e3o e Arte, Portugal, 2019), Doutora em Educa\u00e7\u00e3o (UFPel, 2012), Mestre em Educa\u00e7\u00e3o Ambiental (FURG, 2003), Especialista em Artes e Educa\u00e7\u00e3o F\u00edsica na Educa\u00e7\u00e3o B\u00e1sica (UFRGS (2008), graduada em Artes Visuais (FURG, 1996) e Engenharia Civil (FURG\/1980). Atua no PPG Mestrado em Artes Visuais (CA\/UFPel), e no curso de Especializa\u00e7\u00e3o em Artes: Ensino e Percursos Po\u00e9ticos (CA\/UFPel). Foi professora pesquisadora do Programa Escolas Interculturais de Fronteira PEIF (MEC\/SEB\/UFPEL\/CLC, 2014), coordenadora de Gest\u00e3o do PIBID UFPel (2014), coordenadora do subprojeto Artes Visuais no PIBID 3\/UFPel (2011-2013), e professora orientadora do curso Especializa\u00e7\u00e3o lato sensu M\u00eddias na Educa\u00e7\u00e3o (FURG, 2009). \u00c9 l\u00edder do PHOTOGRAPHEIN &#8211; N\u00facleo de Pesquisa em Fotografia e Educa\u00e7\u00e3o (UFPel\/CNPq), pesquisadora do ARTE, ECOLOGIA E SAUDE (UFPel\/CNPq) e do NEMEC &#8211; N\u00facleo de Estudos em Mem\u00f3ria e Cultura (UPF\/CNPq). \u00c9 associada \u00e0 Associa\u00e7\u00e3o Nacional de P\u00f3s-Gradua\u00e7\u00e3o e Pesquisa em Educa\u00e7\u00e3o (ANPED), Associa\u00e7\u00e3o Brasileira de Pesquisa (Auto)Biogr\u00e1fica (BIOgraph) e \u00e0 Federa\u00e7\u00e3o dos Arte\/Educadores do Brasil (FAEB). \u00c9 pesquisadora da \u00e1rea da Fotografia e das teorias do Imagin\u00e1rio, com \u00eanfase nas narrativas (auto)biogr\u00e1ficas po\u00e9ticas\/simb\u00f3licas. Como artista visual j\u00e1 participou de v\u00e1rias exposi\u00e7\u00f5es coletivas, nacionais e internacionais, apresentando sete exposi\u00e7\u00f5es individuais, dentre elas ESTUDOS ACERCA DA COR, em Canelas, Portugal (2019). A obra DO OUTRO LADO DA RUA \/ ON THE OTHER SIDE OF THE STREET, de sua autoria, integra o acervo da Artists Books Collection Dundee, do University Dundee Museum (Dundee, Esc\u00f3cia). Desenvolve, principalmente, os seguintes temas: Artes Visuais, Fotografia, Educa\u00e7\u00e3o Ambiental e Forma\u00e7\u00e3o Docente.<\/p>\n<p>Curr\u00edculo lattes: <a href=\"http:\/\/lattes.cnpq.br\/4898554772122279\">http:\/\/lattes.cnpq.br\/4898554772122279<\/a><\/p>\n<p>&nbsp;<\/p>\n<p><strong>DANIEL BRUNO MOMOLI<\/strong><\/p>\n<p>Doutor e Mestre em Educa\u00e7\u00e3o pela Universidade Federal do Rio Grande do Sul, Especialista em Educa\u00e7\u00e3o Interdisciplinar pelo Instituto de Desenvolvimento do Alto Uruguai, Licenciado em Artes pela Universidade do Oeste de Santa Catarina. Professor da Universidade Federal de Pelotas e coordenador do N\u00facleo Did\u00e1ticoPedag\u00f3gico do Museu de Arte Leopoldo Gotuzzo (MALG UFPel). \u00c9 Vice-l\u00edder do Arteversa-Grupo de estudos e pesquisas em arte e doc\u00eancia (UFRGS\/CNPq) e pesquisador vinculado grupo Flume-Educa\u00e7\u00e3o e Artes Visuais (UERGS\/CNPq). Foi Vice-presidente da Federa\u00e7\u00e3o de Arte Educadores do Brasil-FAEB (2019-2020) e foi Professor Visitante da Universitat de Lleida (Espanha).<\/p>\n<p>Curr\u00edculo lattes: <a href=\"http:\/\/lattes.cnpq.br\/7701594143194418\">http:\/\/lattes.cnpq.br\/7701594143194418<\/a><\/p>\n<p>&nbsp;<\/p>\n<p><strong>ESTELA MARIS REINHARDT PIEDRAS<\/strong><\/p>\n<p>Possui Gradua\u00e7\u00e3o em Arquitetura e Urbanismo pela Universidade Federal de Pelotas (1978), Mestrado em Educa\u00e7\u00e3o pela Universidade Federal de Pelotas (2004) e Doutorado em Educa\u00e7\u00e3o pela Universidade Federal de Pelotas (2019). \u00c9 Especialista em Desenho e Gr\u00e1fica Computacional e em Forma\u00e7\u00e3o Pedag\u00f3gica de Docentes. Tem experi\u00eancia na \u00e1rea de Arquitetura e Urbanismo, e atualmente \u00e9 professora Professora do Centro de Artes (UFPel) , atuando nas \u00e1reas de Desenho T\u00e9cnico e Geometria, Perspectiva e Computa\u00e7\u00e3o Gr\u00e1fica no Curso de Licenciatura em Artes visuais.<\/p>\n<p>Curr\u00edculo lattes: <a href=\"http:\/\/lattes.cnpq.br\/9604277669107453\">http:\/\/lattes.cnpq.br\/9604277669107453<\/a><\/p>\n<p>&nbsp;<\/p>\n<p><strong>HELENE GOMES SACCO<\/strong><\/p>\n<p>Artista e pesquisadora, \u00e9 doutora em Arte Visuais, com linha de pesquisa em Po\u00e9ticas Visuais no PPGAV\/UFRGS (2014). Orienta\u00e7\u00e3o Profa. Dra. Elida Tessler. Possui Mestrado em Artes Visuais, com \u00eanfase em Po\u00e9ticas Visuais, pela Universidade Federal do Rio Grande do Sul UFRGS(2009). Especializa\u00e7\u00e3o e Did\u00e1tica e Metodologia de Ensino Superior(2004). Bacharelado em Artes Visuais pela Universidade Federal de Pelotas (1999). \u00c9 professora colaboradora no Mestrado em Artes Visuais e professora em cursos do gradua\u00e7\u00e3o na \u00e1rea da Escultura, em disciplinas de percep\u00e7\u00e3o tridimensional e espacial na modalidade Licenciatura e Bacharelado; Design gr\u00e1fico e digital na UFPEL\/Pelotas-RS Atua como pesquisadora nos seguintes temas: Objeto, desenho e palavra, com \u00eanfase de pesquisa em objetos cotidianos, inven\u00e7\u00f5es e (re)fabrica\u00e7\u00f5es, invent\u00e1rios ordin\u00e1rios e rela\u00e7\u00f5es entre arte e literatura em trabalhos que articulam desenho, fotografia, objetos e publica\u00e7\u00f5es que buscam atrav\u00e9s de um tom ficcional pensar sobre a produ\u00e7\u00e3o de objetos, sua implica\u00e7\u00e3o nos modos de vida questionando a obsolesc\u00eancia programada, a vida das coisas e a durabilidade do mundo. Coordena o Projeto de Pesquisa chamado Lugares-livro: dimens\u00f5es po\u00e9ticas e materiais desde 2013, pesquisa que procura pensar os livros e publica\u00e7\u00f5es art\u00edsticas como lugar de experi\u00eancia cr\u00edtica, est\u00e9tica e po\u00e9tica.<\/p>\n<p>Curr\u00edculo lattes: <a href=\"http:\/\/lattes.cnpq.br\/7729369777149419\">http:\/\/lattes.cnpq.br\/7729369777149419<\/a><\/p>\n<p>&nbsp;<\/p>\n<p><strong>LARISSA PATRON CHAVES<\/strong><\/p>\n<p>Professora Associada do Centro de Artes da Universidade Federal de Pelotas. Possui Gradua\u00e7\u00e3o em Artes Visuais pela Universidade Federal de Pelotas (1995), Mestrado em Hist\u00f3ria pela Pontif\u00edcia Universidade Cat\u00f3lica do Rio Grande do Sul (2002), Doutorado em Hist\u00f3ria pela Universidade do Vale do Rio dos Sinos (2008), com per\u00edodo de atua\u00e7\u00e3o em est\u00e1gio de doutoramento na Universidade do Porto (Portugal) entre os anos de 2005 e 2006 e P\u00f3s Doutorado em Hist\u00f3ria, pelo Centro de Investiga\u00e7\u00e3o em Ci\u00eancia Pol\u00edtica da Universidade de \u00c9vora, Portugal (2019).Tem experi\u00eancia na \u00e1rea de Arte e Hist\u00f3ria, com \u00eanfase em Teoria, Hist\u00f3ria e Cr\u00edtica de Arte, Metodologia da Pesquisa e Ensino da Arte. Possui trabalhos desenvolvidos na \u00e1rea de mobilidade acad\u00eamica na UFpel, orientando est\u00e1gios de gradua\u00e7\u00e3o atrav\u00e9s de conv\u00eanios com universidades latino americanas, portuguesas, espanholas e italianas. Atua como chefe do N\u00facleo de Forma\u00e7\u00e3o de Professores ligado a Coordena\u00e7\u00e3o de Pedagogia Universit\u00e1ria da Universidade Federal de Pelotas no ano de 2017. Coordena o grupo multidisciplinar de pesquisa &#8220;Imagin\u00e1ria Sacra no Rio Grande do Sul&#8221; colaborando com a comunidade paroquial de Pelotas e museus locais no levantamento, cataloga\u00e7\u00e3o e salvaguarda do patrim\u00f4nio religioso da cidade e regi\u00e3o. Atualmente integra o corpo docente permanente do Mestrado em Artes Visuais e o corpo docente permanente do Mestrado e Doutorado em Hist\u00f3ria, ambos da Universidade Federal de Pelotas. \u00c9 representante da \u00e1rea de Lingu\u00edstica, Letras e Artes na Secretaria dos Conselhos &#8211; COCEPE &#8211; da Universidade Federal de Pelotas. Atua principalmente nos seguintes temas: fronteiras e identidades disciplinares, imagin\u00e1rio e representa\u00e7\u00f5es, imigra\u00e7\u00e3o portuguesa, hist\u00f3ria colonial, iconografia sacra, hist\u00f3ria da arte e Arte Educa\u00e7\u00e3o.<\/p>\n<p>Curr\u00edculo lattes: <a href=\"http:\/\/lattes.cnpq.br\/3858201697400054\">http:\/\/lattes.cnpq.br\/3858201697400054<\/a><\/p>\n<p>&nbsp;<\/p>\n<p><strong>LISLAINE SIRSI CANSI (coordenadora adjunta)<\/strong><\/p>\n<p>Professora Adjunta da Universidade Federal de Pelotas, lotada no Centro de Artes. Doutora em Educa\u00e7\u00e3o, Linha 1 &#8211; Filosofia e Hist\u00f3ria da Educa\u00e7\u00e3o pela Universidade Federal de Pelotas. Bolsista parcial CAPES. Mestre em Artes Visuais, Linha 1 &#8211; Ensino da Arte e Educa\u00e7\u00e3o Est\u00e9tica pela Universidade Federal de Pelotas. Bolsista integral FAPERGS. Foi representante discente do curso de Mestrado em Artes Visuais no per\u00edodo de junho\/2014 a julho\/2015. Especialista em Artes Visuais: Cultura e Cria\u00e7\u00e3o pelo Servi\u00e7o Nacional de Aprendizagem Comercial (SENAC). Possui gradua\u00e7\u00e3o em Artes Visuais: Desenho e Pl\u00e1stica &#8211; Bacharelado pela Universidade Federal de Santa Maria (2004), gradua\u00e7\u00e3o em Artes Visuais: Desenho e Pl\u00e1stica &#8211; Licenciatura pela Universidade Federal de Santa Maria (2006) e gradua\u00e7\u00e3o em Hist\u00f3ria pela UniCesumar. \u00c9 membro do Grupo de Pesquisa Centro de Estudos e Investiga\u00e7\u00f5es em Hist\u00f3ria da Educa\u00e7\u00e3o (CEIHE). Tem experi\u00eancia na \u00e1rea de Artes e Educa\u00e7\u00e3o. Atuou como professora substituta do curso de Artes Visuais &#8211; Licenciatura, da Universidade Federal de Pelotas, na \u00e1rea de Fundamentos da Linguagem Visual; Atuou como professora de arte no Col\u00e9gio S\u00e3o Jos\u00e9 (Ensino Fundamental) e no Col\u00e9gio Objetivo (Ensino Fundamental e M\u00e9dio), em Pelotas, nos Anos Finais do Ensino Fundamental nos munic\u00edpios de Cap\u00e3o do Le\u00e3o, Imb\u00e9, Cap\u00e3o da Canoa e Xangri-L\u00e1 (RS). Aprecia e cuida de mini jardins, faz encaderna\u00e7\u00f5es artesanais, postais e tenta produzir uma po\u00e9tica tendo o corpo e o territ\u00f3rio como categorias. Gosta de caminhar como forma de pensamento.<span class=\"texto\">\u00a0<\/span><\/p>\n<p>Curr\u00edculo lattes: <a href=\"http:\/\/lattes.cnpq.br\/4351460434218577\">http:\/\/lattes.cnpq.br\/4351460434218577<\/a><\/p>\n<p>&nbsp;<\/p>\n<p><strong>LIZ\u00c2NGELA TORRES DA SILVA MARTINS COSTA<\/strong><\/p>\n<p class=\"resumo\">Artista pl\u00e1stica, pesquisadora e professora da Universidade Federal do Rio Grande &#8211; FURG. Possui gradua\u00e7\u00e3o em Artes Pl\u00e1sticas Habilita\u00e7\u00e3o Pintura pela Universidade Federal do Rio Grande do Sul (1999), gradua\u00e7\u00e3o em Artes Pl\u00e1sticas Habilita\u00e7\u00e3o em Fotografia pela Universidade Federal do Rio Grande do Sul (2004), mestrado (2008) e doutorado (2016) em Artes Visuais, \u00e1rea de concentra\u00e7\u00e3o em Po\u00e9ticas Visuais, pelo Programa de P\u00f3s-gradua\u00e7\u00e3o da Universidade Federal do Rio Grande do Sul. Foi bolsista da Coordena\u00e7\u00e3o de Aperfei\u00e7oamento de Pessoal de N\u00edvel Superior (CAPES). Integra o grupo de pesquisa CNPQ Intersec\u00e7\u00f5es entre fotografia e linguagens visuais, coordenado pelo Prof. Eduardo Figueiredo Vieira da Cunha, da Universidade Federal do Rio Grande do Sul. Atualmente pesquisa formas de apresenta\u00e7\u00e3o e proposi\u00e7\u00e3o de experi\u00eancias deflagradas por a\u00e7\u00f5es noturnas atrav\u00e9s de instala\u00e7\u00f5es multim\u00eddia: fotografia, v\u00eddeo, objeto e desenho.<\/p>\n<p>Curr\u00edculo lattes: <a href=\"http:\/\/lattes.cnpq.br\/0711245469831249\">http:\/\/lattes.cnpq.br\/0711245469831249<\/a><\/p>\n<p>&nbsp;<\/p>\n<p><strong>MARISTANI POLIDORI ZAMPERETTI<\/strong><\/p>\n<p>Doutora e Mestra em Educa\u00e7\u00e3o (PPGE\/FaE\/UFPel). Professora Adjunta no Centro de Artes da Universidade Federal de Pelotas, RS, onde ministra disciplinas na \u00e1rea de Fundamentos da Educa\u00e7\u00e3o em Artes Visuais. Docente no Programa de P\u00f3s-Gradua\u00e7\u00e3o em Educa\u00e7\u00e3o (PPGE\/FaE\/UFPel), Mestrado e Doutorado, na Linha de Pesquisa &#8220;Forma\u00e7\u00e3o de Professores: Ensino, Processos e Pr\u00e1ticas Educativas&#8221;. Coordenadora do Projeto Artes Visuais do PIBID\/UFPel (2014-2018). L\u00edder do Grupo de Pesquisa: Pesquisa, Ensino e Forma\u00e7\u00e3o Docente nas Artes Visuais (CNPQ). Licenciada em Educa\u00e7\u00e3o Art\u00edstica &#8211; Artes Pl\u00e1sticas (1987) e Bacharel em Pintura (1990). Especialista em Arte-Educa\u00e7\u00e3o, Artes Pl\u00e1sticas (1990) pelo ILA\/UFPel. Atuou com Professora Pesquisadora I no Curso de Licenciatura em Educa\u00e7\u00e3o do Campo &#8211; CLEC\/UFPel &#8211; Universidade Aberta do Brasil &#8211; UAB (2013-2014). No per\u00edodo de 1991 a 2010 atuou como professora de Artes Visuais na Escola Municipal de Ensino Fundamental Almirante Raphael Brusque, em Pelotas, RS. Realiza atividades de Pesquisa, Ensino e Extens\u00e3o, com \u00eanfase na tem\u00e1tica da Forma\u00e7\u00e3o de Professores: M\u00eddias, tecnologias e Artes Visuais, Cultura Visual, Educa\u00e7\u00e3o Est\u00e9tica e Experi\u00eancia.<\/p>\n<p>Curr\u00edculo lattes: <a href=\"http:\/\/lattes.cnpq.br\/8058990518394490\">http:\/\/lattes.cnpq.br\/8058990518394490<\/a><\/p>\n<p>&nbsp;<\/p>\n<p><strong>NEIVA MARIA FONSECA BOHNS<\/strong><\/p>\n<p>Mestre e Doutora em Hist\u00f3ria, Teoria e Cr\u00edtica das Artes Visuais pela Universidade Federal do Rio Grande do Sul, Brasil. Docente e pesquisadora do Centro de Artes da Universidade Federal de Pelotas, RS, Brasil, onde exerce o cargo de Professora Associada IV. Ministra disciplinas de arte contempor\u00e2nea, arte brasileira e arte no Rio Grande do Sul. Tem experi\u00eancia nas \u00e1reas de metodologia da pesquisa em artes e metodologia do ensino de artes. Atua como cr\u00edtica e curadora de Artes Visuais. Membro do CBHA (Comit\u00ea Brasileiro de Hist\u00f3ria da Arte), da ABCA (Associa\u00e7\u00e3o Brasileira de Cr\u00edticos de Arte) e da ANPAP (Associa\u00e7\u00e3o Nacional de Pesquisadores em Artes Pl\u00e1sticas). Diretora Cultural da Funda\u00e7\u00e3o Vera Chaves Barcellos (FVCB), Viam\u00e3o, RS. Membro do Comit\u00ea de Curadoria e Acervo do Museu de Arte Contempor\u00e2nea do Rio Grande do Sul. Representante no Colegiado Setorial de Artes Visuais da Secretaria do Estado da Cultura do RS. Coordenadora local do XXXIX Col\u00f3quio do Comit\u00ea Brasileiro de Hist\u00f3ria da Arte, a ser realizado em Pelotas, RS.<\/p>\n<p>Curr\u00edculo lattes: <a href=\"http:\/\/lattes.cnpq.br\/5991390147950572\">http:\/\/lattes.cnpq.br\/5991390147950572<\/a><\/p>\n<p>&nbsp;<\/p>\n<p><strong>RAQUEL AZAMBUJA SANTOS<\/strong><\/p>\n<p>Doutora em Educa\u00e7\u00e3o pelo Programa de P\u00f3s-Gradua\u00e7\u00e3o em Educa\u00e7\u00e3o &#8211; Universidade Federal de Pelotas (2018), linha de pesquisa Hist\u00f3ria e Filosofia da Educa\u00e7\u00e3o. Orientadora: Profa. Dra. Giana Amaral. Membro do CEIHE (Centro de Estudos e Investiga\u00e7\u00f5es em Hist\u00f3ria da Educa\u00e7\u00e3o). Professora Pesquisadora &#8211; Bolsista da Capes (2013 &#8211; 2015). Possui gradua\u00e7\u00e3o em: Licenciatura Plena em Artes Pl\u00e1sticas, pela Universidade Federal de Pelotas (1991), Bacharelado em Artes Pl\u00e1sticas Pintura, pela Universidade Federal de Pelotas (1992), Bacharelado em Artes Pl\u00e1sticas Gravura, pela Universidade Federal de Pelotas (1993), Mestrado em Ci\u00eancias Sociais, pelo Programa de P\u00f3s-Gradua\u00e7\u00e3o em Educa\u00e7\u00e3o na Universidade Federal de Pelotas (2001). T\u00e9cnica do Atelier de Gravura na Universidade Federal de Pelotas (1996 a 2005). Professora de Artes no Ensino M\u00e9dio e Fundamental na Escola Mario Quintana, em Pelotas (2001-2003). Diretora do Departamento de Arte e Cultura da Pr\u00f3-Reitoria de Extens\u00e3o e Cultura da Universidade Federal de Pelotas (2003-2005). Representante dos Professores Assistentes no Conselho Universit\u00e1rio (CONSUN) na Universidade Federal de Pelotas (2006-2009). Subchefe do Departamento de Artes Visuais e Membro da Galeria de Arte do Instituto de Artes e Design (2005-2007). Professor Adjunto (desde 2005) do Centro de Artes, UFPel, Curso de Artes Visuais. Chefe do Museu de Arte Leopoldo Gotuzzo (2006-2013) da Universidade Federal de Pelotas. Representante dos Museus de Arte no Sistema Municipal de Museus da Prefeitura Municipal de Pelotas ( 2007-2013). Faz parte do Conselho do Centro de Artes da Universidade Federal de Pelotas. Participa do Grupo de Pesquisa EXPRESS\u00d5ES DO M\u00daLTIPLO: Imagens e meios reprodutivos de cria\u00e7\u00e3o, no Instituto de Artes da Universidade Federal do Rio grande do Sul e do Grupo de Pesquisa PERCURSOS PO\u00c9TICOS: procedimentos e grafias na contemporaneidade no Centro de Artes da UFPel. Professor Pesquisador CAPES 2013 &#8211; andamento). Tem experi\u00eancia na \u00e1rea de Educa\u00e7\u00e3o, Arte, Patrim\u00f4nio Cultural, Museologia, atuando principalmente nos seguintes temas: hist\u00f3ria da educa\u00e7\u00e3o, institui\u00e7\u00f5es educacionais, arte-educa\u00e7\u00e3o, artes visuais, museu, mem\u00f3ria, patrim\u00f4nio cultural, media\u00e7\u00e3o em espa\u00e7os culturais. Participa de curadorias de exposi\u00e7\u00f5es (organiza\u00e7\u00e3o de eventos-exposi\u00e7\u00e3o). 2018.<span class=\"texto\">\u00a0<\/span><\/p>\n<p>Curr\u00edculo lattes: <a href=\"http:\/\/lattes.cnpq.br\/6615792669530971\">http:\/\/lattes.cnpq.br\/6615792669530971<\/a><\/p>\n<p>&nbsp;<\/p>\n<p><strong>RICARDO HENRIQUE AYRES ALVES<\/strong><\/p>\n<p>Doutor e Mestre em Artes Visuais (PPGAV\/UFRGS), \u00e1rea de concentra\u00e7\u00e3o Hist\u00f3ria, Teoria e Cr\u00edtica de Arte. Bacharel em Artes Visuais (FURG), \u00eanfase em Hist\u00f3ria, Teoria e Cr\u00edtica de Arte, com mobilidade acad\u00eamica no curso de Antropologia (ISCSP, ULisboa). Licenciado em Artes Visuais (IFSul). Professor do Centro de Artes da Universidade Federal de Pelotas (UFPel), atuando na gradua\u00e7\u00e3o em Artes Visuais e Museologia e na Especializa\u00e7\u00e3o em Artes. Coordenador da Especializa\u00e7\u00e3o em Artes EaD (UAB\/UFPel). Participa dos grupos de pesquisa Arte e sua hist\u00f3ria: visualidades, discursos e sentidos (UFPel), Deslocamentos da Fotografia na Arte (UFRGS) e Apagamentos da mem\u00f3ria na arte (UFRGS). Integra a equipe do Museu Afro-Brasil-Sul (MABSul\/UFPel). Tutor do PET-Sa\u00fade Equidade (2024-). Membro do Comit\u00ea Brasileiro de Hist\u00f3ria da Arte (CBHA) e da Associa\u00e7\u00e3o Nacional de Pesquisadores em Artes Pl\u00e1sticas (ANPAP), na qual atua como representante do estado do RS no bi\u00eanio 2023-2024. Autor do livro Miasmas e met\u00e1foras da aids nas Artes Visuais (Ed. da FURG, 2021). Artista visual. Seus interesses de pesquisa orbitam a arte contempor\u00e2nea e sua hist\u00f3ria a partir de interse\u00e7\u00f5es com o corpo, o HIV\/aids, a sexualidade e o cotidiano.<\/p>\n<p>Curr\u00edculo lattes: <a href=\"http:\/\/lattes.cnpq.br\/7515345224876748\">http:\/\/lattes.cnpq.br\/7515345224876748<\/a><\/p>\n<p>&nbsp;<\/p>\n<p><strong>ROSEMAR GOMES LEMOS<\/strong><\/p>\n<p>PhD na \u00e1rea de Ci\u00eancias da Arte e do Patrim\u00f3nio pela Faculdade de Belas Artes da Universidade de Lisboa\/PT, professora associada da Universidade Federal de Pelotas &#8211; Brasil. Chefe do N\u00facleo de A\u00e7\u00f5es Afirmativas e Diversidade\/CID\/UFPEL entre 2017 e 2019. Lotada no Centro de Artes, Curso de Licenciatura em Artes Visuais, \u00e9 membro do Colegiado de Curso e da P\u00f3s-gradua\u00e7\u00e3o em Artes. Leciona as disciplinas de Arte e Cultura Afro-brasileira,;Arte, Cultura e Diversidade; Cadastro T\u00e9cnico Multifinalit\u00e1rio (no Centro das Engenharias), Desenho T\u00e9cnico e Geometria Descritiva (Centro de Desenvolvimento Tecnol\u00f3gico). Faz parte do Comit\u00ea Cient\u00edfico da Revista VOX MUSEI Arte e Patrim\u00f4nio, vinculada a Universidade Federal do Piau\u00ed, Faculdade de Belas Artes da Universidade de Lisboa\/PT ; Parecerista do peri\u00f3dico Cadernos do LEPAARQ; Membro do Grupo de Pesquisa Cosmologias, L\u00f3gicas de A\u00e7\u00e3o e Manifesta\u00e7\u00f5es Expressivas de Grupos Afrodescendentes-UFPel. Graduada em Arquitetura e Urbanismo pela Universidade Federal de Pelotas (1988), professora graduada em ESQUEMA 1 pela Universidade Cat\u00f3lica de Pelotas (1995), Mestre em Qu\u00edmica pela Universidade Federal de Pelotas (2001), Doutora em Engenharia Civil pela Universidade Federal do Rio Grande do Sul (2006) e PhD na \u00e1rea de novos materiais pela Universidade de Aveiro &#8211; Portugal (2005). As \u00e1reas de atua\u00e7\u00e3o em pesquisa referem-se aos seguintes temas: a\u00e7\u00f5es afirmativas; patrim\u00f4nio hist\u00f3rico material e imaterial, cultura ind\u00edgena e afro-brasileira, forma\u00e7\u00e3o de professores de Artes; educa\u00e7\u00e3o ambiental, recursos did\u00e1ticos interdisciplinares e gr\u00e1fica computacional. https:\/\/orcid.org\/0000-0003-3711-3554<\/p>\n<p>Curr\u00edculo lattes: <a href=\"http:\/\/lattes.cnpq.br\/2533906161145789\">http:\/\/lattes.cnpq.br\/2533906161145789<\/a><\/p>\n<p>&nbsp;<\/p>\n<p><b>THA\u00cdS CRISTINA MARTINO SEHN<\/b><\/p>\n<p>Doutora em Design (UFRGS) com per\u00edodo sandu\u00edche, financiado pela Fulbright, na University of Illinois at Urbana-Champaign (EUA). Trabalhou mais de 15 anos como designer gr\u00e1fica, desenvolvendo projetos de identidade visual, papelaria, livros impressos e digitais, sites, ilustra\u00e7\u00f5es e infogr\u00e1ficos. Sua tese de doutorado, Leitura a dois: design de livro com foco no ouvinte adulto, ganhou Men\u00e7\u00e3o honrosa no 34 Pr\u00eamio Design Museu da Casa Brasileira (2021), na categoria Trabalhos n\u00e3o publicados, na qual estudou a leitura em voz alta atrav\u00e9s da abordagem do Design Emocional, unindo o desenho, a literatura e o design. Hoje, faz parte do Colegiado do curso de Licenciatura em Artes Visuais da UFPel, no qual \u00e9 respons\u00e1vel por disciplinas relacionadas com Design, Desenho e Anima\u00e7\u00e3o. Como pesquisadora e orientadora tem interesse nas \u00e1reas: Design Editorial (impresso ou digital), Design Emocional, Mem\u00f3ria Gr\u00e1fica e materiais educativos com foco em Arte.<span class=\"texto\">\u00a0<\/span><\/p>\n<p>Curr\u00edculo lattes: <a href=\"http:\/\/lattes.cnpq.br\/8878288872729994\">http:\/\/lattes.cnpq.br\/8878288872729994<\/a><\/p>\n","protected":false},"excerpt":{"rendered":"<p>CAROLINE LEAL BONILHA (coordenadora titular) Professora da \u00e1rea de Arte e Cultura do Centro de Artes da Universidade Federal de Pelotas, doutora em Educa\u00e7\u00e3o Ambiental pela Universidade Federal do Rio Grande. Possui mestrado em Mem\u00f3ria Social e Patrim\u00f4nio Cultural pela UFPel, sendo licenciada em Artes Visuais e Ci\u00eancias Sociais pela mesma universidade. Tem experi\u00eancia na [&hellip;]<\/p>\n","protected":false},"author":977,"featured_media":0,"parent":5,"menu_order":1,"comment_status":"closed","ping_status":"closed","template":"","meta":{"jetpack_post_was_ever_published":false,"footnotes":""},"class_list":["post-11","page","type-page","status-publish","hentry"],"jetpack_sharing_enabled":true,"_links":{"self":[{"href":"https:\/\/wp.ufpel.edu.br\/artesvisuaislic\/wp-json\/wp\/v2\/pages\/11","targetHints":{"allow":["GET"]}}],"collection":[{"href":"https:\/\/wp.ufpel.edu.br\/artesvisuaislic\/wp-json\/wp\/v2\/pages"}],"about":[{"href":"https:\/\/wp.ufpel.edu.br\/artesvisuaislic\/wp-json\/wp\/v2\/types\/page"}],"author":[{"embeddable":true,"href":"https:\/\/wp.ufpel.edu.br\/artesvisuaislic\/wp-json\/wp\/v2\/users\/977"}],"replies":[{"embeddable":true,"href":"https:\/\/wp.ufpel.edu.br\/artesvisuaislic\/wp-json\/wp\/v2\/comments?post=11"}],"version-history":[{"count":13,"href":"https:\/\/wp.ufpel.edu.br\/artesvisuaislic\/wp-json\/wp\/v2\/pages\/11\/revisions"}],"predecessor-version":[{"id":1260,"href":"https:\/\/wp.ufpel.edu.br\/artesvisuaislic\/wp-json\/wp\/v2\/pages\/11\/revisions\/1260"}],"up":[{"embeddable":true,"href":"https:\/\/wp.ufpel.edu.br\/artesvisuaislic\/wp-json\/wp\/v2\/pages\/5"}],"wp:attachment":[{"href":"https:\/\/wp.ufpel.edu.br\/artesvisuaislic\/wp-json\/wp\/v2\/media?parent=11"}],"curies":[{"name":"wp","href":"https:\/\/api.w.org\/{rel}","templated":true}]}}