{"id":8,"date":"2021-03-16T22:12:57","date_gmt":"2021-03-17T01:12:57","guid":{"rendered":"https:\/\/wp.ufpel.edu.br\/artesvisuaisbach\/?page_id=8"},"modified":"2024-08-12T13:53:13","modified_gmt":"2024-08-12T16:53:13","slug":"curso","status":"publish","type":"page","link":"https:\/\/wp.ufpel.edu.br\/artesvisuaisbach\/curso\/","title":{"rendered":"CURSO"},"content":{"rendered":"<p><iframe title=\"Artes Visuais\" width=\"500\" height=\"281\" src=\"https:\/\/www.youtube.com\/embed\/2dysTHEdnWI?start=34&#038;feature=oembed\" frameborder=\"0\" allow=\"accelerometer; autoplay; clipboard-write; encrypted-media; gyroscope; picture-in-picture; web-share\" referrerpolicy=\"strict-origin-when-cross-origin\" allowfullscreen><\/iframe><\/p>\n<p><span class=\"textosite_recuo\">O curso de artes visuais \u00e9\u00a0<strong>uma gradua\u00e7\u00e3o na modalidade bacharelado com a dura\u00e7\u00e3o de quatro anos<\/strong>\u00a0totalizando uma forma\u00e7\u00e3o de 2407 horas m\u00ednimas que o estudante dever\u00e1 cumprir. O curso pertence ao Centro de Artes da Universidade Federal de Pelotas e as aulas acontecem na cidade de Pelotas\/RS em um dos pr\u00e9dios do Centro na Rua Alberto Rosa, 62. O local tamb\u00e9m abriga os cursos de artes visuais licenciatura, design gr\u00e1fico, design digital, m\u00fasica licenciatura, cinema de anima\u00e7\u00e3o, cinema e audiovisual. \u00c9 uma \u00e1rea que fica cerca de 5 minutos do centro de Pelotas, com diversas linhas de \u00f4nibus e restaurantes. A \u00e1rea do Porto, como \u00e9 conhecida, concentra diversos pr\u00e9dios da UFPEL.<\/span><\/p>\n<p><strong><span class=\"quadrado_func\">Quais s\u00e3o as formas de ingresso?<\/span><\/strong><br \/>\n<span class=\"textosite_recuo\"><br \/>\nUFPEL \u00e9 uma universidade p\u00fablica federal e portanto gratuita para todos os estudantes. O ingresso no curso de bacharelado em artes visuais ocorre no in\u00edcio do ano, geralmente entre os meses de janeiro e fevereiro. Pelo sistema SISU s\u00e3o ofertadas, anualmente, 40 vagas. Existem tr\u00eas formas de ingresso no curso, a saber: (1) a realiza\u00e7\u00e3o do<a href=\"http:\/\/enem.inep.gov.br\/\">\u00a0Exame Nacional do Ensino M\u00e9dio (ENEM)<\/a>\u00a0e a utiliza\u00e7\u00e3o de seu resultado por meio do\u00a0<a href=\"http:\/\/sisu.mec.gov.br\/\">Sistema de Sele\u00e7\u00e3o Unificada (SISU)<\/a>, (2) pelo\u00a0<a href=\"http:\/\/ces.ufpel.edu.br\/vestibular\/pave\/\">Programa de Avalia\u00e7\u00e3o da Vida Escolar (PAVE)<\/a>\u00a0e (3) pelo ingresso extra-vestibular nas modalidades de reop\u00e7\u00e3o (para alunos da UFPEL que desejam mudar de curso), reingresso (estudantes em trancamento que desejam retorno ao curso), transfer\u00eancia volunt\u00e1ria (para alunos de outras IES que desejam ingressar no curso) e ingresso como portador de t\u00edtulo (para j\u00e1 graduados que desejam realizar o curso). Esta segunda forma, ingresso extra-vestibular, \u00e9 regulamentada mediante publica\u00e7\u00e3o de edital na p\u00e1gina do Departamento de Registros Acad\u00eamicos, neste endere\u00e7o:\u00a0<a href=\"http:\/\/ufpel.edu.br\/alunos\/\">http:\/\/ufpel.edu.br\/alunos\/<\/a>. Geralmente o edital \u00e9 publicado cerca de dois meses antes do t\u00e9rmino dos semestres. Em cada semestre consta no edital o n\u00famero de vagas para cada curso e s\u00e3o publicados, em anexo, os crit\u00e9rios de sele\u00e7\u00e3o para o curso onde s\u00e3o definidas as modalidades que ser\u00e3o aceitas e crit\u00e9rios eliminat\u00f3rios e classificat\u00f3rios de sele\u00e7\u00e3o para os candidatos. As vagas do ingresso extra-vestibular s\u00e3o oriundas de estudantes que abandonam o curso em diversos per\u00edodos e a defini\u00e7\u00e3o dos crit\u00e9rios tem rela\u00e7\u00e3o direta com a possibilidade estrutural do curso em receber os estudantes, sem preju\u00edzo com a qualidade de ensino.<\/span><\/p>\n<p><strong><span class=\"quadrado_func\">Quando acontecem as aulas?<\/span><\/strong><\/p>\n<p><span class=\"textosite_recuo\">As<strong>\u00a0aulas s\u00e3o concentradas no per\u00edodo da tarde<\/strong>, no hor\u00e1rio das 13h30min \u00e0s 18h50min. Nos demais turnos (manh\u00e3 e noite) ocorrem atividades de pesquisa e extens\u00e3o e disciplinas que podem ser cursadas como forma\u00e7\u00e3o livre, ofertadas pelo curso e pelas demais gradua\u00e7\u00f5es da UFPEL.<\/span><\/p>\n<p><strong><span class=\"quadrado_func\">Como \u00e9 distribu\u00edda a carga hor\u00e1ria do curso?<\/span><\/strong><br \/>\n<span class=\"textosite_recuo\"><br \/>\nA\u00a0<strong>carga hor\u00e1ria total<\/strong>\u00a0\u00e9 integralizada a partir de disciplinas obrigat\u00f3rias (cerca de 82% do curso) e disciplinas de forma\u00e7\u00e3o livre e atividades complementares (cerca de 18%). Como forma\u00e7\u00e3o livre o estudante opta pelas disciplinas ofertadas pelo curso nessa modalidade e integraliza as horas com demais disciplinas ofertadas por outros cursos da UFPEL, mediante orienta\u00e7\u00e3o da matr\u00edcula junto ao colegiado. As atividades complementares consistem em execu\u00e7\u00e3o\/ colabora\u00e7\u00e3o e\/ou participa\u00e7\u00e3o em eventos, mostras, exposi\u00e7\u00f5es, oficinas, palestras, cursos, desenvolvimento de pesquisa orientada em po\u00e9ticas e inicia\u00e7\u00e3o cient\u00edfica. A valida\u00e7\u00e3o se d\u00e1 por meio de apresenta\u00e7\u00e3o dos certificados de participa\u00e7\u00e3o tendo como par\u00e2metro tabela classificat\u00f3rias das atividades.<\/span><\/p>\n<p><strong><span class=\"quadrado_func\">O aluno realiza est\u00e1gio e trabalho final?<\/span><\/strong><\/p>\n<p><span class=\"textosite_recuo\">Durante o 7\u00ba e o 8\u00ba semestre os estudantes desenvolvem o\u00a0<strong>Projeto de Gradua\u00e7\u00e3o em Artes Visuais I e II\u00a0<\/strong>disciplinas de car\u00e1ter te\u00f3rico\/pr\u00e1tico envolvendo a produ\u00e7\u00e3o individual em po\u00e9ticas visuais articulada com a reflex\u00e3o contextualizada, sob orienta\u00e7\u00e3o de um professor do curso. Conforme as Diretrizes Curriculares em vigor o est\u00e1gio curricular n\u00e3o \u00e9 obrigat\u00f3rio para o curso, sendo assim, segue as normas gerais adotadas pela Universidade nessa modalidade. A carga hor\u00e1ria realizada nessa atividade \u00e9 acrescida ao total do curso e discriminada no hist\u00f3rico escolar.<\/span><\/p>\n","protected":false},"excerpt":{"rendered":"<p>O curso de artes visuais \u00e9\u00a0uma gradua\u00e7\u00e3o na modalidade bacharelado com a dura\u00e7\u00e3o de quatro anos\u00a0totalizando uma forma\u00e7\u00e3o de 2407 horas m\u00ednimas que o estudante dever\u00e1 cumprir. O curso pertence ao Centro de Artes da Universidade Federal de Pelotas e as aulas acontecem na cidade de Pelotas\/RS em um dos pr\u00e9dios do Centro na Rua [&hellip;]<\/p>\n","protected":false},"author":1094,"featured_media":0,"parent":0,"menu_order":1,"comment_status":"closed","ping_status":"closed","template":"","meta":{"jetpack_post_was_ever_published":false,"footnotes":""},"class_list":["post-8","page","type-page","status-publish","hentry"],"jetpack_sharing_enabled":true,"_links":{"self":[{"href":"https:\/\/wp.ufpel.edu.br\/artesvisuaisbach\/wp-json\/wp\/v2\/pages\/8","targetHints":{"allow":["GET"]}}],"collection":[{"href":"https:\/\/wp.ufpel.edu.br\/artesvisuaisbach\/wp-json\/wp\/v2\/pages"}],"about":[{"href":"https:\/\/wp.ufpel.edu.br\/artesvisuaisbach\/wp-json\/wp\/v2\/types\/page"}],"author":[{"embeddable":true,"href":"https:\/\/wp.ufpel.edu.br\/artesvisuaisbach\/wp-json\/wp\/v2\/users\/1094"}],"replies":[{"embeddable":true,"href":"https:\/\/wp.ufpel.edu.br\/artesvisuaisbach\/wp-json\/wp\/v2\/comments?post=8"}],"version-history":[{"count":5,"href":"https:\/\/wp.ufpel.edu.br\/artesvisuaisbach\/wp-json\/wp\/v2\/pages\/8\/revisions"}],"predecessor-version":[{"id":161,"href":"https:\/\/wp.ufpel.edu.br\/artesvisuaisbach\/wp-json\/wp\/v2\/pages\/8\/revisions\/161"}],"wp:attachment":[{"href":"https:\/\/wp.ufpel.edu.br\/artesvisuaisbach\/wp-json\/wp\/v2\/media?parent=8"}],"curies":[{"name":"wp","href":"https:\/\/api.w.org\/{rel}","templated":true}]}}