{"id":737,"date":"2025-06-25T15:20:56","date_gmt":"2025-06-25T18:20:56","guid":{"rendered":"https:\/\/wp.ufpel.edu.br\/artesvisuaisbach\/?page_id=737"},"modified":"2025-06-25T15:22:24","modified_gmt":"2025-06-25T18:22:24","slug":"apoio-psicologico","status":"publish","type":"page","link":"https:\/\/wp.ufpel.edu.br\/artesvisuaisbach\/apoio-psicologico\/","title":{"rendered":"Apoio Psicol\u00f3gico"},"content":{"rendered":"<p>Aos discentes que estejam enfrentando um momento dif\u00edcil e necessitem de apoio psicol\u00f3gico, seguem os servi\u00e7os dispon\u00edveis na Universidade:<\/p>\n<p>&nbsp;<\/p>\n<ul>\n<li>\n<h2><strong>Apoio Psicopedag\u00f3gico (Pr\u00f3-Reitoria de Assuntos Estudantis &#8211; PRAE)<\/strong><\/h2>\n<blockquote class=\"wp-embedded-content\" data-secret=\"Y0tbwas5y3\"><p><a href=\"https:\/\/wp.ufpel.edu.br\/prae\/programas\/\">Servi\u00e7os<\/a><\/p><\/blockquote>\n<p><iframe class=\"wp-embedded-content\" sandbox=\"allow-scripts\" security=\"restricted\" style=\"position: absolute; visibility: hidden;\" title=\"&#8220;Servi\u00e7os&#8221; &#8212; Pr\u00f3-Reitoria de Assuntos Estudantis\" src=\"https:\/\/wp.ufpel.edu.br\/prae\/programas\/embed\/#?secret=NaJXqew1Zb#?secret=Y0tbwas5y3\" data-secret=\"Y0tbwas5y3\" width=\"500\" height=\"282\" frameborder=\"0\" marginwidth=\"0\" marginheight=\"0\" scrolling=\"no\"><\/iframe><\/p>\n<p><a href=\"https:\/\/wp.ufpel.edu.br\/prae\/programa-de-acompanhamento-pedagogico\/atendimento-psicologico\/\">https:\/\/wp.ufpel.edu.br\/prae\/programa-de-acompanhamento-pedagogico\/atendimento-psicologico\/<\/a><\/p>\n<p><strong>Acolhimento em Sa\u00fade Mental<\/strong><\/p>\n<p>Essa \u00e9 uma das a\u00e7\u00f5es propostas pela equipe do N\u00facleo Psicopedag\u00f3gico de Apoio ao Discente (Nupadi) que objetiva oferecer apoio emocional para\u00a0 estudantes da UFPEL com matr\u00edcula ativa.<\/p>\n<p>Aquelas(es) que sentirem necessidade de acolhimento em sa\u00fade mental dever\u00e3o realizar inscri\u00e7\u00e3o atrav\u00e9s deste link permanente\u00a0<strong><a href=\"https:\/\/forms.gle\/jmfbD9LGYUKZ2Yzu7\">SOLICITE AQUI<\/a><\/strong><\/p>\n<p>Ap\u00f3s o preenchimento do formul\u00e1rio, enviaremos para o e-mail informado instru\u00e7\u00f5es com dia, hor\u00e1rio\u00a0 e nome da profissional que realizar\u00e1 o acolhimento. Os acolhimentos ocorrem presencialmente na sede da PRAE \u2013 Rua Almirante Barroso, n\u00ba 1202 \u2013 t\u00e9rreo.<\/p>\n<p><strong>Ressaltamos que tais atendimentos s\u00e3o pontuais e n\u00e3o dever\u00e3o gerar expectativa de continuidade em psicoterapia individual.<\/strong>\u00a0A capacidade de atendimentos ficar\u00e1 restrita \u00e0s possibilidades da equipe profissional, conforme a demanda recebida.<\/p>\n<p>As a\u00e7\u00f5es do acompanhamento psicol\u00f3gico est\u00e3o regulamentas no Art. 14 da\u00a0<a href=\"https:\/\/wp.ufpel.edu.br\/prae\/edital-dinamico\/\">Resolu\u00e7\u00e3o COCEPE 25\/2021<\/a>.<\/p>\n<p><strong>Salas de Apoio Pedag\u00f3gico<\/strong><\/p>\n<p><strong>Grupos de Preven\u00e7\u00e3o em Sa\u00fade<\/strong><\/p>\n<p><strong>PRAE Acolhe<\/strong><\/p>\n<p><strong>Acompanhamento do Rendimento Acad\u00eamico<\/strong><\/p>\n<p><strong>Acompanhamento do Prazo de Perman\u00eancia<\/strong><\/p>\n<p><strong>Orienta\u00e7\u00f5es sobre Trancamento de Disciplinas<\/strong><\/li>\n<\/ul>\n<p>&nbsp;<\/p>\n<ul>\n<li>\n<h2><strong>Plant\u00e3o Psicol\u00f3gico &#8211; Contextos<\/strong><\/h2>\n<\/li>\n<\/ul>\n<p>Atendimentos emergenciais de sess\u00e3o \u00fanica para escuta, acolhimento e suporte emocional pelo Servi\u00e7o Escola de Psicologia (SEP) da UFPel.<\/p>\n<p><strong>Quando?<\/strong><\/p>\n<p>Segundas-feiras das 14h \u00e0s 16h<\/p>\n<p>Ter\u00e7as-feiras das 8h30 \u00e0s 10h30<\/p>\n<p>Quartas-feiras das 8h30 \u00e0s 10h30<\/p>\n<p>*Atendimentos por ordem de chegada<\/p>\n<p>&nbsp;<\/p>\n<p><strong>Para quem?<\/strong> Maiores de 18 anos<\/p>\n<p><strong>Onde?<\/strong><\/p>\n<p>Servi\u00e7o Esola de Psicologia (SEP)<\/p>\n<p>Rua Marechal Deodoro, 1160.<\/p>\n<p><img class=\"alignnone size-full wp-image-739\" src=\"https:\/\/wp.ufpel.edu.br\/artesvisuaisbach\/files\/2025\/06\/Plantao-Psicologico-Contextos-311x400-1.jpeg\" alt=\"\" width=\"311\" height=\"400\" \/><\/p>\n","protected":false},"excerpt":{"rendered":"<p>Aos discentes que estejam enfrentando um momento dif\u00edcil e necessitem de apoio psicol\u00f3gico, seguem os servi\u00e7os dispon\u00edveis na Universidade: &nbsp; Apoio Psicopedag\u00f3gico (Pr\u00f3-Reitoria de Assuntos Estudantis &#8211; PRAE) Servi\u00e7os https:\/\/wp.ufpel.edu.br\/prae\/programa-de-acompanhamento-pedagogico\/atendimento-psicologico\/ Acolhimento em Sa\u00fade Mental Essa \u00e9 uma das a\u00e7\u00f5es propostas pela equipe do N\u00facleo Psicopedag\u00f3gico de Apoio ao Discente (Nupadi) que objetiva oferecer apoio emocional [&hellip;]<\/p>\n","protected":false},"author":1094,"featured_media":0,"parent":0,"menu_order":9,"comment_status":"closed","ping_status":"closed","template":"","meta":{"jetpack_post_was_ever_published":false,"footnotes":""},"class_list":["post-737","page","type-page","status-publish","hentry"],"jetpack_sharing_enabled":true,"_links":{"self":[{"href":"https:\/\/wp.ufpel.edu.br\/artesvisuaisbach\/wp-json\/wp\/v2\/pages\/737","targetHints":{"allow":["GET"]}}],"collection":[{"href":"https:\/\/wp.ufpel.edu.br\/artesvisuaisbach\/wp-json\/wp\/v2\/pages"}],"about":[{"href":"https:\/\/wp.ufpel.edu.br\/artesvisuaisbach\/wp-json\/wp\/v2\/types\/page"}],"author":[{"embeddable":true,"href":"https:\/\/wp.ufpel.edu.br\/artesvisuaisbach\/wp-json\/wp\/v2\/users\/1094"}],"replies":[{"embeddable":true,"href":"https:\/\/wp.ufpel.edu.br\/artesvisuaisbach\/wp-json\/wp\/v2\/comments?post=737"}],"version-history":[{"count":2,"href":"https:\/\/wp.ufpel.edu.br\/artesvisuaisbach\/wp-json\/wp\/v2\/pages\/737\/revisions"}],"predecessor-version":[{"id":741,"href":"https:\/\/wp.ufpel.edu.br\/artesvisuaisbach\/wp-json\/wp\/v2\/pages\/737\/revisions\/741"}],"wp:attachment":[{"href":"https:\/\/wp.ufpel.edu.br\/artesvisuaisbach\/wp-json\/wp\/v2\/media?parent=737"}],"curies":[{"name":"wp","href":"https:\/\/api.w.org\/{rel}","templated":true}]}}