{"id":11,"date":"2021-03-16T22:12:57","date_gmt":"2021-03-17T01:12:57","guid":{"rendered":"https:\/\/wp.ufpel.edu.br\/artesvisuaisbach\/?page_id=11"},"modified":"2024-08-12T13:53:46","modified_gmt":"2024-08-12T16:53:46","slug":"trabalhos-de-conclusao","status":"publish","type":"page","link":"https:\/\/wp.ufpel.edu.br\/artesvisuaisbach\/trabalhos-de-conclusao\/","title":{"rendered":"TRABALHOS DE CONCLUS\u00c3O"},"content":{"rendered":"<p>Os Trabalhos de Conclus\u00e3o de Curso das Artes Visuais est\u00e3o dispon\u00edveis no acervo do ARTE NA ESCOLA que pode ser consultado atrav\u00e9s do link\u00a0<a href=\"https:\/\/wp.ufpel.edu.br\/artenaescola\/acervo\/\">Arte na Escola UFPel<\/a><\/p>\n<h2 class=\"font_2\"><strong>Sobre o Instituto Arte na Escola<\/strong><\/h2>\n<p class=\"font_7\">O Instituto Arte na Escola \u00e9 uma associa\u00e7\u00e3o civil sem fins lucrativos que, desde 1989, qualifica, incentiva e reconhece o ensino da arte, por meio da forma\u00e7\u00e3o continuada de professores da Educa\u00e7\u00e3o B\u00e1sica.<\/p>\n<p class=\"font_7\">Tem como premissa que a Arte, enquanto objeto do saber, desenvolve nos alunos habilidades perceptivas, capacidade reflexiva e incentiva a forma\u00e7\u00e3o de uma consci\u00eancia cr\u00edtica, n\u00e3o se limitando a auto-express\u00e3o e \u00e0 criatividade.<\/p>\n<p><img class=\"alignnone size-full wp-image-92\" src=\"https:\/\/i1.wp.com\/wp.ufpel.edu.br\/artesvisuaislic\/files\/2019\/12\/IAE-Cor-RGB-178x159.jpg?resize=178%2C159&amp;ssl=1\" alt=\"\" width=\"178\" height=\"159\" data-recalc-dims=\"1\" \/><\/p>\n","protected":false},"excerpt":{"rendered":"<p>Os Trabalhos de Conclus\u00e3o de Curso das Artes Visuais est\u00e3o dispon\u00edveis no acervo do ARTE NA ESCOLA que pode ser consultado atrav\u00e9s do link\u00a0Arte na Escola UFPel Sobre o Instituto Arte na Escola O Instituto Arte na Escola \u00e9 uma associa\u00e7\u00e3o civil sem fins lucrativos que, desde 1989, qualifica, incentiva e reconhece o ensino da [&hellip;]<\/p>\n","protected":false},"author":1094,"featured_media":0,"parent":0,"menu_order":3,"comment_status":"closed","ping_status":"closed","template":"","meta":{"jetpack_post_was_ever_published":false,"footnotes":""},"class_list":["post-11","page","type-page","status-publish","hentry"],"jetpack_sharing_enabled":true,"_links":{"self":[{"href":"https:\/\/wp.ufpel.edu.br\/artesvisuaisbach\/wp-json\/wp\/v2\/pages\/11","targetHints":{"allow":["GET"]}}],"collection":[{"href":"https:\/\/wp.ufpel.edu.br\/artesvisuaisbach\/wp-json\/wp\/v2\/pages"}],"about":[{"href":"https:\/\/wp.ufpel.edu.br\/artesvisuaisbach\/wp-json\/wp\/v2\/types\/page"}],"author":[{"embeddable":true,"href":"https:\/\/wp.ufpel.edu.br\/artesvisuaisbach\/wp-json\/wp\/v2\/users\/1094"}],"replies":[{"embeddable":true,"href":"https:\/\/wp.ufpel.edu.br\/artesvisuaisbach\/wp-json\/wp\/v2\/comments?post=11"}],"version-history":[{"count":2,"href":"https:\/\/wp.ufpel.edu.br\/artesvisuaisbach\/wp-json\/wp\/v2\/pages\/11\/revisions"}],"predecessor-version":[{"id":28,"href":"https:\/\/wp.ufpel.edu.br\/artesvisuaisbach\/wp-json\/wp\/v2\/pages\/11\/revisions\/28"}],"wp:attachment":[{"href":"https:\/\/wp.ufpel.edu.br\/artesvisuaisbach\/wp-json\/wp\/v2\/media?parent=11"}],"curies":[{"name":"wp","href":"https:\/\/api.w.org\/{rel}","templated":true}]}}