{"id":109,"date":"2021-06-29T13:44:22","date_gmt":"2021-06-29T16:44:22","guid":{"rendered":"https:\/\/wp.ufpel.edu.br\/artesvisuaisbach\/?page_id=109"},"modified":"2025-10-09T11:36:44","modified_gmt":"2025-10-09T14:36:44","slug":"termo-de-autorizacao-tcc-biblioteca","status":"publish","type":"page","link":"https:\/\/wp.ufpel.edu.br\/artesvisuaisbach\/procedimentos-e-formularios\/termo-de-autorizacao-tcc-biblioteca\/","title":{"rendered":"Termo de autoriza\u00e7\u00e3o TCC &#8211; Biblioteca"},"content":{"rendered":"<p>O Termo de Autoriza\u00e7\u00e3o \u00e9 solicitado ao aluno ap\u00f3s a finaliza\u00e7\u00e3o do Trabalho de Conclus\u00e3o de Curso. O documento deve ser devidamente preenchido, assinado e encaminhado ao colegiado juntamente da c\u00f3pia do trabalho em formato digital.<\/p>\n<p><a href=\"https:\/\/wp.ufpel.edu.br\/artesvisuaisbach\/files\/2025\/10\/Termo-TCC-e-TCCP-v04072025.pdf\">Termo TCC v04072025<\/a><\/p>\n","protected":false},"excerpt":{"rendered":"<p>O Termo de Autoriza\u00e7\u00e3o \u00e9 solicitado ao aluno ap\u00f3s a finaliza\u00e7\u00e3o do Trabalho de Conclus\u00e3o de Curso. O documento deve ser devidamente preenchido, assinado e encaminhado ao colegiado juntamente da c\u00f3pia do trabalho em formato digital. Termo TCC v04072025<\/p>\n","protected":false},"author":1094,"featured_media":0,"parent":12,"menu_order":4,"comment_status":"closed","ping_status":"closed","template":"","meta":{"jetpack_post_was_ever_published":false,"footnotes":""},"class_list":["post-109","page","type-page","status-publish","hentry"],"jetpack_sharing_enabled":true,"_links":{"self":[{"href":"https:\/\/wp.ufpel.edu.br\/artesvisuaisbach\/wp-json\/wp\/v2\/pages\/109","targetHints":{"allow":["GET"]}}],"collection":[{"href":"https:\/\/wp.ufpel.edu.br\/artesvisuaisbach\/wp-json\/wp\/v2\/pages"}],"about":[{"href":"https:\/\/wp.ufpel.edu.br\/artesvisuaisbach\/wp-json\/wp\/v2\/types\/page"}],"author":[{"embeddable":true,"href":"https:\/\/wp.ufpel.edu.br\/artesvisuaisbach\/wp-json\/wp\/v2\/users\/1094"}],"replies":[{"embeddable":true,"href":"https:\/\/wp.ufpel.edu.br\/artesvisuaisbach\/wp-json\/wp\/v2\/comments?post=109"}],"version-history":[{"count":3,"href":"https:\/\/wp.ufpel.edu.br\/artesvisuaisbach\/wp-json\/wp\/v2\/pages\/109\/revisions"}],"predecessor-version":[{"id":767,"href":"https:\/\/wp.ufpel.edu.br\/artesvisuaisbach\/wp-json\/wp\/v2\/pages\/109\/revisions\/767"}],"up":[{"embeddable":true,"href":"https:\/\/wp.ufpel.edu.br\/artesvisuaisbach\/wp-json\/wp\/v2\/pages\/12"}],"wp:attachment":[{"href":"https:\/\/wp.ufpel.edu.br\/artesvisuaisbach\/wp-json\/wp\/v2\/media?parent=109"}],"curies":[{"name":"wp","href":"https:\/\/api.w.org\/{rel}","templated":true}]}}