{"id":10,"date":"2021-03-16T22:12:57","date_gmt":"2021-03-17T01:12:57","guid":{"rendered":"https:\/\/wp.ufpel.edu.br\/artesvisuaisbach\/?page_id=10"},"modified":"2024-08-12T13:53:38","modified_gmt":"2024-08-12T16:53:38","slug":"projetos","status":"publish","type":"page","link":"https:\/\/wp.ufpel.edu.br\/artesvisuaisbach\/projetos\/","title":{"rendered":"PROJETOS"},"content":{"rendered":"<p><b><img class=\"size-medium wp-image-331 alignleft\" src=\"https:\/\/wp.ufpel.edu.br\/artesvisuaisbach\/files\/2022\/02\/2-400x400.png\" alt=\"\" width=\"400\" height=\"400\" srcset=\"https:\/\/wp.ufpel.edu.br\/artesvisuaisbach\/files\/2022\/02\/2-400x400.png 400w, https:\/\/wp.ufpel.edu.br\/artesvisuaisbach\/files\/2022\/02\/2-1024x1024.png 1024w, https:\/\/wp.ufpel.edu.br\/artesvisuaisbach\/files\/2022\/02\/2-200x200.png 200w, https:\/\/wp.ufpel.edu.br\/artesvisuaisbach\/files\/2022\/02\/2-768x768.png 768w, https:\/\/wp.ufpel.edu.br\/artesvisuaisbach\/files\/2022\/02\/2.png 1080w\" sizes=\"(max-width: 400px) 100vw, 400px\" \/>PROJETO GERAL: &#8220;ARKH\u00c9: ARQUIVOS E ACERVOS DE ARTES VISUAIS&#8221; <\/b><br \/>\nCOORDENA\u00c7\u00c3O: Profa Thays Tonin (toninthays@gmail.com)<br \/>\nCoordenadora Adjunta: Profa Laura Cattani<br \/>\nGest\u00e3o: Profa Kelly Wendt e Prof Cl\u00f3vis Costa<\/p>\n<p><b>Descri\u00e7\u00e3o do Projeto<\/b><br \/>\nO Projeto de Ensino &#8220;Arquivos e Acervos de Artes&#8221; prop\u00f5e, em conjunto com alunos\/as\/es, pesquisadores\/as e professores\/as, colaboradores\/as, dois caminhos para o of\u00edcio de historiador\/a da arte e de profissional formade em Artes Visuais: primeiramente, levantar um arsenal de debates cr\u00edticos acerca da constru\u00e7\u00e3o de acervos de artistas, ateli\u00eas, galerias de universidades e cole\u00e7\u00f5es da regi\u00e3o sul do Brasil, com foco nos artistas residentes no Rio Grande do Sul, Santa Catarina e Paran\u00e1, dando prioridade para estudos sobre um circuito que se encontra fora do eixo RJ-SP. Em segundo lugar, projetar e produzir acervos virtuais de artistas, divulgando artistas e suas obras, com o intuito de satisfazer uma defasagem que encontramos nos estudos de Hist\u00f3ria da Arte do Brasil meridional.<br \/>\nTrata-se, neste aspecto, de compreender o &#8220;arquivo&#8221; e o &#8220;acervo&#8221; como conceitos fundamentais para os atuais debates da Hist\u00f3ria da Arte, considerando-os, n\u00e3o como uma estrutura material onde est\u00e3o guardados todos os textos, enquanto testemunhos do passado e das institui\u00e7\u00f5es, mas como uma arquitetura imaterial \u00fanica e intransfer\u00edvel, um sistema de enunciados composto de heran\u00e7as e esquecimentos que permite atualizar diferen\u00e7as e repensar discursos. O arquivo \u00e9 o \u00edndice de um pensamento em constru\u00e7\u00e3o, sempre sujeito a armazenamentos e experimenta\u00e7\u00f5es, inclui rascunhos, esbo\u00e7os, constela\u00e7\u00f5es, roteiros, mapas, maquetes, di\u00e1rios, cole\u00e7\u00f5es. Tamb\u00e9m inclui percep\u00e7\u00f5es e sensibilidades, lembran\u00e7as e esquecimentos, sejam individuais ou coletivas. Como m\u00e9todo de pesquisa e ensino, pensar os Arquivos e Acervos pressup\u00f5e estudar as descontinuidades, cortes e rupturas discursivas da hist\u00f3ria da arte (corpos de imagens, de textos e falas) onde acontecem opera\u00e7\u00f5es pol\u00edticas, transla\u00e7\u00f5es simb\u00f3licas, coexist\u00eancias.<br \/>\nNeste sentido, trata-se de aprofundar o entendimento de arquivo enquanto arsenal ou dispositivo a partir do qual a produ\u00e7\u00e3o art\u00edstica, tanto \u00e9 preservada pelas institui\u00e7\u00f5es, como \u00e9 esquecida ou silenciada, a partir do estudo de quest\u00f5es que organizam o sistema de arte brasileiro.<\/p>\n<p><b>A\u00e7\u00e3o de Ensino\u00a0<\/b><br \/>\n&#8220;HIST\u00d3RIA E MEM\u00d3RIA D\u02bcA SALA GALERIA DE ARTES&#8221;<br \/>\nPROJETO ID 15644 &#8211; PR\u00d3-REITORIAS DE EXTENS\u00c3O, GRADU\u00c7\u00c3O E PESQUISA E P\u00d3S-GRADUA\u00c7\u00c3O<\/p>\n<p>Projeto de ensino acerca da cria\u00e7\u00e3o de um Arquivo Virtual dos 20 anos de exist\u00eancia da A Sala Galeria de Arte, entrevistando artistas, professores e alunes que participaram da vida e hist\u00f3ria da Galeria.<br \/>\nEnsino de metodologia de pesquisa em acervo, escrita cient\u00edfica e publica\u00e7\u00e3o de cat\u00e1logos ou livros.<br \/>\nGrupo de Estudos para debater as a\u00e7\u00f5es e os projetos relacionados A Sala Galeria de Arte.<br \/>\nOrganiza\u00e7\u00e3o de espa\u00e7o de debate te\u00f3rico (online) aberto ao p\u00fablico interessado, com a presen\u00e7a de artistas convidados.<\/p>\n<p><b>ATIVIDADES<\/b><br \/>\n&#8211; GRUPO DE ESTUDO: Encontros virtuais de professores e alunes para debate te\u00f3rico para estudo de metodologia de pesquisa em acervo, entrevista e tratamento de documentos.<br \/>\n&#8211; Encontros virtuais e\/ou presenciais n&#8217;A Sala Galeria de Arte, para estudo do material e para organiza\u00e7\u00e3o das entrevistas gravadas como parte do registro memorial da Galeria.<br \/>\n&#8211; PESQUISA: Produ\u00e7\u00e3o de material para Acervo Virtual da Galeria, com registros de obras, exposi\u00e7\u00f5es e curr\u00edculo de artistas que passaram pela UFPEL neste 20 anos de eventos<br \/>\n&#8211; Produ\u00e7\u00e3o (optativa) de exerc\u00edcios de Cr\u00edtica de Arte para o livro de comemora\u00e7\u00e3o dos 20 anos de hist\u00f3ria da Galeria.<\/p>\n<p><b>ENCONTROS QUINZENAIS, COM CERTIFICADO DE HORAS DE PESQUISA E POSSIBILIDADE DE PUBLICA\u00c7\u00c3O CIENT\u00cdFICA \ud83d\ude42<\/b><\/p>\n","protected":false},"excerpt":{"rendered":"<p>PROJETO GERAL: &#8220;ARKH\u00c9: ARQUIVOS E ACERVOS DE ARTES VISUAIS&#8221; COORDENA\u00c7\u00c3O: Profa Thays Tonin (toninthays@gmail.com) Coordenadora Adjunta: Profa Laura Cattani Gest\u00e3o: Profa Kelly Wendt e Prof Cl\u00f3vis Costa Descri\u00e7\u00e3o do Projeto O Projeto de Ensino &#8220;Arquivos e Acervos de Artes&#8221; prop\u00f5e, em conjunto com alunos\/as\/es, pesquisadores\/as e professores\/as, colaboradores\/as, dois caminhos para o of\u00edcio de historiador\/a [&hellip;]<\/p>\n","protected":false},"author":1094,"featured_media":0,"parent":0,"menu_order":2,"comment_status":"closed","ping_status":"closed","template":"","meta":{"jetpack_post_was_ever_published":false,"footnotes":""},"class_list":["post-10","page","type-page","status-publish","hentry"],"jetpack_sharing_enabled":true,"_links":{"self":[{"href":"https:\/\/wp.ufpel.edu.br\/artesvisuaisbach\/wp-json\/wp\/v2\/pages\/10","targetHints":{"allow":["GET"]}}],"collection":[{"href":"https:\/\/wp.ufpel.edu.br\/artesvisuaisbach\/wp-json\/wp\/v2\/pages"}],"about":[{"href":"https:\/\/wp.ufpel.edu.br\/artesvisuaisbach\/wp-json\/wp\/v2\/types\/page"}],"author":[{"embeddable":true,"href":"https:\/\/wp.ufpel.edu.br\/artesvisuaisbach\/wp-json\/wp\/v2\/users\/1094"}],"replies":[{"embeddable":true,"href":"https:\/\/wp.ufpel.edu.br\/artesvisuaisbach\/wp-json\/wp\/v2\/comments?post=10"}],"version-history":[{"count":4,"href":"https:\/\/wp.ufpel.edu.br\/artesvisuaisbach\/wp-json\/wp\/v2\/pages\/10\/revisions"}],"predecessor-version":[{"id":332,"href":"https:\/\/wp.ufpel.edu.br\/artesvisuaisbach\/wp-json\/wp\/v2\/pages\/10\/revisions\/332"}],"wp:attachment":[{"href":"https:\/\/wp.ufpel.edu.br\/artesvisuaisbach\/wp-json\/wp\/v2\/media?parent=10"}],"curies":[{"name":"wp","href":"https:\/\/api.w.org\/{rel}","templated":true}]}}