{"id":31,"date":"2025-04-23T13:41:48","date_gmt":"2025-04-23T16:41:48","guid":{"rendered":"https:\/\/wp.ufpel.edu.br\/artesonora\/?page_id=31"},"modified":"2025-11-25T08:58:59","modified_gmt":"2025-11-25T11:58:59","slug":"iniciacao-cientifica","status":"publish","type":"page","link":"https:\/\/wp.ufpel.edu.br\/artesonora\/iniciacao-cientifica\/","title":{"rendered":"Inicia\u00e7\u00e3o Cient\u00edfica"},"content":{"rendered":"<p><strong>Conte\u00fado introdut\u00f3rio \u00e0s atividades do Grupo de Pesquisa Arte Sonora:<\/strong><\/p>\n<p><a href=\"https:\/\/www.youtube.com\/watch?v=BFiAKPQED-A\">Revis\u00e3o de Literatura nos Peri\u00f3dicos da CAPES<\/a><\/p>\n<p><a href=\"https:\/\/www.youtube.com\/watch?v=p6nFjq0sJ58\">Curr\u00edculo Lattes para IC em M\u00fasica<\/a><\/p>\n<p><a href=\"https:\/\/www.youtube.com\/watch?v=01CaoB35a0s\">Pesquisa em M\u00fasica &#8211; Especializa\u00e7\u00e3o e Inicia\u00e7\u00e3o Cient\u00edfica<\/a><\/p>\n<p><a href=\"https:\/\/youtu.be\/BUJwP-NeCos\">Fichamentos, PIBIC<\/a><\/p>\n","protected":false},"excerpt":{"rendered":"<p>Conte\u00fado introdut\u00f3rio \u00e0s atividades do Grupo de Pesquisa Arte Sonora: Revis\u00e3o de Literatura nos Peri\u00f3dicos da CAPES Curr\u00edculo Lattes para IC em M\u00fasica Pesquisa em M\u00fasica &#8211; Especializa\u00e7\u00e3o e Inicia\u00e7\u00e3o Cient\u00edfica Fichamentos, PIBIC<\/p>\n","protected":false},"author":1447,"featured_media":0,"parent":0,"menu_order":0,"comment_status":"closed","ping_status":"closed","template":"","meta":{"footnotes":""},"class_list":["post-31","page","type-page","status-publish","hentry"],"_links":{"self":[{"href":"https:\/\/wp.ufpel.edu.br\/artesonora\/wp-json\/wp\/v2\/pages\/31","targetHints":{"allow":["GET"]}}],"collection":[{"href":"https:\/\/wp.ufpel.edu.br\/artesonora\/wp-json\/wp\/v2\/pages"}],"about":[{"href":"https:\/\/wp.ufpel.edu.br\/artesonora\/wp-json\/wp\/v2\/types\/page"}],"author":[{"embeddable":true,"href":"https:\/\/wp.ufpel.edu.br\/artesonora\/wp-json\/wp\/v2\/users\/1447"}],"replies":[{"embeddable":true,"href":"https:\/\/wp.ufpel.edu.br\/artesonora\/wp-json\/wp\/v2\/comments?post=31"}],"version-history":[{"count":4,"href":"https:\/\/wp.ufpel.edu.br\/artesonora\/wp-json\/wp\/v2\/pages\/31\/revisions"}],"predecessor-version":[{"id":236,"href":"https:\/\/wp.ufpel.edu.br\/artesonora\/wp-json\/wp\/v2\/pages\/31\/revisions\/236"}],"wp:attachment":[{"href":"https:\/\/wp.ufpel.edu.br\/artesonora\/wp-json\/wp\/v2\/media?parent=31"}],"curies":[{"name":"wp","href":"https:\/\/api.w.org\/{rel}","templated":true}]}}