{"id":29,"date":"2025-04-23T13:41:48","date_gmt":"2025-04-23T16:41:48","guid":{"rendered":"https:\/\/wp.ufpel.edu.br\/artesonora\/?page_id=29"},"modified":"2025-04-23T14:09:07","modified_gmt":"2025-04-23T17:09:07","slug":"livros","status":"publish","type":"page","link":"https:\/\/wp.ufpel.edu.br\/artesonora\/livros\/","title":{"rendered":"Livros"},"content":{"rendered":"<p><a href=\"https:\/\/drive.google.com\/file\/d\/1DlAtlTCjfF4mnbMjeigs4h8pVG-tCA8Q\/view?usp=sharing\">OLIVEIRA, BIBIANO, ZOMER (Org.) &#8211; A mu\u0301sica e seus encontros. Da paisagem sonora a\u0300 ana\u0301lise musical. Editora EMUFPA.<\/a><\/p>\n<p><a href=\"https:\/\/drive.google.com\/file\/d\/1vByBifdFu3nfMz_xJmAmwQSXr4e6b7VB\/view?usp=drive_link\">OLIVEIRA et al. Novos Horizontes Musicais: tecnologia, criatividade e educa\u00e7\u00e3o. Editora da Escola de M\u00fasica da Universidade Federal do Par\u00e1. 2024.<\/a><\/p>\n","protected":false},"excerpt":{"rendered":"<p>OLIVEIRA, BIBIANO, ZOMER (Org.) &#8211; A mu\u0301sica e seus encontros. Da paisagem sonora a\u0300 ana\u0301lise musical. Editora EMUFPA. OLIVEIRA et al. Novos Horizontes Musicais: tecnologia, criatividade e educa\u00e7\u00e3o. Editora da Escola de M\u00fasica da Universidade Federal do Par\u00e1. 2024.<\/p>\n","protected":false},"author":1447,"featured_media":0,"parent":0,"menu_order":0,"comment_status":"closed","ping_status":"closed","template":"","meta":{"footnotes":""},"class_list":["post-29","page","type-page","status-publish","hentry"],"_links":{"self":[{"href":"https:\/\/wp.ufpel.edu.br\/artesonora\/wp-json\/wp\/v2\/pages\/29","targetHints":{"allow":["GET"]}}],"collection":[{"href":"https:\/\/wp.ufpel.edu.br\/artesonora\/wp-json\/wp\/v2\/pages"}],"about":[{"href":"https:\/\/wp.ufpel.edu.br\/artesonora\/wp-json\/wp\/v2\/types\/page"}],"author":[{"embeddable":true,"href":"https:\/\/wp.ufpel.edu.br\/artesonora\/wp-json\/wp\/v2\/users\/1447"}],"replies":[{"embeddable":true,"href":"https:\/\/wp.ufpel.edu.br\/artesonora\/wp-json\/wp\/v2\/comments?post=29"}],"version-history":[{"count":2,"href":"https:\/\/wp.ufpel.edu.br\/artesonora\/wp-json\/wp\/v2\/pages\/29\/revisions"}],"predecessor-version":[{"id":72,"href":"https:\/\/wp.ufpel.edu.br\/artesonora\/wp-json\/wp\/v2\/pages\/29\/revisions\/72"}],"wp:attachment":[{"href":"https:\/\/wp.ufpel.edu.br\/artesonora\/wp-json\/wp\/v2\/media?parent=29"}],"curies":[{"name":"wp","href":"https:\/\/api.w.org\/{rel}","templated":true}]}}