{"id":28,"date":"2025-04-23T13:41:48","date_gmt":"2025-04-23T16:41:48","guid":{"rendered":"https:\/\/wp.ufpel.edu.br\/artesonora\/?page_id=28"},"modified":"2025-12-20T10:12:57","modified_gmt":"2025-12-20T13:12:57","slug":"artigos","status":"publish","type":"page","link":"https:\/\/wp.ufpel.edu.br\/artesonora\/artigos\/","title":{"rendered":"Artigos"},"content":{"rendered":"<p><strong>Dr. Claudio Hor\u00e1cio Vitale<\/strong><\/p>\n<ul>\n<li><a href=\"https:\/\/wp.ufpel.edu.br\/artesonora\/livros\/\">VITALE, C. E. ; VITALE, C. H. . &#8216;Amanecer\u00e1&#8217;, para voz sola: consideraciones sobre m\u00fasica y letra. In: Oliveira Junior, Elder; Gras, Germ\u00e1n Enrique; Zomer, Ana Leticia C.; Vitale, Claudio. (Org.). Novos horizontes musicais: tecnologia, criatividade e educa\u00e7\u00e3o. 1ed.Bel\u00e9m: Editora da Escola de M\u00fasica da Universidade Federal do Par\u00e1, 2024, v.\u00a0,\u00a0p.\u00a0121-139.<\/a><\/li>\n<li><a href=\"https:\/\/wp.ufpel.edu.br\/artesonora\/livros\/\">VITALE, C. H.. A IMPORT\u00c2NCIA DO &#8220;TATEIO&#8221; E DAS TRANSFORMA\u00c7\u00d5ES PROGRESSIVAS NA M\u00daSICA DE LIGETI DOS ANOS SESSENTA COMENT\u00c1RIOS SOBRE CONTINUUM. In: Elder dos Santos Oliveira J\u00fanior ; Ana Karolina Flores Bibiano ; Ana Leticia Crozetta Zomer. (Org.). A M\u00daSICA E SEUS ENCONTROS: DA PAISAGEM SONORA \u00c0 AN\u00c1LISE MUSICAL. 1ed.Bel\u00e9n: EDITORA DA ESCOLA DE M\u00daSICA DA UNIVERSIDADE FEDERAL DO PAR\u00c1 | EMUFPA, 2023, v.\u00a01,\u00a0p.\u00a0221-230.<\/a><\/li>\n<li><a href=\"https:\/\/www.even3.com.br\/ix-simposio-internacional-de-musica-na-amazonia-sima-2023-343076\/\">VITALE, C. H.. Tr\u00eas pe\u00e7as para voz solo: &#8216;Amanecer\u00e1&#8217;, &#8216;Tiempo&#8217; e &#8216;Agua&#8217;. In: IX Simp\u00f3sio Internacional de M\u00fasica na Amaz\u00f4nia SIMA 2023 &#8211; Pr\u00e1ticas Musicais do Sul Global suas Ecologias, 2023, Cuiab\u00e1. IX Simp\u00f3sio Internacional de M\u00fasica na Amaz\u00f4nia SIMA 2023 &#8211; Pr\u00e1ticas Musicais do Sul Global suas Ecologias,\u00a02023.<\/a><\/li>\n<\/ul>\n<p><strong>Dr. Gabriel Fernandes Xavier<br \/>\n<\/strong><\/p>\n<ul>\n<li><a href=\"https:\/\/revistamusicatheorica.tema.mus.br\/index.php\/musica-theorica\/article\/view\/318\/276\">XAVIER, G. F. A Cr\u00edtica que n\u00e3o ouve: a recep\u00e7\u00e3o da obra de Arnold Schoenberg no Brasil dos anos 1930. M\u00fasica Theorica, v. 9.2: 1-19, 2024.<\/a><\/li>\n<li><a href=\"https:\/\/repositorio.unesp.br\/entities\/publication\/6749d674-533d-4ee1-85dc-b91f8bd0b32c\">XAVIER, G. F. Recompor entre escombros: m\u00fasica transtextual e a identidade reificada. Tese (Doutorado em M\u00fasica), Instituto de Artes, Universidade Estadual Paulista \u201cJ\u00falio de Mesquita Filho\u201d, S\u00e3o Paulo, 2024.<\/a><\/li>\n<li><a href=\"http:\/\/flomenezes.mus.br\/flomenezes\/booksarticles_en\/books_pdf\/Flo%20Menezes_ed.%20-%20Scripture%20Music.pdf\">XAVIER, G. F. The Hypertextuality of Contrafacta. M\u00fasica de Escritura, ed. Flopan, 2022, p. 384-404.<\/a><\/li>\n<\/ul>\n<p><strong>Dr\u00aa. Marta Martins Pederiva<\/strong><\/p>\n<ul>\n<li>Tese: PEDERIVA, Marta Martins. Devires-Musicatuantes: encontros e experimenta\u00e7\u00f5es perform\u00e1ticas na educa\u00e7\u00e3o. 2025. Tese (Doutorado em Educa\u00e7\u00e3o na Amaz\u00f4nia) \u2014 Universidade Federal do Par\u00e1, Bel\u00e9m, 2025. Dispon\u00edvel em: <a href=\"https:\/\/www.educanorte.propesp.ufpa.br\/ARQUIVOS\/teses\/2025\/TESE-MARTA%20PEDERIVA.pdf\">https:\/\/www.educanorte.propesp.ufpa.br\/ARQUIVOS\/teses\/2025\/TESE-MARTA%20PEDERIVA.pdf<\/a><\/li>\n<li>Artigo (portugu\u00eas): PEDERIVA, Patr\u00edcia Lima Martins; OLIVEIRA, Daiane Aparecida A.; MELO, Viviane Vieira Alves de; PEDERIVA, Marta Martins. Educa\u00e7\u00e3o est\u00e9tica hist\u00f3rico-cultural: viv\u00eancias art\u00edsticas expressivas e criadoras. Educa\u00e7\u00e3o est\u00e9tica hist\u00f3rico-cultural: viv\u00eancias art\u00edsticas expressivas e criadoras. Cadernos CEDES, v. 44, n. 124, p. 328\u2013339, 2024. Dispon\u00edvel em: <a href=\"https:\/\/www.scielo.br\/j\/ccedes\/a\/dZd3tvpVrQzKftZmKBw4Mgw\/?format=html&amp;lang=pt\">https:\/\/www.scielo.br\/j\/ccedes\/a\/dZd3tvpVrQzKftZmKBw4Mgw\/?format=html&amp;lang=pt<\/a><\/li>\n<li>Cap\u00edtulo de livro: PEDERIVA, Marta Martins. Cartografando devires e rotas art\u00edsticas: caminhos metodol\u00f3gicos entre linhas de fuga. In: OLIVEIRA J\u00daNIOR, Elder dos Santos; GRAS, Germ\u00e1n Enrique; ZOMER, Ana Leticia Crozetta; VITALE, Claudio Horacio (org.). Novos horizontes musicais: tecnologia, criatividade e educa\u00e7\u00e3o. Bel\u00e9m: Editora da Escola de M\u00fasica da UFPA, 2024. p. 232\u2013248. Dispon\u00edvel em: <a href=\"https:\/\/livroaberto.ufpa.br\/items\/4728ebfa-86e5-416c-9071-06ac8df04eeb\">https:\/\/livroaberto.ufpa.br\/items\/4728ebfa-86e5-416c-9071-06ac8df04eeb<\/a><\/li>\n<\/ul>\n<p><strong>Dr. Luis Fernando Hering Coelho<\/strong><\/p>\n<ul>\n<li>COELHO, L. F. H. Not\u00edcias dos Batutas ao Sul: Porto Alegre, Pelotas e Rio Grande, 1928. MusiCS: Musicologia Hist\u00f3rica, Composi\u00e7\u00e3o e Performance: 71-93. Curitiba: CRV, 2021.<\/li>\n<li>COELHO, L. F. H. Milonga (Brazil). Bloomsbury Encyclopedia of Popular Music of the World, Volume IX &#8211; Genres: Caribbean and Latin America: 484-485. London: Bloomsbury, 2014.<\/li>\n<\/ul>\n<p><strong>Dr. Germ\u00e1n E. Gras<\/strong><\/p>\n<ul>\n<li><a href=\"https:\/\/anppom-congressos.org.br\/index.php\/31anppom\/31CongrAnppom\/paper\/view\/523\">GRAS, G. Terremotados, la po\u00e9tica de la sonoridad y la imagen de los hilos: memorial de composici\u00f3n. In: XXXI Congresso da ANPPOM, 2021, Jo\u00e3o Pessoa. Anais do XXXII Congresso da ANPPOM, Jo\u00e3o Pessoa, 2021.<\/a><\/li>\n<li><a href=\"https:\/\/anppom-congressos.org.br\/index.php\/xxxiicongresso\/xxxiiCongrAnppom\/paper\/view\/1376\">GRAS, G. Haciendo camino al andar: Contribuciones para la investigaci\u00f3n en procesos creativos. In: XXXII Congresso da ANPPOM, 2022, Natal. Anais do XXXII Congresso da ANPPOM, Natal, 2022.<\/a><\/li>\n<li><a href=\"https:\/\/www.anppom.com.br\/revista\/index.php\/opus\/article\/view\/opus2022.28.16\">GRAS; G.\u00a0 A supera\u00e7\u00e3o da t\u00e9cnica (estendida) e a proposta da sonoridade no estudo, discuss\u00e3o e comunica\u00e7\u00e3o da m\u00fasica contempor\u00e2nea. <strong>Opus<\/strong>, Porto Alegre, v. 28, p. 1-18, 2022.<\/a><\/li>\n<\/ul>\n<p><strong>Dr. Danilo Valad\u00e3o<\/strong><\/p>\n<ul>\n<li><a href=\"https:\/\/anppom-congressos.org.br\/index.php\/31anppom\/31CongrAnppom\/paper\/viewFile\/822\/486\">VALAD\u00c3O, D. F.; COLLING, J . Estaticidade movimentada: a diversidade de eventos de uma mesma categoria de comportamento sonoro presentes de D\u00e9rive I de Boulez. In: XXXI Congresso da ANPPOM, 2021, Jo\u00e3o Pessoa. Anais do XXXI Congresso da Anppom &#8211; Jo\u00e3o Pessoa, Para\u00edba., 2021.<\/a><\/li>\n<li><a href=\"https:\/\/anppom.org.br\/anais\/anaiscongresso_anppom_2019\/5714\/public\/5714-20617-1-PB.pdf\">VALAD\u00c3O, D. F.. O aproveitamento de elementos da literatura musical do s\u00e9culo XX para compor m\u00fasica did\u00e1tica: sugest\u00f5es, estrat\u00e9gias, desafios e solu\u00e7\u00f5es criativas.. In: XXIX Congresso da Anppom, 2019, Pelotas, RS. Anais do XXIX Congresso da Anppom &#8211; Pelotas, Rio Grande do Sul, 2019.<\/a><\/li>\n<li><a href=\"https:\/\/anppom.org.br\/anais\/anaiscongresso_anppom_2017\/5002\/public\/5002-16265-1-PB.pdf\">VALAD\u00c3O, D. F.. Estrat\u00e9gias composicionais e orquestrais atrav\u00e9s do uso de recursos gestuais na obra Embri\u00f5es Met\u00e1licos de Wellington Gomes. In: XXVII Congresso da Anppom, 2017, Campinas, SP. Anais do XXVII Congresso da Anppom &#8211; Campinas, S\u00e3o Paulo, 2017.<\/a><\/li>\n<\/ul>\n<p><strong>Dr. Elder Oliveira<\/strong><\/p>\n<ul>\n<li><a href=\"https:\/\/www.izquierdas.cl\/images\/pdf\/2025\/54\/monograf06.pdf\">HENNING, P. C.; OLIVEIRA, E.. Educa\u00e7\u00e3o, Arte e Filosofia: pr\u00e1ticas de liberdade nas nossas rela\u00e7\u00f5es com o mundo. Education, Art and Philosophy: practices of freedom in our relationships with the world. Revista Izquierdas, v.54: 1-23, 2025.<\/a><\/li>\n<li><a href=\"https:\/\/www.elderoliveira.com\/_files\/ugd\/e159f1_4dd76a5c19314d9eaf6c0f53d830beb4.pdf\">OLIVEIRA, E.; BIBIANO, K. et al. Experi\u00eancias a partir da m\u00fasica ub\u00edqua: processos criativos e proposi\u00e7\u00f5es para a escola atrav\u00e9s de dispositivos m\u00f3veis. In: Jornada de Etnomusicologia, 9, 2022, Bel\u00e9m.<\/a><\/li>\n<li><a href=\"https:\/\/www.elderoliveira.com\/_files\/ugd\/e159f1_edace3a6c24a4844b2ccf6d52da43e5f.pdf\">OLIVEIRA, E; BIBIANO, A. K. F; Pinto, R. B; Maia, H. A. C; Ribeiro, L. H; Miranda, J. G. C. 2022. \u201cRelatos de experi\u00eancias na paisagem sonora belenense: imers\u00e3o art\u00edstica no mercado Ver-o-Peso, Bel\u00e9m do Par\u00e1\u201d. MusiMid 3, no. 2: 44-55.<\/a><\/li>\n<li><a href=\"https:\/\/www.elderoliveira.com\/_files\/ugd\/e159f1_3ebd9cff1af146a1a01128d4adfc6dd6.pdf\">OLIVEIRA, E.; BIBIANO, K. PERUZZOLO, S.; MAIA, H. Urban soundscape: islands of discipline, panopticism and normalized reality. In: International Congress Landscape and Sustainability, 6, 2022, Madrid.<\/a><\/li>\n<li><a href=\"https:\/\/www.elderoliveira.com\/_files\/ugd\/e159f1_6ae3c41694524090bc5dea6eacb2e552.pdf\">OLIVEIRA, E.; CORR\u00caA HENNING, P. . Experi\u00eancias ac\u00fasticas na paisagem sonora escolar rural. Revista M\u00fasica Hodie, Goi\u00e2nia, v. 22, 2022. DOI: 10.5216\/mh.v22.70985. Dispon\u00edvel em: https:\/\/revistas.ufg.br\/musica\/article\/view\/70985. Acesso em: 21 jan. 2024.<\/a><\/li>\n<li><a href=\"https:\/\/www.elderoliveira.com\/_files\/ugd\/e159f1_7102728e6d42474d87c4417b66f8a0bd.pdf\">OLIVEIRA, E. Revisita\u00e7\u00f5es ao Espa\u00e7o Espec\u00edfico: V\u00ednculos existentes entre obra e paisagem sonora . In: 14\u00ba Encontro Internacional de M\u00fasica e M\u00eddia &#8211; S\u00e3o Paulo &#8211; SP ISBN: 978-85-62959-54-7, 2018. Dispon\u00edvel em: &lt;https:\/\/doity.com.br\/anais\/trabalhos-completos-14musimid\/trabalho\/80261;&gt;. Acesso em: 21\/01\/2024 \u00e0s 17:30<\/a><\/li>\n<li><a href=\"https:\/\/www.elderoliveira.com\/_files\/ugd\/e159f1_11928f53904145d9b49dacc95327651e.pdf\">OLIVEIRA, E.; BIBIANO, K. Imers\u00f5es art\u00edsticas em paisagens sonoras rurais: relatos de experi\u00eancia ac\u00fastica, filos\u00f3fica e de encontro com a Educa\u00e7\u00e3o Ambiental. In: Congresso Latino-Americano de Estudos Human\u00edsticos Multidisciplinares, 6, 2021, online.<\/a><\/li>\n<\/ul>\n","protected":false},"excerpt":{"rendered":"<p>Dr. Claudio Hor\u00e1cio Vitale VITALE, C. E. ; VITALE, C. H. . &#8216;Amanecer\u00e1&#8217;, para voz sola: consideraciones sobre m\u00fasica y letra. In: Oliveira Junior, Elder; Gras, Germ\u00e1n Enrique; Zomer, Ana Leticia C.; Vitale, Claudio. (Org.). Novos horizontes musicais: tecnologia, criatividade e educa\u00e7\u00e3o. 1ed.Bel\u00e9m: Editora da Escola de M\u00fasica da Universidade Federal do Par\u00e1, 2024, v.\u00a0,\u00a0p.\u00a0121-139. [&hellip;]<\/p>\n","protected":false},"author":1447,"featured_media":0,"parent":0,"menu_order":0,"comment_status":"closed","ping_status":"closed","template":"","meta":{"footnotes":""},"class_list":["post-28","page","type-page","status-publish","hentry"],"_links":{"self":[{"href":"https:\/\/wp.ufpel.edu.br\/artesonora\/wp-json\/wp\/v2\/pages\/28","targetHints":{"allow":["GET"]}}],"collection":[{"href":"https:\/\/wp.ufpel.edu.br\/artesonora\/wp-json\/wp\/v2\/pages"}],"about":[{"href":"https:\/\/wp.ufpel.edu.br\/artesonora\/wp-json\/wp\/v2\/types\/page"}],"author":[{"embeddable":true,"href":"https:\/\/wp.ufpel.edu.br\/artesonora\/wp-json\/wp\/v2\/users\/1447"}],"replies":[{"embeddable":true,"href":"https:\/\/wp.ufpel.edu.br\/artesonora\/wp-json\/wp\/v2\/comments?post=28"}],"version-history":[{"count":3,"href":"https:\/\/wp.ufpel.edu.br\/artesonora\/wp-json\/wp\/v2\/pages\/28\/revisions"}],"predecessor-version":[{"id":269,"href":"https:\/\/wp.ufpel.edu.br\/artesonora\/wp-json\/wp\/v2\/pages\/28\/revisions\/269"}],"wp:attachment":[{"href":"https:\/\/wp.ufpel.edu.br\/artesonora\/wp-json\/wp\/v2\/media?parent=28"}],"curies":[{"name":"wp","href":"https:\/\/api.w.org\/{rel}","templated":true}]}}