{"id":18,"date":"2025-04-23T13:39:20","date_gmt":"2025-04-23T16:39:20","guid":{"rendered":"https:\/\/wp.ufpel.edu.br\/artesonora\/?page_id=18"},"modified":"2026-02-20T07:15:07","modified_gmt":"2026-02-20T10:15:07","slug":"membros","status":"publish","type":"page","link":"https:\/\/wp.ufpel.edu.br\/artesonora\/membros\/","title":{"rendered":"Membros"},"content":{"rendered":"<p><strong>Pesquisadores<\/strong><\/p>\n<ul>\n<li>Me. Ana Karolina Flores Bibiano<\/li>\n<li>Dr\u00aa. In\u00e9s Terra Brandes<\/li>\n<li>Dr. Claudio Horacio Vitale<\/li>\n<li>Me. Davi Raubach<\/li>\n<li>Dr. Elder dos Santos Oliveira Junior<\/li>\n<li>Dr. Germ\u00e1n Enrique Gras<\/li>\n<li>Dr. James Soares Corr\u00eaa<\/li>\n<li>Dr. Lu\u00eds Fernando Hering Coelho<\/li>\n<li>Dr. Marcos Jacob Costa Cohen<\/li>\n<li>Dr\u00aa. Marta Martins Pederiva<\/li>\n<li>Dr. Samuel Peruzzolo Vieira<\/li>\n<\/ul>\n<p><strong>Bolsistas<\/strong><\/p>\n<ul>\n<li>Bach. Ra\u00edssa Foschiani Dias Baptista (PIBIC- CNPq, UFPel)<\/li>\n<li>Bach, Lucia Belen Serellanes (PBIP-IT, UFPel)<\/li>\n<\/ul>\n<p><strong>Programa Institucional de Bolsas de Inicia\u00e7\u00e3o Cient\u00edfica (2022-2024)<\/strong><\/p>\n<ul>\n<li class=\"wixui-rich-text__text\">\n<p class=\"font_8 wixui-rich-text__text\">A\u00e7\u00f5es na paisagem sonora de Ponta de Pedras &#8211; PA: registros ac\u00fasticos e fotogr\u00e1ficos,<strong> Juscelino Pereira Moraes (UFPA)<\/strong>;<\/p>\n<\/li>\n<li class=\"wixui-rich-text__text\">\n<p class=\"font_8 wixui-rich-text__text\">Desenvolvimento de atividades art\u00edsticas e cient\u00edficas nos Projetos Mosaico e no Grupo de Pesquisa Arte Sonora: Estudo dos Processos Criativos, Instalativos e em Paisagem Sonora, <strong>Elder Carlos Queiroz (UFPA)<\/strong>;<\/p>\n<\/li>\n<li class=\"wixui-rich-text__text\">\n<p class=\"font_8 wixui-rich-text__text\">Desenvolvimento de atividades no Grupo de Pesquisa Arte Sonora: Estudo dos Processos Criativos, Instalativos e em Paisagem Sonora &#8211; Ponta de Pedras, PA, <strong>Roberto Carlos Junior (UFPA)<\/strong>;<\/p>\n<\/li>\n<li class=\"wixui-rich-text__text\">\n<p class=\"font_8 wixui-rich-text__text\">Germinando saberes em Ponta de Pedras-PA: Encontros com a paisagem sonora e com a literatura, <strong>Adelino Ribeiro Barbosa Junior (UFPA)<\/strong>;<\/p>\n<\/li>\n<li class=\"wixui-rich-text__text\">\n<p class=\"font_8 wixui-rich-text__text\">Grupo de Pesquisa Arte Sonora &#8211; Bolsista PIBIC\/PRODOUTOR2022-24, <strong>Hannah Alice Cabral Maia (UFPA)<\/strong>;<\/p>\n<\/li>\n<li class=\"wixui-rich-text__text\">\n<p class=\"font_8 wixui-rich-text__text\">PLANEJAMENTO E A\u00c7\u00d5ES NA PAISAGEM: ESTUDOS DOS PROCESSOS CRIATIVOS, INSTALATIVOS E EM PAISAGEM SONORA, <strong>Hannah Alice Cabral Maia (UFPA)<\/strong>;<\/p>\n<\/li>\n<li class=\"wixui-rich-text__text\">\n<p class=\"font_8 wixui-rich-text__text\">Ponta de Pedras e sua paisagem sonora: Revis\u00e3o de literatura e fomento \u00e0 produ\u00e7\u00e3o art\u00edstica e cient\u00edfica, <strong>Luis Felipe Morais Rebelo (UFPA)<\/strong>;<\/p>\n<\/li>\n<li class=\"wixui-rich-text__text\">\n<p class=\"font_8 wixui-rich-text__text\">Produ\u00e7\u00e3o cient\u00edfica, <strong>Luan Hermes Ribeiro (UFPA)<\/strong>;<\/p>\n<\/li>\n<li class=\"wixui-rich-text__text\">\n<p class=\"font_8 wixui-rich-text__text\">Produ\u00e7\u00e3o de Podcasts: indissociabilidade entre ensino, pesquisa e extens\u00e3o, <strong>Arthur Jatene (UFPA)<\/strong>;<\/p>\n<\/li>\n<li class=\"wixui-rich-text__text\">\n<p class=\"font_8 wixui-rich-text__text\">Proposi\u00e7\u00f5es art\u00edsticas e pedag\u00f3gicas a partir de smartphones,<strong> Rodrigo Teixeira dos Santos (UFPA)<\/strong>;<\/p>\n<\/li>\n<li class=\"wixui-rich-text__text\">\n<p class=\"font_8 wixui-rich-text__text\">Revis\u00e3o de literatura e fomento \u00e0 produ\u00e7\u00e3o art\u00edstica e cient\u00edfica, <strong>Angello Gustavo Silva de Souza (UFPA)<\/strong>;<\/p>\n<\/li>\n<li class=\"wixui-rich-text__text\">\n<p class=\"font_8 wixui-rich-text__text\">Revis\u00e3o de literatura e processos criativos, <strong>Pedro Henrique Silva de Sousa (UFPA)<\/strong>;<\/p>\n<\/li>\n<li class=\"wixui-rich-text__text\">\n<p class=\"font_8 wixui-rich-text__text\">Revis\u00e3o de literatura para a produ\u00e7\u00e3o art\u00edstica e cient\u00edfica,<strong> Rodrigo Teixeira dos Santos (UFPA)<\/strong>.<\/p>\n<\/li>\n<\/ul>\n","protected":false},"excerpt":{"rendered":"<p>Pesquisadores Me. Ana Karolina Flores Bibiano Dr\u00aa. In\u00e9s Terra Brandes Dr. Claudio Horacio Vitale Me. Davi Raubach Dr. Elder dos Santos Oliveira Junior Dr. Germ\u00e1n Enrique Gras Dr. James Soares Corr\u00eaa Dr. Lu\u00eds Fernando Hering Coelho Dr. Marcos Jacob Costa Cohen Dr\u00aa. Marta Martins Pederiva Dr. Samuel Peruzzolo Vieira Bolsistas Bach. Ra\u00edssa Foschiani Dias Baptista [&hellip;]<\/p>\n","protected":false},"author":1447,"featured_media":0,"parent":0,"menu_order":0,"comment_status":"closed","ping_status":"closed","template":"","meta":{"footnotes":""},"class_list":["post-18","page","type-page","status-publish","hentry"],"_links":{"self":[{"href":"https:\/\/wp.ufpel.edu.br\/artesonora\/wp-json\/wp\/v2\/pages\/18","targetHints":{"allow":["GET"]}}],"collection":[{"href":"https:\/\/wp.ufpel.edu.br\/artesonora\/wp-json\/wp\/v2\/pages"}],"about":[{"href":"https:\/\/wp.ufpel.edu.br\/artesonora\/wp-json\/wp\/v2\/types\/page"}],"author":[{"embeddable":true,"href":"https:\/\/wp.ufpel.edu.br\/artesonora\/wp-json\/wp\/v2\/users\/1447"}],"replies":[{"embeddable":true,"href":"https:\/\/wp.ufpel.edu.br\/artesonora\/wp-json\/wp\/v2\/comments?post=18"}],"version-history":[{"count":4,"href":"https:\/\/wp.ufpel.edu.br\/artesonora\/wp-json\/wp\/v2\/pages\/18\/revisions"}],"predecessor-version":[{"id":297,"href":"https:\/\/wp.ufpel.edu.br\/artesonora\/wp-json\/wp\/v2\/pages\/18\/revisions\/297"}],"wp:attachment":[{"href":"https:\/\/wp.ufpel.edu.br\/artesonora\/wp-json\/wp\/v2\/media?parent=18"}],"curies":[{"name":"wp","href":"https:\/\/api.w.org\/{rel}","templated":true}]}}