{"id":89,"date":"2018-11-30T07:00:17","date_gmt":"2018-11-30T09:00:17","guid":{"rendered":"https:\/\/wp.ufpel.edu.br\/artesead\/?page_id=89"},"modified":"2018-12-17T09:36:58","modified_gmt":"2018-12-17T11:36:58","slug":"site-indicados","status":"publish","type":"page","link":"https:\/\/wp.ufpel.edu.br\/artesead\/site-indicados\/","title":{"rendered":"Site indicados"},"content":{"rendered":"<p><strong>Alguns sites indicados para os alunos do curso de Especializa\u00e7\u00e3o em Artes da UFPel<\/strong><\/p>\n<p><a href=\"http:\/\/ca.ufpel.edu.br\/\">Site do Centro de Artes da UFPel<\/a><\/p>\n<p><a href=\"https:\/\/www.youtube.com\/user\/producaovideoescolar\">Produ\u00e7\u00e3o de V\u00eddeo Estudantil<\/a> &#8211; aprenda a fazer v\u00eddeo com os seus alunos de maneira f\u00e1cil e pedag\u00f3gica.<\/p>\n<p><iframe loading=\"lazy\" title=\"Canal Produ\u00e7\u00e3o de V\u00eddeo Estudantil\" width=\"810\" height=\"456\" src=\"https:\/\/www.youtube.com\/embed\/CmnJIHy4QSA?start=4&#038;feature=oembed\" frameborder=\"0\" allow=\"accelerometer; autoplay; clipboard-write; encrypted-media; gyroscope; picture-in-picture; web-share\" referrerpolicy=\"strict-origin-when-cross-origin\" allowfullscreen><\/iframe><\/p>\n<p>&nbsp;<\/p>\n<p><a href=\"https:\/\/wp.ufpel.edu.br\/artenaescola\/\"><strong>Site Artes\u00e3os do Som<\/strong> <\/a><\/p>\n<p>Considerado \u201cuma das melhores fontes de pesquisa em l\u00edngua portuguesa sobre o universo sonoro do cinema\u201d pela conceituada revista de cinema <strong><a href=\"http:\/\/www.filmecultura.org.br\/edicoes\/58\/pdfs\/edicao58%2097.pdf\" target=\"_blank\" rel=\"noopener\">Filme Cultura<\/a><\/strong>,\u00a0<strong>Artes\u00e3os do Som<\/strong> \u00e9 uma oportunidade de reunir e disponibilizar informa\u00e7\u00f5es, reflex\u00f5es e aprendizados que contribuam para o desenvolvimento do cinema brasileiro atrav\u00e9s da troca de experi\u00eancias e da valoriza\u00e7\u00e3o do pensamento sonoro audiovisual.<\/p>\n<p>&nbsp;<\/p>\n<p><a href=\"https:\/\/wp.ufpel.edu.br\/artenaescola\/\"><strong>Arte na Escola UFPel<\/strong> <\/a><\/p>\n<p>Desde 1995 o Centro de Artes\/UFPEL abriga O Projeto Arte na Escola, a partir de um conv\u00eanio feito entre a UFPel e o Instituto Arte na Escola. O Instituto Arte na Escola resulta da institucionaliza\u00e7\u00e3o do Projeto Arte na Escola, criado em 1989 pela Funda\u00e7\u00e3o Iochpe. Tem como miss\u00e3o incentivar o ensino da Arte por meio de forma\u00e7\u00e3o cont\u00ednua do professor do ensino b\u00e1sico, investigando e qualificando processos de aprendizagem.<\/p>\n<p>&nbsp;<\/p>\n<p><iframe loading=\"lazy\" title=\"Transformadores 2012 - Evelyn Ioschpe\" width=\"810\" height=\"456\" src=\"https:\/\/www.youtube.com\/embed\/6Y7GKjoHohg?feature=oembed\" frameborder=\"0\" allow=\"accelerometer; autoplay; clipboard-write; encrypted-media; gyroscope; picture-in-picture; web-share\" referrerpolicy=\"strict-origin-when-cross-origin\" allowfullscreen><\/iframe><\/p>\n<p>&nbsp;<\/p>\n<p>&nbsp;<\/p>\n<p>&nbsp;<\/p>\n","protected":false},"excerpt":{"rendered":"<p>Alguns sites indicados para os alunos do curso de Especializa\u00e7\u00e3o em Artes da UFPel Site do Centro de Artes da UFPel Produ\u00e7\u00e3o de V\u00eddeo Estudantil &#8211; aprenda a fazer v\u00eddeo com os seus alunos de maneira f\u00e1cil e pedag\u00f3gica. &nbsp; Site Artes\u00e3os do Som Considerado \u201cuma das melhores fontes de pesquisa em l\u00edngua portuguesa sobre [&hellip;]<\/p>\n","protected":false},"author":891,"featured_media":0,"parent":0,"menu_order":0,"comment_status":"closed","ping_status":"closed","template":"","meta":{"jetpack_post_was_ever_published":false,"footnotes":""},"class_list":["post-89","page","type-page","status-publish","hentry"],"jetpack_sharing_enabled":true,"jetpack_shortlink":"https:\/\/wp.me\/PawIux-1r","jetpack-related-posts":[],"_links":{"self":[{"href":"https:\/\/wp.ufpel.edu.br\/artesead\/wp-json\/wp\/v2\/pages\/89","targetHints":{"allow":["GET"]}}],"collection":[{"href":"https:\/\/wp.ufpel.edu.br\/artesead\/wp-json\/wp\/v2\/pages"}],"about":[{"href":"https:\/\/wp.ufpel.edu.br\/artesead\/wp-json\/wp\/v2\/types\/page"}],"author":[{"embeddable":true,"href":"https:\/\/wp.ufpel.edu.br\/artesead\/wp-json\/wp\/v2\/users\/891"}],"replies":[{"embeddable":true,"href":"https:\/\/wp.ufpel.edu.br\/artesead\/wp-json\/wp\/v2\/comments?post=89"}],"version-history":[{"count":4,"href":"https:\/\/wp.ufpel.edu.br\/artesead\/wp-json\/wp\/v2\/pages\/89\/revisions"}],"predecessor-version":[{"id":173,"href":"https:\/\/wp.ufpel.edu.br\/artesead\/wp-json\/wp\/v2\/pages\/89\/revisions\/173"}],"wp:attachment":[{"href":"https:\/\/wp.ufpel.edu.br\/artesead\/wp-json\/wp\/v2\/media?parent=89"}],"curies":[{"name":"wp","href":"https:\/\/api.w.org\/{rel}","templated":true}]}}