{"id":647,"date":"2021-10-25T17:34:25","date_gmt":"2021-10-25T20:34:25","guid":{"rendered":"https:\/\/wp.ufpel.edu.br\/artesead\/?page_id=647"},"modified":"2021-11-05T09:22:00","modified_gmt":"2021-11-05T12:22:00","slug":"informes-sobre-o-tcc","status":"publish","type":"page","link":"https:\/\/wp.ufpel.edu.br\/artesead\/informativo\/informes-sobre-o-tcc\/","title":{"rendered":"Informes sobre o TCC"},"content":{"rendered":"<p><a href=\"https:\/\/i0.wp.com\/wp.ufpel.edu.br\/artesead\/files\/2021\/10\/TCC-01.png?ssl=1\" data-wp-editing=\"1\"><img data-recalc-dims=\"1\" loading=\"lazy\" decoding=\"async\" data-attachment-id=\"646\" data-permalink=\"https:\/\/wp.ufpel.edu.br\/artesead\/tcc-01\/\" data-orig-file=\"https:\/\/i0.wp.com\/wp.ufpel.edu.br\/artesead\/files\/2021\/10\/TCC-01.png?fit=10313%2C6875&amp;ssl=1\" data-orig-size=\"10313,6875\" data-comments-opened=\"0\" data-image-meta=\"{&quot;aperture&quot;:&quot;0&quot;,&quot;credit&quot;:&quot;&quot;,&quot;camera&quot;:&quot;&quot;,&quot;caption&quot;:&quot;&quot;,&quot;created_timestamp&quot;:&quot;0&quot;,&quot;copyright&quot;:&quot;&quot;,&quot;focal_length&quot;:&quot;0&quot;,&quot;iso&quot;:&quot;0&quot;,&quot;shutter_speed&quot;:&quot;0&quot;,&quot;title&quot;:&quot;&quot;,&quot;orientation&quot;:&quot;0&quot;}\" data-image-title=\"TCC-01\" data-image-description=\"\" data-image-caption=\"\" data-medium-file=\"https:\/\/i0.wp.com\/wp.ufpel.edu.br\/artesead\/files\/2021\/10\/TCC-01.png?fit=400%2C267&amp;ssl=1\" data-large-file=\"https:\/\/i0.wp.com\/wp.ufpel.edu.br\/artesead\/files\/2021\/10\/TCC-01.png?fit=810%2C540&amp;ssl=1\" class=\"alignnone wp-image-646\" src=\"https:\/\/i0.wp.com\/wp.ufpel.edu.br\/artesead\/files\/2021\/10\/TCC-01.png?resize=574%2C383&#038;ssl=1\" alt=\"\" width=\"574\" height=\"383\" srcset=\"https:\/\/i0.wp.com\/wp.ufpel.edu.br\/artesead\/files\/2021\/10\/TCC-01.png?w=10313&amp;ssl=1 10313w, https:\/\/i0.wp.com\/wp.ufpel.edu.br\/artesead\/files\/2021\/10\/TCC-01.png?resize=400%2C267&amp;ssl=1 400w, https:\/\/i0.wp.com\/wp.ufpel.edu.br\/artesead\/files\/2021\/10\/TCC-01.png?resize=1024%2C683&amp;ssl=1 1024w, https:\/\/i0.wp.com\/wp.ufpel.edu.br\/artesead\/files\/2021\/10\/TCC-01.png?resize=768%2C512&amp;ssl=1 768w, https:\/\/i0.wp.com\/wp.ufpel.edu.br\/artesead\/files\/2021\/10\/TCC-01.png?resize=1536%2C1024&amp;ssl=1 1536w, https:\/\/i0.wp.com\/wp.ufpel.edu.br\/artesead\/files\/2021\/10\/TCC-01.png?w=1620&amp;ssl=1 1620w, https:\/\/i0.wp.com\/wp.ufpel.edu.br\/artesead\/files\/2021\/10\/TCC-01.png?w=2430&amp;ssl=1 2430w\" sizes=\"auto, (max-width: 574px) 100vw, 574px\" \/><\/a><\/p>\n<p>&nbsp;<\/p>\n<p>&nbsp;<\/p>\n<p>Formul\u00e1rio est\u00e1 dispon\u00edvel &#8211; <a href=\"https:\/\/forms.gle\/sSa5nMwTVy8xAyE37\">clique aqui<\/a> &#8211; para que <strong>TODOS<\/strong>\u00a0os documentos dever\u00e3o ser enviados em PDF. Na falta de qualquer um desses documentos, o pedido de expedi\u00e7\u00e3o do diploma fica\u00a0<strong>INVI\u00c1VEL<\/strong>.<\/p>\n<p>Lista de peri\u00f3dicos com avalia\u00e7\u00e3o B4, confira abaixo:<\/p>\n<table style=\"height: 3222px\" width=\"932\">\n<tbody>\n<tr style=\"height: 56px\">\n<td style=\"width: 18px;height: 56px\"><\/td>\n<td style=\"width: 43px;height: 56px\"><strong>ISBN<\/strong><\/td>\n<td style=\"width: 302px;height: 56px\"><strong>Nome do Peri\u00f3dico<\/strong><\/td>\n<td style=\"width: 445px;height: 56px\"><strong>Site <\/strong><\/td>\n<td style=\"width: 344px;height: 56px\"><strong>Periodicidade de submiss\u00e3o<\/strong><\/td>\n<\/tr>\n<tr style=\"height: 96px\">\n<td style=\"width: 18px;height: 96px\">1<\/td>\n<td style=\"width: 43px;height: 96px\">1982-9701<\/td>\n<td style=\"width: 302px;height: 96px\">\n<p>CERRADOS<\/p>\n<p>&nbsp;<\/td>\n<td style=\"width: 445px;height: 96px\">https:\/\/periodicos.unb.br\/index.php\/cerrados<\/td>\n<td style=\"width: 344px;height: 96px\">Data Limite para envio de artigos: 25\/02\/2022<a href=\"https:\/\/periodicos.unb.br\/index.php\/cerrados\/announcement\/view\/431\"><strong><br \/>\n<\/strong><\/a><\/td>\n<\/tr>\n<tr style=\"height: 80px\">\n<td style=\"width: 18px;height: 80px\">2<\/td>\n<td style=\"width: 43px;height: 80px\">2316-395X<\/td>\n<td style=\"width: 302px;height: 80px\">CONFLU\u00caNCIAS CULTURAIS<\/td>\n<td style=\"width: 445px;height: 80px\">http:\/\/periodicos.univille.br\/index.php\/RCC\/index<\/td>\n<td style=\"width: 344px;height: 80px\"><strong>Em breve abrir\u00e1 nova chamada<\/strong><\/td>\n<\/tr>\n<tr style=\"height: 352px\">\n<td style=\"width: 18px;height: 352px\">3<\/td>\n<td style=\"width: 43px;height: 352px\">1982-3231<\/td>\n<td style=\"width: 302px;height: 352px\">CONTEMPOR\u00c2NEOS: REVISTA DE ARTES E HUMANIDADES (ONLINE)<\/td>\n<td style=\"width: 445px;height: 352px\">https:\/\/revistacontemporaneos.com.br\/<\/td>\n<td style=\"width: 344px;height: 352px\">\n<p><strong>N\u00ba 23<\/strong> \u2013 Democracia sob suspeita \u2013 Organiza\u00e7\u00e3o: M\u00e1rcia Carneiro (UFF), Renato Dotta (UNG)<\/p>\n<p>Submiss\u00f5es: at\u00e9 30\/12\/2021<\/p>\n<p>&nbsp;<\/p>\n<p><strong>N\u00ba 24<\/strong> \u2013 Literatura e resist\u00eancia no Brasil hoje \u2013 Organiza\u00e7\u00e3o: Lucca Tartaglia (UFRJ), Katr\u00edcia Aguiar (UnB)<\/p>\n<p>Submiss\u00f5es: at\u00e9 30\/07\/2022<\/p>\n<p>&nbsp;<\/td>\n<\/tr>\n<tr style=\"height: 144px\">\n<td style=\"width: 18px;height: 144px\">4<\/td>\n<td style=\"width: 43px;height: 144px\">\n<p>1415-9902<\/p>\n<p>2176-1043<\/td>\n<td style=\"width: 302px;height: 144px\">EDUCA\u00c7\u00c3O &amp; LINGUAGEM<\/td>\n<td style=\"width: 445px;height: 144px\">https:\/\/www.metodista.br\/revistas\/revistas-metodista\/index.php\/EL<\/td>\n<td style=\"width: 344px;height: 144px\"><strong>Em breve abrir\u00e1 nova chamada<\/strong><\/td>\n<\/tr>\n<tr style=\"height: 80px\">\n<td style=\"width: 18px;height: 80px\">5<\/td>\n<td style=\"width: 43px;height: 80px\">1983-1730<\/td>\n<td style=\"width: 302px;height: 80px\">ENSINO EM RE-VISTA<\/td>\n<td style=\"width: 445px;height: 80px\">http:\/\/www.seer.ufu.br\/index.php\/emrevista<\/td>\n<td style=\"width: 344px;height: 80px\">Recebe artigos por fluxo cont\u00ednuo.<\/td>\n<\/tr>\n<tr style=\"height: 80px\">\n<td style=\"width: 18px;height: 80px\">6<\/td>\n<td style=\"width: 43px;height: 80px\">2316-5847<\/td>\n<td style=\"width: 302px;height: 80px\">LANDA<\/td>\n<td style=\"width: 445px;height: 80px\">https:\/\/revistalanda.ufsc.br\/<\/td>\n<td style=\"width: 344px;height: 80px\"><strong>Prazo para envio dos trabalhos: 10 de mar\u00e7o de 2022<\/strong><\/td>\n<\/tr>\n<tr style=\"height: 80px\">\n<td style=\"width: 18px;height: 80px\">7<\/td>\n<td style=\"width: 43px;height: 80px\">2175-7291<\/td>\n<td style=\"width: 302px;height: 80px\">LEITURA FLUTUANTE<\/td>\n<td style=\"width: 445px;height: 80px\">https:\/\/revistas.pucsp.br\/leituraflutuante<\/td>\n<td style=\"width: 344px;height: 80px\">Recebe artigos por fluxo cont\u00ednuo.<\/td>\n<\/tr>\n<tr style=\"height: 168px\">\n<td style=\"width: 18px;height: 168px\">8<\/td>\n<td style=\"width: 43px;height: 168px\">2316-9826<\/td>\n<td style=\"width: 302px;height: 168px\">LITERARTES<\/td>\n<td style=\"width: 445px;height: 168px\">https:\/\/www.revistas.usp.br\/literartes<\/td>\n<td style=\"width: 344px;height: 168px\">\n<p><strong>Chamada: FIC\u00c7\u00c3O CIENT\u00cdFICA: LITERATURA DA TRANSGRESS\u00c3O E DO ESTRANHAMENTO<\/strong><\/p>\n<p><strong>Prazo final para submiss\u00e3o de artigos: 31 de janeiro de 2022.<\/strong><\/td>\n<\/tr>\n<tr style=\"height: 80px\">\n<td style=\"width: 18px;height: 80px\">9<\/td>\n<td style=\"width: 43px;height: 80px\">1415-4498<\/td>\n<td style=\"width: 302px;height: 80px\">MANUSCR\u00cdTICA (S\u00c3O PAULO)<\/td>\n<td style=\"width: 445px;height: 80px\">https:\/\/www.revistas.usp.br\/manuscritica<\/td>\n<td style=\"width: 344px;height: 80px\">Data limite para submiss\u00f5es: 30 de janeiro de 2022<\/td>\n<\/tr>\n<tr style=\"height: 80px\">\n<td style=\"width: 18px;height: 80px\">10<\/td>\n<td style=\"width: 43px;height: 80px\">2177-5648<\/td>\n<td style=\"width: 302px;height: 80px\">OPSIS<\/td>\n<td style=\"width: 445px;height: 80px\">https:\/\/www.revistas.ufg.br\/Opsis<\/td>\n<td style=\"width: 344px;height: 80px\">Recebe artigos por fluxo cont\u00ednuo.<\/td>\n<\/tr>\n<tr style=\"height: 184px\">\n<td style=\"width: 18px;height: 184px\">11<\/td>\n<td style=\"width: 43px;height: 184px\">2447-1267<\/td>\n<td style=\"width: 302px;height: 184px\">REVISTA APOTHEKE<\/td>\n<td style=\"width: 445px;height: 184px\">https:\/\/www.revistas.udesc.br\/index.php\/apotheke<\/td>\n<td style=\"width: 344px;height: 184px\">\n<p>Dossi\u00ea<strong>: <\/strong><strong>\u00a0Est\u00e1gio Supervisionado em Artes Visuais: po\u00e9ticas e pesquisas docentes<\/strong><\/p>\n<p>&nbsp;<\/p>\n<p>Data limite para submiss\u00f5es: 20 de fevereiro de 2022<\/td>\n<\/tr>\n<tr style=\"height: 80px\">\n<td style=\"width: 18px;height: 80px\">12<\/td>\n<td style=\"width: 43px;height: 80px\">1980-4466<\/td>\n<td style=\"width: 302px;height: 80px\">REVISTA CPC (USP)<\/td>\n<td style=\"width: 445px;height: 80px\">https:\/\/www.revistas.usp.br\/cpc<\/td>\n<td style=\"width: 344px;height: 80px\">Recebe artigos por fluxo cont\u00ednuo.<\/td>\n<\/tr>\n<tr style=\"height: 152px\">\n<td style=\"width: 18px;height: 152px\">13<\/td>\n<td style=\"width: 43px;height: 152px\">0101-4366<\/td>\n<td style=\"width: 302px;height: 152px\">REVISTA DO INSTITUTO HIST\u00d3RICO E GEOGRAPHICO BRASILEIRO<\/td>\n<td style=\"width: 445px;height: 152px\">https:\/\/www.ihgb.org.br\/publicacoes\/revista<\/td>\n<td style=\"width: 344px;height: 152px\">Recebe artigos por fluxo cont\u00ednuo.<\/td>\n<\/tr>\n<tr style=\"height: 104px\">\n<td style=\"width: 18px;height: 104px\">14<\/td>\n<td style=\"width: 43px;height: 104px\">1516-0033<\/td>\n<td style=\"width: 302px;height: 104px\">REVISTA INTERFACES (UFRJ)<\/td>\n<td style=\"width: 445px;height: 104px\">https:\/\/revistas.ufrj.br\/index.php\/interfaces<\/td>\n<td style=\"width: 344px;height: 104px\">Os n\u00fameros s\u00e3o tem\u00e1ticos, com chamadas espec\u00edficas, os demais ensaios ser\u00e3o recebidos em fluxo cont\u00ednuo<\/td>\n<\/tr>\n<tr style=\"height: 80px\">\n<td style=\"width: 18px;height: 80px\">15<\/td>\n<td style=\"width: 43px;height: 80px\">2178-802X<\/td>\n<td style=\"width: 302px;height: 80px\">REVISTA M\u00cdDIA E COTIDIANO<\/td>\n<td style=\"width: 445px;height: 80px\">https:\/\/periodicos.uff.br\/midiaecotidiano\/index<\/td>\n<td style=\"width: 344px;height: 80px\">A Se\u00e7\u00e3o Livre recebe artigos em fluxo cont\u00ednuo<\/td>\n<\/tr>\n<tr style=\"height: 80px\">\n<td style=\"width: 18px;height: 80px\">16<\/td>\n<td style=\"width: 43px;height: 80px\">2236-1375<\/td>\n<td style=\"width: 302px;height: 80px\">REVISTA VALISE<\/td>\n<td style=\"width: 445px;height: 80px\">https:\/\/seer.ufrgs.br\/RevistaValise<\/td>\n<td style=\"width: 344px;height: 80px\">Recebe artigos por fluxo cont\u00ednuo.<\/td>\n<\/tr>\n<tr style=\"height: 80px\">\n<td style=\"width: 18px;height: 80px\">17<\/td>\n<td style=\"width: 43px;height: 80px\">1518-4919<\/td>\n<td style=\"width: 302px;height: 80px\">TEXTURA (CANOAS)<\/td>\n<td style=\"width: 445px;height: 80px\">http:\/\/www.periodicos.ulbra.br\/index.php\/txra<\/td>\n<td style=\"width: 344px;height: 80px\">Recebe artigos por fluxo cont\u00ednuo.<\/td>\n<\/tr>\n<tr style=\"height: 104px\">\n<td style=\"width: 18px;height: 104px\">18<\/td>\n<td style=\"width: 43px;height: 104px\">1982-5935<\/td>\n<td style=\"width: 302px;height: 104px\">TRAVESSIAS (UNIOESTE. ONLINE)<\/td>\n<td style=\"width: 445px;height: 104px\">https:\/\/e-revista.unioeste.br\/index.php\/travessias\/index<\/td>\n<td style=\"width: 344px;height: 104px\">Recebe artigos por fluxo cont\u00ednuo.<\/td>\n<\/tr>\n<tr style=\"height: 96px\">\n<td style=\"width: 18px;height: 96px\">19<\/td>\n<td style=\"width: 43px;height: 96px\">1980-4512<\/td>\n<td style=\"width: 302px;height: 96px\">ZERO-A-SEIS (FLORIAN\u00d3POLIS)<\/td>\n<td style=\"width: 445px;height: 96px\">https:\/\/periodicos.ufsc.br\/index.php\/zeroseis<\/td>\n<td style=\"width: 344px;height: 96px\">\n<p>Recebe artigos por fluxo cont\u00ednuo.<\/p>\n<p>&nbsp;<\/td>\n<\/tr>\n<tr style=\"height: 96px\">\n<td style=\"width: 18px;height: 96px\">20<\/td>\n<td style=\"width: 43px;height: 96px\">1982-1806<\/td>\n<td style=\"width: 302px;height: 96px\">Cadernos de Hist\u00f3ria da Educa\u00e7\u00e3o (UFU)<\/td>\n<td style=\"width: 445px;height: 96px\">http:\/\/www.seer.ufu.br\/index.php\/che\/index<\/td>\n<td style=\"width: 344px;height: 96px\">\n<p>Recebe artigos por fluxo cont\u00ednuo.<\/p>\n<p>&nbsp;<\/td>\n<\/tr>\n<tr style=\"height: 96px\">\n<td style=\"width: 18px;height: 96px\">21<\/td>\n<td style=\"width: 43px;height: 96px\">1983-1005<\/td>\n<td style=\"width: 302px;height: 96px\">OUVIROUVER (UFU)<\/td>\n<td style=\"width: 445px;height: 96px\">http:\/\/www.seer.ufu.br\/index.php\/ouvirouver\/index<\/td>\n<td style=\"width: 344px;height: 96px\">\n<p>Recebe artigos por fluxo cont\u00ednuo.<\/p>\n<p>&nbsp;<\/td>\n<\/tr>\n<tr style=\"height: 104px\">\n<td style=\"width: 18px;height: 104px\">22<\/td>\n<td style=\"width: 43px;height: 104px\">2318-9215<\/td>\n<td style=\"width: 302px;height: 104px\">PARALAXE \u2013 Revista de Est\u00e9tica e Filosofia da Arte<\/td>\n<td style=\"width: 445px;height: 104px\">https:\/\/revistas.pucsp.br\/index.php\/paralaxe\/index<\/td>\n<td style=\"width: 344px;height: 104px\">\n<p>Recebe artigos por fluxo cont\u00ednuo.<\/p>\n<p>&nbsp;<\/td>\n<\/tr>\n<tr style=\"height: 153px\">\n<td style=\"width: 18px;height: 153px\">23<\/td>\n<td style=\"width: 43px;height: 153px\">\n<h6>2357-9978<\/h6>\n<\/td>\n<td style=\"width: 302px;height: 153px\">Perspectivas Multidisciplinares no Campo da Arte<\/p>\n<h6><\/h6>\n<\/td>\n<td style=\"width: 445px;height: 153px\">https:\/\/periodicos.ufrn.br\/artresearchjournal\/issue\/view\/1142<\/td>\n<td style=\"width: 344px;height: 153px\">\n<p>Recebe artigos por fluxo cont\u00ednuo.<\/p>\n<p>&nbsp;<\/td>\n<\/tr>\n<tr style=\"height: 96px\">\n<td style=\"width: 18px;height: 96px\">24<\/td>\n<td style=\"width: 43px;height: 96px\">2359-6856<\/td>\n<td style=\"width: 302px;height: 96px\">Revista Artes de Educar<\/td>\n<td style=\"width: 445px;height: 96px\">https:\/\/www.e-publicacoes.uerj.br\/index.php\/riae\/about<\/td>\n<td style=\"width: 344px;height: 96px\">\n<p>Recebe artigos por fluxo cont\u00ednuo.<\/p>\n<p>&nbsp;<\/td>\n<\/tr>\n<tr style=\"height: 96px\">\n<td style=\"width: 18px;height: 96px\">25<\/td>\n<td style=\"width: 43px;height: 96px\">1517-7858<\/td>\n<td style=\"width: 302px;height: 96px\">REVISTA FAROL (UFES)<\/td>\n<td style=\"width: 445px;height: 96px\">https:\/\/periodicos.ufes.br\/farol\/index<\/td>\n<td style=\"width: 344px;height: 96px\">\n<p>Recebe artigos por fluxo cont\u00ednuo.<\/p>\n<p>&nbsp;<\/td>\n<\/tr>\n<tr style=\"height: 376px\">\n<td style=\"width: 18px;height: 376px\">26<\/td>\n<td style=\"width: 43px;height: 376px\">2763-8804<\/td>\n<td style=\"width: 302px;height: 376px\">SEMINA \u00a0&#8211; Revista dos P\u00f3s-Graduandos em Hist\u00f3ria da UPF<\/td>\n<td style=\"width: 445px;height: 376px\">http:\/\/seer.upf.br\/index.php\/ph\/index<\/td>\n<td style=\"width: 344px;height: 376px\">\n<p>\u00a0V.20, n.3 2021 &#8211; Dossi\u00ea\u00a0<em>Acervos: m\u00faltiplos olhares e reflex\u00f5es<\/em>, a ser publicado at\u00e9 30 de dezembro de 2021.<\/p>\n<p>&nbsp;<\/p>\n<p>Prazo de submiss\u00e3o: at\u00e9 dia 16 de novembro de 2021.<\/p>\n<p>&nbsp;<\/p>\n<p>V\u00e1rios outros Dossi\u00eas (com temas variados) para publica\u00e7\u00e3o em 2022.<\/p>\n<p>Ver em: http:\/\/seer.upf.br\/index.php\/ph\/announcement<\/td>\n<\/tr>\n<\/tbody>\n<\/table>\n<p>&nbsp;<\/p>\n","protected":false},"excerpt":{"rendered":"<p>&nbsp; &nbsp; Formul\u00e1rio est\u00e1 dispon\u00edvel &#8211; clique aqui &#8211; para que TODOS\u00a0os documentos dever\u00e3o ser enviados em PDF. Na falta de qualquer um desses documentos, o pedido de expedi\u00e7\u00e3o do diploma fica\u00a0INVI\u00c1VEL. Lista de peri\u00f3dicos com avalia\u00e7\u00e3o B4, confira abaixo: ISBN Nome do Peri\u00f3dico Site Periodicidade de submiss\u00e3o 1 1982-9701 CERRADOS &nbsp; https:\/\/periodicos.unb.br\/index.php\/cerrados Data Limite [&hellip;]<\/p>\n","protected":false},"author":578,"featured_media":0,"parent":269,"menu_order":0,"comment_status":"closed","ping_status":"closed","template":"","meta":{"jetpack_post_was_ever_published":false,"footnotes":""},"class_list":["post-647","page","type-page","status-publish","hentry"],"jetpack_sharing_enabled":true,"jetpack_shortlink":"https:\/\/wp.me\/PawIux-ar","jetpack-related-posts":[],"_links":{"self":[{"href":"https:\/\/wp.ufpel.edu.br\/artesead\/wp-json\/wp\/v2\/pages\/647","targetHints":{"allow":["GET"]}}],"collection":[{"href":"https:\/\/wp.ufpel.edu.br\/artesead\/wp-json\/wp\/v2\/pages"}],"about":[{"href":"https:\/\/wp.ufpel.edu.br\/artesead\/wp-json\/wp\/v2\/types\/page"}],"author":[{"embeddable":true,"href":"https:\/\/wp.ufpel.edu.br\/artesead\/wp-json\/wp\/v2\/users\/578"}],"replies":[{"embeddable":true,"href":"https:\/\/wp.ufpel.edu.br\/artesead\/wp-json\/wp\/v2\/comments?post=647"}],"version-history":[{"count":4,"href":"https:\/\/wp.ufpel.edu.br\/artesead\/wp-json\/wp\/v2\/pages\/647\/revisions"}],"predecessor-version":[{"id":657,"href":"https:\/\/wp.ufpel.edu.br\/artesead\/wp-json\/wp\/v2\/pages\/647\/revisions\/657"}],"up":[{"embeddable":true,"href":"https:\/\/wp.ufpel.edu.br\/artesead\/wp-json\/wp\/v2\/pages\/269"}],"wp:attachment":[{"href":"https:\/\/wp.ufpel.edu.br\/artesead\/wp-json\/wp\/v2\/media?parent=647"}],"curies":[{"name":"wp","href":"https:\/\/api.w.org\/{rel}","templated":true}]}}