{"id":606,"date":"2021-07-23T15:23:22","date_gmt":"2021-07-23T18:23:22","guid":{"rendered":"https:\/\/wp.ufpel.edu.br\/artesead\/?page_id=606"},"modified":"2022-04-01T13:41:21","modified_gmt":"2022-04-01T16:41:21","slug":"secretaria-do-curso","status":"publish","type":"page","link":"https:\/\/wp.ufpel.edu.br\/artesead\/secretaria-do-curso\/","title":{"rendered":"Secretaria do Curso"},"content":{"rendered":"<p><a href=\"https:\/\/i0.wp.com\/wp.ufpel.edu.br\/artesead\/files\/2021\/03\/web_ead-16.png?ssl=1\"><img data-recalc-dims=\"1\" loading=\"lazy\" decoding=\"async\" data-attachment-id=\"470\" data-permalink=\"https:\/\/wp.ufpel.edu.br\/artesead\/?attachment_id=470\" data-orig-file=\"https:\/\/i0.wp.com\/wp.ufpel.edu.br\/artesead\/files\/2021\/03\/web_ead-16.png?fit=198%2C200&amp;ssl=1\" data-orig-size=\"198,200\" data-comments-opened=\"0\" data-image-meta=\"{&quot;aperture&quot;:&quot;0&quot;,&quot;credit&quot;:&quot;&quot;,&quot;camera&quot;:&quot;&quot;,&quot;caption&quot;:&quot;&quot;,&quot;created_timestamp&quot;:&quot;0&quot;,&quot;copyright&quot;:&quot;&quot;,&quot;focal_length&quot;:&quot;0&quot;,&quot;iso&quot;:&quot;0&quot;,&quot;shutter_speed&quot;:&quot;0&quot;,&quot;title&quot;:&quot;&quot;,&quot;orientation&quot;:&quot;0&quot;}\" data-image-title=\"web_ead-16\" data-image-description=\"\" data-image-caption=\"\" data-medium-file=\"https:\/\/i0.wp.com\/wp.ufpel.edu.br\/artesead\/files\/2021\/03\/web_ead-16.png?fit=198%2C200&amp;ssl=1\" data-large-file=\"https:\/\/i0.wp.com\/wp.ufpel.edu.br\/artesead\/files\/2021\/03\/web_ead-16.png?fit=198%2C200&amp;ssl=1\" class=\" wp-image-470 aligncenter\" src=\"https:\/\/i0.wp.com\/wp.ufpel.edu.br\/artesead\/files\/2021\/03\/web_ead-16.png?resize=49%2C49&#038;ssl=1\" alt=\"\" width=\"49\" height=\"49\" srcset=\"https:\/\/i0.wp.com\/wp.ufpel.edu.br\/artesead\/files\/2021\/03\/web_ead-16.png?w=198&amp;ssl=1 198w, https:\/\/i0.wp.com\/wp.ufpel.edu.br\/artesead\/files\/2021\/03\/web_ead-16.png?resize=50%2C50&amp;ssl=1 50w\" sizes=\"auto, (max-width: 49px) 100vw, 49px\" \/><\/a><\/p>\n<h6 style=\"text-align: center;\"><span style=\"font-size: 10pt;\">Sec. Jordana Corr\u00eaa<\/span><br \/>\n<span class=\"qu\" style=\"font-size: 10pt;\" role=\"gridcell\"><span class=\"gD\" data-hovercard-id=\"artesead@ufpel.edu.br\" data-hovercard-owner-id=\"120\">artesead@ufpel.edu.br<\/span><\/span><\/h6>\n<p>&nbsp;<\/p>\n<p><strong>Emiss\u00e3o de certificados do curso<\/strong><\/p>\n<p>O prazo \u00e9 de emiss\u00e3o dos certificados do curso \u00e9 de aproximadamente 6 meses. Com solicita\u00e7\u00e3o j\u00e1 feita, a previs\u00e3o \u00e9 de que os diplomas sejam emitidos entre Junho-Julho. De qualquer forma, \u00e9 poss\u00edvel solicitar um atestado para a secretaria, caso preciso, pelo email acima. Ressaltamos que os diplomas ser\u00e3o encaminhados para retirada junto aos polos.<\/p>\n<p>&nbsp;<\/p>\n<p>&nbsp;<\/p>\n<p><a href=\"https:\/\/i0.wp.com\/wp.ufpel.edu.br\/artesead\/files\/2021\/02\/web_ead-08-07.png?ssl=1\"><img data-recalc-dims=\"1\" loading=\"lazy\" decoding=\"async\" data-attachment-id=\"439\" data-permalink=\"https:\/\/wp.ufpel.edu.br\/artesead\/?attachment_id=439\" data-orig-file=\"https:\/\/i0.wp.com\/wp.ufpel.edu.br\/artesead\/files\/2021\/02\/web_ead-08-07.png?fit=941%2C326&amp;ssl=1\" data-orig-size=\"941,326\" data-comments-opened=\"0\" data-image-meta=\"{&quot;aperture&quot;:&quot;0&quot;,&quot;credit&quot;:&quot;&quot;,&quot;camera&quot;:&quot;&quot;,&quot;caption&quot;:&quot;&quot;,&quot;created_timestamp&quot;:&quot;0&quot;,&quot;copyright&quot;:&quot;&quot;,&quot;focal_length&quot;:&quot;0&quot;,&quot;iso&quot;:&quot;0&quot;,&quot;shutter_speed&quot;:&quot;0&quot;,&quot;title&quot;:&quot;&quot;,&quot;orientation&quot;:&quot;0&quot;}\" data-image-title=\"web_ead-08-07\" data-image-description=\"\" data-image-caption=\"\" data-medium-file=\"https:\/\/i0.wp.com\/wp.ufpel.edu.br\/artesead\/files\/2021\/02\/web_ead-08-07.png?fit=400%2C139&amp;ssl=1\" data-large-file=\"https:\/\/i0.wp.com\/wp.ufpel.edu.br\/artesead\/files\/2021\/02\/web_ead-08-07.png?fit=810%2C281&amp;ssl=1\" class=\" wp-image-439 aligncenter\" src=\"https:\/\/i0.wp.com\/wp.ufpel.edu.br\/artesead\/files\/2021\/02\/web_ead-08-07.png?resize=196%2C68&#038;ssl=1\" alt=\"\" width=\"196\" height=\"68\" srcset=\"https:\/\/i0.wp.com\/wp.ufpel.edu.br\/artesead\/files\/2021\/02\/web_ead-08-07.png?w=941&amp;ssl=1 941w, https:\/\/i0.wp.com\/wp.ufpel.edu.br\/artesead\/files\/2021\/02\/web_ead-08-07.png?resize=400%2C139&amp;ssl=1 400w, https:\/\/i0.wp.com\/wp.ufpel.edu.br\/artesead\/files\/2021\/02\/web_ead-08-07.png?resize=768%2C266&amp;ssl=1 768w\" sizes=\"auto, (max-width: 196px) 100vw, 196px\" \/><\/a><\/p>\n","protected":false},"excerpt":{"rendered":"<p>Sec. Jordana Corr\u00eaa artesead@ufpel.edu.br &nbsp; Emiss\u00e3o de certificados do curso O prazo \u00e9 de emiss\u00e3o dos certificados do curso \u00e9 de aproximadamente 6 meses. Com solicita\u00e7\u00e3o j\u00e1 feita, a previs\u00e3o \u00e9 de que os diplomas sejam emitidos entre Junho-Julho. De qualquer forma, \u00e9 poss\u00edvel solicitar um atestado para a secretaria, caso preciso, pelo email acima. [&hellip;]<\/p>\n","protected":false},"author":578,"featured_media":0,"parent":0,"menu_order":0,"comment_status":"closed","ping_status":"closed","template":"","meta":{"jetpack_post_was_ever_published":false,"footnotes":""},"class_list":["post-606","page","type-page","status-publish","hentry"],"jetpack_sharing_enabled":true,"jetpack_shortlink":"https:\/\/wp.me\/PawIux-9M","jetpack-related-posts":[],"_links":{"self":[{"href":"https:\/\/wp.ufpel.edu.br\/artesead\/wp-json\/wp\/v2\/pages\/606","targetHints":{"allow":["GET"]}}],"collection":[{"href":"https:\/\/wp.ufpel.edu.br\/artesead\/wp-json\/wp\/v2\/pages"}],"about":[{"href":"https:\/\/wp.ufpel.edu.br\/artesead\/wp-json\/wp\/v2\/types\/page"}],"author":[{"embeddable":true,"href":"https:\/\/wp.ufpel.edu.br\/artesead\/wp-json\/wp\/v2\/users\/578"}],"replies":[{"embeddable":true,"href":"https:\/\/wp.ufpel.edu.br\/artesead\/wp-json\/wp\/v2\/comments?post=606"}],"version-history":[{"count":4,"href":"https:\/\/wp.ufpel.edu.br\/artesead\/wp-json\/wp\/v2\/pages\/606\/revisions"}],"predecessor-version":[{"id":700,"href":"https:\/\/wp.ufpel.edu.br\/artesead\/wp-json\/wp\/v2\/pages\/606\/revisions\/700"}],"wp:attachment":[{"href":"https:\/\/wp.ufpel.edu.br\/artesead\/wp-json\/wp\/v2\/media?parent=606"}],"curies":[{"name":"wp","href":"https:\/\/api.w.org\/{rel}","templated":true}]}}