{"id":37,"date":"2018-11-19T09:41:25","date_gmt":"2018-11-19T11:41:25","guid":{"rendered":"https:\/\/wp.ufpel.edu.br\/artesead\/?page_id=37"},"modified":"2021-03-14T22:16:37","modified_gmt":"2021-03-15T01:16:37","slug":"criterios-de-selecao","status":"publish","type":"page","link":"https:\/\/wp.ufpel.edu.br\/artesead\/criterios-de-selecao\/","title":{"rendered":"Crit\u00e9rios de Sele\u00e7\u00e3o"},"content":{"rendered":"<div class=\"entry-content\">\n<div class=\"entry-content\">\n<p style=\"text-align: justify\">A <strong>EAD<\/strong> \u00e9 uma realidade dentro do processo educacional brasileiro. V\u00e1rios polos foram criados para suprir a demanda local, principalmente em cidades fora do eixo das capitais. No final de 2017 recebemos pedido de algumas cidades do Rio Grande do Sul informando a demanda e a necessidade de um curso \u00e0 dist\u00e2ncia em Artes. Compreendendo e atendendo as necessidades criamos este curso de especializa\u00e7\u00e3o \u00e0 dist\u00e2ncia para contribuir com a capacita\u00e7\u00e3o docente como forma\u00e7\u00e3o continuada. Os polos existentes interessados s\u00e3o das cidades de:<\/p>\n<p>&nbsp;<\/p>\n<p>Bag\u00e9<\/p>\n<p>Cachoeirinha do Sul<\/p>\n<p>Cruz Alta<\/p>\n<p>Gramado<\/p>\n<p>Jacuizinho<\/p>\n<p>Novo Hamburgo<\/p>\n<p>Quarai<\/p>\n<p>Restinga S\u00eaca<\/p>\n<p>Santana do Livramento<\/p>\n<p>S\u00e3o Louren\u00e7o do Sul<\/p>\n<p>Serafina Corr\u00eaa<\/p>\n<p style=\"text-align: justify\"><strong>A carga hor\u00e1ria total e o tempo de dura\u00e7\u00e3o.<\/strong><\/p>\n<p style=\"text-align: justify\">A cria\u00e7\u00e3o do curso de especializa\u00e7\u00e3o em Artes \u2013 modalidade \u00e0 dist\u00e2ncia ter\u00e1 uma carga hor\u00e1ria de (374 h\/a), computo exigido pela Pr\u00f3-Reitoria de Pesquisa e P\u00f3s-Gradua\u00e7\u00e3o da UFPel para o funcionamento do curso. Respondendo \u00e0s normas da Universidade e constituindo um Curso de Especializa\u00e7\u00e3o mais r\u00e1pido e introdut\u00f3rio para os profissionais interessados em dar continuidade \u00e0s suas pesquisas em Programas de P\u00f3s-Gradua\u00e7\u00e3o que contemplem esta ampla \u00e1rea de investiga\u00e7\u00e3o.<\/p>\n<p style=\"text-align: justify\">A somat\u00f3ria total de horas\/aula \u00e9 efetuada em tr\u00eas semestres, e a monografia \u00e9 finalizada no quarto semestre do Curso. Sendo assim, poder\u00edamos realizar sele\u00e7\u00e3o de candidatos a cada ano letivo.<\/p>\n<p style=\"text-align: justify\"><strong>Grade curricular da modalidade \u00e0 dist\u00e2ncia<\/strong><\/p>\n<p style=\"text-align: justify\">O grande n\u00famero de professores da rede de ensino com necessidade de forma\u00e7\u00e3o continuada estimulou a cria\u00e7\u00e3o de uma nova terminalidade, voltada ao ensino, ao fazer e \u00e0 pesquisa em artes, respondendo tamb\u00e9m \u00e0 demanda dos alunos egressos dos Cursos de Artes da UFPel, e de outras Universidades do Estado do Rio Grande do Sul.<\/p>\n<hr \/>\n<p><a href=\"https:\/\/i0.wp.com\/wp.ufpel.edu.br\/artesead\/files\/2021\/02\/web_ead-08-07.png?ssl=1\"><img data-recalc-dims=\"1\" loading=\"lazy\" decoding=\"async\" data-attachment-id=\"439\" data-permalink=\"https:\/\/wp.ufpel.edu.br\/artesead\/?attachment_id=439\" data-orig-file=\"https:\/\/i0.wp.com\/wp.ufpel.edu.br\/artesead\/files\/2021\/02\/web_ead-08-07.png?fit=941%2C326&amp;ssl=1\" data-orig-size=\"941,326\" data-comments-opened=\"0\" data-image-meta=\"{&quot;aperture&quot;:&quot;0&quot;,&quot;credit&quot;:&quot;&quot;,&quot;camera&quot;:&quot;&quot;,&quot;caption&quot;:&quot;&quot;,&quot;created_timestamp&quot;:&quot;0&quot;,&quot;copyright&quot;:&quot;&quot;,&quot;focal_length&quot;:&quot;0&quot;,&quot;iso&quot;:&quot;0&quot;,&quot;shutter_speed&quot;:&quot;0&quot;,&quot;title&quot;:&quot;&quot;,&quot;orientation&quot;:&quot;0&quot;}\" data-image-title=\"web_ead-08-07\" data-image-description=\"\" data-image-caption=\"\" data-medium-file=\"https:\/\/i0.wp.com\/wp.ufpel.edu.br\/artesead\/files\/2021\/02\/web_ead-08-07.png?fit=400%2C139&amp;ssl=1\" data-large-file=\"https:\/\/i0.wp.com\/wp.ufpel.edu.br\/artesead\/files\/2021\/02\/web_ead-08-07.png?fit=810%2C281&amp;ssl=1\" class=\"wp-image-439 aligncenter\" src=\"https:\/\/i0.wp.com\/wp.ufpel.edu.br\/artesead\/files\/2021\/02\/web_ead-08-07.png?resize=210%2C73&#038;ssl=1\" alt=\"\" width=\"210\" height=\"73\" srcset=\"https:\/\/i0.wp.com\/wp.ufpel.edu.br\/artesead\/files\/2021\/02\/web_ead-08-07.png?w=941&amp;ssl=1 941w, https:\/\/i0.wp.com\/wp.ufpel.edu.br\/artesead\/files\/2021\/02\/web_ead-08-07.png?resize=400%2C139&amp;ssl=1 400w, https:\/\/i0.wp.com\/wp.ufpel.edu.br\/artesead\/files\/2021\/02\/web_ead-08-07.png?resize=768%2C266&amp;ssl=1 768w\" sizes=\"auto, (max-width: 210px) 100vw, 210px\" \/><\/a><\/p>\n<\/div>\n<\/div>\n","protected":false},"excerpt":{"rendered":"<p>A EAD \u00e9 uma realidade dentro do processo educacional brasileiro. V\u00e1rios polos foram criados para suprir a demanda local, principalmente em cidades fora do eixo das capitais. No final de 2017 recebemos pedido de algumas cidades do Rio Grande do Sul informando a demanda e a necessidade de um curso \u00e0 dist\u00e2ncia em Artes. Compreendendo [&hellip;]<\/p>\n","protected":false},"author":891,"featured_media":0,"parent":0,"menu_order":0,"comment_status":"closed","ping_status":"closed","template":"","meta":{"jetpack_post_was_ever_published":false,"footnotes":""},"class_list":["post-37","page","type-page","status-publish","hentry"],"jetpack_sharing_enabled":true,"jetpack_shortlink":"https:\/\/wp.me\/PawIux-B","jetpack-related-posts":[],"_links":{"self":[{"href":"https:\/\/wp.ufpel.edu.br\/artesead\/wp-json\/wp\/v2\/pages\/37","targetHints":{"allow":["GET"]}}],"collection":[{"href":"https:\/\/wp.ufpel.edu.br\/artesead\/wp-json\/wp\/v2\/pages"}],"about":[{"href":"https:\/\/wp.ufpel.edu.br\/artesead\/wp-json\/wp\/v2\/types\/page"}],"author":[{"embeddable":true,"href":"https:\/\/wp.ufpel.edu.br\/artesead\/wp-json\/wp\/v2\/users\/891"}],"replies":[{"embeddable":true,"href":"https:\/\/wp.ufpel.edu.br\/artesead\/wp-json\/wp\/v2\/comments?post=37"}],"version-history":[{"count":5,"href":"https:\/\/wp.ufpel.edu.br\/artesead\/wp-json\/wp\/v2\/pages\/37\/revisions"}],"predecessor-version":[{"id":483,"href":"https:\/\/wp.ufpel.edu.br\/artesead\/wp-json\/wp\/v2\/pages\/37\/revisions\/483"}],"wp:attachment":[{"href":"https:\/\/wp.ufpel.edu.br\/artesead\/wp-json\/wp\/v2\/media?parent=37"}],"curies":[{"name":"wp","href":"https:\/\/api.w.org\/{rel}","templated":true}]}}