{"id":269,"date":"2020-04-24T06:28:09","date_gmt":"2020-04-24T09:28:09","guid":{"rendered":"https:\/\/wp.ufpel.edu.br\/artesead\/?page_id=269"},"modified":"2022-04-01T13:39:49","modified_gmt":"2022-04-01T16:39:49","slug":"informativo","status":"publish","type":"page","link":"https:\/\/wp.ufpel.edu.br\/artesead\/informativo\/","title":{"rendered":"Informativo"},"content":{"rendered":"<p><strong>Emiss\u00e3o de certificados do curso<\/strong><\/p>\n<p>O prazo \u00e9 de emiss\u00e3o dos certificados do curso \u00e9 de aproximadamente 6 meses. Com solicita\u00e7\u00e3o j\u00e1 feita, a\u00a0previs\u00e3o \u00e9 de que os diplomas sejam emitidos entre Junho-Julho.<\/p>\n<p>De qualquer forma, \u00e9 poss\u00edvel solicitar um atestado para a secretaria, caso preciso, pelo email artesead@ufpel.edu.br<\/p>\n<p>Ressaltamos que os diplomas ser\u00e3o encaminhados para retirada junto aos polos.<\/p>\n<p>&nbsp;<\/p>\n<p>&nbsp;<\/p>\n<p><strong>Informativo 1 &#8211; 24\/04\/2020<\/strong><\/p>\n<p style=\"text-align: justify;\">A coordena\u00e7\u00e3o do curso de Especializa\u00e7\u00e3o em Artes da UFPel, em comum acordo com os coordenadores dos 11 polos onde ocorrer\u00e1 o curso, decidiu modificar os dias de aula presencial que ocorreriam \u00e0s sextas e s\u00e1bados &#8211; conforme expresso no edital de sele\u00e7\u00e3o &#8211; para apenas \u00e0s sextas-feiras. A decis\u00e3o foi motivada em virtude de alguns professores da Educa\u00e7\u00e3o B\u00e1sica, com o fim da quarentena, terem aula aos s\u00e1bados. Assim, os encontros presenciais do curso de Especializa\u00e7\u00e3o em Artes passam a ocorrer 1 vez por m\u00eas, nas sextas feiras, em datas previamente divulgadas.<\/p>\n<hr \/>\n<p><a href=\"https:\/\/i0.wp.com\/wp.ufpel.edu.br\/artesead\/files\/2021\/02\/web_ead-08-07.png?ssl=1\"><img data-recalc-dims=\"1\" loading=\"lazy\" decoding=\"async\" data-attachment-id=\"439\" data-permalink=\"https:\/\/wp.ufpel.edu.br\/artesead\/?attachment_id=439\" data-orig-file=\"https:\/\/i0.wp.com\/wp.ufpel.edu.br\/artesead\/files\/2021\/02\/web_ead-08-07.png?fit=941%2C326&amp;ssl=1\" data-orig-size=\"941,326\" data-comments-opened=\"0\" data-image-meta=\"{&quot;aperture&quot;:&quot;0&quot;,&quot;credit&quot;:&quot;&quot;,&quot;camera&quot;:&quot;&quot;,&quot;caption&quot;:&quot;&quot;,&quot;created_timestamp&quot;:&quot;0&quot;,&quot;copyright&quot;:&quot;&quot;,&quot;focal_length&quot;:&quot;0&quot;,&quot;iso&quot;:&quot;0&quot;,&quot;shutter_speed&quot;:&quot;0&quot;,&quot;title&quot;:&quot;&quot;,&quot;orientation&quot;:&quot;0&quot;}\" data-image-title=\"web_ead-08-07\" data-image-description=\"\" data-image-caption=\"\" data-medium-file=\"https:\/\/i0.wp.com\/wp.ufpel.edu.br\/artesead\/files\/2021\/02\/web_ead-08-07.png?fit=400%2C139&amp;ssl=1\" data-large-file=\"https:\/\/i0.wp.com\/wp.ufpel.edu.br\/artesead\/files\/2021\/02\/web_ead-08-07.png?fit=810%2C281&amp;ssl=1\" class=\" wp-image-439 aligncenter\" src=\"https:\/\/i0.wp.com\/wp.ufpel.edu.br\/artesead\/files\/2021\/02\/web_ead-08-07.png?resize=268%2C93&#038;ssl=1\" alt=\"\" width=\"268\" height=\"93\" srcset=\"https:\/\/i0.wp.com\/wp.ufpel.edu.br\/artesead\/files\/2021\/02\/web_ead-08-07.png?w=941&amp;ssl=1 941w, https:\/\/i0.wp.com\/wp.ufpel.edu.br\/artesead\/files\/2021\/02\/web_ead-08-07.png?resize=400%2C139&amp;ssl=1 400w, https:\/\/i0.wp.com\/wp.ufpel.edu.br\/artesead\/files\/2021\/02\/web_ead-08-07.png?resize=768%2C266&amp;ssl=1 768w\" sizes=\"auto, (max-width: 268px) 100vw, 268px\" \/><\/a><\/p>\n","protected":false},"excerpt":{"rendered":"<p>Emiss\u00e3o de certificados do curso O prazo \u00e9 de emiss\u00e3o dos certificados do curso \u00e9 de aproximadamente 6 meses. Com solicita\u00e7\u00e3o j\u00e1 feita, a\u00a0previs\u00e3o \u00e9 de que os diplomas sejam emitidos entre Junho-Julho. De qualquer forma, \u00e9 poss\u00edvel solicitar um atestado para a secretaria, caso preciso, pelo email artesead@ufpel.edu.br Ressaltamos que os diplomas ser\u00e3o encaminhados [&hellip;]<\/p>\n","protected":false},"author":578,"featured_media":0,"parent":0,"menu_order":0,"comment_status":"closed","ping_status":"closed","template":"","meta":{"jetpack_post_was_ever_published":false,"footnotes":""},"class_list":["post-269","page","type-page","status-publish","hentry"],"jetpack_sharing_enabled":true,"jetpack_shortlink":"https:\/\/wp.me\/PawIux-4l","jetpack-related-posts":[],"_links":{"self":[{"href":"https:\/\/wp.ufpel.edu.br\/artesead\/wp-json\/wp\/v2\/pages\/269","targetHints":{"allow":["GET"]}}],"collection":[{"href":"https:\/\/wp.ufpel.edu.br\/artesead\/wp-json\/wp\/v2\/pages"}],"about":[{"href":"https:\/\/wp.ufpel.edu.br\/artesead\/wp-json\/wp\/v2\/types\/page"}],"author":[{"embeddable":true,"href":"https:\/\/wp.ufpel.edu.br\/artesead\/wp-json\/wp\/v2\/users\/578"}],"replies":[{"embeddable":true,"href":"https:\/\/wp.ufpel.edu.br\/artesead\/wp-json\/wp\/v2\/comments?post=269"}],"version-history":[{"count":5,"href":"https:\/\/wp.ufpel.edu.br\/artesead\/wp-json\/wp\/v2\/pages\/269\/revisions"}],"predecessor-version":[{"id":699,"href":"https:\/\/wp.ufpel.edu.br\/artesead\/wp-json\/wp\/v2\/pages\/269\/revisions\/699"}],"wp:attachment":[{"href":"https:\/\/wp.ufpel.edu.br\/artesead\/wp-json\/wp\/v2\/media?parent=269"}],"curies":[{"name":"wp","href":"https:\/\/api.w.org\/{rel}","templated":true}]}}