{"id":16,"date":"2018-11-19T09:02:30","date_gmt":"2018-11-19T11:02:30","guid":{"rendered":"https:\/\/wp.ufpel.edu.br\/artesead\/?page_id=16"},"modified":"2021-03-14T22:21:35","modified_gmt":"2021-03-15T01:21:35","slug":"criterio-de-selecao","status":"publish","type":"page","link":"https:\/\/wp.ufpel.edu.br\/artesead\/criterio-de-selecao\/","title":{"rendered":"O Curso"},"content":{"rendered":"<div class=\"entry-content\">\n<p style=\"text-align: justify\">A <strong>EAD<\/strong> \u00e9 uma realidade dentro do processo educacional brasileiro. V\u00e1rios polos foram criados para suprir a demanda local, principalmente em cidades fora do eixo das capitais. No final de 2017 recebemos pedido de algumas cidades do Rio Grande do Sul informando a demanda e a necessidade de um curso \u00e0 dist\u00e2ncia em Artes. Compreendendo e atendendo as necessidades criamos este curso de especializa\u00e7\u00e3o \u00e0 dist\u00e2ncia para contribuir com a capacita\u00e7\u00e3o docente como forma\u00e7\u00e3o continuada. Os polos existentes interessados s\u00e3o das cidades de: Gramado, S\u00e3o Leopoldo, S\u00e3o Louren\u00e7o do Sul, Cachoeirinha do Sul, Jacuizinho, Serafina Correia.<\/p>\n<p><strong>A carga hor\u00e1ria total e o tempo de dura\u00e7\u00e3o.<\/strong><\/p>\n<p>A cria\u00e7\u00e3o do curso de especializa\u00e7\u00e3o em Artes \u2013 modalidade \u00e0 dist\u00e2ncia ter\u00e1 uma carga hor\u00e1ria de (374 h\/a), computo exigido pela Pr\u00f3-Reitoria de Pesquisa e P\u00f3s-Gradua\u00e7\u00e3o da UFPel para o funcionamento do curso. Respondendo \u00e0s normas da Universidade e constituindo um Curso de Especializa\u00e7\u00e3o mais r\u00e1pido e introdut\u00f3rio para os profissionais interessados em dar continuidade \u00e0s suas pesquisas em Programas de P\u00f3s-Gradua\u00e7\u00e3o que contemplem esta ampla \u00e1rea de investiga\u00e7\u00e3o.<\/p>\n<p>A somat\u00f3ria total de horas\/aula \u00e9 efetuada em tr\u00eas semestres, e a monografia \u00e9 finalizada no quarto semestre do Curso. Sendo assim, poder\u00edamos realizar sele\u00e7\u00e3o de candidatos a cada ano letivo.<\/p>\n<p><strong>Grade curricular da modalidade \u00e0 dist\u00e2ncia<\/strong><\/p>\n<p>O grande n\u00famero de professores da rede de ensino com necessidade de forma\u00e7\u00e3o continuada estimulou a cria\u00e7\u00e3o de uma nova terminalidade, voltada ao ensino, ao fazer e \u00e0 pesquisa em artes, respondendo tamb\u00e9m \u00e0 demanda dos alunos egressos dos Cursos de Artes da UFPel, e de outras Universidades do Estado do Rio Grande do Sul.<\/p>\n<\/div>\n","protected":false},"excerpt":{"rendered":"<p>A EAD \u00e9 uma realidade dentro do processo educacional brasileiro. V\u00e1rios polos foram criados para suprir a demanda local, principalmente em cidades fora do eixo das capitais. No final de 2017 recebemos pedido de algumas cidades do Rio Grande do Sul informando a demanda e a necessidade de um curso \u00e0 dist\u00e2ncia em Artes. Compreendendo [&hellip;]<\/p>\n","protected":false},"author":891,"featured_media":0,"parent":0,"menu_order":0,"comment_status":"closed","ping_status":"closed","template":"","meta":{"jetpack_post_was_ever_published":false,"footnotes":""},"class_list":["post-16","page","type-page","status-publish","hentry"],"jetpack_sharing_enabled":true,"jetpack_shortlink":"https:\/\/wp.me\/PawIux-g","jetpack-related-posts":[],"_links":{"self":[{"href":"https:\/\/wp.ufpel.edu.br\/artesead\/wp-json\/wp\/v2\/pages\/16","targetHints":{"allow":["GET"]}}],"collection":[{"href":"https:\/\/wp.ufpel.edu.br\/artesead\/wp-json\/wp\/v2\/pages"}],"about":[{"href":"https:\/\/wp.ufpel.edu.br\/artesead\/wp-json\/wp\/v2\/types\/page"}],"author":[{"embeddable":true,"href":"https:\/\/wp.ufpel.edu.br\/artesead\/wp-json\/wp\/v2\/users\/891"}],"replies":[{"embeddable":true,"href":"https:\/\/wp.ufpel.edu.br\/artesead\/wp-json\/wp\/v2\/comments?post=16"}],"version-history":[{"count":11,"href":"https:\/\/wp.ufpel.edu.br\/artesead\/wp-json\/wp\/v2\/pages\/16\/revisions"}],"predecessor-version":[{"id":36,"href":"https:\/\/wp.ufpel.edu.br\/artesead\/wp-json\/wp\/v2\/pages\/16\/revisions\/36"}],"wp:attachment":[{"href":"https:\/\/wp.ufpel.edu.br\/artesead\/wp-json\/wp\/v2\/media?parent=16"}],"curies":[{"name":"wp","href":"https:\/\/api.w.org\/{rel}","templated":true}]}}